{"id":413,"date":"2024-12-05T09:58:53","date_gmt":"2024-12-05T08:58:53","guid":{"rendered":"http:\/\/motoradventures.com\/?page_id=413"},"modified":"2025-04-19T22:34:55","modified_gmt":"2025-04-19T20:34:55","slug":"galeria","status":"publish","type":"page","link":"https:\/\/motoradventures.com\/pt\/gallery\/","title":{"rendered":"Fotos e v\u00eddeos dos nossos passeios de aventura e todo-o-terreno em Marrocos e na \u00c1frica do Sul"},"content":{"rendered":"<h2 class=\"wp-block-heading\">Galeria das nossas viagens de aventura e passeios todo-o-terreno em Marrocos e na \u00c1frica do Sul<\/h2>\n\n\n\n<p>Como diz o ditado, uma imagem vale mais do que mil palavras! \u00c9 por isso que cri\u00e1mos esta p\u00e1gina de galeria... para mostrar fotografias e v\u00eddeos incr\u00edveis dos nossos <a href=\"https:\/\/motoradventures.com\/pt\/excursoes-em-marrocos\/\">Excurs\u00f5es de aventura em Marrocos<\/a> e <a href=\"https:\/\/motoradventures.com\/pt\/viagens-a-africa-do-sul\/\">Excurs\u00f5es de aventura na \u00c1frica do Sul<\/a>. Reflectem a ess\u00eancia do que \u00e9 percorrer o deserto do Sara com a Motor Adventures ou embarcar na derradeira viagem de carro pela \u00c1frica do Sul, da Cidade do Cabo a Clarens (Joanesburgo), passando pelo Lesoto.<\/p>\n\n\n\n<p>Por isso, desloque-se para baixo e desfrute da nossa galeria! Se se sentir inspirado pelo que v\u00ea, consulte a nossa gama de viagens para saber mais sobre a aventura que o espera. E se tiver alguma quest\u00e3o a colocar-nos, basta <a href=\"https:\/\/motoradventures.com\/pt\/entre-em-contacto-connosco\/\">entre em contacto<\/a> para as respostas que precisa.<\/p>","protected":false},"excerpt":{"rendered":"<p>Gallery of Our Morocco and South Africa Adventure Trips and Off-Road Tours As the saying goes, a picture is worth a thousand words! That\u2019s why we have created this gallery page\u2026 to showcase incredible photos and videos from our Morocco adventure tours and South Africa adventure tours. They reflect the essence of what it\u2019s like [&hellip;]<\/p>\n","protected":false},"author":1,"featured_media":0,"parent":0,"menu_order":0,"comment_status":"closed","ping_status":"closed","template":"","meta":{"_acf_changed":false,"footnotes":""},"class_list":["post-413","page","type-page","status-publish","hentry"],"acf":[],"_links":{"self":[{"href":"https:\/\/motoradventures.com\/pt\/wp-json\/wp\/v2\/pages\/413","targetHints":{"allow":["GET"]}}],"collection":[{"href":"https:\/\/motoradventures.com\/pt\/wp-json\/wp\/v2\/pages"}],"about":[{"href":"https:\/\/motoradventures.com\/pt\/wp-json\/wp\/v2\/types\/page"}],"author":[{"embeddable":true,"href":"https:\/\/motoradventures.com\/pt\/wp-json\/wp\/v2\/users\/1"}],"replies":[{"embeddable":true,"href":"https:\/\/motoradventures.com\/pt\/wp-json\/wp\/v2\/comments?post=413"}],"version-history":[{"count":16,"href":"https:\/\/motoradventures.com\/pt\/wp-json\/wp\/v2\/pages\/413\/revisions"}],"predecessor-version":[{"id":22733,"href":"https:\/\/motoradventures.com\/pt\/wp-json\/wp\/v2\/pages\/413\/revisions\/22733"}],"wp:attachment":[{"href":"https:\/\/motoradventures.com\/pt\/wp-json\/wp\/v2\/media?parent=413"}],"curies":[{"name":"wp","href":"https:\/\/api.w.org\/{rel}","templated":true}]}}