{"id":22161,"date":"2025-01-03T15:39:04","date_gmt":"2025-01-03T14:39:04","guid":{"rendered":"http:\/\/motoradventures.com\/?page_id=22161"},"modified":"2025-05-02T14:30:23","modified_gmt":"2025-05-02T12:30:23","slug":"os-nossos-4wds","status":"publish","type":"page","link":"https:\/\/motoradventures.com\/pt\/our-4wds\/","title":{"rendered":"Os nossos 4WDs para passeios no deserto de Marrocos"},"content":{"rendered":"<div class=\"wp-block-columns is-layout-flex wp-container-core-columns-is-layout-9d6595d7 wp-block-columns-is-layout-flex\">\n<div class=\"wp-block-column is-layout-flow wp-block-column-is-layout-flow\">\n<h2 class=\"wp-block-heading\">Junte-se a n\u00f3s para emocionantes passeios 4\u00d74 em Marrocos!<\/h2>\n\n\n\n<p>Na Motor Adventures, temos a nossa pr\u00f3pria frota de <a href=\"https:\/\/motoradventures.com\/pt\/bicicletas\/\">bicicletas de aventura e hard enduro<\/a> e <a href=\"https:\/\/motoradventures.com\/pt\/buggies\/\">Buggy Can-Am<\/a> em Marrocos. Estes s\u00e3o os principais ve\u00edculos que os nossos clientes utilizam na nossa gama de <a href=\"https:\/\/motoradventures.com\/pt\/excursoes-em-marrocos\/\">Excurs\u00f5es pelo deserto de Marrocos<\/a>.<\/p>\n\n\n\n<p>No entanto, se se juntar a n\u00f3s para a <a href=\"https:\/\/motoradventures.com\/pt\/excursao\/excursao-off-road-de-8-dias\/\">Excurs\u00e3o de 8 dias Experi\u00eancia no Saara<\/a> (bem como outras excurs\u00f5es selecionadas), tamb\u00e9m oferecemos ve\u00edculos todo-o-terreno. Estes ve\u00edculos robustos, na sua maioria Toyota Land Cruisers, s\u00e3o fornecidos por uma empresa de aluguer com a qual temos uma rela\u00e7\u00e3o duradoura. Como tal, pode ter a certeza absoluta de que estes ve\u00edculos 4WD s\u00e3o mantidos e reparados de acordo com os mais elevados padr\u00f5es, tal como todos os nossos ve\u00edculos.<br><br>Tem alguma quest\u00e3o sobre os 4WDs que temos dispon\u00edveis? Ou gostaria de saber mais sobre os passeios em que pode conduzir um? Por favor, contacte-nos <a href=\"https:\/\/motoradventures.com\/pt\/entre-em-contacto-connosco\/\">entre em contacto connosco<\/a> para obter todas as informa\u00e7\u00f5es de que necessita.\u00a0<\/p>\n\n\n\n<p><\/p>\n<\/div>\n\n\n\n<div class=\"wp-block-column is-layout-flow wp-block-column-is-layout-flow\">\n<h2 class=\"wp-block-heading\">Marrocos Sahara 4\u00d74 Tours: O seu equipamento<\/h2>\n\n\n\n<p>Se se juntar a n\u00f3s para uma das nossas excurs\u00f5es num ve\u00edculo todo-o-terreno, n\u00e3o \u00e9 necess\u00e1rio ter experi\u00eancia de condu\u00e7\u00e3o todo-o-terreno. No entanto, recomendamos vivamente que tenha uma boa experi\u00eancia de condu\u00e7\u00e3o - os nossos passeios n\u00e3o s\u00e3o para os fracos de cora\u00e7\u00e3o!<\/p>\n\n\n\n<p>No que diz respeito ao equipamento pessoal para as excurs\u00f5es 4\u00d74 em Marrocos, \u00e9 necess\u00e1rio:<\/p>\n\n\n\n<ul class=\"wp-block-list\">\n<li><strong>Cal\u00e7ado e vestu\u00e1rio confort\u00e1veis<\/strong> - Usar cal\u00e7ado resistente e confort\u00e1vel e vestu\u00e1rio adequado para actividades ao ar livre.\u00a0<\/li>\n\n\n\n<li><strong>Viajar com pouco peso<\/strong> - Traga apenas o essencial para maximizar o espa\u00e7o no ve\u00edculo. Evitar objectos volumosos.<\/li>\n\n\n\n<li><strong>Preparar para o p\u00f3<\/strong> - Espere apanhar p\u00f3! Considere trazer um len\u00e7o ou uma bandana para cobrir o rosto e um bom saco para proteger os seus pertences.<\/li>\n\n\n\n<li><strong>N\u00e3o trazer malas<\/strong> - Especialmente os que t\u00eam rodas - n\u00e3o funcionam em terrenos des\u00e9rticos! Utilize antes sacos de lona macios.<\/li>\n<\/ul>\n\n\n\n<p><strong>Dica profissional:<\/strong> Traga um carregador de telem\u00f3vel e um cabo USB para ouvir a sua m\u00fasica preferida no carro e descarregue as suas listas de reprodu\u00e7\u00e3o antes de iniciar o passeio!<\/p>\n<\/div>\n<\/div>\n\n\n\n<h2 class=\"wp-block-heading\">Passeios no Deserto de Marrocos em 4x4: Galeria<\/h2>\n\n\n\n<figure class=\"wp-block-image size-full\"><img loading=\"lazy\" decoding=\"async\" width=\"1280\" height=\"717\" src=\"https:\/\/motoradventures.com\/wp-content\/uploads\/2024\/12\/1872554d-db89-4f4e-b580-0bdcae3bb722.jpg\" alt=\"\" class=\"wp-image-21989\" srcset=\"https:\/\/motoradventures.com\/wp-content\/uploads\/2024\/12\/1872554d-db89-4f4e-b580-0bdcae3bb722.jpg 1280w, https:\/\/motoradventures.com\/wp-content\/uploads\/2024\/12\/1872554d-db89-4f4e-b580-0bdcae3bb722-300x168.jpg 300w, https:\/\/motoradventures.com\/wp-content\/uploads\/2024\/12\/1872554d-db89-4f4e-b580-0bdcae3bb722-1024x574.jpg 1024w, https:\/\/motoradventures.com\/wp-content\/uploads\/2024\/12\/1872554d-db89-4f4e-b580-0bdcae3bb722-768x430.jpg 768w\" sizes=\"auto, (max-width: 1280px) 100vw, 1280px\" \/><\/figure>\n\n\n\n<figure class=\"wp-block-gallery has-nested-images columns-5 is-cropped wp-block-gallery-1 is-layout-flex wp-block-gallery-is-layout-flex\">\n<figure class=\"wp-block-image size-large\"><img loading=\"lazy\" decoding=\"async\" width=\"1024\" height=\"683\" data-id=\"22045\" src=\"https:\/\/motoradventures.com\/wp-content\/uploads\/2024\/12\/e6ed45be-6c1e-4287-b256-1c8eef2e97b6-1024x683.jpg\" alt=\"\" class=\"wp-image-22045\" srcset=\"https:\/\/motoradventures.com\/wp-content\/uploads\/2024\/12\/e6ed45be-6c1e-4287-b256-1c8eef2e97b6-1024x683.jpg 1024w, https:\/\/motoradventures.com\/wp-content\/uploads\/2024\/12\/e6ed45be-6c1e-4287-b256-1c8eef2e97b6-300x200.jpg 300w, https:\/\/motoradventures.com\/wp-content\/uploads\/2024\/12\/e6ed45be-6c1e-4287-b256-1c8eef2e97b6-768x512.jpg 768w, https:\/\/motoradventures.com\/wp-content\/uploads\/2024\/12\/e6ed45be-6c1e-4287-b256-1c8eef2e97b6-1536x1024.jpg 1536w, https:\/\/motoradventures.com\/wp-content\/uploads\/2024\/12\/e6ed45be-6c1e-4287-b256-1c8eef2e97b6.jpg 1600w\" sizes=\"auto, (max-width: 1024px) 100vw, 1024px\" \/><\/figure>\n\n\n\n<figure class=\"wp-block-image size-large\"><img loading=\"lazy\" decoding=\"async\" width=\"1024\" height=\"682\" data-id=\"21970\" src=\"https:\/\/motoradventures.com\/wp-content\/uploads\/2024\/12\/907fe299-dded-4a41-8329-089fb3edee6b-1024x682.jpg\" alt=\"\" class=\"wp-image-21970\" srcset=\"https:\/\/motoradventures.com\/wp-content\/uploads\/2024\/12\/907fe299-dded-4a41-8329-089fb3edee6b-1024x682.jpg 1024w, https:\/\/motoradventures.com\/wp-content\/uploads\/2024\/12\/907fe299-dded-4a41-8329-089fb3edee6b-300x200.jpg 300w, https:\/\/motoradventures.com\/wp-content\/uploads\/2024\/12\/907fe299-dded-4a41-8329-089fb3edee6b-768x512.jpg 768w, https:\/\/motoradventures.com\/wp-content\/uploads\/2024\/12\/907fe299-dded-4a41-8329-089fb3edee6b.jpg 1280w\" sizes=\"auto, (max-width: 1024px) 100vw, 1024px\" \/><\/figure>\n\n\n\n<figure class=\"wp-block-image size-large\"><img loading=\"lazy\" decoding=\"async\" width=\"1024\" height=\"682\" data-id=\"21962\" src=\"https:\/\/motoradventures.com\/wp-content\/uploads\/2024\/12\/577a512a-fe11-4472-ae48-75c68f19af59-1024x682.jpg\" alt=\"\" class=\"wp-image-21962\" srcset=\"https:\/\/motoradventures.com\/wp-content\/uploads\/2024\/12\/577a512a-fe11-4472-ae48-75c68f19af59-1024x682.jpg 1024w, https:\/\/motoradventures.com\/wp-content\/uploads\/2024\/12\/577a512a-fe11-4472-ae48-75c68f19af59-300x200.jpg 300w, https:\/\/motoradventures.com\/wp-content\/uploads\/2024\/12\/577a512a-fe11-4472-ae48-75c68f19af59-768x512.jpg 768w, https:\/\/motoradventures.com\/wp-content\/uploads\/2024\/12\/577a512a-fe11-4472-ae48-75c68f19af59.jpg 1280w\" sizes=\"auto, (max-width: 1024px) 100vw, 1024px\" \/><\/figure>\n\n\n\n<figure class=\"wp-block-image size-large\"><img loading=\"lazy\" decoding=\"async\" width=\"1024\" height=\"682\" data-id=\"21902\" src=\"https:\/\/motoradventures.com\/wp-content\/uploads\/2024\/12\/2b6a2e02-af25-4b13-9c31-ede59ae85bf9-1024x682.jpg\" alt=\"\" class=\"wp-image-21902\" srcset=\"https:\/\/motoradventures.com\/wp-content\/uploads\/2024\/12\/2b6a2e02-af25-4b13-9c31-ede59ae85bf9-1024x682.jpg 1024w, https:\/\/motoradventures.com\/wp-content\/uploads\/2024\/12\/2b6a2e02-af25-4b13-9c31-ede59ae85bf9-300x200.jpg 300w, https:\/\/motoradventures.com\/wp-content\/uploads\/2024\/12\/2b6a2e02-af25-4b13-9c31-ede59ae85bf9-768x512.jpg 768w, https:\/\/motoradventures.com\/wp-content\/uploads\/2024\/12\/2b6a2e02-af25-4b13-9c31-ede59ae85bf9.jpg 1280w\" sizes=\"auto, (max-width: 1024px) 100vw, 1024px\" \/><\/figure>\n\n\n\n<figure class=\"wp-block-image size-large\"><img loading=\"lazy\" decoding=\"async\" width=\"1024\" height=\"682\" data-id=\"21976\" src=\"https:\/\/motoradventures.com\/wp-content\/uploads\/2024\/12\/001260f5-de13-4e06-bfcd-bf868f04bd45-1024x682.jpg\" alt=\"\" class=\"wp-image-21976\" srcset=\"https:\/\/motoradventures.com\/wp-content\/uploads\/2024\/12\/001260f5-de13-4e06-bfcd-bf868f04bd45-1024x682.jpg 1024w, https:\/\/motoradventures.com\/wp-content\/uploads\/2024\/12\/001260f5-de13-4e06-bfcd-bf868f04bd45-300x200.jpg 300w, https:\/\/motoradventures.com\/wp-content\/uploads\/2024\/12\/001260f5-de13-4e06-bfcd-bf868f04bd45-768x512.jpg 768w, https:\/\/motoradventures.com\/wp-content\/uploads\/2024\/12\/001260f5-de13-4e06-bfcd-bf868f04bd45.jpg 1280w\" sizes=\"auto, (max-width: 1024px) 100vw, 1024px\" \/><\/figure>\n<\/figure>","protected":false},"excerpt":{"rendered":"<p>Join Us for Thrilling Morocco 4&#215;4 Tours! At Motor Adventures, we have our own fleet of adventure and hard enduro bikes and Can-Am buggies in Morocco. These are the primary vehicles our guests use on our range of high-octane Morocco desert tours. However, if you are joining us for the 8-Day Tour Sahara Experience (as [&hellip;]<\/p>\n","protected":false},"author":3,"featured_media":21989,"parent":0,"menu_order":0,"comment_status":"closed","ping_status":"closed","template":"","meta":{"_acf_changed":false,"footnotes":""},"class_list":["post-22161","page","type-page","status-publish","has-post-thumbnail","hentry"],"acf":[],"_links":{"self":[{"href":"https:\/\/motoradventures.com\/pt\/wp-json\/wp\/v2\/pages\/22161","targetHints":{"allow":["GET"]}}],"collection":[{"href":"https:\/\/motoradventures.com\/pt\/wp-json\/wp\/v2\/pages"}],"about":[{"href":"https:\/\/motoradventures.com\/pt\/wp-json\/wp\/v2\/types\/page"}],"author":[{"embeddable":true,"href":"https:\/\/motoradventures.com\/pt\/wp-json\/wp\/v2\/users\/3"}],"replies":[{"embeddable":true,"href":"https:\/\/motoradventures.com\/pt\/wp-json\/wp\/v2\/comments?post=22161"}],"version-history":[{"count":5,"href":"https:\/\/motoradventures.com\/pt\/wp-json\/wp\/v2\/pages\/22161\/revisions"}],"predecessor-version":[{"id":22659,"href":"https:\/\/motoradventures.com\/pt\/wp-json\/wp\/v2\/pages\/22161\/revisions\/22659"}],"wp:featuredmedia":[{"embeddable":true,"href":"https:\/\/motoradventures.com\/pt\/wp-json\/wp\/v2\/media\/21989"}],"wp:attachment":[{"href":"https:\/\/motoradventures.com\/pt\/wp-json\/wp\/v2\/media?parent=22161"}],"curies":[{"name":"wp","href":"https:\/\/api.w.org\/{rel}","templated":true}]}}