{"id":20928,"date":"2024-12-27T13:32:31","date_gmt":"2024-12-27T12:32:31","guid":{"rendered":"http:\/\/motoradventures.com\/?page_id=20928"},"modified":"2025-04-14T21:33:42","modified_gmt":"2025-04-14T19:33:42","slug":"seguranca","status":"publish","type":"page","link":"https:\/\/motoradventures.com\/pt\/safety\/","title":{"rendered":"A sua seguran\u00e7a nos nossos passeios de aventura em Marrocos e na \u00c1frica do Sul"},"content":{"rendered":"<p><strong><strong>A sua seguran\u00e7a na nossa <\/strong><a href=\"https:\/\/motoradventures.com\/pt\/excursoes-em-marrocos\/\"><strong>Excurs\u00f5es de aventura em Marrocos<\/strong><\/a><strong> e <\/strong><a href=\"https:\/\/motoradventures.com\/pt\/viagens-a-africa-do-sul\/\"><strong>Excurs\u00f5es de aventura na \u00c1frica do Sul<\/strong><\/a><strong> \u00e9 extremamente importante para n\u00f3s. \u00c9 uma quest\u00e3o n\u00e3o negoci\u00e1vel, na qual continuamos a investir tempo e dinheiro. Isto permite-nos oferecer-lhe o melhor servi\u00e7o e experi\u00eancia poss\u00edveis com total tranquilidade.<\/strong><\/strong><\/p>\n\n\n\n<h3 class=\"wp-block-heading\">Passeios de Aventura e Enduro com GPS: Siga a Linha P\u00farpura!<\/h3>\n\n\n\n<div class=\"wp-block-columns is-layout-flex wp-container-core-columns-is-layout-9d6595d7 wp-block-columns-is-layout-flex\">\n<div class=\"wp-block-column is-vertically-aligned-top is-layout-flow wp-block-column-is-layout-flow\">\n<p>N\u00e3o levamos a sua seguran\u00e7a numa aventura connosco de \u00e2nimo leve. Durante muitos anos, temos sido a \u00fanica empresa a oferecer um robusto Garmin Montana 600 instalado em todas as bicicletas, tanto nas nossas viagens de todo-o-terreno como nas de aventura, GRATUITAMENTE! Estamos sempre \u00e0 procura de actualiza\u00e7\u00f5es ou melhorias de topo de gama, mantendo as nossas experi\u00eancias t\u00e3o avan\u00e7adas como a tecnologia mais recente.<\/p>\n\n\n\n<p>Para os nossos passeios de bicicleta de aventura (que s\u00e3o geralmente mais suaves), oferecemos agora um novo sistema, fornecendo um smartphone, um quadlock e o software Wikiloc para aqueles que o desejarem.<\/p>\n<\/div>\n<\/div>\n\n\n\n<figure class=\"wp-block-image size-large\"><img loading=\"lazy\" decoding=\"async\" width=\"1024\" height=\"576\" src=\"http:\/\/motoradventures.com\/wp-content\/uploads\/2024\/12\/20210913_170745-1024x576.jpg\" alt=\"\" class=\"wp-image-20932\" srcset=\"https:\/\/motoradventures.com\/wp-content\/uploads\/2024\/12\/20210913_170745-1024x576.jpg 1024w, https:\/\/motoradventures.com\/wp-content\/uploads\/2024\/12\/20210913_170745-300x169.jpg 300w, https:\/\/motoradventures.com\/wp-content\/uploads\/2024\/12\/20210913_170745-768x432.jpg 768w, https:\/\/motoradventures.com\/wp-content\/uploads\/2024\/12\/20210913_170745-1536x864.jpg 1536w, https:\/\/motoradventures.com\/wp-content\/uploads\/2024\/12\/20210913_170745.jpg 1920w\" sizes=\"auto, (max-width: 1024px) 100vw, 1024px\" \/><\/figure>\n\n\n\n<div class=\"wp-block-columns is-layout-flex wp-container-core-columns-is-layout-9d6595d7 wp-block-columns-is-layout-flex\">\n<div class=\"wp-block-column is-layout-flow wp-block-column-is-layout-flow\">\n<p>Todas as manh\u00e3s, nas nossas viagens, carregamos o itiner\u00e1rio desse dia no seu sistema. Isto torna as coisas muito mais interessantes para v\u00f3s, os ciclistas. As nossas excurs\u00f5es fora de estrada s\u00e3o feitas de forma razoavelmente livre, permitindo que os motociclistas mais r\u00e1pidos liderem e que os grupos mais pequenos se desloquem a uma velocidade que considerem confort\u00e1vel. O ve\u00edculo de apoio segue sempre atr\u00e1s, n\u00e3o muito longe! Com pontos de reagrupamento regulares e um sistema GPS fi\u00e1vel, os ciclistas podem recuar e manter-se longe do p\u00f3 uns dos outros.<\/p>\n\n\n\n<p>Actualizamos e verificamos regularmente as nossas rotas marroquinas antes do in\u00edcio de cada temporada. A Motor Adventures est\u00e1 sempre a trabalhar para garantir que se tem o m\u00e1ximo de off-road poss\u00edvel num passeio - o que significa evitar o asfalto! A nossa equipa tamb\u00e9m procura novas pistas e trilhos para que os nossos clientes habituais possam conhecer novos lugares.<\/p>\n\n\n\n<p>Em todos os nossos passeios, os nossos ve\u00edculos de apoio t\u00eam GPS, um kit m\u00e9dico profissional completo, incluindo um desfibrilador, talas de v\u00e1cuo e at\u00e9 oxig\u00e9nio, um compressor e um frigor\u00edfico, para mencionar os mais importantes.<\/p>\n\n\n\n<p>Tem alguma quest\u00e3o sobre a seguran\u00e7a das nossas excurs\u00f5es? N\u00e3o hesite em contactar <a href=\"https:\/\/motoradventures.com\/pt\/entre-em-contacto-connosco\/\">entre em contacto connosco<\/a> para obter todas as informa\u00e7\u00f5es de que necessita.<\/p>\n<\/div>\n<\/div>\n\n\n\n<figure class=\"wp-block-image size-large\"><img loading=\"lazy\" decoding=\"async\" width=\"1024\" height=\"576\" src=\"http:\/\/motoradventures.com\/wp-content\/uploads\/2024\/12\/JOHN_STAPELS_1418_JS907586-1024x576.jpg\" alt=\"\" class=\"wp-image-20933\" srcset=\"https:\/\/motoradventures.com\/wp-content\/uploads\/2024\/12\/JOHN_STAPELS_1418_JS907586-1024x576.jpg 1024w, https:\/\/motoradventures.com\/wp-content\/uploads\/2024\/12\/JOHN_STAPELS_1418_JS907586-300x169.jpg 300w, https:\/\/motoradventures.com\/wp-content\/uploads\/2024\/12\/JOHN_STAPELS_1418_JS907586-768x432.jpg 768w, https:\/\/motoradventures.com\/wp-content\/uploads\/2024\/12\/JOHN_STAPELS_1418_JS907586-1536x864.jpg 1536w, https:\/\/motoradventures.com\/wp-content\/uploads\/2024\/12\/JOHN_STAPELS_1418_JS907586.jpg 1920w\" sizes=\"auto, (max-width: 1024px) 100vw, 1024px\" \/><\/figure>\n\n\n\n<h2 class=\"wp-block-heading\">Ve\u00edculos de apoio e de reserva nas nossas viagens a Marrocos e \u00c1frica do Sul<\/h2>\n\n\n\n<div class=\"wp-block-columns is-layout-flex wp-container-core-columns-is-layout-9d6595d7 wp-block-columns-is-layout-flex\">\n<div class=\"wp-block-column is-layout-flow wp-block-column-is-layout-flow\">\n<p>Durante os nossos passeios todo-o-terreno, o nosso mec\u00e2nico desloca-se normalmente no ve\u00edculo de apoio. Dispomos de um Fiat Fullback adaptado para poder transportar uma bicicleta em caso de necessidade. Est\u00e1 totalmente equipado com o nosso material m\u00e9dico, como uma maca de v\u00e1cuo, um desfibrilador, talas, oxig\u00e9nio, uma caixa de primeiros socorros muito completa, um frigor\u00edfico, um compressor, ferramentas e pe\u00e7as sobressalentes para as motos. Podemos utilizar um Toyota Land Cruiser, ou similar, se precisarmos de um ve\u00edculo de transporte de pessoas.<\/p>\n<\/div>\n\n\n\n<div class=\"wp-block-column is-layout-flow wp-block-column-is-layout-flow\">\n<p>Nas nossas viagens de aventura, o nosso ve\u00edculo de assist\u00eancia totalmente equipado, um Toyota Land Cruiser ou similar, d\u00e1 apoio aos cavaleiros e transporta os passageiros 4\u00d74 e qualquer passageiro que queira descansar um pouco da sua bicicleta.<\/p>\n\n\n\n<p>Saiba mais sobre <a href=\"https:\/\/motoradventures.com\/pt\/buggies\/\">os nossos buggies Can-Am<\/a> e <a href=\"https:\/\/motoradventures.com\/pt\/bicicletas\/\">as nossas bicicletas<\/a> para encontrar a melhor op\u00e7\u00e3o para si. Vamos come\u00e7ar a planear a sua experi\u00eancia de sonho em Marrocos ou na \u00c1frica do Sul!&nbsp;&nbsp;<\/p>\n<\/div>\n<\/div>","protected":false},"excerpt":{"rendered":"<p>A sua seguran\u00e7a nos nossos passeios de aventura em Marrocos e na \u00c1frica do Sul \u00e9 de extrema import\u00e2ncia. Descubra como a Motor Adventures o mant\u00e9m seguro nos nossos passeios.<\/p>","protected":false},"author":1,"featured_media":20931,"parent":0,"menu_order":0,"comment_status":"closed","ping_status":"closed","template":"","meta":{"_acf_changed":false,"footnotes":""},"class_list":["post-20928","page","type-page","status-publish","has-post-thumbnail","hentry"],"acf":[],"_links":{"self":[{"href":"https:\/\/motoradventures.com\/pt\/wp-json\/wp\/v2\/pages\/20928","targetHints":{"allow":["GET"]}}],"collection":[{"href":"https:\/\/motoradventures.com\/pt\/wp-json\/wp\/v2\/pages"}],"about":[{"href":"https:\/\/motoradventures.com\/pt\/wp-json\/wp\/v2\/types\/page"}],"author":[{"embeddable":true,"href":"https:\/\/motoradventures.com\/pt\/wp-json\/wp\/v2\/users\/1"}],"replies":[{"embeddable":true,"href":"https:\/\/motoradventures.com\/pt\/wp-json\/wp\/v2\/comments?post=20928"}],"version-history":[{"count":1,"href":"https:\/\/motoradventures.com\/pt\/wp-json\/wp\/v2\/pages\/20928\/revisions"}],"predecessor-version":[{"id":22587,"href":"https:\/\/motoradventures.com\/pt\/wp-json\/wp\/v2\/pages\/20928\/revisions\/22587"}],"wp:featuredmedia":[{"embeddable":true,"href":"https:\/\/motoradventures.com\/pt\/wp-json\/wp\/v2\/media\/20931"}],"wp:attachment":[{"href":"https:\/\/motoradventures.com\/pt\/wp-json\/wp\/v2\/media?parent=20928"}],"curies":[{"name":"wp","href":"https:\/\/api.w.org\/{rel}","templated":true}]}}