{"id":20911,"date":"2024-12-27T12:21:24","date_gmt":"2024-12-27T11:21:24","guid":{"rendered":"http:\/\/motoradventures.com\/?page_id=20911"},"modified":"2025-11-18T16:23:49","modified_gmt":"2025-11-18T15:23:49","slug":"buggies","status":"publish","type":"page","link":"https:\/\/motoradventures.com\/pt\/buggies\/","title":{"rendered":"Os nossos Can-Am Buggies em Marrocos"},"content":{"rendered":"<div class=\"wp-block-columns is-layout-flex wp-container-core-columns-is-layout-9d6595d7 wp-block-columns-is-layout-flex\">\n<div class=\"wp-block-column is-layout-flow wp-block-column-is-layout-flow\">\n<h2 class=\"wp-block-heading\">Que ve\u00edculos esperar nos nossos passeios de buggy em Marrocos<\/h2>\n\n\n\n<p>Ter o nosso <a href=\"https:\/\/motoradventures.com\/pt\/passeios-de-buggy-em-marrocos\/\">passeios de buggy em Marrocos<\/a> despertou o seu sentido de aventura? Com toda esta excita\u00e7\u00e3o, pode perguntar-se que tipo de ve\u00edculos pode esperar conduzir nestas experi\u00eancias emocionantes no Deserto do Sahara. Na Motor Adventures, orgulhamo-nos de fornecer tudo o que os nossos clientes precisam de saber antes do in\u00edcio das suas excurs\u00f5es, por isso deixe-nos apresentar-lhe a nossa frota de buggies Can-Am!<\/p>\n\n\n\n<p>Dispomos de uma variedade de 13 buggies Can-Am Maverick, incluindo op\u00e7\u00f5es de dois e quatro lugares nas vers\u00f5es Sport e X3. Para al\u00e9m de <a href=\"https:\/\/motoradventures.com\/pt\/bicicletas\/\">as nossas bicicletas<\/a> - seis KTM 450 EXCs actualizadas e seis Gas Gas EC 450s. O nosso mec\u00e2nico de buggies dedicado, que trabalha com o John, garante que o seu buggy tem um aspeto visualmente atrativo e se mant\u00e9m em excelentes condi\u00e7\u00f5es de funcionamento. Isto garante a sua seguran\u00e7a e aumenta o seu prazer de condu\u00e7\u00e3o.<br>Se tiver alguma d\u00favida sobre os nossos buggies Can-Am ou sobre os nossos passeios de buggy todo-o-terreno, n\u00e3o hesite em <a href=\"https:\/\/motoradventures.com\/pt\/entre-em-contacto-connosco\/\">entre em contacto connosco<\/a> para as respostas que precisa.<\/p>\n<\/div>\n\n\n\n<div class=\"wp-block-column is-layout-flow wp-block-column-is-layout-flow\">\n<h3 class=\"wp-block-heading\">O equipamento necess\u00e1rio para os nossos passeios de buggy em Marrocos<\/h3>\n\n\n\n<p>N\u00e3o \u00e9 necess\u00e1rio ter experi\u00eancia em todo-o-terreno para participar nos nossos passeios de buggy todo-o-terreno, mas \u00e9 necess\u00e1rio ter uma carta de condu\u00e7\u00e3o de autom\u00f3vel v\u00e1lida. Deve tamb\u00e9m trazer o seguinte equipamento para garantir um passeio seguro, confort\u00e1vel e emocionante:<\/p>\n\n\n\n<ul class=\"wp-block-list\">\n<li>Capacete MX integral com \u00f3culos de prote\u00e7\u00e3o ou viseira (tamb\u00e9m pode ser fornecido por n\u00f3s)<\/li>\n\n\n\n<li>Cal\u00e7as compridas<\/li>\n\n\n\n<li>Camisa de manga comprida<\/li>\n\n\n\n<li>Sapatos confort\u00e1veis<\/li>\n\n\n\n<li>Luvas<\/li>\n<\/ul>\n\n\n\n<p>Tomem nota... Voc\u00eas <em>vontade<\/em> apanhar p\u00f3 e areia <em>vontade<\/em> chegam a todo o lado, por isso \u00e9 essencial ter o equipamento certo!<\/p>\n\n\n\n<p>Se pretender obter mais informa\u00e7\u00f5es sobre o equipamento espec\u00edfico da digress\u00e3o, basta <a href=\"https:\/\/motoradventures.com\/pt\/entre-em-contacto-connosco\/\">entre em contacto<\/a> com quaisquer quest\u00f5es. Por agora, mergulhe nos nossos cinco dias <a href=\"https:\/\/motoradventures.com\/pt\/excursao\/safari-de-bicicleta-buggy-todo-o-terreno\/\">Buggy todo-o-terreno e safari de bicicleta no deserto do Sara, em Marrocos<\/a> e descubra o que pode esperar das nossas experi\u00eancias emocionantes. E lembre-se, pode reservar os nossos buggies em todos os passeios todo-o-terreno!<\/p>\n<\/div>\n<\/div>\n\n\n<div class=\"wp-block-image\">\n<figure class=\"aligncenter size-full\"><img loading=\"lazy\" decoding=\"async\" width=\"1280\" height=\"853\" src=\"https:\/\/motoradventures.com\/wp-content\/uploads\/2024\/12\/fb56edda-3096-4c0d-a3dd-8447359134a4.jpg\" alt=\"\" class=\"wp-image-22057\" srcset=\"https:\/\/motoradventures.com\/wp-content\/uploads\/2024\/12\/fb56edda-3096-4c0d-a3dd-8447359134a4.jpg 1280w, https:\/\/motoradventures.com\/wp-content\/uploads\/2024\/12\/fb56edda-3096-4c0d-a3dd-8447359134a4-300x200.jpg 300w, https:\/\/motoradventures.com\/wp-content\/uploads\/2024\/12\/fb56edda-3096-4c0d-a3dd-8447359134a4-1024x682.jpg 1024w, https:\/\/motoradventures.com\/wp-content\/uploads\/2024\/12\/fb56edda-3096-4c0d-a3dd-8447359134a4-768x512.jpg 768w\" sizes=\"auto, (max-width: 1280px) 100vw, 1280px\" \/><\/figure>\n<\/div>\n\n\n<figure class=\"wp-block-gallery has-nested-images columns-5 is-cropped wp-block-gallery-1 is-layout-flex wp-block-gallery-is-layout-flex\">\n<figure class=\"wp-block-image size-large\"><img loading=\"lazy\" decoding=\"async\" width=\"1024\" height=\"682\" data-id=\"22062\" src=\"https:\/\/motoradventures.com\/wp-content\/uploads\/2024\/12\/ffd5d40f-4631-4f43-969c-8170edf4d858-1024x682.jpg\" alt=\"\" class=\"wp-image-22062\" srcset=\"https:\/\/motoradventures.com\/wp-content\/uploads\/2024\/12\/ffd5d40f-4631-4f43-969c-8170edf4d858-1024x682.jpg 1024w, https:\/\/motoradventures.com\/wp-content\/uploads\/2024\/12\/ffd5d40f-4631-4f43-969c-8170edf4d858-300x200.jpg 300w, https:\/\/motoradventures.com\/wp-content\/uploads\/2024\/12\/ffd5d40f-4631-4f43-969c-8170edf4d858-768x512.jpg 768w, https:\/\/motoradventures.com\/wp-content\/uploads\/2024\/12\/ffd5d40f-4631-4f43-969c-8170edf4d858.jpg 1280w\" sizes=\"auto, (max-width: 1024px) 100vw, 1024px\" \/><\/figure>\n\n\n\n<figure class=\"wp-block-image size-large\"><img loading=\"lazy\" decoding=\"async\" width=\"1024\" height=\"682\" data-id=\"21951\" src=\"https:\/\/motoradventures.com\/wp-content\/uploads\/2024\/12\/84cc14b8-8d40-465c-ada4-dcb0791b7832-1024x682.jpg\" alt=\"\" class=\"wp-image-21951\" srcset=\"https:\/\/motoradventures.com\/wp-content\/uploads\/2024\/12\/84cc14b8-8d40-465c-ada4-dcb0791b7832-1024x682.jpg 1024w, https:\/\/motoradventures.com\/wp-content\/uploads\/2024\/12\/84cc14b8-8d40-465c-ada4-dcb0791b7832-300x200.jpg 300w, https:\/\/motoradventures.com\/wp-content\/uploads\/2024\/12\/84cc14b8-8d40-465c-ada4-dcb0791b7832-768x512.jpg 768w, https:\/\/motoradventures.com\/wp-content\/uploads\/2024\/12\/84cc14b8-8d40-465c-ada4-dcb0791b7832.jpg 1280w\" sizes=\"auto, (max-width: 1024px) 100vw, 1024px\" \/><\/figure>\n\n\n\n<figure class=\"wp-block-image size-large\"><img loading=\"lazy\" decoding=\"async\" width=\"1024\" height=\"768\" data-id=\"21713\" src=\"https:\/\/motoradventures.com\/wp-content\/uploads\/2024\/12\/IMG_4500.jpg\" alt=\"\" class=\"wp-image-21713\" srcset=\"https:\/\/motoradventures.com\/wp-content\/uploads\/2024\/12\/IMG_4500.jpg 1024w, https:\/\/motoradventures.com\/wp-content\/uploads\/2024\/12\/IMG_4500-300x225.jpg 300w, https:\/\/motoradventures.com\/wp-content\/uploads\/2024\/12\/IMG_4500-768x576.jpg 768w\" sizes=\"auto, (max-width: 1024px) 100vw, 1024px\" \/><\/figure>\n\n\n\n<figure class=\"wp-block-image size-large\"><img loading=\"lazy\" decoding=\"async\" width=\"1024\" height=\"768\" data-id=\"21689\" src=\"https:\/\/motoradventures.com\/wp-content\/uploads\/2024\/12\/IMG_4306.jpg\" alt=\"\" class=\"wp-image-21689\" srcset=\"https:\/\/motoradventures.com\/wp-content\/uploads\/2024\/12\/IMG_4306.jpg 1024w, https:\/\/motoradventures.com\/wp-content\/uploads\/2024\/12\/IMG_4306-300x225.jpg 300w, https:\/\/motoradventures.com\/wp-content\/uploads\/2024\/12\/IMG_4306-768x576.jpg 768w\" sizes=\"auto, (max-width: 1024px) 100vw, 1024px\" \/><\/figure>\n\n\n\n<figure class=\"wp-block-image size-large\"><img loading=\"lazy\" decoding=\"async\" width=\"1024\" height=\"576\" data-id=\"139\" src=\"https:\/\/motoradventures.com\/wp-content\/uploads\/2024\/11\/JOHN_STAPELS_1422_IMG_4432-1024x576.jpg\" alt=\"\" class=\"wp-image-139\" srcset=\"https:\/\/motoradventures.com\/wp-content\/uploads\/2024\/11\/JOHN_STAPELS_1422_IMG_4432-1024x576.jpg 1024w, https:\/\/motoradventures.com\/wp-content\/uploads\/2024\/11\/JOHN_STAPELS_1422_IMG_4432-300x169.jpg 300w, https:\/\/motoradventures.com\/wp-content\/uploads\/2024\/11\/JOHN_STAPELS_1422_IMG_4432-768x432.jpg 768w, https:\/\/motoradventures.com\/wp-content\/uploads\/2024\/11\/JOHN_STAPELS_1422_IMG_4432-1536x864.jpg 1536w, https:\/\/motoradventures.com\/wp-content\/uploads\/2024\/11\/JOHN_STAPELS_1422_IMG_4432.jpg 1920w\" sizes=\"auto, (max-width: 1024px) 100vw, 1024px\" \/><\/figure>\n<\/figure>\n\n\n\n<p><\/p>","protected":false},"excerpt":{"rendered":"<p>Os nossos buggies Can-Am em Marrocos est\u00e3o no centro de algumas das nossas aventuras mais populares no Deserto do Sahara. Saiba mais sobre a frota da Motor Adventures.<\/p>","protected":false},"author":1,"featured_media":20917,"parent":0,"menu_order":0,"comment_status":"closed","ping_status":"closed","template":"","meta":{"_acf_changed":false,"footnotes":""},"class_list":["post-20911","page","type-page","status-publish","has-post-thumbnail","hentry"],"acf":[],"_links":{"self":[{"href":"https:\/\/motoradventures.com\/pt\/wp-json\/wp\/v2\/pages\/20911","targetHints":{"allow":["GET"]}}],"collection":[{"href":"https:\/\/motoradventures.com\/pt\/wp-json\/wp\/v2\/pages"}],"about":[{"href":"https:\/\/motoradventures.com\/pt\/wp-json\/wp\/v2\/types\/page"}],"author":[{"embeddable":true,"href":"https:\/\/motoradventures.com\/pt\/wp-json\/wp\/v2\/users\/1"}],"replies":[{"embeddable":true,"href":"https:\/\/motoradventures.com\/pt\/wp-json\/wp\/v2\/comments?post=20911"}],"version-history":[{"count":10,"href":"https:\/\/motoradventures.com\/pt\/wp-json\/wp\/v2\/pages\/20911\/revisions"}],"predecessor-version":[{"id":23611,"href":"https:\/\/motoradventures.com\/pt\/wp-json\/wp\/v2\/pages\/20911\/revisions\/23611"}],"wp:featuredmedia":[{"embeddable":true,"href":"https:\/\/motoradventures.com\/pt\/wp-json\/wp\/v2\/media\/20917"}],"wp:attachment":[{"href":"https:\/\/motoradventures.com\/pt\/wp-json\/wp\/v2\/media?parent=20911"}],"curies":[{"name":"wp","href":"https:\/\/api.w.org\/{rel}","templated":true}]}}