{"id":20886,"date":"2024-12-27T12:07:22","date_gmt":"2024-12-27T11:07:22","guid":{"rendered":"http:\/\/motoradventures.com\/?page_id=20886"},"modified":"2025-05-19T18:24:39","modified_gmt":"2025-05-19T16:24:39","slug":"bicicletas","status":"publish","type":"page","link":"https:\/\/motoradventures.com\/pt\/bikes\/","title":{"rendered":"As nossas bicicletas em Marrocos e na \u00c1frica do Sul"},"content":{"rendered":"<h2 class=\"wp-block-heading has-text-align-center\">Passeios fora de estrada<\/h2>\n\n\n\n<hr class=\"wp-block-separator has-text-color has-alpha-channel-opacity has-background is-style-default\" style=\"background-color:#ff6600;color:#ff6600\"\/>\n\n\n\n<div class=\"wp-block-columns is-layout-flex wp-container-core-columns-is-layout-9d6595d7 wp-block-columns-is-layout-flex\">\n<div class=\"wp-block-column is-layout-flow wp-block-column-is-layout-flow\">\n<h3 class=\"wp-block-heading\">A nossa frota KTM e Gas Gas Marrocos<\/h3>\n\n\n\n<p>Aqui na Motor Aventures, temos imenso orgulho nas nossas motas e buggies. Em Marrocos, temos uma frota de seis modelos recentes de KTM 450 EXCs e seis Gas Gas EC 450s que s\u00e3o submetidos a um rigoroso programa de manuten\u00e7\u00e3o para garantir o seu \u00f3timo desempenho. O nosso mec\u00e2nico especializado, juntamente com o John, trabalha diligentemente n\u00e3o s\u00f3 para que a sua bicicleta de turismo tenha um \u00f3timo aspeto, mas tamb\u00e9m para garantir que est\u00e1 em perfeitas condi\u00e7\u00f5es de funcionamento. Esta aten\u00e7\u00e3o ao pormenor garante a sua seguran\u00e7a e melhora a sua experi\u00eancia de ciclismo.<\/p>\n\n\n\n<p>Al\u00e9m disso, propomos tr\u00eas bicicletas Gas Gas rebaixadas que podem ser reduzidas em altura at\u00e9 um m\u00e1ximo de sete cent\u00edmetros. Estas bicicletas n\u00e3o s\u00e3o apenas visualmente atractivas, mas tamb\u00e9m leves, pesando apenas 113,5 quilos quando secas. Se pretender uma bicicleta rebaixada, ter\u00e1 de adicionar esta op\u00e7\u00e3o \u00e0 sua reserva.<\/p>\n\n\n\n<p>Se tiver alguma quest\u00e3o sobre as nossas bicicletas, n\u00e3o hesite em <a href=\"https:\/\/motoradventures.com\/pt\/entre-em-contacto-connosco\/\">entre em contacto connosco<\/a> para mais informa\u00e7\u00f5es. E se ainda estiver indeciso sobre qual a op\u00e7\u00e3o de ve\u00edculo que melhor se adequa a si, descubra mais sobre <a href=\"https:\/\/motoradventures.com\/pt\/buggies\/\">os nossos buggies Can-Am em Marrocos<\/a>!<\/p>\n<\/div>\n\n\n\n<div class=\"wp-block-column is-layout-flow wp-block-column-is-layout-flow\">\n<h3 class=\"wp-block-heading\">O equipamento necess\u00e1rio para os nossos passeios de enduro ou todo-o-terreno em Marrocos<\/h3>\n\n\n\n<p>Uma vez que todos os cavaleiros que aderem ao nosso <a href=\"https:\/\/motoradventures.com\/pt\/passeios-fora-de-estrada-em-marrocos\/\">passeios de enduro duro em Marrocos<\/a> Se n\u00e3o tiver experi\u00eancia pr\u00e9via em todo-o-terreno, pedimos-lhe que venha preparado com o seu pr\u00f3prio vestu\u00e1rio e equipamento. Ao usar o seu pr\u00f3prio equipamento, pode garantir o m\u00e1ximo conforto durante todo o passeio.<\/p>\n\n\n\n<p>Necessita de:<\/p>\n\n\n\n<ul class=\"wp-block-list\">\n<li>Capacete MX integral com \u00f3culos de prote\u00e7\u00e3o ou viseira<\/li>\n\n\n\n<li>Armadura corporal<\/li>\n\n\n\n<li>Protec\u00e7\u00f5es para joelhos e cotovelos<\/li>\n\n\n\n<li>botas MX<\/li>\n\n\n\n<li>Camisa e cal\u00e7as MX<\/li>\n\n\n\n<li>Luvas<\/li>\n\n\n\n<li>Sistema de hidrata\u00e7\u00e3o<\/li>\n<\/ul>\n<\/div>\n<\/div>\n\n\n\n<figure class=\"wp-block-image size-full\"><img loading=\"lazy\" decoding=\"async\" width=\"1920\" height=\"1080\" src=\"https:\/\/motoradventures.com\/wp-content\/uploads\/2024\/12\/20210916_084935.jpg\" alt=\"\" class=\"wp-image-20894\" srcset=\"https:\/\/motoradventures.com\/wp-content\/uploads\/2024\/12\/20210916_084935.jpg 1920w, https:\/\/motoradventures.com\/wp-content\/uploads\/2024\/12\/20210916_084935-300x169.jpg 300w, https:\/\/motoradventures.com\/wp-content\/uploads\/2024\/12\/20210916_084935-1024x576.jpg 1024w, https:\/\/motoradventures.com\/wp-content\/uploads\/2024\/12\/20210916_084935-768x432.jpg 768w, https:\/\/motoradventures.com\/wp-content\/uploads\/2024\/12\/20210916_084935-1536x864.jpg 1536w\" sizes=\"auto, (max-width: 1920px) 100vw, 1920px\" \/><\/figure>\n\n\n\n<figure class=\"wp-block-gallery has-nested-images columns-5 is-cropped wp-block-gallery-1 is-layout-flex wp-block-gallery-is-layout-flex\">\n<figure class=\"wp-block-image size-full\"><img loading=\"lazy\" decoding=\"async\" width=\"1280\" height=\"853\" data-id=\"22055\" src=\"https:\/\/motoradventures.com\/wp-content\/uploads\/2024\/12\/f872e325-e48a-4b45-9a58-33ffdb8d92da.jpg\" alt=\"\" class=\"wp-image-22055\" srcset=\"https:\/\/motoradventures.com\/wp-content\/uploads\/2024\/12\/f872e325-e48a-4b45-9a58-33ffdb8d92da.jpg 1280w, https:\/\/motoradventures.com\/wp-content\/uploads\/2024\/12\/f872e325-e48a-4b45-9a58-33ffdb8d92da-300x200.jpg 300w, https:\/\/motoradventures.com\/wp-content\/uploads\/2024\/12\/f872e325-e48a-4b45-9a58-33ffdb8d92da-1024x682.jpg 1024w, https:\/\/motoradventures.com\/wp-content\/uploads\/2024\/12\/f872e325-e48a-4b45-9a58-33ffdb8d92da-768x512.jpg 768w\" sizes=\"auto, (max-width: 1280px) 100vw, 1280px\" \/><\/figure>\n\n\n\n<figure class=\"wp-block-image size-full\"><img loading=\"lazy\" decoding=\"async\" width=\"1280\" height=\"853\" data-id=\"22016\" src=\"https:\/\/motoradventures.com\/wp-content\/uploads\/2024\/12\/bb0724b6-1c49-417c-ad78-2ad45ba9bcba.jpg\" alt=\"\" class=\"wp-image-22016\" srcset=\"https:\/\/motoradventures.com\/wp-content\/uploads\/2024\/12\/bb0724b6-1c49-417c-ad78-2ad45ba9bcba.jpg 1280w, https:\/\/motoradventures.com\/wp-content\/uploads\/2024\/12\/bb0724b6-1c49-417c-ad78-2ad45ba9bcba-300x200.jpg 300w, https:\/\/motoradventures.com\/wp-content\/uploads\/2024\/12\/bb0724b6-1c49-417c-ad78-2ad45ba9bcba-1024x682.jpg 1024w, https:\/\/motoradventures.com\/wp-content\/uploads\/2024\/12\/bb0724b6-1c49-417c-ad78-2ad45ba9bcba-768x512.jpg 768w\" sizes=\"auto, (max-width: 1280px) 100vw, 1280px\" \/><\/figure>\n\n\n\n<figure class=\"wp-block-image size-full\"><img loading=\"lazy\" decoding=\"async\" width=\"1920\" height=\"1080\" data-id=\"21315\" src=\"https:\/\/motoradventures.com\/wp-content\/uploads\/2024\/12\/TylerRavelle_Morocco_-2538.jpg\" alt=\"\" class=\"wp-image-21315\" srcset=\"https:\/\/motoradventures.com\/wp-content\/uploads\/2024\/12\/TylerRavelle_Morocco_-2538.jpg 1920w, https:\/\/motoradventures.com\/wp-content\/uploads\/2024\/12\/TylerRavelle_Morocco_-2538-300x169.jpg 300w, https:\/\/motoradventures.com\/wp-content\/uploads\/2024\/12\/TylerRavelle_Morocco_-2538-1024x576.jpg 1024w, https:\/\/motoradventures.com\/wp-content\/uploads\/2024\/12\/TylerRavelle_Morocco_-2538-768x432.jpg 768w, https:\/\/motoradventures.com\/wp-content\/uploads\/2024\/12\/TylerRavelle_Morocco_-2538-1536x864.jpg 1536w\" sizes=\"auto, (max-width: 1920px) 100vw, 1920px\" \/><\/figure>\n\n\n\n<figure class=\"wp-block-image size-full\"><img loading=\"lazy\" decoding=\"async\" width=\"1920\" height=\"1080\" data-id=\"21006\" src=\"https:\/\/motoradventures.com\/wp-content\/uploads\/2024\/12\/TylerRavelle_Morocco_-4000.jpg\" alt=\"\" class=\"wp-image-21006\" srcset=\"https:\/\/motoradventures.com\/wp-content\/uploads\/2024\/12\/TylerRavelle_Morocco_-4000.jpg 1920w, https:\/\/motoradventures.com\/wp-content\/uploads\/2024\/12\/TylerRavelle_Morocco_-4000-300x169.jpg 300w, https:\/\/motoradventures.com\/wp-content\/uploads\/2024\/12\/TylerRavelle_Morocco_-4000-1024x576.jpg 1024w, https:\/\/motoradventures.com\/wp-content\/uploads\/2024\/12\/TylerRavelle_Morocco_-4000-768x432.jpg 768w, https:\/\/motoradventures.com\/wp-content\/uploads\/2024\/12\/TylerRavelle_Morocco_-4000-1536x864.jpg 1536w\" sizes=\"auto, (max-width: 1920px) 100vw, 1920px\" \/><\/figure>\n\n\n\n<figure class=\"wp-block-image size-full\"><img loading=\"lazy\" decoding=\"async\" width=\"1920\" height=\"1080\" data-id=\"74\" src=\"https:\/\/motoradventures.com\/wp-content\/uploads\/2024\/11\/TylerRavelle_Morocco_-4095.jpg\" alt=\"TylerRavelle_Marrocos_-4095\" class=\"wp-image-74\" srcset=\"https:\/\/motoradventures.com\/wp-content\/uploads\/2024\/11\/TylerRavelle_Morocco_-4095.jpg 1920w, https:\/\/motoradventures.com\/wp-content\/uploads\/2024\/11\/TylerRavelle_Morocco_-4095-300x169.jpg 300w, https:\/\/motoradventures.com\/wp-content\/uploads\/2024\/11\/TylerRavelle_Morocco_-4095-1024x576.jpg 1024w, https:\/\/motoradventures.com\/wp-content\/uploads\/2024\/11\/TylerRavelle_Morocco_-4095-768x432.jpg 768w, https:\/\/motoradventures.com\/wp-content\/uploads\/2024\/11\/TylerRavelle_Morocco_-4095-1536x864.jpg 1536w\" sizes=\"auto, (max-width: 1920px) 100vw, 1920px\" \/><\/figure>\n<\/figure>\n\n\n\n<div style=\"height:50px\" aria-hidden=\"true\" class=\"wp-block-spacer\"><\/div>\n\n\n\n<h2 class=\"wp-block-heading has-text-align-center\">Passeios de bicicleta de aventura<\/h2>\n\n\n\n<hr class=\"wp-block-separator has-text-color has-alpha-channel-opacity has-background\" style=\"background-color:#ff6600;color:#ff6600\"\/>\n\n\n\n<div class=\"wp-block-columns is-layout-flex wp-container-core-columns-is-layout-9d6595d7 wp-block-columns-is-layout-flex\">\n<div class=\"wp-block-column is-layout-flow wp-block-column-is-layout-flow\">\n<h3 class=\"wp-block-heading\">As nossas bicicletas BMW GS para passeios de bicicleta de aventura em Marrocos<\/h3>\n\n\n\n<p>Para ver as nossas \u00faltimas <a href=\"https:\/\/motoradventures.com\/pt\/passeios-de-mota-na-estrada-em-marrocos\/\">Marrocos: passeios de mota de aventura<\/a>, A BMW oferece uma variedade de motas BMW GS. Estas motos de desporto duplo s\u00e3o perfeitas para explorar diferentes terrenos e s\u00e3o conhecidas pela sua fiabilidade. Quer esteja a conduzir em estradas suaves ou em trilhos de gravilha suaves, estas motos proporcionar\u00e3o uma viagem confort\u00e1vel e com estilo. Tamb\u00e9m podem transportar passageiros sem qualquer problema.<\/p>\n\n\n\n<p>Se preferir uma bicicleta com um motor mais pequeno, informe-nos e teremos todo o gosto em ajud\u00e1-lo.<\/p>\n\n\n\n<p>Pode ter a certeza de que as motas que utilizamos s\u00e3o de topo, modelos recentes com baixa quilometragem. A sua manuten\u00e7\u00e3o \u00e9 feita regularmente de acordo com as diretrizes da BMW para garantir um desempenho \u00f3timo. Podemos tamb\u00e9m equipar a sua bicicleta com um sistema de navega\u00e7\u00e3o de f\u00e1cil utiliza\u00e7\u00e3o, mediante pedido.<\/p>\n<\/div>\n\n\n\n<div class=\"wp-block-column is-layout-flow wp-block-column-is-layout-flow\">\n<h3 class=\"wp-block-heading\">O equipamento necess\u00e1rio para os nossos passeios de bicicleta de aventura em Marrocos<\/h3>\n\n\n\n<p>Nesta aventura, traga consigo:<\/p>\n\n\n\n<ul class=\"wp-block-list\">\n<li>Cal\u00e7as e casaco - T\u00eaxteis, respir\u00e1veis, estilo rali todo-o-terreno, por exemplo, Hein Gericke, BMW ou KTM, com blindagem e prote\u00e7\u00e3o incorporadas.<\/li>\n\n\n\n<li>Roupas t\u00e9rmicas - Materiais leves recomendados para prote\u00e7\u00e3o contra a irrita\u00e7\u00e3o e para as zonas de montanha mais altas. N\u00e3o se esque\u00e7a tamb\u00e9m de um cachecol para o p\u00f3!<\/li>\n\n\n\n<li>Botas - Um par de botas de montar resistentes.<\/li>\n\n\n\n<li>Luvas \u2013 tipo MX ou enduro.<\/li>\n\n\n\n<li>Roupa de chuva - Combina\u00e7\u00e3o Pac-Jac leve e imperme\u00e1vel (se o seu equipamento n\u00e3o for imperme\u00e1vel).<\/li>\n\n\n\n<li>Hidrata\u00e7\u00e3o\/mochila - capacidade de \u00e1gua de 1,5 a 2 litros \u00e9 o ideal, por exemplo, Kriega, Camelbak.<\/li>\n\n\n\n<li>Capacete \u2013 Um capacete do tipo MX off-road com barra de prote\u00e7\u00e3o para o queixo e viseira.<\/li>\n<\/ul>\n<\/div>\n<\/div>\n\n\n\n<figure class=\"wp-block-image size-full\"><img loading=\"lazy\" decoding=\"async\" width=\"2560\" height=\"1920\" src=\"https:\/\/motoradventures.com\/wp-content\/uploads\/2024\/12\/20241029_155726-scaled.jpg\" alt=\"\" class=\"wp-image-21786\" srcset=\"https:\/\/motoradventures.com\/wp-content\/uploads\/2024\/12\/20241029_155726-scaled.jpg 2560w, https:\/\/motoradventures.com\/wp-content\/uploads\/2024\/12\/20241029_155726-300x225.jpg 300w, https:\/\/motoradventures.com\/wp-content\/uploads\/2024\/12\/20241029_155726-1024x768.jpg 1024w, https:\/\/motoradventures.com\/wp-content\/uploads\/2024\/12\/20241029_155726-768x576.jpg 768w, https:\/\/motoradventures.com\/wp-content\/uploads\/2024\/12\/20241029_155726-1536x1152.jpg 1536w, https:\/\/motoradventures.com\/wp-content\/uploads\/2024\/12\/20241029_155726-2048x1536.jpg 2048w\" sizes=\"auto, (max-width: 2560px) 100vw, 2560px\" \/><\/figure>\n\n\n\n<figure class=\"wp-block-gallery has-nested-images columns-5 is-cropped wp-block-gallery-2 is-layout-flex wp-block-gallery-is-layout-flex\">\n<figure class=\"wp-block-image size-large\"><img loading=\"lazy\" decoding=\"async\" width=\"1024\" height=\"768\" data-id=\"21786\" src=\"https:\/\/motoradventures.com\/wp-content\/uploads\/2024\/12\/20241029_155726-1024x768.jpg\" alt=\"\" class=\"wp-image-21786\" srcset=\"https:\/\/motoradventures.com\/wp-content\/uploads\/2024\/12\/20241029_155726-1024x768.jpg 1024w, https:\/\/motoradventures.com\/wp-content\/uploads\/2024\/12\/20241029_155726-300x225.jpg 300w, https:\/\/motoradventures.com\/wp-content\/uploads\/2024\/12\/20241029_155726-768x576.jpg 768w, https:\/\/motoradventures.com\/wp-content\/uploads\/2024\/12\/20241029_155726-1536x1152.jpg 1536w, https:\/\/motoradventures.com\/wp-content\/uploads\/2024\/12\/20241029_155726-2048x1536.jpg 2048w\" sizes=\"auto, (max-width: 1024px) 100vw, 1024px\" \/><\/figure>\n\n\n\n<figure class=\"wp-block-image size-large\"><img loading=\"lazy\" decoding=\"async\" width=\"1024\" height=\"768\" data-id=\"21782\" src=\"https:\/\/motoradventures.com\/wp-content\/uploads\/2024\/12\/20241027_145019-1024x768.jpg\" alt=\"\" class=\"wp-image-21782\" srcset=\"https:\/\/motoradventures.com\/wp-content\/uploads\/2024\/12\/20241027_145019-1024x768.jpg 1024w, https:\/\/motoradventures.com\/wp-content\/uploads\/2024\/12\/20241027_145019-300x225.jpg 300w, https:\/\/motoradventures.com\/wp-content\/uploads\/2024\/12\/20241027_145019-768x576.jpg 768w, https:\/\/motoradventures.com\/wp-content\/uploads\/2024\/12\/20241027_145019-1536x1152.jpg 1536w, https:\/\/motoradventures.com\/wp-content\/uploads\/2024\/12\/20241027_145019-2048x1536.jpg 2048w\" sizes=\"auto, (max-width: 1024px) 100vw, 1024px\" \/><\/figure>\n\n\n\n<figure class=\"wp-block-image size-large\"><img loading=\"lazy\" decoding=\"async\" width=\"1024\" height=\"768\" data-id=\"22347\" src=\"https:\/\/motoradventures.com\/wp-content\/uploads\/2025\/01\/IMG_0995-1024x768.jpg\" alt=\"\" class=\"wp-image-22347\" srcset=\"https:\/\/motoradventures.com\/wp-content\/uploads\/2025\/01\/IMG_0995-1024x768.jpg 1024w, https:\/\/motoradventures.com\/wp-content\/uploads\/2025\/01\/IMG_0995-300x225.jpg 300w, https:\/\/motoradventures.com\/wp-content\/uploads\/2025\/01\/IMG_0995-768x576.jpg 768w, https:\/\/motoradventures.com\/wp-content\/uploads\/2025\/01\/IMG_0995-1536x1152.jpg 1536w, https:\/\/motoradventures.com\/wp-content\/uploads\/2025\/01\/IMG_0995-2048x1536.jpg 2048w\" sizes=\"auto, (max-width: 1024px) 100vw, 1024px\" \/><\/figure>\n\n\n\n<figure class=\"wp-block-image size-large\"><img loading=\"lazy\" decoding=\"async\" width=\"1000\" height=\"666\" data-id=\"22345\" src=\"https:\/\/motoradventures.com\/wp-content\/uploads\/2025\/01\/DSC04551-1.jpg\" alt=\"\" class=\"wp-image-22345\" srcset=\"https:\/\/motoradventures.com\/wp-content\/uploads\/2025\/01\/DSC04551-1.jpg 1000w, https:\/\/motoradventures.com\/wp-content\/uploads\/2025\/01\/DSC04551-1-300x200.jpg 300w, https:\/\/motoradventures.com\/wp-content\/uploads\/2025\/01\/DSC04551-1-768x511.jpg 768w\" sizes=\"auto, (max-width: 1000px) 100vw, 1000px\" \/><\/figure>\n\n\n\n<figure class=\"wp-block-image size-large\"><img loading=\"lazy\" decoding=\"async\" width=\"1000\" height=\"666\" data-id=\"22346\" src=\"https:\/\/motoradventures.com\/wp-content\/uploads\/2025\/01\/DSC04571.jpg\" alt=\"\" class=\"wp-image-22346\" srcset=\"https:\/\/motoradventures.com\/wp-content\/uploads\/2025\/01\/DSC04571.jpg 1000w, https:\/\/motoradventures.com\/wp-content\/uploads\/2025\/01\/DSC04571-300x200.jpg 300w, https:\/\/motoradventures.com\/wp-content\/uploads\/2025\/01\/DSC04571-768x511.jpg 768w\" sizes=\"auto, (max-width: 1000px) 100vw, 1000px\" \/><\/figure>\n<\/figure>\n\n\n\n<div style=\"height:50px\" aria-hidden=\"true\" class=\"wp-block-spacer\"><\/div>\n\n\n\n<h2 class=\"wp-block-heading\">Os nossos profissionais da Triumph Tiger 900 para passeios de bicicleta de aventura na \u00c1frica do Sul<\/h2>\n\n\n\n<div class=\"wp-block-columns is-layout-flex wp-container-core-columns-is-layout-9d6595d7 wp-block-columns-is-layout-flex\">\n<div class=\"wp-block-column is-layout-flow wp-block-column-is-layout-flow\">\n<p>Experimente a emo\u00e7\u00e3o das nossas motos Triumph Tiger 900 Pro no nosso <a href=\"https:\/\/motoradventures.com\/pt\/viagens-a-africa-do-sul\/\">Excurs\u00f5es de aventura na \u00c1frica do Sul<\/a>. Estas bicicletas s\u00e3o concebidas para terrenos diversos, oferecendo fiabilidade e um desempenho excecional.<\/p>\n\n\n\n<p>Com um design elegante e uma condu\u00e7\u00e3o confort\u00e1vel, s\u00e3o perfeitas tanto para passageiros a solo como para passageiros com passageiro. Se preferir uma moto com um motor mais pequeno, teremos todo o prazer em satisfazer o seu pedido. <\/p>\n<\/div>\n\n\n\n<div class=\"wp-block-column is-layout-flow wp-block-column-is-layout-flow\">\n<p>A nossa equipa dedica-se a garantir que tem a bicicleta perfeita para as suas necessidades, por isso basta dizer-nos as suas prefer\u00eancias e n\u00f3s faremos com que isso aconte\u00e7a. <\/p>\n\n\n\n<p>Quando se trata da qualidade das nossas motas, n\u00e3o nos poupamos a despesas. As motos Triumph Tiger 900 Pro que fornecemos s\u00e3o todas de topo, modelos recentes com baixa quilometragem. Asseguramos que s\u00e3o regularmente assistidas e mantidas de acordo com as diretrizes da Triumph para garantir o seu desempenho e fiabilidade ideais.<br><\/p>\n<\/div>\n<\/div>\n\n\n\n<figure class=\"wp-block-image size-full\"><img loading=\"lazy\" decoding=\"async\" width=\"1920\" height=\"1080\" src=\"https:\/\/motoradventures.com\/wp-content\/uploads\/2024\/12\/BDE1C105-7FAC-4D34-B115-DA37C21597E1-5.jpg\" alt=\"\" class=\"wp-image-20893\" srcset=\"https:\/\/motoradventures.com\/wp-content\/uploads\/2024\/12\/BDE1C105-7FAC-4D34-B115-DA37C21597E1-5.jpg 1920w, https:\/\/motoradventures.com\/wp-content\/uploads\/2024\/12\/BDE1C105-7FAC-4D34-B115-DA37C21597E1-5-300x169.jpg 300w, https:\/\/motoradventures.com\/wp-content\/uploads\/2024\/12\/BDE1C105-7FAC-4D34-B115-DA37C21597E1-5-1024x576.jpg 1024w, https:\/\/motoradventures.com\/wp-content\/uploads\/2024\/12\/BDE1C105-7FAC-4D34-B115-DA37C21597E1-5-768x432.jpg 768w, https:\/\/motoradventures.com\/wp-content\/uploads\/2024\/12\/BDE1C105-7FAC-4D34-B115-DA37C21597E1-5-1536x864.jpg 1536w\" sizes=\"auto, (max-width: 1920px) 100vw, 1920px\" \/><\/figure>","protected":false},"excerpt":{"rendered":"<p>Off-Road Tours Our KTM and Gas Gas Morocco Fleet Here at Motor Aventures, we take immense pride in our bikes and buggies. In Morocco, we have a fleet of six recent model KTM 450 EXCs and six Gas Gas EC 450s that undergo a strict maintenance schedule to ensure their optimal performance. Our skilled mechanic, [&hellip;]<\/p>\n","protected":false},"author":1,"featured_media":21267,"parent":0,"menu_order":0,"comment_status":"closed","ping_status":"closed","template":"","meta":{"_acf_changed":false,"footnotes":""},"class_list":["post-20886","page","type-page","status-publish","has-post-thumbnail","hentry"],"acf":[],"_links":{"self":[{"href":"https:\/\/motoradventures.com\/pt\/wp-json\/wp\/v2\/pages\/20886","targetHints":{"allow":["GET"]}}],"collection":[{"href":"https:\/\/motoradventures.com\/pt\/wp-json\/wp\/v2\/pages"}],"about":[{"href":"https:\/\/motoradventures.com\/pt\/wp-json\/wp\/v2\/types\/page"}],"author":[{"embeddable":true,"href":"https:\/\/motoradventures.com\/pt\/wp-json\/wp\/v2\/users\/1"}],"replies":[{"embeddable":true,"href":"https:\/\/motoradventures.com\/pt\/wp-json\/wp\/v2\/comments?post=20886"}],"version-history":[{"count":9,"href":"https:\/\/motoradventures.com\/pt\/wp-json\/wp\/v2\/pages\/20886\/revisions"}],"predecessor-version":[{"id":22724,"href":"https:\/\/motoradventures.com\/pt\/wp-json\/wp\/v2\/pages\/20886\/revisions\/22724"}],"wp:featuredmedia":[{"embeddable":true,"href":"https:\/\/motoradventures.com\/pt\/wp-json\/wp\/v2\/media\/21267"}],"wp:attachment":[{"href":"https:\/\/motoradventures.com\/pt\/wp-json\/wp\/v2\/media?parent=20886"}],"curies":[{"name":"wp","href":"https:\/\/api.w.org\/{rel}","templated":true}]}}