{"id":20845,"date":"2024-12-27T11:43:52","date_gmt":"2024-12-27T10:43:52","guid":{"rendered":"http:\/\/motoradventures.com\/?page_id=20845"},"modified":"2024-12-27T11:46:05","modified_gmt":"2024-12-27T10:46:05","slug":"passeios-de-buggy-em-marrocos","status":"publish","type":"page","link":"https:\/\/motoradventures.com\/pt\/buggy-tours-morocco\/","title":{"rendered":"Passeios de Buggy em Marrocos"},"content":{"rendered":"<h2 class=\"wp-block-heading\">O nosso <strong>Passeios de Buggy<\/strong> em Marrocos<\/h2>\n\n\n\n<div class=\"wp-block-columns is-layout-flex wp-container-core-columns-is-layout-9d6595d7 wp-block-columns-is-layout-flex\">\n<div class=\"wp-block-column is-layout-flow wp-block-column-is-layout-flow\">\n<p>Procura o melhor passeio de buggy em Marraquexe e nas montanhas e deserto a sul das Montanhas Atlas? A Motor Adventures tem tudo o que precisa! Junte-se a n\u00f3s para sair de Marraquexe, em dire\u00e7\u00e3o a Ouarzazate, e afastar-se da civiliza\u00e7\u00e3o para explorar terrenos acidentados e paisagens de cortar a respira\u00e7\u00e3o em&nbsp;<a href=\"https:\/\/motoradventures.com\/pt\/buggies\/\">os nossos Can-Am Buggies<\/a>.<\/p>\n\n\n\n<p>Concebemos cuidadosamente os nossos&nbsp;<a href=\"https:\/\/motoradventures.com\/pt\/excursao\/buggy-safari\/\">Buggy Safari<\/a>&nbsp;O percurso \u00e9 feito exclusivamente para estes ve\u00edculos robustos e potentes, pelo que apresenta dunas altas, leitos de rios arenosos, trilhos de montanha rochosos, travessias de rios, gargantas profundas e muitos outros terrenos desafiantes. Mas no meio de toda a a\u00e7\u00e3o, tamb\u00e9m h\u00e1 solid\u00e3o para mergulhar. Passar\u00e1 v\u00e1rias noites a acampar em locais selvagens e remotos, com tendas confort\u00e1veis, fogueiras nocturnas e observa\u00e7\u00e3o de estrelas sob o vasto c\u00e9u do deserto.<\/p>\n<\/div>\n\n\n\n<div class=\"wp-block-column is-layout-flow wp-block-column-is-layout-flow\">\n<p>Por isso, se procura um passeio de buggy perto de Marraquexe, v\u00e1 mais longe, at\u00e9 Ouarzazate, a porta de entrada para o deserto do Sara. A equipa da Motor Adventures ir\u00e1 busc\u00e1-lo em Marraquexe e transferi-lo para Ouarzazate como parte do seu pacote.<\/p>\n\n\n\n<p>Pronto para come\u00e7ar a planear uma inesquec\u00edvel viagem de buggy Marraquexe-Ouarzazate, repleta de paisagens incr\u00edveis e experi\u00eancias emocionantes? Consulte a nossa gama abaixo e, por favor&nbsp;<a href=\"https:\/\/motoradventures.com\/pt\/entre-em-contacto-connosco\/\">entre em contacto<\/a>&nbsp;com a nossa equipa se tiver alguma d\u00favida.<\/p>\n<\/div>\n<\/div>\n\n\n\n<h2 class=\"wp-block-heading\">O nosso <strong>ouarzazate-marraquexe<\/strong> passeios de buggy<\/h2>","protected":false},"excerpt":{"rendered":"<p>Our Buggy Tours in Morocco Looking for the ultimate buggy ride in Marrakech and the mountains and desert south of the Atlas Mountains? Motor Adventures has got you covered! Join us as we head out of Marrakech, toward Ouarzazate, and away from civilisation to explore rugged terrain and breathtaking landscapes in&nbsp;our Can-Am Buggies. We have [&hellip;]<\/p>\n","protected":false},"author":1,"featured_media":20850,"parent":0,"menu_order":0,"comment_status":"closed","ping_status":"closed","template":"","meta":{"_acf_changed":false,"footnotes":""},"class_list":["post-20845","page","type-page","status-publish","has-post-thumbnail","hentry"],"acf":[],"_links":{"self":[{"href":"https:\/\/motoradventures.com\/pt\/wp-json\/wp\/v2\/pages\/20845","targetHints":{"allow":["GET"]}}],"collection":[{"href":"https:\/\/motoradventures.com\/pt\/wp-json\/wp\/v2\/pages"}],"about":[{"href":"https:\/\/motoradventures.com\/pt\/wp-json\/wp\/v2\/types\/page"}],"author":[{"embeddable":true,"href":"https:\/\/motoradventures.com\/pt\/wp-json\/wp\/v2\/users\/1"}],"replies":[{"embeddable":true,"href":"https:\/\/motoradventures.com\/pt\/wp-json\/wp\/v2\/comments?post=20845"}],"version-history":[{"count":1,"href":"https:\/\/motoradventures.com\/pt\/wp-json\/wp\/v2\/pages\/20845\/revisions"}],"predecessor-version":[{"id":23367,"href":"https:\/\/motoradventures.com\/pt\/wp-json\/wp\/v2\/pages\/20845\/revisions\/23367"}],"wp:featuredmedia":[{"embeddable":true,"href":"https:\/\/motoradventures.com\/pt\/wp-json\/wp\/v2\/media\/20850"}],"wp:attachment":[{"href":"https:\/\/motoradventures.com\/pt\/wp-json\/wp\/v2\/media?parent=20845"}],"curies":[{"name":"wp","href":"https:\/\/api.w.org\/{rel}","templated":true}]}}