{"id":20823,"date":"2024-12-27T11:29:00","date_gmt":"2024-12-27T10:29:00","guid":{"rendered":"http:\/\/motoradventures.com\/?page_id=20823"},"modified":"2024-12-27T11:35:07","modified_gmt":"2024-12-27T10:35:07","slug":"passeios-de-mota-na-estrada-em-marrocos","status":"publish","type":"page","link":"https:\/\/motoradventures.com\/pt\/on-road-motorbike-tours-morocco\/","title":{"rendered":"Passeios de mota de aventura em Marrocos"},"content":{"rendered":"<h2 class=\"wp-block-heading\">NOSSA <strong>PASSEIOS DE MOTA NA ESTRADA<\/strong> EM MARROCOS<\/h2>\n\n\n\n<div class=\"wp-block-columns is-layout-flex wp-container-core-columns-is-layout-9d6595d7 wp-block-columns-is-layout-flex\">\n<div class=\"wp-block-column is-layout-flow wp-block-column-is-layout-flow\">\n<p>Quer fazer a derradeira viagem de carro por Marrocos? A Motor Adventures pode ajudar-te com isso! A nossa equipa de especialistas tem d\u00e9cadas de experi\u00eancia em motociclismo de aventura em Marrocos, e dedic\u00e1mos os nossos conhecimentos \u00e0 elabora\u00e7\u00e3o dos emocionantes itiner\u00e1rios rodovi\u00e1rios abaixo.<\/p>\n\n\n\n<p>Combinando uma mistura \u00fanica de cultura e aventura, as nossas viagens permitem-lhe desfrutar da agita\u00e7\u00e3o de Marrocos, da sua multiplicidade de cores e sons, e do apelo encantador da estrada aberta. Os seus sentidos ser\u00e3o despertados pelos cheiros de incenso e de in\u00fameras especiarias frescas neste cen\u00e1rio belo e ex\u00f3tico.<\/p>\n<\/div>\n\n\n\n<div class=\"wp-block-column is-layout-flow wp-block-column-is-layout-flow\">\n<p>Montados nas nossas motos de aventura de desporto duplo e alojados em alojamentos de estilo local, como kasbahs convertidos, as nossas aventuras de bicicleta na estrada em Marrocos oferecem uma experi\u00eancia que nunca esquecer\u00e1. Pronto para come\u00e7ar? Simplesmente&nbsp;<a href=\"https:\/\/motoradventures.com\/pt\/entre-em-contacto-connosco\/\">entre em contacto connosco<\/a>&nbsp;e vamos come\u00e7ar a planear a sua viagem!<\/p>\n\n\n\n<p>Sabia que tamb\u00e9m fornecemos enduro&nbsp;<a href=\"https:\/\/motoradventures.com\/pt\/passeios-fora-de-estrada-em-marrocos\/\">passeios todo-o-terreno em Marrocos<\/a>? Navegue pela nossa gama para experi\u00eancias ainda mais incr\u00edveis.<\/p>\n<\/div>\n<\/div>","protected":false},"excerpt":{"rendered":"<p>OUR ON-ROAD MOTORBIKE TOURS IN MOROCCO Looking to take the ultimate road trip through Morocco? Motor Adventures can help you with that! Our specialist team has decades of experience with adventure motorcycling in Morocco, and we\u2019ve poured our expertise into crafting the thrilling on-road itineraries below. Combining a unique blend of culture and adventure, our [&hellip;]<\/p>\n","protected":false},"author":1,"featured_media":20833,"parent":0,"menu_order":0,"comment_status":"closed","ping_status":"closed","template":"","meta":{"_acf_changed":false,"footnotes":""},"class_list":["post-20823","page","type-page","status-publish","has-post-thumbnail","hentry"],"acf":[],"_links":{"self":[{"href":"https:\/\/motoradventures.com\/pt\/wp-json\/wp\/v2\/pages\/20823","targetHints":{"allow":["GET"]}}],"collection":[{"href":"https:\/\/motoradventures.com\/pt\/wp-json\/wp\/v2\/pages"}],"about":[{"href":"https:\/\/motoradventures.com\/pt\/wp-json\/wp\/v2\/types\/page"}],"author":[{"embeddable":true,"href":"https:\/\/motoradventures.com\/pt\/wp-json\/wp\/v2\/users\/1"}],"replies":[{"embeddable":true,"href":"https:\/\/motoradventures.com\/pt\/wp-json\/wp\/v2\/comments?post=20823"}],"version-history":[{"count":0,"href":"https:\/\/motoradventures.com\/pt\/wp-json\/wp\/v2\/pages\/20823\/revisions"}],"wp:featuredmedia":[{"embeddable":true,"href":"https:\/\/motoradventures.com\/pt\/wp-json\/wp\/v2\/media\/20833"}],"wp:attachment":[{"href":"https:\/\/motoradventures.com\/pt\/wp-json\/wp\/v2\/media?parent=20823"}],"curies":[{"name":"wp","href":"https:\/\/api.w.org\/{rel}","templated":true}]}}