{"id":1251,"date":"2024-12-23T14:50:19","date_gmt":"2024-12-23T13:50:19","guid":{"rendered":"http:\/\/motoradventures.com\/?page_id=1251"},"modified":"2025-12-18T14:52:38","modified_gmt":"2025-12-18T13:52:38","slug":"as-nossas-avaliacoes","status":"publish","type":"page","link":"https:\/\/motoradventures.com\/pt\/our-reviews\/","title":{"rendered":"Avalia\u00e7\u00f5es das nossas viagens ao deserto da \u00c1frica do Sul e Marrocos"},"content":{"rendered":"<p>Quer esteja a planear uma excurs\u00e3o de enduro radical pelo deserto de Marrocos ou a derradeira viagem de moto pela \u00c1frica do Sul, sabemos que quer reservar a sua experi\u00eancia com total tranquilidade. \u00c9 a\u00ed que as nossas avalia\u00e7\u00f5es entram em cena!<\/p>\n\n\n\n<p>Abaixo, encontrar\u00e1 coment\u00e1rios e opini\u00f5es de h\u00f3spedes anteriores sobre o nosso <a href=\"https:\/\/motoradventures.com\/pt\/viagens-por-medida\/\">Excurs\u00f5es pelo deserto de Marrocos<\/a> e <a href=\"https:\/\/motoradventures.com\/pt\/viagens-a-africa-do-sul\/\">Excurs\u00f5es de aventura na \u00c1frica do Sul<\/a>. Leia-as e veja como as pessoas avaliam positivamente as nossas experi\u00eancias e o nosso servi\u00e7o completo \u2014 e descubra por que tantas pessoas voltam para fazer novos passeios!<\/p>\n\n\n\n<p>Se tiver alguma d\u00favida sobre o que vir, n\u00e3o hesite em <a href=\"https:\/\/motoradventures.com\/pt\/entre-em-contacto-connosco\/\">entre em contacto connosco<\/a>.&nbsp;<\/p>\n\n\n\n<p><\/p>\n\n\n\n<script src=\"https:\/\/static.elfsight.com\/platform\/platform.js\" async><\/script>\n<div class=\"elfsight-app-05850ab2-6dc6-4ada-843e-fba13605eebf\" data-elfsight-app-lazy><\/div>\n\n\n\n<p><\/p>","protected":false},"excerpt":{"rendered":"<p>Whether you\u2019re planning a hard enduro Morocco desert tour or the ultimate South Africa adventure bike trip, we know that you want to book your experience with complete peace of mind. That\u2019s where our reviews come in! Below, you\u2019ll find feedback and thoughts from previous guests on our Morocco desert tours and South Africa adventure [&hellip;]<\/p>\n","protected":false},"author":1,"featured_media":512,"parent":0,"menu_order":0,"comment_status":"closed","ping_status":"closed","template":"","meta":{"_acf_changed":false,"footnotes":""},"class_list":["post-1251","page","type-page","status-publish","has-post-thumbnail","hentry"],"acf":[],"_links":{"self":[{"href":"https:\/\/motoradventures.com\/pt\/wp-json\/wp\/v2\/pages\/1251","targetHints":{"allow":["GET"]}}],"collection":[{"href":"https:\/\/motoradventures.com\/pt\/wp-json\/wp\/v2\/pages"}],"about":[{"href":"https:\/\/motoradventures.com\/pt\/wp-json\/wp\/v2\/types\/page"}],"author":[{"embeddable":true,"href":"https:\/\/motoradventures.com\/pt\/wp-json\/wp\/v2\/users\/1"}],"replies":[{"embeddable":true,"href":"https:\/\/motoradventures.com\/pt\/wp-json\/wp\/v2\/comments?post=1251"}],"version-history":[{"count":8,"href":"https:\/\/motoradventures.com\/pt\/wp-json\/wp\/v2\/pages\/1251\/revisions"}],"predecessor-version":[{"id":24226,"href":"https:\/\/motoradventures.com\/pt\/wp-json\/wp\/v2\/pages\/1251\/revisions\/24226"}],"wp:featuredmedia":[{"embeddable":true,"href":"https:\/\/motoradventures.com\/pt\/wp-json\/wp\/v2\/media\/512"}],"wp:attachment":[{"href":"https:\/\/motoradventures.com\/pt\/wp-json\/wp\/v2\/media?parent=1251"}],"curies":[{"name":"wp","href":"https:\/\/api.w.org\/{rel}","templated":true}]}}