{"id":1245,"date":"2024-12-23T14:45:04","date_gmt":"2024-12-23T13:45:04","guid":{"rendered":"http:\/\/motoradventures.com\/?page_id=1245"},"modified":"2025-04-14T20:20:23","modified_gmt":"2025-04-14T18:20:23","slug":"sobre-nos","status":"publish","type":"page","link":"https:\/\/motoradventures.com\/pt\/about-us\/","title":{"rendered":"Sobre n\u00f3s"},"content":{"rendered":"<h2 class=\"wp-block-heading\">A hist\u00f3ria por tr\u00e1s das nossas excurs\u00f5es de enduro e aventura em Marrocos e na \u00c1frica do Sul<\/h2>\n\n\n\n<div class=\"wp-block-columns is-layout-flex wp-container-core-columns-is-layout-9d6595d7 wp-block-columns-is-layout-flex\">\n<div class=\"wp-block-column is-layout-flow wp-block-column-is-layout-flow\">\n<p>Na Motor Adventures, temos orgulho em oferecer experi\u00eancias emocionantes que fazem com que os aventureiros voltem sempre para mais. Temos at\u00e9 clientes habituais que voltam mais de uma vez. Na verdade, alguns dos nossos rostos mais familiares j\u00e1 est\u00e3o na casa dos dois d\u00edgitos! Mas como cheg\u00e1mos aqui? Por que \u00e9 que os nossos <a href=\"https:\/\/motoradventures.com\/pt\/excursoes-em-marrocos\/\">Excurs\u00f5es de aventura em Marrocos<\/a> e <a href=\"https:\/\/motoradventures.com\/pt\/viagens-a-africa-do-sul\/\">Excurs\u00f5es de aventura na \u00c1frica do Sul<\/a> confi\u00e1vel e amado por tantas pessoas? Vamos voltar ao in\u00edcio...<\/p>\n\n\n\n<p>Fundada por John Griffiths e Su Downham, a MotoAventures original foi inspirada por uma ideia de John durante duas viagens de inverno explorando \u00c1frica, de Londres \u00e0 Cidade do Cabo. Estabelecida em Andorra em 1996, a MotoAventures inicialmente organizava excurs\u00f5es off-road guiadas de alta qualidade nos Piren\u00e9us, Portugal, Gr\u00e9cia e Mediterr\u00e2neo, bem como emocionantes escapadas off-road nas montanhas Atlas e no deserto do Saara, em Marrocos, todas em motos enduro \u2014 KTM450s.<\/p>\n<\/div>\n\n\n\n<div class=\"wp-block-column is-layout-flow wp-block-column-is-layout-flow\">\n<p>Desde 2007, temos conduzido fant\u00e1sticas expedi\u00e7\u00f5es tur\u00edsticas em BMW GS1200s na \u00c1frica Austral, levando in\u00fameros motociclistas e seus acompanhantes da Cidade do Cabo \u00e0s Cataratas Vit\u00f3ria e de volta, passando pela Nam\u00edbia, Botsuana, Lesoto e, na nossa \u00faltima grande viagem em setembro de 2019, do Zimb\u00e1bue, passando por Mo\u00e7ambique, Mal\u00e1ui e Z\u00e2mbia.<\/p>\n\n\n\n<p>Hoje, oferecemos um <a href=\"https:\/\/motoradventures.com\/pt\/excursao\/south-africa-on-road-10-day-tour\/\">Excurs\u00e3o de aventura de 10 dias pela \u00c1frica do Sul<\/a> da Cidade do Cabo a Joanesburgo, passando pelo Lesoto, em motos Triumph Rally Pro.<\/p>\n\n\n\n<p><\/p>\n\n\n\n<p><\/p>\n\n\n\n<p><\/p>\n<\/div>\n<\/div>\n\n\n\n<div style=\"height:60px\" aria-hidden=\"true\" class=\"wp-block-spacer\"><\/div>\n\n\n\n<div class=\"wp-block-columns has-medium-font-size is-layout-flex wp-container-core-columns-is-layout-9d6595d7 wp-block-columns-is-layout-flex\">\n<div class=\"wp-block-column has-medium-font-size is-layout-flow wp-block-column-is-layout-flow\">\n<p class=\"has-text-align-center\"><strong>30+<\/strong><br>Anos em a\u00e7\u00e3o<\/p>\n<\/div>\n\n\n\n<div class=\"wp-block-column is-layout-flow wp-block-column-is-layout-flow\">\n<p class=\"has-text-align-center has-medium-font-size\"><strong>+950.000<\/strong><br>Quil\u00f3metros percorridos<\/p>\n<\/div>\n\n\n\n<div class=\"wp-block-column is-layout-flow wp-block-column-is-layout-flow\">\n<p class=\"has-text-align-center has-medium-font-size\"><strong>\u2605\u2605\u2605\u2605\u2605<\/strong><br>5 estrelas no Google<\/p>\n<\/div>\n<\/div>\n\n\n\n<div style=\"height:60px\" aria-hidden=\"true\" class=\"wp-block-spacer\"><\/div>\n\n\n\n<h2 class=\"wp-block-heading\">Aventuras motorizadas e os loucos anos 20<\/h2>\n\n\n\n<p>Em 2021, adicion\u00e1mos passeios de moto de aventura, em estradas e trilhos de cascalho f\u00e1ceis, com partida de Marraquexe nas nossas motos de aventura BMW GS. Estes passeios t\u00eam sido muito bem recebidos, pois oferecem uma fant\u00e1stica combina\u00e7\u00e3o de cultura e aventura.\u2028<\/p>\n\n\n\n<p>No in\u00edcio de 2024, a MotoAventures fez uma parceria com a Sahara Experience e nos torn\u00e1mos a Motor Adventures. Essa fus\u00e3o expandiu a nossa frota com buggies CanAm, permitindo que amigos que n\u00e3o s\u00e3o motociclistas participem dos nossos passeios off-road.<\/p>\n\n\n\n<p>A nossa sede est\u00e1 agora localizada em Ouarzazate, onde temos a nossa garagem e base de excurs\u00f5es, servindo como ponto de partida para os nossos passeios. \u00c9 aqui que est\u00e3o guardadas as nossas frotas de KTM450 EXCs, Gas Gas EC 450s e buggies CanAm.<\/p>\n\n\n\n<p>Com quase 30 anos de explora\u00e7\u00e3o por este reino deslumbrante, tanto em estradas como fora delas, descobrimos rotas que permanecem inexploradas e fora dos circuitos habituais. Convidamo-lo a juntar-se a n\u00f3s para uma aventura que nunca ir\u00e1 esquecer!<\/p>\n\n\n\n<p>Leia <a href=\"https:\/\/motoradventures.com\/pt\/as-nossas-avaliacoes\/\">as nossas avalia\u00e7\u00f5es<\/a> para ver como os nossos clientes anteriores nos avaliam, e n\u00e3o hesite em <a href=\"https:\/\/motoradventures.com\/pt\/entre-em-contacto-connosco\/\">entre em contacto<\/a> se tiver alguma d\u00favida para a nossa equipa.<br><\/p>","protected":false},"excerpt":{"rendered":"<p>The Story Behind Our Enduro and Adventure Tours in Morocco and South Africa At Motor Adventures, we\u2019re proud to offer the kind of thrilling experiences that keep adventurous souls coming back for more. We even have welcome regulars who return more than once. In fact, some of our most familiar faces are well into double [&hellip;]<\/p>\n","protected":false},"author":1,"featured_media":20806,"parent":0,"menu_order":0,"comment_status":"closed","ping_status":"closed","template":"","meta":{"_acf_changed":false,"footnotes":""},"class_list":["post-1245","page","type-page","status-publish","has-post-thumbnail","hentry"],"acf":[],"_links":{"self":[{"href":"https:\/\/motoradventures.com\/pt\/wp-json\/wp\/v2\/pages\/1245","targetHints":{"allow":["GET"]}}],"collection":[{"href":"https:\/\/motoradventures.com\/pt\/wp-json\/wp\/v2\/pages"}],"about":[{"href":"https:\/\/motoradventures.com\/pt\/wp-json\/wp\/v2\/types\/page"}],"author":[{"embeddable":true,"href":"https:\/\/motoradventures.com\/pt\/wp-json\/wp\/v2\/users\/1"}],"replies":[{"embeddable":true,"href":"https:\/\/motoradventures.com\/pt\/wp-json\/wp\/v2\/comments?post=1245"}],"version-history":[{"count":2,"href":"https:\/\/motoradventures.com\/pt\/wp-json\/wp\/v2\/pages\/1245\/revisions"}],"predecessor-version":[{"id":23153,"href":"https:\/\/motoradventures.com\/pt\/wp-json\/wp\/v2\/pages\/1245\/revisions\/23153"}],"wp:featuredmedia":[{"embeddable":true,"href":"https:\/\/motoradventures.com\/pt\/wp-json\/wp\/v2\/media\/20806"}],"wp:attachment":[{"href":"https:\/\/motoradventures.com\/pt\/wp-json\/wp\/v2\/media?parent=1245"}],"curies":[{"name":"wp","href":"https:\/\/api.w.org\/{rel}","templated":true}]}}