{"id":20928,"date":"2024-12-27T13:32:31","date_gmt":"2024-12-27T12:32:31","guid":{"rendered":"http:\/\/motoradventures.com\/?page_id=20928"},"modified":"2025-04-14T21:33:42","modified_gmt":"2025-04-14T19:33:42","slug":"sicurezza","status":"publish","type":"page","link":"https:\/\/motoradventures.com\/it\/safety\/","title":{"rendered":"La tua sicurezza nei nostri tour avventura in Marocco e Sudafrica"},"content":{"rendered":"<p><strong><strong>La tua sicurezza sui nostri <\/strong><a href=\"https:\/\/motoradventures.com\/it\/tour-del-marocco\/\"><strong>Tour avventura in Marocco<\/strong><\/a><strong> e <\/strong><a href=\"https:\/\/motoradventures.com\/it\/viaggi-in-sud-africa\/\"><strong>Tour avventura in Sudafrica<\/strong><\/a><strong> \u00e8 estremamente importante per noi. \u00c8 una questione non negoziabile su cui continuiamo a investire tempo e denaro. Questo ci permette di offrirti il miglior servizio possibile e un'esperienza in totale tranquillit\u00e0.<\/strong><\/strong><\/p>\n\n\n\n<h3 class=\"wp-block-heading\">Tour avventura ed enduro con GPS: segui la linea viola!<\/h3>\n\n\n\n<div class=\"wp-block-columns is-layout-flex wp-container-core-columns-is-layout-9d6595d7 wp-block-columns-is-layout-flex\">\n<div class=\"wp-block-column is-vertically-aligned-top is-layout-flow wp-block-column-is-layout-flow\">\n<p>Non prendiamo alla leggera la vostra sicurezza durante le nostre avventure. Da molti anni siamo l'unica azienda ad offrire gratuitamente un robusto Garmin Montana 600 installato su tutte le biciclette dei nostri tour fuoristrada e avventura! Siamo sempre alla ricerca di aggiornamenti o miglioramenti di alta gamma, per mantenere le nostre esperienze all'avanguardia come le ultime tecnologie.<\/p>\n\n\n\n<p>Per i nostri tour in bicicletta avventurosi (che in genere prevedono percorsi pi\u00f9 agevoli), ora offriamo un nuovo sistema che fornisce uno smartphone, un quadlock e il software Wikiloc a chi lo desidera.<\/p>\n<\/div>\n<\/div>\n\n\n\n<figure class=\"wp-block-image size-large\"><img loading=\"lazy\" decoding=\"async\" width=\"1024\" height=\"576\" src=\"http:\/\/motoradventures.com\/wp-content\/uploads\/2024\/12\/20210913_170745-1024x576.jpg\" alt=\"\" class=\"wp-image-20932\" srcset=\"https:\/\/motoradventures.com\/wp-content\/uploads\/2024\/12\/20210913_170745-1024x576.jpg 1024w, https:\/\/motoradventures.com\/wp-content\/uploads\/2024\/12\/20210913_170745-300x169.jpg 300w, https:\/\/motoradventures.com\/wp-content\/uploads\/2024\/12\/20210913_170745-768x432.jpg 768w, https:\/\/motoradventures.com\/wp-content\/uploads\/2024\/12\/20210913_170745-1536x864.jpg 1536w, https:\/\/motoradventures.com\/wp-content\/uploads\/2024\/12\/20210913_170745.jpg 1920w\" sizes=\"auto, (max-width: 1024px) 100vw, 1024px\" \/><\/figure>\n\n\n\n<div class=\"wp-block-columns is-layout-flex wp-container-core-columns-is-layout-9d6595d7 wp-block-columns-is-layout-flex\">\n<div class=\"wp-block-column is-layout-flow wp-block-column-is-layout-flow\">\n<p>Ogni mattina, durante i nostri tour, carichiamo il percorso della giornata sul vostro sistema. Questo rende le cose molto pi\u00f9 interessanti per voi motociclisti. Gestiamo i nostri tour fuoristrada in modo abbastanza libero, consentendo ai motociclisti pi\u00f9 veloci di guidare il gruppo e ai gruppi pi\u00f9 piccoli di muoversi a una velocit\u00e0 che ritengono confortevole. Il veicolo di supporto segue sempre a breve distanza! Grazie a punti di ricongiungimento regolari e a un sistema GPS affidabile, i motociclisti possono rallentare e evitare di sollevare polvere gli uni sugli altri.<\/p>\n\n\n\n<p>Aggiorniamo e controlliamo regolarmente i nostri percorsi marocchini prima dell'inizio di ogni stagione. Motor Adventures lavora costantemente per garantire ai propri clienti il massimo dell'esperienza fuoristrada durante i tour, il che significa evitare l'asfalto! Il nostro team \u00e8 inoltre alla ricerca di nuovi percorsi e sentieri, in modo che i nostri clienti abituali possano scoprire posti nuovi.<\/p>\n\n\n\n<p>In tutti i nostri tour, i nostri veicoli di supporto sono dotati di GPS, un kit medico professionale completo, che include un defibrillatore, stecche sottovuoto e persino ossigeno, un compressore e un frigorifero, solo per citare gli elementi pi\u00f9 importanti.<\/p>\n\n\n\n<p>Hai domande sulla sicurezza dei nostri tour? Non esitare a contattarci. <a href=\"https:\/\/motoradventures.com\/it\/contattaci\/\">contattaci<\/a> per tutte le informazioni di cui hai bisogno.<\/p>\n<\/div>\n<\/div>\n\n\n\n<figure class=\"wp-block-image size-large\"><img loading=\"lazy\" decoding=\"async\" width=\"1024\" height=\"576\" src=\"http:\/\/motoradventures.com\/wp-content\/uploads\/2024\/12\/JOHN_STAPELS_1418_JS907586-1024x576.jpg\" alt=\"\" class=\"wp-image-20933\" srcset=\"https:\/\/motoradventures.com\/wp-content\/uploads\/2024\/12\/JOHN_STAPELS_1418_JS907586-1024x576.jpg 1024w, https:\/\/motoradventures.com\/wp-content\/uploads\/2024\/12\/JOHN_STAPELS_1418_JS907586-300x169.jpg 300w, https:\/\/motoradventures.com\/wp-content\/uploads\/2024\/12\/JOHN_STAPELS_1418_JS907586-768x432.jpg 768w, https:\/\/motoradventures.com\/wp-content\/uploads\/2024\/12\/JOHN_STAPELS_1418_JS907586-1536x864.jpg 1536w, https:\/\/motoradventures.com\/wp-content\/uploads\/2024\/12\/JOHN_STAPELS_1418_JS907586.jpg 1920w\" sizes=\"auto, (max-width: 1024px) 100vw, 1024px\" \/><\/figure>\n\n\n\n<h2 class=\"wp-block-heading\">Veicoli di supporto e di riserva nei nostri tour in Marocco e Sudafrica<\/h2>\n\n\n\n<div class=\"wp-block-columns is-layout-flex wp-container-core-columns-is-layout-9d6595d7 wp-block-columns-is-layout-flex\">\n<div class=\"wp-block-column is-layout-flow wp-block-column-is-layout-flow\">\n<p>Durante i nostri tour fuoristrada, il nostro meccanico viaggia normalmente nel veicolo di supporto. Abbiamo un Fiat Fullback adattato per poter trasportare una bicicletta, se necessario. \u00c8 completamente attrezzato con le nostre attrezzature mediche, come una barella a vuoto, un defibrillatore, stecche, ossigeno, una cassetta di pronto soccorso molto completa, un frigorifero, un compressore, attrezzi e pezzi di ricambio per le biciclette. Possiamo utilizzare un Toyota Land Cruiser o un veicolo simile se abbiamo bisogno di un veicolo per il trasporto di persone.<\/p>\n<\/div>\n\n\n\n<div class=\"wp-block-column is-layout-flow wp-block-column-is-layout-flow\">\n<p>Durante i nostri tour avventura, il nostro veicolo di assistenza completamente attrezzato, un Toyota Land Cruiser o simile, fornisce supporto ai motociclisti e trasporta i passeggeri 4\u00d74 e qualsiasi passeggero che desideri prendersi una pausa dalla moto.<\/p>\n\n\n\n<p>Scopri di pi\u00f9 su <a href=\"https:\/\/motoradventures.com\/it\/passeggini\/\">i nostri buggy Can-Am<\/a> e <a href=\"https:\/\/motoradventures.com\/it\/biciclette\/\">le nostre biciclette<\/a> per trovare la soluzione pi\u00f9 adatta a te. Iniziamo a pianificare la tua esperienza da sogno in Marocco o in Sudafrica!&nbsp;&nbsp;<\/p>\n<\/div>\n<\/div>","protected":false},"excerpt":{"rendered":"<p>La vostra sicurezza durante i nostri tour avventurosi in Marocco e Sudafrica \u00e8 di fondamentale importanza. Scoprite come Motor Adventures garantisce la vostra sicurezza durante i nostri tour.<\/p>","protected":false},"author":1,"featured_media":20931,"parent":0,"menu_order":0,"comment_status":"closed","ping_status":"closed","template":"","meta":{"_acf_changed":false,"footnotes":""},"class_list":["post-20928","page","type-page","status-publish","has-post-thumbnail","hentry"],"acf":[],"_links":{"self":[{"href":"https:\/\/motoradventures.com\/it\/wp-json\/wp\/v2\/pages\/20928","targetHints":{"allow":["GET"]}}],"collection":[{"href":"https:\/\/motoradventures.com\/it\/wp-json\/wp\/v2\/pages"}],"about":[{"href":"https:\/\/motoradventures.com\/it\/wp-json\/wp\/v2\/types\/page"}],"author":[{"embeddable":true,"href":"https:\/\/motoradventures.com\/it\/wp-json\/wp\/v2\/users\/1"}],"replies":[{"embeddable":true,"href":"https:\/\/motoradventures.com\/it\/wp-json\/wp\/v2\/comments?post=20928"}],"version-history":[{"count":1,"href":"https:\/\/motoradventures.com\/it\/wp-json\/wp\/v2\/pages\/20928\/revisions"}],"predecessor-version":[{"id":22587,"href":"https:\/\/motoradventures.com\/it\/wp-json\/wp\/v2\/pages\/20928\/revisions\/22587"}],"wp:featuredmedia":[{"embeddable":true,"href":"https:\/\/motoradventures.com\/it\/wp-json\/wp\/v2\/media\/20931"}],"wp:attachment":[{"href":"https:\/\/motoradventures.com\/it\/wp-json\/wp\/v2\/media?parent=20928"}],"curies":[{"name":"wp","href":"https:\/\/api.w.org\/{rel}","templated":true}]}}