{"id":20911,"date":"2024-12-27T12:21:24","date_gmt":"2024-12-27T11:21:24","guid":{"rendered":"http:\/\/motoradventures.com\/?page_id=20911"},"modified":"2025-11-18T16:23:49","modified_gmt":"2025-11-18T15:23:49","slug":"passeggini","status":"publish","type":"page","link":"https:\/\/motoradventures.com\/it\/buggies\/","title":{"rendered":"Le nostre Can-Am Buggies in Marocco"},"content":{"rendered":"<div class=\"wp-block-columns is-layout-flex wp-container-core-columns-is-layout-9d6595d7 wp-block-columns-is-layout-flex\">\n<div class=\"wp-block-column is-layout-flow wp-block-column-is-layout-flow\">\n<h2 class=\"wp-block-heading\">Quali veicoli aspettarsi nei nostri tour in buggy in Marocco?<\/h2>\n\n\n\n<p>Avere il nostro <a href=\"https:\/\/motoradventures.com\/it\/tour-in-buggy-in-marocco\/\">tour in buggy in Marocco<\/a> ha risvegliato il vostro senso dell'avventura? In tutto questo entusiasmo, vi chiederete che tipo di veicoli potrete guidare durante queste emozionanti esperienze nel deserto del Sahara. Noi di Motor Adventures siamo orgogliosi di fornire tutto ci\u00f2 che i nostri ospiti devono sapere prima dell'inizio dei loro tour, quindi lasciate che vi presentiamo la nostra flotta di buggy Can-Am!<\/p>\n\n\n\n<p>Abbiamo una variet\u00e0 di 13 buggy Can-Am Maverick, tra cui opzioni a due e quattro posti nelle versioni Sport e X3. Questo \u00e8 in aggiunta a <a href=\"https:\/\/motoradventures.com\/it\/biciclette\/\">le nostre biciclette<\/a> - sei KTM 450 EXC aggiornate e sei Gas Gas EC 450. Il nostro meccanico dedicato ai buggy, che lavora al fianco di John, assicura che il vostro buggy abbia un aspetto gradevole e rimanga in ottime condizioni di funzionamento. Questo garantisce la vostra sicurezza e migliora il vostro divertimento di guida.<br>Per qualsiasi domanda sui nostri buggy Can-Am o sui nostri tour in buggy off-road, non esitate a <a href=\"https:\/\/motoradventures.com\/it\/contattaci\/\">contattaci<\/a> per le risposte che cerchi.<\/p>\n<\/div>\n\n\n\n<div class=\"wp-block-column is-layout-flow wp-block-column-is-layout-flow\">\n<h3 class=\"wp-block-heading\">L'attrezzatura necessaria per i nostri tour in buggy in Marocco<\/h3>\n\n\n\n<p>Per partecipare ai nostri tour in buggy off-road non \u00e8 necessaria alcuna esperienza, ma \u00e8 necessario essere in possesso di una patente di guida valida. \u00c8 inoltre necessario portare con s\u00e9 la seguente attrezzatura per garantire un viaggio sicuro, confortevole ed emozionante:<\/p>\n\n\n\n<ul class=\"wp-block-list\">\n<li>Casco integrale MX con occhiali o visiera (pu\u00f2 essere fornito anche da noi)<\/li>\n\n\n\n<li>Pantaloni lunghi<\/li>\n\n\n\n<li>Camicia a maniche lunghe<\/li>\n\n\n\n<li>Scarpe comode<\/li>\n\n\n\n<li>Guanti<\/li>\n<\/ul>\n\n\n\n<p>Prendete nota... Voi <em>volont\u00e0<\/em> polvere e sabbia <em>volont\u00e0<\/em> si infilano dappertutto, quindi \u00e8 essenziale avere l'attrezzatura giusta!<\/p>\n\n\n\n<p>Se desiderate saperne di pi\u00f9 sull'attrezzatura specifica per i tour, vi invitiamo a <a href=\"https:\/\/motoradventures.com\/it\/contattaci\/\">contattare<\/a> per qualsiasi domanda. Per ora, per\u00f2, tuffatevi nei nostri cinque giorni di <a href=\"https:\/\/motoradventures.com\/it\/tour\/safari-in-bicicletta-con-buggy-off-road\/\">Safari in bicicletta e fuoristrada nel deserto del Sahara in Marocco<\/a> e scoprite cosa potete aspettarvi dalle nostre esilaranti esperienze. E ricordate che potete prenotare i nostri buggy per tutti i tour off-road!<\/p>\n<\/div>\n<\/div>\n\n\n<div class=\"wp-block-image\">\n<figure class=\"aligncenter size-full\"><img loading=\"lazy\" decoding=\"async\" width=\"1280\" height=\"853\" src=\"https:\/\/motoradventures.com\/wp-content\/uploads\/2024\/12\/fb56edda-3096-4c0d-a3dd-8447359134a4.jpg\" alt=\"\" class=\"wp-image-22057\" srcset=\"https:\/\/motoradventures.com\/wp-content\/uploads\/2024\/12\/fb56edda-3096-4c0d-a3dd-8447359134a4.jpg 1280w, https:\/\/motoradventures.com\/wp-content\/uploads\/2024\/12\/fb56edda-3096-4c0d-a3dd-8447359134a4-300x200.jpg 300w, https:\/\/motoradventures.com\/wp-content\/uploads\/2024\/12\/fb56edda-3096-4c0d-a3dd-8447359134a4-1024x682.jpg 1024w, https:\/\/motoradventures.com\/wp-content\/uploads\/2024\/12\/fb56edda-3096-4c0d-a3dd-8447359134a4-768x512.jpg 768w\" sizes=\"auto, (max-width: 1280px) 100vw, 1280px\" \/><\/figure>\n<\/div>\n\n\n<figure class=\"wp-block-gallery has-nested-images columns-5 is-cropped wp-block-gallery-1 is-layout-flex wp-block-gallery-is-layout-flex\">\n<figure class=\"wp-block-image size-large\"><img loading=\"lazy\" decoding=\"async\" width=\"1024\" height=\"682\" data-id=\"22062\" src=\"https:\/\/motoradventures.com\/wp-content\/uploads\/2024\/12\/ffd5d40f-4631-4f43-969c-8170edf4d858-1024x682.jpg\" alt=\"\" class=\"wp-image-22062\" srcset=\"https:\/\/motoradventures.com\/wp-content\/uploads\/2024\/12\/ffd5d40f-4631-4f43-969c-8170edf4d858-1024x682.jpg 1024w, https:\/\/motoradventures.com\/wp-content\/uploads\/2024\/12\/ffd5d40f-4631-4f43-969c-8170edf4d858-300x200.jpg 300w, https:\/\/motoradventures.com\/wp-content\/uploads\/2024\/12\/ffd5d40f-4631-4f43-969c-8170edf4d858-768x512.jpg 768w, https:\/\/motoradventures.com\/wp-content\/uploads\/2024\/12\/ffd5d40f-4631-4f43-969c-8170edf4d858.jpg 1280w\" sizes=\"auto, (max-width: 1024px) 100vw, 1024px\" \/><\/figure>\n\n\n\n<figure class=\"wp-block-image size-large\"><img loading=\"lazy\" decoding=\"async\" width=\"1024\" height=\"682\" data-id=\"21951\" src=\"https:\/\/motoradventures.com\/wp-content\/uploads\/2024\/12\/84cc14b8-8d40-465c-ada4-dcb0791b7832-1024x682.jpg\" alt=\"\" class=\"wp-image-21951\" srcset=\"https:\/\/motoradventures.com\/wp-content\/uploads\/2024\/12\/84cc14b8-8d40-465c-ada4-dcb0791b7832-1024x682.jpg 1024w, https:\/\/motoradventures.com\/wp-content\/uploads\/2024\/12\/84cc14b8-8d40-465c-ada4-dcb0791b7832-300x200.jpg 300w, https:\/\/motoradventures.com\/wp-content\/uploads\/2024\/12\/84cc14b8-8d40-465c-ada4-dcb0791b7832-768x512.jpg 768w, https:\/\/motoradventures.com\/wp-content\/uploads\/2024\/12\/84cc14b8-8d40-465c-ada4-dcb0791b7832.jpg 1280w\" sizes=\"auto, (max-width: 1024px) 100vw, 1024px\" \/><\/figure>\n\n\n\n<figure class=\"wp-block-image size-large\"><img loading=\"lazy\" decoding=\"async\" width=\"1024\" height=\"768\" data-id=\"21713\" src=\"https:\/\/motoradventures.com\/wp-content\/uploads\/2024\/12\/IMG_4500.jpg\" alt=\"\" class=\"wp-image-21713\" srcset=\"https:\/\/motoradventures.com\/wp-content\/uploads\/2024\/12\/IMG_4500.jpg 1024w, https:\/\/motoradventures.com\/wp-content\/uploads\/2024\/12\/IMG_4500-300x225.jpg 300w, https:\/\/motoradventures.com\/wp-content\/uploads\/2024\/12\/IMG_4500-768x576.jpg 768w\" sizes=\"auto, (max-width: 1024px) 100vw, 1024px\" \/><\/figure>\n\n\n\n<figure class=\"wp-block-image size-large\"><img loading=\"lazy\" decoding=\"async\" width=\"1024\" height=\"768\" data-id=\"21689\" src=\"https:\/\/motoradventures.com\/wp-content\/uploads\/2024\/12\/IMG_4306.jpg\" alt=\"\" class=\"wp-image-21689\" srcset=\"https:\/\/motoradventures.com\/wp-content\/uploads\/2024\/12\/IMG_4306.jpg 1024w, https:\/\/motoradventures.com\/wp-content\/uploads\/2024\/12\/IMG_4306-300x225.jpg 300w, https:\/\/motoradventures.com\/wp-content\/uploads\/2024\/12\/IMG_4306-768x576.jpg 768w\" sizes=\"auto, (max-width: 1024px) 100vw, 1024px\" \/><\/figure>\n\n\n\n<figure class=\"wp-block-image size-large\"><img loading=\"lazy\" decoding=\"async\" width=\"1024\" height=\"576\" data-id=\"139\" src=\"https:\/\/motoradventures.com\/wp-content\/uploads\/2024\/11\/JOHN_STAPELS_1422_IMG_4432-1024x576.jpg\" alt=\"\" class=\"wp-image-139\" srcset=\"https:\/\/motoradventures.com\/wp-content\/uploads\/2024\/11\/JOHN_STAPELS_1422_IMG_4432-1024x576.jpg 1024w, https:\/\/motoradventures.com\/wp-content\/uploads\/2024\/11\/JOHN_STAPELS_1422_IMG_4432-300x169.jpg 300w, https:\/\/motoradventures.com\/wp-content\/uploads\/2024\/11\/JOHN_STAPELS_1422_IMG_4432-768x432.jpg 768w, https:\/\/motoradventures.com\/wp-content\/uploads\/2024\/11\/JOHN_STAPELS_1422_IMG_4432-1536x864.jpg 1536w, https:\/\/motoradventures.com\/wp-content\/uploads\/2024\/11\/JOHN_STAPELS_1422_IMG_4432.jpg 1920w\" sizes=\"auto, (max-width: 1024px) 100vw, 1024px\" \/><\/figure>\n<\/figure>\n\n\n\n<p><\/p>","protected":false},"excerpt":{"rendered":"<p>I nostri buggy Can-Am in Marocco sono al centro di alcune delle nostre pi\u00f9 popolari avventure nel deserto del Sahara. Scoprite di pi\u00f9 sulla flotta di Motor Adventures.<\/p>","protected":false},"author":1,"featured_media":20917,"parent":0,"menu_order":0,"comment_status":"closed","ping_status":"closed","template":"","meta":{"_acf_changed":false,"footnotes":""},"class_list":["post-20911","page","type-page","status-publish","has-post-thumbnail","hentry"],"acf":[],"_links":{"self":[{"href":"https:\/\/motoradventures.com\/it\/wp-json\/wp\/v2\/pages\/20911","targetHints":{"allow":["GET"]}}],"collection":[{"href":"https:\/\/motoradventures.com\/it\/wp-json\/wp\/v2\/pages"}],"about":[{"href":"https:\/\/motoradventures.com\/it\/wp-json\/wp\/v2\/types\/page"}],"author":[{"embeddable":true,"href":"https:\/\/motoradventures.com\/it\/wp-json\/wp\/v2\/users\/1"}],"replies":[{"embeddable":true,"href":"https:\/\/motoradventures.com\/it\/wp-json\/wp\/v2\/comments?post=20911"}],"version-history":[{"count":10,"href":"https:\/\/motoradventures.com\/it\/wp-json\/wp\/v2\/pages\/20911\/revisions"}],"predecessor-version":[{"id":23611,"href":"https:\/\/motoradventures.com\/it\/wp-json\/wp\/v2\/pages\/20911\/revisions\/23611"}],"wp:featuredmedia":[{"embeddable":true,"href":"https:\/\/motoradventures.com\/it\/wp-json\/wp\/v2\/media\/20917"}],"wp:attachment":[{"href":"https:\/\/motoradventures.com\/it\/wp-json\/wp\/v2\/media?parent=20911"}],"curies":[{"name":"wp","href":"https:\/\/api.w.org\/{rel}","templated":true}]}}