{"id":1245,"date":"2024-12-23T14:45:04","date_gmt":"2024-12-23T13:45:04","guid":{"rendered":"http:\/\/motoradventures.com\/?page_id=1245"},"modified":"2025-04-14T20:20:23","modified_gmt":"2025-04-14T18:20:23","slug":"chi-siamo","status":"publish","type":"page","link":"https:\/\/motoradventures.com\/it\/about-us\/","title":{"rendered":"Chi siamo"},"content":{"rendered":"<h2 class=\"wp-block-heading\">La storia dietro i nostri tour di enduro e avventura in Marocco e Sudafrica<\/h2>\n\n\n\n<div class=\"wp-block-columns is-layout-flex wp-container-core-columns-is-layout-9d6595d7 wp-block-columns-is-layout-flex\">\n<div class=\"wp-block-column is-layout-flow wp-block-column-is-layout-flow\">\n<p>Noi di Motor Adventures siamo orgogliosi di offrire esperienze emozionanti che spingono gli spiriti avventurosi a tornare ancora e ancora. Abbiamo persino clienti abituali che tornano pi\u00f9 di una volta. Infatti, alcuni dei nostri volti pi\u00f9 familiari hanno ormai superato la doppia cifra! Ma come siamo arrivati a questo punto? Perch\u00e9 i nostri <a href=\"https:\/\/motoradventures.com\/it\/tour-del-marocco\/\">Tour avventura in Marocco<\/a> e <a href=\"https:\/\/motoradventures.com\/it\/viaggi-in-sud-africa\/\">Tour avventura in Sudafrica<\/a> amato e apprezzato da cos\u00ec tante persone? Torniamo indietro all'inizio...<\/p>\n\n\n\n<p>Fondata da John Griffiths e Su Downham, la MotoAventures originale \u00e8 nata da un'idea di John durante due viaggi invernali alla scoperta dell'Africa, da Londra a Citt\u00e0 del Capo. Fondata in Andorra nel 1996, MotoAventures inizialmente organizzava escursioni fuoristrada guidate di alta qualit\u00e0 nei Pirenei, in Portogallo, Grecia e nel Mediterraneo, oltre a emozionanti avventure fuoristrada sulle montagne dell'Atlante e nel deserto del Sahara in Marocco, tutte su moto enduro KTM450.<\/p>\n<\/div>\n\n\n\n<div class=\"wp-block-column is-layout-flow wp-block-column-is-layout-flow\">\n<p>Dal 2007 organizziamo fantastiche spedizioni turistiche in Sudafrica con le BMW GS1200, accompagnando numerosi motociclisti e i loro compagni da Citt\u00e0 del Capo alle Cascate Vittoria e ritorno, attraverso Namibia, Botswana, Lesotho e, nel nostro ultimo grande viaggio nel settembre 2019, dallo Zimbabwe attraverso Mozambico, Malawi e Zambia.<\/p>\n\n\n\n<p>Oggi offriamo un <a href=\"https:\/\/motoradventures.com\/it\/tour\/south-africa-on-road-10-day-tour\/\">Tour avventura di 10 giorni in Sudafrica<\/a> da Citt\u00e0 del Capo a Johannesburg attraverso il Lesotho su moto Triumph Rally Pro.<\/p>\n\n\n\n<p><\/p>\n\n\n\n<p><\/p>\n\n\n\n<p><\/p>\n<\/div>\n<\/div>\n\n\n\n<div style=\"height:60px\" aria-hidden=\"true\" class=\"wp-block-spacer\"><\/div>\n\n\n\n<div class=\"wp-block-columns has-medium-font-size is-layout-flex wp-container-core-columns-is-layout-9d6595d7 wp-block-columns-is-layout-flex\">\n<div class=\"wp-block-column has-medium-font-size is-layout-flow wp-block-column-is-layout-flow\">\n<p class=\"has-text-align-center\"><strong>30+<\/strong><br>Anni di attivit\u00e0<\/p>\n<\/div>\n\n\n\n<div class=\"wp-block-column is-layout-flow wp-block-column-is-layout-flow\">\n<p class=\"has-text-align-center has-medium-font-size\"><strong>+950.000<\/strong><br>Chilometri percorsi<\/p>\n<\/div>\n\n\n\n<div class=\"wp-block-column is-layout-flow wp-block-column-is-layout-flow\">\n<p class=\"has-text-align-center has-medium-font-size\"><strong>\u2605\u2605\u2605\u2605\u2605<\/strong><br>5 stelle su Google<\/p>\n<\/div>\n<\/div>\n\n\n\n<div style=\"height:60px\" aria-hidden=\"true\" class=\"wp-block-spacer\"><\/div>\n\n\n\n<h2 class=\"wp-block-heading\">Avventure motoristiche e i ruggenti anni Venti<\/h2>\n\n\n\n<p>Nel 2021 abbiamo aggiunto tour in moto avventurosi, su strade e facili piste sterrate, con partenza da Marrakech sulle nostre moto BMW GS Adventure. Questi tour hanno riscosso un grande successo, poich\u00e9 offrono un fantastico mix di cultura e avventura.\u2028<\/p>\n\n\n\n<p>All'inizio del 2024, MotoAventures ha stretto una partnership con Sahara Experience e siamo diventati Motor Adventures. Questa fusione ha ampliato la nostra flotta con i buggy CanAm, consentendo anche agli amici non motociclisti di partecipare ai nostri tour fuoristrada.<\/p>\n\n\n\n<p>La nostra sede principale si trova ora a Ouarzazate, dove abbiamo il nostro garage e la base operativa, che funge da punto di partenza per i nostri tour. \u00c8 qui che sono custoditi i nostri veicoli KTM450 EXC, Gas Gas EC 450 e buggy CanAm.<\/p>\n\n\n\n<p>Con quasi 30 anni di esplorazioni in questo splendido regno, sia su strada che fuoristrada, abbiamo scoperto percorsi ancora inesplorati e fuori dai sentieri battuti. Vi invitiamo a unirvi a noi per un'avventura che non dimenticherete mai!<\/p>\n\n\n\n<p>Leggi <a href=\"https:\/\/motoradventures.com\/it\/le-nostre-recensioni\/\">le nostre recensioni<\/a> per vedere quanto ci apprezzano i nostri clienti precedenti, e non esitate a <a href=\"https:\/\/motoradventures.com\/it\/contattaci\/\">contattare<\/a> se avete domande per il nostro team.<br><\/p>","protected":false},"excerpt":{"rendered":"<p>The Story Behind Our Enduro and Adventure Tours in Morocco and South Africa At Motor Adventures, we\u2019re proud to offer the kind of thrilling experiences that keep adventurous souls coming back for more. We even have welcome regulars who return more than once. In fact, some of our most familiar faces are well into double [&hellip;]<\/p>\n","protected":false},"author":1,"featured_media":20806,"parent":0,"menu_order":0,"comment_status":"closed","ping_status":"closed","template":"","meta":{"_acf_changed":false,"footnotes":""},"class_list":["post-1245","page","type-page","status-publish","has-post-thumbnail","hentry"],"acf":[],"_links":{"self":[{"href":"https:\/\/motoradventures.com\/it\/wp-json\/wp\/v2\/pages\/1245","targetHints":{"allow":["GET"]}}],"collection":[{"href":"https:\/\/motoradventures.com\/it\/wp-json\/wp\/v2\/pages"}],"about":[{"href":"https:\/\/motoradventures.com\/it\/wp-json\/wp\/v2\/types\/page"}],"author":[{"embeddable":true,"href":"https:\/\/motoradventures.com\/it\/wp-json\/wp\/v2\/users\/1"}],"replies":[{"embeddable":true,"href":"https:\/\/motoradventures.com\/it\/wp-json\/wp\/v2\/comments?post=1245"}],"version-history":[{"count":2,"href":"https:\/\/motoradventures.com\/it\/wp-json\/wp\/v2\/pages\/1245\/revisions"}],"predecessor-version":[{"id":23153,"href":"https:\/\/motoradventures.com\/it\/wp-json\/wp\/v2\/pages\/1245\/revisions\/23153"}],"wp:featuredmedia":[{"embeddable":true,"href":"https:\/\/motoradventures.com\/it\/wp-json\/wp\/v2\/media\/20806"}],"wp:attachment":[{"href":"https:\/\/motoradventures.com\/it\/wp-json\/wp\/v2\/media?parent=1245"}],"curies":[{"name":"wp","href":"https:\/\/api.w.org\/{rel}","templated":true}]}}