{"id":449,"date":"2024-12-05T10:44:58","date_gmt":"2024-12-05T09:44:58","guid":{"rendered":"http:\/\/motoradventures.com\/?page_id=449"},"modified":"2026-02-02T12:53:43","modified_gmt":"2026-02-02T11:53:43","slug":"rencontrer-lequipe","status":"publish","type":"page","link":"https:\/\/motoradventures.com\/fr\/meet-the-team\/","title":{"rendered":"D\u00e9couvrez l'\u00e9quipe de nos circuits d'aventure au Maroc et en Afrique du Sud"},"content":{"rendered":"<h2 class=\"wp-block-heading\">Voyages d'aventure au Maroc et en Afrique du Sud fond\u00e9s sur l'expertise<\/h2>\n\n\n\n<p>Nos aventures sur route et hors route au Maroc et en Afrique du Sud sont le genre d'exp\u00e9riences que vous attendez pendant des mois et des ann\u00e9es. Il est donc compr\u00e9hensible que vous souhaitiez avoir confiance et l'esprit tranquille \u00e0 tout moment, depuis la recherche et la r\u00e9servation jusqu'aux jours et aux nuits pass\u00e9s \u00e0 explorer. C'est l\u00e0 que notre incroyable \u00e9quipe entre en jeu !<\/p>\n\n\n\n<p>Les membres de notre \u00e9quipe ci-dessous sont ce qui fait de notre <a href=\"https:\/\/motoradventures.com\/fr\/circuits-au-maroc\/\">Circuits aventure au Maroc<\/a> et <a href=\"https:\/\/motoradventures.com\/fr\/voyages-en-afrique-du-sud\/\">Circuits d'aventure en Afrique du Sud<\/a> si renomm\u00e9s. Cliquez sur chaque visage sympathique pour en savoir plus sur les histoires, les exp\u00e9riences et l'expertise qui se cachent derri\u00e8re les exp\u00e9riences de votre liste de choses \u00e0 faire.<br><\/p>\n\n\n\n<p>N'oubliez pas que notre \u00e9quipe est l\u00e0 pour vous aider du mieux qu'elle peut. <a href=\"https:\/\/motoradventures.com\/fr\/contactez-nous\/\">contactez-nous<\/a> si vous avez des questions.<\/p>\n\n\n\n<div style=\"height:40px\" aria-hidden=\"true\" class=\"wp-block-spacer\"><\/div>\n\n\n\n<div style=\"height:40px\" aria-hidden=\"true\" class=\"wp-block-spacer\"><\/div>\n\n\n\n<div class=\"wp-block-query flex-row is-layout-flow wp-block-query-is-layout-flow\"><ul class=\"columns-3 wp-block-post-template is-layout-grid wp-container-core-post-template-is-layout-2f3213d7 wp-block-post-template-is-layout-grid\"><li class=\"wp-block-post post-20713 team type-team status-publish has-post-thumbnail hentry\">\n<figure class=\"featured-image--team wp-block-post-featured-image\"><a href=\"https:\/\/motoradventures.com\/fr\/team\/john-griffiths\/\" target=\"_self\"  ><img loading=\"lazy\" decoding=\"async\" width=\"600\" height=\"600\" src=\"https:\/\/motoradventures.com\/wp-content\/uploads\/2024\/12\/John-Griffiths.jpeg\" class=\"attachment-post-thumbnail size-post-thumbnail wp-post-image\" alt=\"John Griffiths\" style=\"object-fit:cover;\" srcset=\"https:\/\/motoradventures.com\/wp-content\/uploads\/2024\/12\/John-Griffiths.jpeg 600w, https:\/\/motoradventures.com\/wp-content\/uploads\/2024\/12\/John-Griffiths-300x300.jpeg 300w, https:\/\/motoradventures.com\/wp-content\/uploads\/2024\/12\/John-Griffiths-150x150.jpeg 150w\" sizes=\"auto, (max-width: 600px) 100vw, 600px\" \/><\/a><\/figure>\n\n<h3 class=\"wp-block-post-title\">John Griffiths<\/h3>\n<\/li><li class=\"wp-block-post post-22071 team type-team status-publish has-post-thumbnail hentry\">\n<figure class=\"featured-image--team wp-block-post-featured-image\"><a href=\"https:\/\/motoradventures.com\/fr\/team\/ali\/\" target=\"_self\"  ><img loading=\"lazy\" decoding=\"async\" width=\"2403\" height=\"1966\" src=\"https:\/\/motoradventures.com\/wp-content\/uploads\/2025\/01\/Ali.jpg\" class=\"attachment-post-thumbnail size-post-thumbnail wp-post-image\" alt=\"Ali Hakem\" style=\"object-fit:cover;\" srcset=\"https:\/\/motoradventures.com\/wp-content\/uploads\/2025\/01\/Ali.jpg 2403w, https:\/\/motoradventures.com\/wp-content\/uploads\/2025\/01\/Ali-300x245.jpg 300w, https:\/\/motoradventures.com\/wp-content\/uploads\/2025\/01\/Ali-1024x838.jpg 1024w, https:\/\/motoradventures.com\/wp-content\/uploads\/2025\/01\/Ali-768x628.jpg 768w, https:\/\/motoradventures.com\/wp-content\/uploads\/2025\/01\/Ali-1536x1257.jpg 1536w, https:\/\/motoradventures.com\/wp-content\/uploads\/2025\/01\/Ali-2048x1676.jpg 2048w\" sizes=\"auto, (max-width: 2403px) 100vw, 2403px\" \/><\/a><\/figure>\n\n<h3 class=\"wp-block-post-title\">Ali Hakem<\/h3>\n<\/li><li class=\"wp-block-post post-22068 team type-team status-publish has-post-thumbnail hentry\">\n<figure class=\"featured-image--team wp-block-post-featured-image\"><a href=\"https:\/\/motoradventures.com\/fr\/team\/amine\/\" target=\"_self\"  ><img loading=\"lazy\" decoding=\"async\" width=\"1168\" height=\"1002\" src=\"https:\/\/motoradventures.com\/wp-content\/uploads\/2025\/01\/Amine-1.jpg\" class=\"attachment-post-thumbnail size-post-thumbnail wp-post-image\" alt=\"Amine Aallali\" style=\"object-fit:cover;\" srcset=\"https:\/\/motoradventures.com\/wp-content\/uploads\/2025\/01\/Amine-1.jpg 1168w, https:\/\/motoradventures.com\/wp-content\/uploads\/2025\/01\/Amine-1-300x257.jpg 300w, https:\/\/motoradventures.com\/wp-content\/uploads\/2025\/01\/Amine-1-1024x878.jpg 1024w, https:\/\/motoradventures.com\/wp-content\/uploads\/2025\/01\/Amine-1-768x659.jpg 768w\" sizes=\"auto, (max-width: 1168px) 100vw, 1168px\" \/><\/a><\/figure>\n\n<h3 class=\"wp-block-post-title\">Amine Aallali<\/h3>\n<\/li><li class=\"wp-block-post post-418 team type-team status-publish has-post-thumbnail hentry\">\n<figure class=\"featured-image--team wp-block-post-featured-image\"><a href=\"https:\/\/motoradventures.com\/fr\/team\/martine-goldenbeld\/\" target=\"_self\"  ><img loading=\"lazy\" decoding=\"async\" width=\"600\" height=\"600\" src=\"https:\/\/motoradventures.com\/wp-content\/uploads\/2024\/12\/Martine-Goldenbeld.jpg\" class=\"attachment-post-thumbnail size-post-thumbnail wp-post-image\" alt=\"Martine Goldenbeld\" style=\"object-fit:cover;\" srcset=\"https:\/\/motoradventures.com\/wp-content\/uploads\/2024\/12\/Martine-Goldenbeld.jpg 600w, https:\/\/motoradventures.com\/wp-content\/uploads\/2024\/12\/Martine-Goldenbeld-300x300.jpg 300w, https:\/\/motoradventures.com\/wp-content\/uploads\/2024\/12\/Martine-Goldenbeld-150x150.jpg 150w\" sizes=\"auto, (max-width: 600px) 100vw, 600px\" \/><\/a><\/figure>\n\n<h3 class=\"wp-block-post-title\">Martine Goldenbeld<\/h3>\n<\/li><li class=\"wp-block-post post-417 team type-team status-publish has-post-thumbnail hentry\">\n<figure class=\"featured-image--team wp-block-post-featured-image\"><a href=\"https:\/\/motoradventures.com\/fr\/team\/maryam-bousenane\/\" target=\"_self\"  ><img loading=\"lazy\" decoding=\"async\" width=\"2485\" height=\"2281\" src=\"https:\/\/motoradventures.com\/wp-content\/uploads\/2025\/01\/Maryam-1.jpg\" class=\"attachment-post-thumbnail size-post-thumbnail wp-post-image\" alt=\"Maryam Bousenane\" style=\"object-fit:cover;\" srcset=\"https:\/\/motoradventures.com\/wp-content\/uploads\/2025\/01\/Maryam-1.jpg 2485w, https:\/\/motoradventures.com\/wp-content\/uploads\/2025\/01\/Maryam-1-300x275.jpg 300w, https:\/\/motoradventures.com\/wp-content\/uploads\/2025\/01\/Maryam-1-1024x940.jpg 1024w, https:\/\/motoradventures.com\/wp-content\/uploads\/2025\/01\/Maryam-1-768x705.jpg 768w, https:\/\/motoradventures.com\/wp-content\/uploads\/2025\/01\/Maryam-1-1536x1410.jpg 1536w, https:\/\/motoradventures.com\/wp-content\/uploads\/2025\/01\/Maryam-1-2048x1880.jpg 2048w\" sizes=\"auto, (max-width: 2485px) 100vw, 2485px\" \/><\/a><\/figure>\n\n<h3 class=\"wp-block-post-title\">Maryam Bousenane<\/h3>\n<\/li><li class=\"wp-block-post post-20712 team type-team status-publish has-post-thumbnail hentry\">\n<figure class=\"featured-image--team wp-block-post-featured-image\"><a href=\"https:\/\/motoradventures.com\/fr\/team\/su-downham\/\" target=\"_self\"  ><img loading=\"lazy\" decoding=\"async\" width=\"600\" height=\"600\" src=\"https:\/\/motoradventures.com\/wp-content\/uploads\/2024\/12\/Su-Downham.jpg\" class=\"attachment-post-thumbnail size-post-thumbnail wp-post-image\" alt=\"Su Downham\" style=\"object-fit:cover;\" srcset=\"https:\/\/motoradventures.com\/wp-content\/uploads\/2024\/12\/Su-Downham.jpg 600w, https:\/\/motoradventures.com\/wp-content\/uploads\/2024\/12\/Su-Downham-300x300.jpg 300w, https:\/\/motoradventures.com\/wp-content\/uploads\/2024\/12\/Su-Downham-150x150.jpg 150w\" sizes=\"auto, (max-width: 600px) 100vw, 600px\" \/><\/a><\/figure>\n\n<h3 class=\"wp-block-post-title\">Su Downham<\/h3>\n<\/li><\/ul>\n\n<\/div>","protected":false},"excerpt":{"rendered":"<p>Morocco and South Africa Adventure Tours Built on Expertise Our on- and off-road adventures in Morocco and South Africa are the kinds of experiences you wait months and years for. It\u2019s understandable, then, that you want confidence and peace of mind at all times, from researching and booking to the days and nights spent exploring. [&hellip;]<\/p>\n","protected":false},"author":1,"featured_media":0,"parent":0,"menu_order":0,"comment_status":"closed","ping_status":"closed","template":"","meta":{"_acf_changed":false,"footnotes":""},"class_list":["post-449","page","type-page","status-publish","hentry"],"acf":[],"_links":{"self":[{"href":"https:\/\/motoradventures.com\/fr\/wp-json\/wp\/v2\/pages\/449","targetHints":{"allow":["GET"]}}],"collection":[{"href":"https:\/\/motoradventures.com\/fr\/wp-json\/wp\/v2\/pages"}],"about":[{"href":"https:\/\/motoradventures.com\/fr\/wp-json\/wp\/v2\/types\/page"}],"author":[{"embeddable":true,"href":"https:\/\/motoradventures.com\/fr\/wp-json\/wp\/v2\/users\/1"}],"replies":[{"embeddable":true,"href":"https:\/\/motoradventures.com\/fr\/wp-json\/wp\/v2\/comments?post=449"}],"version-history":[{"count":9,"href":"https:\/\/motoradventures.com\/fr\/wp-json\/wp\/v2\/pages\/449\/revisions"}],"predecessor-version":[{"id":24638,"href":"https:\/\/motoradventures.com\/fr\/wp-json\/wp\/v2\/pages\/449\/revisions\/24638"}],"wp:attachment":[{"href":"https:\/\/motoradventures.com\/fr\/wp-json\/wp\/v2\/media?parent=449"}],"curies":[{"name":"wp","href":"https:\/\/api.w.org\/{rel}","templated":true}]}}