{"id":413,"date":"2024-12-05T09:58:53","date_gmt":"2024-12-05T08:58:53","guid":{"rendered":"http:\/\/motoradventures.com\/?page_id=413"},"modified":"2025-04-19T22:34:55","modified_gmt":"2025-04-19T20:34:55","slug":"galerie","status":"publish","type":"page","link":"https:\/\/motoradventures.com\/fr\/gallery\/","title":{"rendered":"Photos et vid\u00e9os de nos circuits aventure et tout-terrain au Maroc et en Afrique du Sud"},"content":{"rendered":"<h2 class=\"wp-block-heading\">Galerie de nos voyages d'aventure et circuits tout-terrain au Maroc et en Afrique du Sud<\/h2>\n\n\n\n<p>Comme le dit l'adage, une image vaut mille mots ! C'est pourquoi nous avons cr\u00e9\u00e9 cette page de galerie... pour pr\u00e9senter des photos et des vid\u00e9os incroyables de notre <a href=\"https:\/\/motoradventures.com\/fr\/circuits-au-maroc\/\">Circuits aventure au Maroc<\/a> et <a href=\"https:\/\/motoradventures.com\/fr\/voyages-en-afrique-du-sud\/\">Circuits d'aventure en Afrique du Sud<\/a>. Ils refl\u00e8tent l'essence m\u00eame de la travers\u00e9e du d\u00e9sert du Sahara avec Motor Adventures ou de l'ultime voyage en Afrique du Sud, du Cap \u00e0 Clarens (Johannesburg) en passant par le Lesotho.<\/p>\n\n\n\n<p>Alors, faites d\u00e9filer la page et profitez de notre galerie ! Si ce que vous voyez vous inspire, parcourez notre gamme de voyages pour en savoir plus sur l'aventure qui vous attend. Et si vous avez des questions \u00e0 nous poser, n'h\u00e9sitez pas \u00e0 nous contacter. <a href=\"https:\/\/motoradventures.com\/fr\/contactez-nous\/\">prendre contact<\/a> pour obtenir les r\u00e9ponses dont vous avez besoin.<\/p>","protected":false},"excerpt":{"rendered":"<p>Gallery of Our Morocco and South Africa Adventure Trips and Off-Road Tours As the saying goes, a picture is worth a thousand words! That\u2019s why we have created this gallery page\u2026 to showcase incredible photos and videos from our Morocco adventure tours and South Africa adventure tours. They reflect the essence of what it\u2019s like [&hellip;]<\/p>\n","protected":false},"author":1,"featured_media":0,"parent":0,"menu_order":0,"comment_status":"closed","ping_status":"closed","template":"","meta":{"_acf_changed":false,"footnotes":""},"class_list":["post-413","page","type-page","status-publish","hentry"],"acf":[],"_links":{"self":[{"href":"https:\/\/motoradventures.com\/fr\/wp-json\/wp\/v2\/pages\/413","targetHints":{"allow":["GET"]}}],"collection":[{"href":"https:\/\/motoradventures.com\/fr\/wp-json\/wp\/v2\/pages"}],"about":[{"href":"https:\/\/motoradventures.com\/fr\/wp-json\/wp\/v2\/types\/page"}],"author":[{"embeddable":true,"href":"https:\/\/motoradventures.com\/fr\/wp-json\/wp\/v2\/users\/1"}],"replies":[{"embeddable":true,"href":"https:\/\/motoradventures.com\/fr\/wp-json\/wp\/v2\/comments?post=413"}],"version-history":[{"count":16,"href":"https:\/\/motoradventures.com\/fr\/wp-json\/wp\/v2\/pages\/413\/revisions"}],"predecessor-version":[{"id":22733,"href":"https:\/\/motoradventures.com\/fr\/wp-json\/wp\/v2\/pages\/413\/revisions\/22733"}],"wp:attachment":[{"href":"https:\/\/motoradventures.com\/fr\/wp-json\/wp\/v2\/media?parent=413"}],"curies":[{"name":"wp","href":"https:\/\/api.w.org\/{rel}","templated":true}]}}