{"id":22669,"date":"2025-05-02T15:24:42","date_gmt":"2025-05-02T13:24:42","guid":{"rendered":"https:\/\/motoradventures.com\/?page_id=22669"},"modified":"2025-05-02T16:07:23","modified_gmt":"2025-05-02T14:07:23","slug":"vehicules","status":"publish","type":"page","link":"https:\/\/motoradventures.com\/fr\/vehicles\/","title":{"rendered":"Nos v\u00e9hicules au Maroc et en Afrique du Sud"},"content":{"rendered":"<h2 class=\"wp-block-heading\">Quels v\u00e9hicules pouvez-vous vous attendre \u00e0 trouver lors de nos circuits d'aventure en Afrique du Sud et dans le d\u00e9sert marocain ?<\/h2>\n\n\n\n<div class=\"wp-block-columns is-layout-flex wp-container-core-columns-is-layout-9d6595d7 wp-block-columns-is-layout-flex\">\n<div class=\"wp-block-column is-layout-flow wp-block-column-is-layout-flow\">\n<p>Avez-vous jet\u00e9 votre d\u00e9volu sur l'un de nos <a href=\"https:\/\/motoradventures.com\/fr\/circuits-au-maroc\/\">Circuits dans le d\u00e9sert marocain<\/a>? Ou bien la route ouverte d'un <a href=\"https:\/\/motoradventures.com\/fr\/voyages-en-afrique-du-sud\/\">Circuit aventure en Afrique du Sud<\/a> appelez-vous ? Apr\u00e8s avoir choisi le pays que vous souhaitez visiter, votre prochaine d\u00e9cision importante est cruciale : quel type de v\u00e9hicule allez-vous conduire ? Pr\u00e9f\u00e9rez-vous les aventures \u00e0 deux roues ou \u00e0 quatre roues ?<\/p>\n\n\n\n<p>Si vous participez \u00e0 l'une de nos excursions tout-terrain au Maroc, vous pouvez choisir entre nos motos enduro et nos buggies Can-Am. Pour les motos, nous disposons d'une flotte de six mod\u00e8les r\u00e9cents KTM 450 EXC et six Gas Gas EC 450. En ce qui concerne les buggies, nous avons 13 buggies Can-Am Maverick, dont des mod\u00e8les \u00e0 deux et quatre places dans les versions Sport et X3. Et sur notre <a href=\"https:\/\/motoradventures.com\/fr\/visite\/circuit-hors-route-de-8-jours\/\">Circuit de 8 jours \u00ab Exp\u00e9rience Sahara \u00bb<\/a> (ainsi que certaines autres visites), vous pouvez m\u00eame opter pour l'une des <a href=\"https:\/\/motoradventures.com\/fr\/nos-4x4\/\">nos 4x4<\/a>!<\/p>\n<\/div>\n\n\n\n<div class=\"wp-block-column is-layout-flow wp-block-column-is-layout-flow\">\n<p>Vous recherchez une aventure \u00e0 vivre au Maroc ou en Afrique du Sud ? Sur notre <a href=\"https:\/\/motoradventures.com\/fr\/visite\/circuit-aventure-happy-valley\/\">Circuit dans la Vall\u00e9e du Bonheur, les montagnes de l'Atlas et le d\u00e9sert du Sahara<\/a>, vous conduirez soit une BMW GS 1250 ou GS 900\/850\/800, soit une KTM390 Adventure. Sur notre <a href=\"https:\/\/motoradventures.com\/fr\/visite\/circuit-de-10-jours-de-la-mer-au-sommet\/\">Circuit moto aventure Sea to Summit en Afrique du Sud<\/a>, vous roulerez sur une Triumph Tiger Rally Pro 900 cm3.<\/p>\n\n\n\n<p>Pour en savoir plus sur toutes nos options de v\u00e9hicules, veuillez consulter la page correspondante ci-dessous. Et si vous avez des questions concernant les v\u00e9hicules ou les circuits, n'h\u00e9sitez pas \u00e0 <a href=\"https:\/\/motoradventures.com\/fr\/contactez-nous\/\">contactez-nous<\/a>.<\/p>\n<\/div>\n<\/div>\n\n\n\n<h2 class=\"wp-block-heading\">Nos options de v\u00e9hicules au Maroc et en Afrique du Sud<\/h2>\n\n\n\n<div class=\"wp-block-columns is-layout-flex wp-container-core-columns-is-layout-9d6595d7 wp-block-columns-is-layout-flex\">\n<div class=\"wp-block-column is-layout-flow wp-block-column-is-layout-flow\">\n<figure class=\"wp-block-image size-full\"><a href=\"https:\/\/motoradventures.com\/fr\/velos\/\"><img loading=\"lazy\" decoding=\"async\" width=\"1000\" height=\"666\" src=\"https:\/\/motoradventures.com\/wp-content\/uploads\/2025\/01\/DSC04571.jpg\" alt=\"\" class=\"wp-image-22346\" srcset=\"https:\/\/motoradventures.com\/wp-content\/uploads\/2025\/01\/DSC04571.jpg 1000w, https:\/\/motoradventures.com\/wp-content\/uploads\/2025\/01\/DSC04571-300x200.jpg 300w, https:\/\/motoradventures.com\/wp-content\/uploads\/2025\/01\/DSC04571-768x511.jpg 768w\" sizes=\"auto, (max-width: 1000px) 100vw, 1000px\" \/><\/a><\/figure>\n\n\n\n<p class=\"has-text-align-center\"><a href=\"https:\/\/motoradventures.com\/fr\/velos\/\"><strong>V\u00e9los<\/strong><\/a><\/p>\n<\/div>\n\n\n\n<div class=\"wp-block-column is-layout-flow wp-block-column-is-layout-flow\">\n<figure class=\"wp-block-image size-full\"><a href=\"https:\/\/motoradventures.com\/fr\/poussettes\/\"><img loading=\"lazy\" decoding=\"async\" width=\"900\" height=\"600\" src=\"https:\/\/motoradventures.com\/wp-content\/uploads\/2024\/08\/IMG_2898-scaled-4dd9116e.webp\" alt=\"Deux buggies portant le logo &quot; Sahara Experience &quot; traversent les dunes de sable du d\u00e9sert sous un ciel brumeux.\" class=\"wp-image-20620\" srcset=\"https:\/\/motoradventures.com\/wp-content\/uploads\/2024\/08\/IMG_2898-scaled-4dd9116e.webp 900w, https:\/\/motoradventures.com\/wp-content\/uploads\/2024\/08\/IMG_2898-scaled-4dd9116e-300x200.webp 300w, https:\/\/motoradventures.com\/wp-content\/uploads\/2024\/08\/IMG_2898-scaled-4dd9116e-768x512.webp 768w\" sizes=\"auto, (max-width: 900px) 100vw, 900px\" \/><\/a><\/figure>\n\n\n\n<p class=\"has-text-align-center\"><a href=\"https:\/\/motoradventures.com\/fr\/poussettes\/\"><strong>Poussettes<\/strong><\/a><\/p>\n<\/div>\n\n\n\n<div class=\"wp-block-column is-layout-flow wp-block-column-is-layout-flow\">\n<figure class=\"wp-block-image size-large\"><a href=\"https:\/\/motoradventures.com\/fr\/nos-4x4\/\"><img loading=\"lazy\" decoding=\"async\" width=\"1024\" height=\"682\" src=\"https:\/\/motoradventures.com\/wp-content\/uploads\/2024\/12\/db4d03f8-c9d6-4fe1-9cd8-bcba738b9c18-1024x682.jpg\" alt=\"\" class=\"wp-image-22040\" srcset=\"https:\/\/motoradventures.com\/wp-content\/uploads\/2024\/12\/db4d03f8-c9d6-4fe1-9cd8-bcba738b9c18-1024x682.jpg 1024w, https:\/\/motoradventures.com\/wp-content\/uploads\/2024\/12\/db4d03f8-c9d6-4fe1-9cd8-bcba738b9c18-300x200.jpg 300w, https:\/\/motoradventures.com\/wp-content\/uploads\/2024\/12\/db4d03f8-c9d6-4fe1-9cd8-bcba738b9c18-768x512.jpg 768w, https:\/\/motoradventures.com\/wp-content\/uploads\/2024\/12\/db4d03f8-c9d6-4fe1-9cd8-bcba738b9c18.jpg 1280w\" sizes=\"auto, (max-width: 1024px) 100vw, 1024px\" \/><\/a><\/figure>\n\n\n\n<p class=\"has-text-align-center\"><a href=\"https:\/\/motoradventures.com\/fr\/nos-4x4\/\"><strong>4 roues motrices<\/strong><\/a><\/p>\n<\/div>\n<\/div>\n\n\n\n<p><\/p>","protected":false},"excerpt":{"rendered":"<p>What Vehicles Can You Expect on Our South Africa Adventure and Morocco Desert Tours? Have you got your heart set on one of our Morocco desert tours? Or is the open road of a South Africa adventure tour calling your name? After choosing which country you want to visit, your next big decision is vital: [&hellip;]<\/p>\n","protected":false},"author":2,"featured_media":22051,"parent":0,"menu_order":0,"comment_status":"closed","ping_status":"closed","template":"","meta":{"_acf_changed":false,"footnotes":""},"class_list":["post-22669","page","type-page","status-publish","has-post-thumbnail","hentry"],"acf":[],"_links":{"self":[{"href":"https:\/\/motoradventures.com\/fr\/wp-json\/wp\/v2\/pages\/22669","targetHints":{"allow":["GET"]}}],"collection":[{"href":"https:\/\/motoradventures.com\/fr\/wp-json\/wp\/v2\/pages"}],"about":[{"href":"https:\/\/motoradventures.com\/fr\/wp-json\/wp\/v2\/types\/page"}],"author":[{"embeddable":true,"href":"https:\/\/motoradventures.com\/fr\/wp-json\/wp\/v2\/users\/2"}],"replies":[{"embeddable":true,"href":"https:\/\/motoradventures.com\/fr\/wp-json\/wp\/v2\/comments?post=22669"}],"version-history":[{"count":3,"href":"https:\/\/motoradventures.com\/fr\/wp-json\/wp\/v2\/pages\/22669\/revisions"}],"predecessor-version":[{"id":22675,"href":"https:\/\/motoradventures.com\/fr\/wp-json\/wp\/v2\/pages\/22669\/revisions\/22675"}],"wp:featuredmedia":[{"embeddable":true,"href":"https:\/\/motoradventures.com\/fr\/wp-json\/wp\/v2\/media\/22051"}],"wp:attachment":[{"href":"https:\/\/motoradventures.com\/fr\/wp-json\/wp\/v2\/media?parent=22669"}],"curies":[{"name":"wp","href":"https:\/\/api.w.org\/{rel}","templated":true}]}}