{"id":22161,"date":"2025-01-03T15:39:04","date_gmt":"2025-01-03T14:39:04","guid":{"rendered":"http:\/\/motoradventures.com\/?page_id=22161"},"modified":"2025-05-02T14:30:23","modified_gmt":"2025-05-02T12:30:23","slug":"nos-4x4","status":"publish","type":"page","link":"https:\/\/motoradventures.com\/fr\/our-4wds\/","title":{"rendered":"Nos 4x4 pour les circuits dans le d\u00e9sert marocain"},"content":{"rendered":"<div class=\"wp-block-columns is-layout-flex wp-container-core-columns-is-layout-9d6595d7 wp-block-columns-is-layout-flex\">\n<div class=\"wp-block-column is-layout-flow wp-block-column-is-layout-flow\">\n<h2 class=\"wp-block-heading\">Rejoignez-nous pour des circuits passionnants en 4\u00d74 au Maroc !<\/h2>\n\n\n\n<p>Chez Motor Adventures, nous disposons de notre propre flotte de <a href=\"https:\/\/motoradventures.com\/fr\/velos\/\">motos d'aventure et d'enduro extr\u00eame<\/a> et <a href=\"https:\/\/motoradventures.com\/fr\/poussettes\/\">Buggy Can-Am<\/a> au Maroc. Ce sont les principaux v\u00e9hicules utilis\u00e9s par nos clients dans notre gamme de produits haut de gamme. <a href=\"https:\/\/motoradventures.com\/fr\/circuits-au-maroc\/\">Circuits dans le d\u00e9sert marocain<\/a>.<\/p>\n\n\n\n<p>Cependant, si vous vous joignez \u00e0 nous pour le <a href=\"https:\/\/motoradventures.com\/fr\/visite\/circuit-hors-route-de-8-jours\/\">Circuit de 8 jours \u00ab Exp\u00e9rience Sahara \u00bb<\/a> (ainsi que d'autres circuits s\u00e9lectionn\u00e9s), nous proposons \u00e9galement des 4x4. Ces v\u00e9hicules robustes, principalement des Toyota Land Cruiser, sont fournis par une soci\u00e9t\u00e9 de location avec laquelle nous entretenons une relation de longue date. Vous pouvez donc \u00eatre assur\u00e9 que ces 4x4 sont entretenus et r\u00e9vis\u00e9s selon les normes les plus strictes, comme tous nos propres v\u00e9hicules.<br><br>Avez-vous des questions concernant les 4x4 que nous proposons ? Ou souhaitez-vous en savoir plus sur les circuits auxquels vous pouvez participer avec l'un de nos v\u00e9hicules ? N'h\u00e9sitez pas \u00e0 <a href=\"https:\/\/motoradventures.com\/fr\/contactez-nous\/\">contactez-nous<\/a> pour toutes les informations dont vous avez besoin.\u00a0<\/p>\n\n\n\n<p><\/p>\n<\/div>\n\n\n\n<div class=\"wp-block-column is-layout-flow wp-block-column-is-layout-flow\">\n<h2 class=\"wp-block-heading\">Circuits 4\u00d74 au Maroc et au Sahara : votre \u00e9quipement<\/h2>\n\n\n\n<p>Si vous participez \u00e0 l'une de nos excursions en 4x4, vous n'avez pas besoin d'avoir d'exp\u00e9rience en conduite tout-terrain. Cependant, nous vous recommandons vivement d'avoir une bonne exp\u00e9rience de la conduite, car nos excursions ne sont pas pour les \u00e2mes sensibles !<\/p>\n\n\n\n<p>En ce qui concerne l'\u00e9quipement personnel pour les circuits 4\u00d74 au Maroc, vous aurez besoin de :<\/p>\n\n\n\n<ul class=\"wp-block-list\">\n<li><strong>Chaussures et v\u00eatements confortables<\/strong> \u2013 Portez des chaussures robustes et confortables ainsi que des v\u00eatements adapt\u00e9s aux activit\u00e9s de plein air.\u00a0<\/li>\n\n\n\n<li><strong>Voyagez l\u00e9ger<\/strong> \u2013 N'emportez que le strict n\u00e9cessaire afin d'optimiser l'espace dans le v\u00e9hicule. \u00c9vitez les objets encombrants.<\/li>\n\n\n\n<li><strong>Pr\u00e9parez-vous \u00e0 la poussi\u00e8re<\/strong> \u2013 Attendez-vous \u00e0 \u00eatre couvert de poussi\u00e8re ! Pensez \u00e0 emporter un foulard ou un bandana pour vous couvrir le visage et un sac solide pour prot\u00e9ger vos affaires.<\/li>\n\n\n\n<li><strong>Ne pas apporter de valises<\/strong> \u2013 Surtout ceux \u00e0 roulettes, ils ne fonctionnent pas dans le d\u00e9sert ! Utilisez plut\u00f4t des sacs de voyage souples.<\/li>\n<\/ul>\n\n\n\n<p><strong>Conseil de pro :<\/strong> Apportez un chargeur de t\u00e9l\u00e9phone et un c\u00e2ble USB pour \u00e9couter votre musique pr\u00e9f\u00e9r\u00e9e dans la voiture, et t\u00e9l\u00e9chargez vos listes de lecture avant de commencer votre visite !<\/p>\n<\/div>\n<\/div>\n\n\n\n<h2 class=\"wp-block-heading\">Circuits dans le d\u00e9sert marocain en 4x4 : Galerie<\/h2>\n\n\n\n<figure class=\"wp-block-image size-full\"><img loading=\"lazy\" decoding=\"async\" width=\"1280\" height=\"717\" src=\"https:\/\/motoradventures.com\/wp-content\/uploads\/2024\/12\/1872554d-db89-4f4e-b580-0bdcae3bb722.jpg\" alt=\"\" class=\"wp-image-21989\" srcset=\"https:\/\/motoradventures.com\/wp-content\/uploads\/2024\/12\/1872554d-db89-4f4e-b580-0bdcae3bb722.jpg 1280w, https:\/\/motoradventures.com\/wp-content\/uploads\/2024\/12\/1872554d-db89-4f4e-b580-0bdcae3bb722-300x168.jpg 300w, https:\/\/motoradventures.com\/wp-content\/uploads\/2024\/12\/1872554d-db89-4f4e-b580-0bdcae3bb722-1024x574.jpg 1024w, https:\/\/motoradventures.com\/wp-content\/uploads\/2024\/12\/1872554d-db89-4f4e-b580-0bdcae3bb722-768x430.jpg 768w\" sizes=\"auto, (max-width: 1280px) 100vw, 1280px\" \/><\/figure>\n\n\n\n<figure class=\"wp-block-gallery has-nested-images columns-5 is-cropped wp-block-gallery-1 is-layout-flex wp-block-gallery-is-layout-flex\">\n<figure class=\"wp-block-image size-large\"><img loading=\"lazy\" decoding=\"async\" width=\"1024\" height=\"683\" data-id=\"22045\" src=\"https:\/\/motoradventures.com\/wp-content\/uploads\/2024\/12\/e6ed45be-6c1e-4287-b256-1c8eef2e97b6-1024x683.jpg\" alt=\"\" class=\"wp-image-22045\" srcset=\"https:\/\/motoradventures.com\/wp-content\/uploads\/2024\/12\/e6ed45be-6c1e-4287-b256-1c8eef2e97b6-1024x683.jpg 1024w, https:\/\/motoradventures.com\/wp-content\/uploads\/2024\/12\/e6ed45be-6c1e-4287-b256-1c8eef2e97b6-300x200.jpg 300w, https:\/\/motoradventures.com\/wp-content\/uploads\/2024\/12\/e6ed45be-6c1e-4287-b256-1c8eef2e97b6-768x512.jpg 768w, https:\/\/motoradventures.com\/wp-content\/uploads\/2024\/12\/e6ed45be-6c1e-4287-b256-1c8eef2e97b6-1536x1024.jpg 1536w, https:\/\/motoradventures.com\/wp-content\/uploads\/2024\/12\/e6ed45be-6c1e-4287-b256-1c8eef2e97b6.jpg 1600w\" sizes=\"auto, (max-width: 1024px) 100vw, 1024px\" \/><\/figure>\n\n\n\n<figure class=\"wp-block-image size-large\"><img loading=\"lazy\" decoding=\"async\" width=\"1024\" height=\"682\" data-id=\"21970\" src=\"https:\/\/motoradventures.com\/wp-content\/uploads\/2024\/12\/907fe299-dded-4a41-8329-089fb3edee6b-1024x682.jpg\" alt=\"\" class=\"wp-image-21970\" srcset=\"https:\/\/motoradventures.com\/wp-content\/uploads\/2024\/12\/907fe299-dded-4a41-8329-089fb3edee6b-1024x682.jpg 1024w, https:\/\/motoradventures.com\/wp-content\/uploads\/2024\/12\/907fe299-dded-4a41-8329-089fb3edee6b-300x200.jpg 300w, https:\/\/motoradventures.com\/wp-content\/uploads\/2024\/12\/907fe299-dded-4a41-8329-089fb3edee6b-768x512.jpg 768w, https:\/\/motoradventures.com\/wp-content\/uploads\/2024\/12\/907fe299-dded-4a41-8329-089fb3edee6b.jpg 1280w\" sizes=\"auto, (max-width: 1024px) 100vw, 1024px\" \/><\/figure>\n\n\n\n<figure class=\"wp-block-image size-large\"><img loading=\"lazy\" decoding=\"async\" width=\"1024\" height=\"682\" data-id=\"21962\" src=\"https:\/\/motoradventures.com\/wp-content\/uploads\/2024\/12\/577a512a-fe11-4472-ae48-75c68f19af59-1024x682.jpg\" alt=\"\" class=\"wp-image-21962\" srcset=\"https:\/\/motoradventures.com\/wp-content\/uploads\/2024\/12\/577a512a-fe11-4472-ae48-75c68f19af59-1024x682.jpg 1024w, https:\/\/motoradventures.com\/wp-content\/uploads\/2024\/12\/577a512a-fe11-4472-ae48-75c68f19af59-300x200.jpg 300w, https:\/\/motoradventures.com\/wp-content\/uploads\/2024\/12\/577a512a-fe11-4472-ae48-75c68f19af59-768x512.jpg 768w, https:\/\/motoradventures.com\/wp-content\/uploads\/2024\/12\/577a512a-fe11-4472-ae48-75c68f19af59.jpg 1280w\" sizes=\"auto, (max-width: 1024px) 100vw, 1024px\" \/><\/figure>\n\n\n\n<figure class=\"wp-block-image size-large\"><img loading=\"lazy\" decoding=\"async\" width=\"1024\" height=\"682\" data-id=\"21902\" src=\"https:\/\/motoradventures.com\/wp-content\/uploads\/2024\/12\/2b6a2e02-af25-4b13-9c31-ede59ae85bf9-1024x682.jpg\" alt=\"\" class=\"wp-image-21902\" srcset=\"https:\/\/motoradventures.com\/wp-content\/uploads\/2024\/12\/2b6a2e02-af25-4b13-9c31-ede59ae85bf9-1024x682.jpg 1024w, https:\/\/motoradventures.com\/wp-content\/uploads\/2024\/12\/2b6a2e02-af25-4b13-9c31-ede59ae85bf9-300x200.jpg 300w, https:\/\/motoradventures.com\/wp-content\/uploads\/2024\/12\/2b6a2e02-af25-4b13-9c31-ede59ae85bf9-768x512.jpg 768w, https:\/\/motoradventures.com\/wp-content\/uploads\/2024\/12\/2b6a2e02-af25-4b13-9c31-ede59ae85bf9.jpg 1280w\" sizes=\"auto, (max-width: 1024px) 100vw, 1024px\" \/><\/figure>\n\n\n\n<figure class=\"wp-block-image size-large\"><img loading=\"lazy\" decoding=\"async\" width=\"1024\" height=\"682\" data-id=\"21976\" src=\"https:\/\/motoradventures.com\/wp-content\/uploads\/2024\/12\/001260f5-de13-4e06-bfcd-bf868f04bd45-1024x682.jpg\" alt=\"\" class=\"wp-image-21976\" srcset=\"https:\/\/motoradventures.com\/wp-content\/uploads\/2024\/12\/001260f5-de13-4e06-bfcd-bf868f04bd45-1024x682.jpg 1024w, https:\/\/motoradventures.com\/wp-content\/uploads\/2024\/12\/001260f5-de13-4e06-bfcd-bf868f04bd45-300x200.jpg 300w, https:\/\/motoradventures.com\/wp-content\/uploads\/2024\/12\/001260f5-de13-4e06-bfcd-bf868f04bd45-768x512.jpg 768w, https:\/\/motoradventures.com\/wp-content\/uploads\/2024\/12\/001260f5-de13-4e06-bfcd-bf868f04bd45.jpg 1280w\" sizes=\"auto, (max-width: 1024px) 100vw, 1024px\" \/><\/figure>\n<\/figure>","protected":false},"excerpt":{"rendered":"<p>Join Us for Thrilling Morocco 4&#215;4 Tours! At Motor Adventures, we have our own fleet of adventure and hard enduro bikes and Can-Am buggies in Morocco. These are the primary vehicles our guests use on our range of high-octane Morocco desert tours. However, if you are joining us for the 8-Day Tour Sahara Experience (as [&hellip;]<\/p>\n","protected":false},"author":3,"featured_media":21989,"parent":0,"menu_order":0,"comment_status":"closed","ping_status":"closed","template":"","meta":{"_acf_changed":false,"footnotes":""},"class_list":["post-22161","page","type-page","status-publish","has-post-thumbnail","hentry"],"acf":[],"_links":{"self":[{"href":"https:\/\/motoradventures.com\/fr\/wp-json\/wp\/v2\/pages\/22161","targetHints":{"allow":["GET"]}}],"collection":[{"href":"https:\/\/motoradventures.com\/fr\/wp-json\/wp\/v2\/pages"}],"about":[{"href":"https:\/\/motoradventures.com\/fr\/wp-json\/wp\/v2\/types\/page"}],"author":[{"embeddable":true,"href":"https:\/\/motoradventures.com\/fr\/wp-json\/wp\/v2\/users\/3"}],"replies":[{"embeddable":true,"href":"https:\/\/motoradventures.com\/fr\/wp-json\/wp\/v2\/comments?post=22161"}],"version-history":[{"count":5,"href":"https:\/\/motoradventures.com\/fr\/wp-json\/wp\/v2\/pages\/22161\/revisions"}],"predecessor-version":[{"id":22659,"href":"https:\/\/motoradventures.com\/fr\/wp-json\/wp\/v2\/pages\/22161\/revisions\/22659"}],"wp:featuredmedia":[{"embeddable":true,"href":"https:\/\/motoradventures.com\/fr\/wp-json\/wp\/v2\/media\/21989"}],"wp:attachment":[{"href":"https:\/\/motoradventures.com\/fr\/wp-json\/wp\/v2\/media?parent=22161"}],"curies":[{"name":"wp","href":"https:\/\/api.w.org\/{rel}","templated":true}]}}