{"id":20928,"date":"2024-12-27T13:32:31","date_gmt":"2024-12-27T12:32:31","guid":{"rendered":"http:\/\/motoradventures.com\/?page_id=20928"},"modified":"2025-04-14T21:33:42","modified_gmt":"2025-04-14T19:33:42","slug":"la-securite","status":"publish","type":"page","link":"https:\/\/motoradventures.com\/fr\/safety\/","title":{"rendered":"Votre s\u00e9curit\u00e9 lors de nos voyages d'aventure au Maroc et en Afrique du Sud"},"content":{"rendered":"<p><strong><strong>Votre s\u00e9curit\u00e9 sur notre <\/strong><a href=\"https:\/\/motoradventures.com\/fr\/circuits-au-maroc\/\"><strong>Circuits aventure au Maroc<\/strong><\/a><strong> et <\/strong><a href=\"https:\/\/motoradventures.com\/fr\/voyages-en-afrique-du-sud\/\"><strong>Circuits d'aventure en Afrique du Sud<\/strong><\/a><strong> est extr\u00eamement importante pour nous. C'est une question non n\u00e9gociable dans laquelle nous continuons \u00e0 investir du temps et de l'argent. Cela nous permet de vous offrir le meilleur service et la meilleure exp\u00e9rience possibles, en toute tranquillit\u00e9 d'esprit.<\/strong><\/strong><\/p>\n\n\n\n<h3 class=\"wp-block-heading\">Circuits d'aventure et d'enduro avec GPS : Suivez la Purple Line !<\/h3>\n\n\n\n<div class=\"wp-block-columns is-layout-flex wp-container-core-columns-is-layout-9d6595d7 wp-block-columns-is-layout-flex\">\n<div class=\"wp-block-column is-vertically-aligned-top is-layout-flow wp-block-column-is-layout-flow\">\n<p>Nous ne prenons pas \u00e0 la l\u00e9g\u00e8re votre s\u00e9curit\u00e9 lors d'une aventure avec nous. Depuis de nombreuses ann\u00e9es, nous sommes la seule entreprise \u00e0 proposer un Garmin Montana 600 robuste install\u00e9 sur tous les v\u00e9los de nos circuits tout-terrain et d'aventure GRATUITEMENT ! Nous sommes toujours \u00e0 la recherche de mises \u00e0 jour ou d'am\u00e9liorations haut de gamme, afin que nos exp\u00e9riences soient \u00e0 la pointe de la technologie.<\/p>\n\n\n\n<p>Pour nos randonn\u00e9es \u00e0 v\u00e9lo d'aventure (qui sont g\u00e9n\u00e9ralement plus douces), nous proposons d\u00e9sormais un nouveau syst\u00e8me, fournissant un smartphone, un quadlock et le logiciel Wikiloc pour ceux qui le souhaitent.<\/p>\n<\/div>\n<\/div>\n\n\n\n<figure class=\"wp-block-image size-large\"><img loading=\"lazy\" decoding=\"async\" width=\"1024\" height=\"576\" src=\"http:\/\/motoradventures.com\/wp-content\/uploads\/2024\/12\/20210913_170745-1024x576.jpg\" alt=\"\" class=\"wp-image-20932\" srcset=\"https:\/\/motoradventures.com\/wp-content\/uploads\/2024\/12\/20210913_170745-1024x576.jpg 1024w, https:\/\/motoradventures.com\/wp-content\/uploads\/2024\/12\/20210913_170745-300x169.jpg 300w, https:\/\/motoradventures.com\/wp-content\/uploads\/2024\/12\/20210913_170745-768x432.jpg 768w, https:\/\/motoradventures.com\/wp-content\/uploads\/2024\/12\/20210913_170745-1536x864.jpg 1536w, https:\/\/motoradventures.com\/wp-content\/uploads\/2024\/12\/20210913_170745.jpg 1920w\" sizes=\"auto, (max-width: 1024px) 100vw, 1024px\" \/><\/figure>\n\n\n\n<div class=\"wp-block-columns is-layout-flex wp-container-core-columns-is-layout-9d6595d7 wp-block-columns-is-layout-flex\">\n<div class=\"wp-block-column is-layout-flow wp-block-column-is-layout-flow\">\n<p>Chaque matin, lors de nos tourn\u00e9es, nous chargeons l'itin\u00e9raire de la journ\u00e9e sur votre syst\u00e8me. Cela rend les choses beaucoup plus int\u00e9ressantes pour vous, les cyclistes. Nous organisons nos circuits hors route de mani\u00e8re assez libre, permettant aux cyclistes les plus rapides de prendre la t\u00eate et aux petits groupes d'avancer \u00e0 la vitesse qui leur convient. Le v\u00e9hicule d'assistance suit toujours non loin derri\u00e8re ! Gr\u00e2ce \u00e0 des points de regroupement r\u00e9guliers et \u00e0 un syst\u00e8me GPS fiable, les cyclistes peuvent prendre du recul et rester \u00e0 l'\u00e9cart de la poussi\u00e8re des autres.<\/p>\n\n\n\n<p>Nous mettons r\u00e9guli\u00e8rement \u00e0 jour et v\u00e9rifions nos itin\u00e9raires marocains avant le d\u00e9but de chaque saison. Motor Adventures s'efforce toujours de faire en sorte que vous puissiez profiter au maximum d'un circuit tout-terrain - ce qui signifie \u00e9viter l'asphalte ! Notre \u00e9quipe recherche \u00e9galement de nouvelles pistes et de nouveaux sentiers afin que nos clients habituels puissent d\u00e9couvrir de nouveaux endroits.<\/p>\n\n\n\n<p>Sur tous nos circuits, nos v\u00e9hicules d'assistance sont \u00e9quip\u00e9s d'un GPS, d'une trousse m\u00e9dicale professionnelle compl\u00e8te, comprenant un d\u00e9fibrillateur, des attelles \u00e0 d\u00e9pression et m\u00eame de l'oxyg\u00e8ne, un compresseur et un r\u00e9frig\u00e9rateur, pour ne citer que les plus importants.<\/p>\n\n\n\n<p>Vous avez des questions sur la s\u00e9curit\u00e9 de nos circuits ? N'h\u00e9sitez pas \u00e0 nous contacter <a href=\"https:\/\/motoradventures.com\/fr\/contactez-nous\/\">contactez-nous<\/a> pour toutes les informations dont vous avez besoin.<\/p>\n<\/div>\n<\/div>\n\n\n\n<figure class=\"wp-block-image size-large\"><img loading=\"lazy\" decoding=\"async\" width=\"1024\" height=\"576\" src=\"http:\/\/motoradventures.com\/wp-content\/uploads\/2024\/12\/JOHN_STAPELS_1418_JS907586-1024x576.jpg\" alt=\"\" class=\"wp-image-20933\" srcset=\"https:\/\/motoradventures.com\/wp-content\/uploads\/2024\/12\/JOHN_STAPELS_1418_JS907586-1024x576.jpg 1024w, https:\/\/motoradventures.com\/wp-content\/uploads\/2024\/12\/JOHN_STAPELS_1418_JS907586-300x169.jpg 300w, https:\/\/motoradventures.com\/wp-content\/uploads\/2024\/12\/JOHN_STAPELS_1418_JS907586-768x432.jpg 768w, https:\/\/motoradventures.com\/wp-content\/uploads\/2024\/12\/JOHN_STAPELS_1418_JS907586-1536x864.jpg 1536w, https:\/\/motoradventures.com\/wp-content\/uploads\/2024\/12\/JOHN_STAPELS_1418_JS907586.jpg 1920w\" sizes=\"auto, (max-width: 1024px) 100vw, 1024px\" \/><\/figure>\n\n\n\n<h2 class=\"wp-block-heading\">V\u00e9hicules d'assistance et de secours sur nos circuits au Maroc et en Afrique du Sud<\/h2>\n\n\n\n<div class=\"wp-block-columns is-layout-flex wp-container-core-columns-is-layout-9d6595d7 wp-block-columns-is-layout-flex\">\n<div class=\"wp-block-column is-layout-flow wp-block-column-is-layout-flow\">\n<p>Lors de nos excursions tout-terrain, notre m\u00e9canicien voyage normalement dans le v\u00e9hicule d'assistance. Nous disposons d'un Fiat Fullback adapt\u00e9 pour pouvoir transporter un v\u00e9lo en cas de besoin. Il est enti\u00e8rement \u00e9quip\u00e9 de notre mat\u00e9riel m\u00e9dical, tel qu'une civi\u00e8re \u00e0 vide, un d\u00e9fibrillateur, des attelles, de l'oxyg\u00e8ne, une trousse de premiers secours tr\u00e8s compl\u00e8te, un r\u00e9frig\u00e9rateur, un compresseur, des outils et des pi\u00e8ces de rechange pour les motos. Nous pouvons utiliser un Toyota Land Cruiser ou un v\u00e9hicule similaire si nous avons besoin d'un v\u00e9hicule de transport de personnes.<\/p>\n<\/div>\n\n\n\n<div class=\"wp-block-column is-layout-flow wp-block-column-is-layout-flow\">\n<p>Lors de nos circuits d'aventure, notre v\u00e9hicule d'assistance enti\u00e8rement \u00e9quip\u00e9, un Toyota Land Cruiser ou similaire, apporte un soutien aux cyclistes et transporte les passagers des 4\u00d74 et tout passager souhaitant passer un peu de temps hors de son v\u00e9lo.<\/p>\n\n\n\n<p>En savoir plus sur <a href=\"https:\/\/motoradventures.com\/fr\/poussettes\/\">nos buggys Can-Am<\/a> et <a href=\"https:\/\/motoradventures.com\/fr\/velos\/\">nos v\u00e9los<\/a> pour trouver ce qui vous convient le mieux. Commen\u00e7ons \u00e0 planifier votre exp\u00e9rience de r\u00eave au Maroc ou en Afrique du Sud !&nbsp;&nbsp;<\/p>\n<\/div>\n<\/div>","protected":false},"excerpt":{"rendered":"<p>Votre s\u00e9curit\u00e9 lors de nos voyages d'aventure au Maroc et en Afrique du Sud est d'une importance capitale. D\u00e9couvrez comment Motor Adventures assure votre s\u00e9curit\u00e9 sur nos circuits.<\/p>","protected":false},"author":1,"featured_media":20931,"parent":0,"menu_order":0,"comment_status":"closed","ping_status":"closed","template":"","meta":{"_acf_changed":false,"footnotes":""},"class_list":["post-20928","page","type-page","status-publish","has-post-thumbnail","hentry"],"acf":[],"_links":{"self":[{"href":"https:\/\/motoradventures.com\/fr\/wp-json\/wp\/v2\/pages\/20928","targetHints":{"allow":["GET"]}}],"collection":[{"href":"https:\/\/motoradventures.com\/fr\/wp-json\/wp\/v2\/pages"}],"about":[{"href":"https:\/\/motoradventures.com\/fr\/wp-json\/wp\/v2\/types\/page"}],"author":[{"embeddable":true,"href":"https:\/\/motoradventures.com\/fr\/wp-json\/wp\/v2\/users\/1"}],"replies":[{"embeddable":true,"href":"https:\/\/motoradventures.com\/fr\/wp-json\/wp\/v2\/comments?post=20928"}],"version-history":[{"count":1,"href":"https:\/\/motoradventures.com\/fr\/wp-json\/wp\/v2\/pages\/20928\/revisions"}],"predecessor-version":[{"id":22587,"href":"https:\/\/motoradventures.com\/fr\/wp-json\/wp\/v2\/pages\/20928\/revisions\/22587"}],"wp:featuredmedia":[{"embeddable":true,"href":"https:\/\/motoradventures.com\/fr\/wp-json\/wp\/v2\/media\/20931"}],"wp:attachment":[{"href":"https:\/\/motoradventures.com\/fr\/wp-json\/wp\/v2\/media?parent=20928"}],"curies":[{"name":"wp","href":"https:\/\/api.w.org\/{rel}","templated":true}]}}