{"id":20925,"date":"2024-12-27T13:43:32","date_gmt":"2024-12-27T12:43:32","guid":{"rendered":"http:\/\/motoradventures.com\/?page_id=20925"},"modified":"2026-03-02T23:02:38","modified_gmt":"2026-03-02T22:02:38","slug":"conditions-generales","status":"publish","type":"page","link":"https:\/\/motoradventures.com\/fr\/terms-and-conditions\/","title":{"rendered":"Conditions g\u00e9n\u00e9rales d'utilisation"},"content":{"rendered":"<h2 class=\"wp-block-heading\">Conditions g\u00e9n\u00e9rales d'utilisation<\/h2>\n\n\n\n<p>St\u00e9 Moto Aventures Maroc SARL (ci-apr\u00e8s d\u00e9nomm\u00e9e \u201c la Soci\u00e9t\u00e9 \u201d) accepte les clients et les passagers de 4\u00d74 qui les accompagnent (ci-apr\u00e8s d\u00e9nomm\u00e9s collectivement \u201c le Client \u201d) sous r\u00e9serve des conditions suivantes :<\/p>\n\n\n\n<p>1. R\u00c9SERVATION ET PAIEMENTS<br>L'acompte vers\u00e9 au moment de la r\u00e9servation est consid\u00e9r\u00e9 comme faisant partie du co\u00fbt total du voyage et ne sera pas rembours\u00e9, sauf si le demandeur ne peut se voir offrir une place.<\/p>\n\n\n\n<p>Le solde du co\u00fbt total du voyage doit nous parvenir au plus tard 60 JOURS avant la date du voyage.<\/p>\n\n\n\n<p>2. ANNULATION<br>Les frais d'annulation sur les paiements de SOLDE sont les suivants :<\/p>\n\n\n\n<p>7 - 8 semaines avant le d\u00e9part du client - remboursement 50%<br>4 - 7 semaines avant le d\u00e9part du client - remboursement 40%<br>2 - 4 semaines avant le d\u00e9part du client - remboursement de 25%<br>0 - 2 semaines avant le d\u00e9part du client - pas de remboursement<\/p>\n\n\n\n<p>3. LE CLIENT DOIT<br>\u00catre titulaire d'un permis de conduire moto \u00e0 tout moment du circuit et d'un permis de conduire voiture \u00e0 tout moment du circuit, au volant d'un buggy ou d'un 4\u00d74.<br>Avoir port\u00e9 \u00e0 la connaissance de l'entreprise les mentions ou restrictions apport\u00e9es \u00e0 son permis de conduire par les autorit\u00e9s charg\u00e9es de la d\u00e9livrance des permis.<\/p>\n\n\n\n<p>4. RECONNAISSANCE<br>Seul le Client reconnu et accept\u00e9 par la Soci\u00e9t\u00e9 peut conduire la moto, le buggy ou le 4\u00d74.<\/p>\n\n\n\n<p>5. EMBARG\u00c9<br>Si le client fait en sorte que la moto, le buggy ou le 4\u00d74 soit retenu ou mis sous embargo, tous les frais seront \u00e0 la charge du client, y compris les pertes subies par la soci\u00e9t\u00e9 pendant que le v\u00e9hicule est immobilis\u00e9.<\/p>\n\n\n\n<p>6. INFRACTION AU CODE DE LA ROUTE<br>Toutes les amendes, frais de justice, etc., d\u00e9coulant de toute forme d'infraction au code de la route ou autre, commise \u00e0 l'encontre de la moto, de l'Entreprise ou du Client, et caus\u00e9e par le Client pendant la dur\u00e9e du pr\u00e9sent contrat, seront \u00e0 la charge du Client, sauf si elle est caus\u00e9e par l'Entreprise.<\/p>\n\n\n\n<p>7. ACCIDENTS, VOLS ET PANNES<br>En cas d'accident, de vol ou de panne, le Client doit imm\u00e9diatement communiquer ce fait \u00e0 la Soci\u00e9t\u00e9 ou \u00e0 son repr\u00e9sentant.<br>N'accepter en aucun cas la responsabilit\u00e9 d'un accident, sauf dans le formulaire \u201cD\u00e9claration amiable d'accident\u201d.<br>Le Client doit obtenir tous les d\u00e9tails sur l'autre partie et les t\u00e9moins \u00e9ventuels, et le Client donnera ces d\u00e9tails et tous les autres d\u00e9tails de l'accident \u00e0 la Soci\u00e9t\u00e9 ou \u00e0 son repr\u00e9sentant dans les 24 heures.<br>Pr\u00e9venez imm\u00e9diatement les autorit\u00e9s si l'autre partie est responsable de l'accident.<\/p>\n\n\n\n<p>8. Lorsqu'il utilise l'un des v\u00e9hicules ou l'un des \u00e9quipements de la Soci\u00e9t\u00e9, le client accepte de verser une caution avant le d\u00e9but de l'excursion, qui lui sera int\u00e9gralement restitu\u00e9e si le v\u00e9hicule ou le GPS n'a pas \u00e9t\u00e9 endommag\u00e9.<\/p>\n\n\n\n<p>Nous demandons que le d\u00e9p\u00f4t de garantie soit pay\u00e9 en esp\u00e8ces. Vous pouvez choisir de payer en euros, en dollars ou en livres. Le paiement par carte de cr\u00e9dit est \u00e9galement possible !<\/p>\n\n\n\n<p>9. Les wheelies ne sont pas autoris\u00e9s - Si des dommages sont caus\u00e9s \u00e0 la suite d'un wheelie, le client sera responsable du co\u00fbt de TOUS les dommages.<\/p>\n\n\n\n<p>10. Si, pour quelque raison que ce soit, il n'est pas possible de v\u00e9rifier le v\u00e9hicule \u00e0 la fin du voyage, la Soci\u00e9t\u00e9 disposera d'un d\u00e9lai de 7 jours pour informer le Client des dommages et des co\u00fbts dus.<\/p>\n\n\n\n<p>11. LE CLIENT COMPREND QUE<br>- il est responsable de son assurance personnelle pour le rapatriement<br>- reconna\u00eet les risques et les dangers inh\u00e9rents au voyage<br>- voyage enti\u00e8rement \u00e0 ses risques et p\u00e9rils<br>- ni la soci\u00e9t\u00e9, ni ses agents, ni aucune autre personne les aidant, ne sont responsables des pertes personnelles, blessures, accidents, dommages, retards ou d\u00e9sagr\u00e9ments, qu'ils soient caus\u00e9s par des actes de la soci\u00e9t\u00e9, de ses agents ou par des \u00e9v\u00e9nements \u00e9chappant au contr\u00f4le de la soci\u00e9t\u00e9 (par exemple, gr\u00e8ves, guerre civile, pannes m\u00e9caniques, conditions m\u00e9t\u00e9orologiques, etc.)<br>-En raison de la nature du voyage, la Soci\u00e9t\u00e9 ne peut \u00eatre tenue responsable des dommages, pertes ou accidents subis par le v\u00e9hicule du client ou d'autres biens, qu'ils lui appartiennent, qu'ils soient lou\u00e9s ou pr\u00eat\u00e9s.<br>- si le client quitte volontairement le voyage avant la fin de celui-ci, ou si un repr\u00e9sentant de la Soci\u00e9t\u00e9 lui demande de le faire, toute responsabilit\u00e9 de la Soci\u00e9t\u00e9 \u00e0 l'\u00e9gard de ce client cessera imm\u00e9diatement, et la Soci\u00e9t\u00e9 ne sera pas responsable du rapatriement ou de toute autre d\u00e9pense encourue par le client qui pourrait r\u00e9sulter d'un tel \u00e9v\u00e9nement.<br>- En cas d'accident, lorsque la moto devient impropre \u00e0 la conduite ou que le client ne peut pas continuer le tour, tous les frais encourus pour ramener la moto au garage de la soci\u00e9t\u00e9 seront \u00e0 la charge du client. (110\u20ac \u00e0 350\u20ac)<br>- il\/elle se soumet \u00e0 l'autorit\u00e9 et aux d\u00e9cisions de l'entreprise et\/ou de ses repr\u00e9sentants.<\/p>\n\n\n\n<p>12. LOIS<br>Le client se conformera strictement aux lois et coutumes de tous les pays visit\u00e9s, que ce soit en mati\u00e8re de sant\u00e9, d'immigration, de contr\u00f4le des changes, de drogues ou autre.<\/p>\n\n\n\n<p>13. Toutes les distances et informations mentionn\u00e9es dans nos itin\u00e9raires sont approximatives. Elles sont donn\u00e9es \u00e0 titre indicatif et peuvent varier en cas de changement d'itin\u00e9raire. Nous nous efforcerons toujours de maintenir cet itin\u00e9raire, mais en raison des conditions climatiques ou de la disponibilit\u00e9 de l'h\u00e9bergement, la compagnie peut \u00eatre amen\u00e9e \u00e0 en modifier une partie.<\/p>\n\n\n\n<p>14. JURIDICTION<br>Tout litige qui pourrait survenir entre le Client et la Soci\u00e9t\u00e9 sera trait\u00e9 sous la juridiction de la loi marocaine.<br>Les frais encourus par la Soci\u00e9t\u00e9 (y compris les frais d'avocat et de procureur) lors du recouvrement des sommes dues par le client au titre du pr\u00e9sent contrat seront \u00e0 la charge du client.<\/p>\n\n\n\n<p>15. INFORMATION<br>Toutes les distances et informations mentionn\u00e9es dans nos itin\u00e9raires sont approximatives. Elles sont donn\u00e9es \u00e0 titre indicatif et peuvent varier en cas de changement d'itin\u00e9raire. Nous nous effor\u00e7ons de maintenir cet itin\u00e9raire \u00e0 tout moment, mais en raison des conditions climatiques ou de la disponibilit\u00e9 des h\u00e9bergements, la compagnie peut \u00eatre amen\u00e9e \u00e0 en modifier une partie.<\/p>\n\n\n\n<p>L'entreprise se r\u00e9serve le droit de modifier tout ou partie des pr\u00e9sentes conditions g\u00e9n\u00e9rales sans pr\u00e9avis.<\/p>\n\n\n\n<p><\/p>","protected":false},"excerpt":{"rendered":"<p>Terms and Conditions St\u00e9 Moto Aventures Morocco SARL&nbsp;(hereinafter referred to as \u201cthe Company\u201d) accepts clients, and any accompanying 4\u00d74 passengers (hereinafter referred to collectively as \u201cthe Client\u201d) subject to the following conditions: 1. BOOKING AND PAYMENTSThe deposit paid at the time of booking is accepted as part of the total cost of the tour and [&hellip;]<\/p>\n","protected":false},"author":1,"featured_media":20952,"parent":0,"menu_order":0,"comment_status":"closed","ping_status":"closed","template":"","meta":{"_acf_changed":false,"footnotes":""},"class_list":["post-20925","page","type-page","status-publish","has-post-thumbnail","hentry"],"acf":[],"_links":{"self":[{"href":"https:\/\/motoradventures.com\/fr\/wp-json\/wp\/v2\/pages\/20925","targetHints":{"allow":["GET"]}}],"collection":[{"href":"https:\/\/motoradventures.com\/fr\/wp-json\/wp\/v2\/pages"}],"about":[{"href":"https:\/\/motoradventures.com\/fr\/wp-json\/wp\/v2\/types\/page"}],"author":[{"embeddable":true,"href":"https:\/\/motoradventures.com\/fr\/wp-json\/wp\/v2\/users\/1"}],"replies":[{"embeddable":true,"href":"https:\/\/motoradventures.com\/fr\/wp-json\/wp\/v2\/comments?post=20925"}],"version-history":[{"count":4,"href":"https:\/\/motoradventures.com\/fr\/wp-json\/wp\/v2\/pages\/20925\/revisions"}],"predecessor-version":[{"id":24699,"href":"https:\/\/motoradventures.com\/fr\/wp-json\/wp\/v2\/pages\/20925\/revisions\/24699"}],"wp:featuredmedia":[{"embeddable":true,"href":"https:\/\/motoradventures.com\/fr\/wp-json\/wp\/v2\/media\/20952"}],"wp:attachment":[{"href":"https:\/\/motoradventures.com\/fr\/wp-json\/wp\/v2\/media?parent=20925"}],"curies":[{"name":"wp","href":"https:\/\/api.w.org\/{rel}","templated":true}]}}