{"id":20911,"date":"2024-12-27T12:21:24","date_gmt":"2024-12-27T11:21:24","guid":{"rendered":"http:\/\/motoradventures.com\/?page_id=20911"},"modified":"2025-11-18T16:23:49","modified_gmt":"2025-11-18T15:23:49","slug":"poussettes","status":"publish","type":"page","link":"https:\/\/motoradventures.com\/fr\/buggies\/","title":{"rendered":"Nos buggies Can-Am au Maroc"},"content":{"rendered":"<div class=\"wp-block-columns is-layout-flex wp-container-core-columns-is-layout-9d6595d7 wp-block-columns-is-layout-flex\">\n<div class=\"wp-block-column is-layout-flow wp-block-column-is-layout-flow\">\n<h2 class=\"wp-block-heading\">Quels v\u00e9hicules vous attendent lors de nos circuits en buggy au Maroc ?<\/h2>\n\n\n\n<p>Ayez notre <a href=\"https:\/\/motoradventures.com\/fr\/buggy-tours-maroc\/\">excursions en buggy au Maroc<\/a> \u00e9veill\u00e9 votre sens de l'aventure ? Dans toute cette effervescence, vous vous demandez peut-\u00eatre quel type de v\u00e9hicules vous conduirez lors de ces exp\u00e9riences palpitantes dans le d\u00e9sert du Sahara. Chez Motor Adventures, nous mettons un point d'honneur \u00e0 fournir \u00e0 nos clients toutes les informations n\u00e9cessaires avant le d\u00e9but de leurs excursions. Laissez-nous donc vous pr\u00e9senter notre flotte de buggies Can-Am !<\/p>\n\n\n\n<p>Nous proposons une gamme vari\u00e9e de 13 buggies Can-Am Maverick, dont des mod\u00e8les \u00e0 deux et quatre places dans les versions Sport et X3. Cela s'ajoute \u00e0 <a href=\"https:\/\/motoradventures.com\/fr\/velos\/\">nos v\u00e9los<\/a> \u2014 six KTM 450 EXC et six Gas Gas EC 450 dernier cri. Notre m\u00e9canicien sp\u00e9cialis\u00e9 dans les buggies, qui travaille aux c\u00f4t\u00e9s de John, veille \u00e0 ce que votre buggy soit esth\u00e9tique et reste en excellent \u00e9tat de fonctionnement. Cela garantit votre s\u00e9curit\u00e9 et am\u00e9liore votre plaisir de conduite.<br>Si vous avez des questions concernant nos buggies Can-Am ou nos excursions en buggy tout-terrain, n'h\u00e9sitez pas \u00e0 <a href=\"https:\/\/motoradventures.com\/fr\/contactez-nous\/\">contactez-nous<\/a> pour obtenir les r\u00e9ponses dont vous avez besoin.<\/p>\n<\/div>\n\n\n\n<div class=\"wp-block-column is-layout-flow wp-block-column-is-layout-flow\">\n<h3 class=\"wp-block-heading\">L'\u00e9quipement n\u00e9cessaire pour nos excursions en buggy au Maroc<\/h3>\n\n\n\n<p>Vous n'avez pas besoin d'exp\u00e9rience en tout-terrain pour participer \u00e0 nos excursions en buggy, mais vous devez \u00eatre titulaire d'un permis de conduire valide. Vous devez \u00e9galement apporter l'\u00e9quipement suivant pour garantir une conduite s\u00fbre, confortable et palpitante :<\/p>\n\n\n\n<ul class=\"wp-block-list\">\n<li>Casque MX int\u00e9gral avec lunettes ou visi\u00e8re (peut \u00e9galement \u00eatre fourni par nos soins)<\/li>\n\n\n\n<li>Pantalon long<\/li>\n\n\n\n<li>Chemise \u00e0 manches longues<\/li>\n\n\n\n<li>Chaussures confortables<\/li>\n\n\n\n<li>Gants<\/li>\n<\/ul>\n\n\n\n<p>Prenez note\u2026 Vous <em>volont\u00e9<\/em> s'empoussi\u00e9rer et s'ensabler <em>volont\u00e9<\/em> aller partout, il est donc essentiel d'avoir le bon \u00e9quipement !<\/p>\n\n\n\n<p>Si vous souhaitez en savoir plus sur l'\u00e9quipement sp\u00e9cifique aux circuits, n'h\u00e9sitez pas \u00e0 <a href=\"https:\/\/motoradventures.com\/fr\/contactez-nous\/\">prendre contact<\/a> si vous avez des questions. Pour l'instant, plongez-vous dans notre programme de cinq jours. <a href=\"https:\/\/motoradventures.com\/fr\/visite\/safari-en-buggy-tout-terrain\/\">Safari en buggy tout-terrain et \u00e0 v\u00e9lo dans le d\u00e9sert du Sahara au Maroc<\/a> et d\u00e9couvrez ce que vous pouvez attendre de nos exp\u00e9riences exaltantes. Et n'oubliez pas, vous pouvez r\u00e9server nos buggies pour toutes les excursions hors route !<\/p>\n<\/div>\n<\/div>\n\n\n<div class=\"wp-block-image\">\n<figure class=\"aligncenter size-full\"><img loading=\"lazy\" decoding=\"async\" width=\"1280\" height=\"853\" src=\"https:\/\/motoradventures.com\/wp-content\/uploads\/2024\/12\/fb56edda-3096-4c0d-a3dd-8447359134a4.jpg\" alt=\"\" class=\"wp-image-22057\" srcset=\"https:\/\/motoradventures.com\/wp-content\/uploads\/2024\/12\/fb56edda-3096-4c0d-a3dd-8447359134a4.jpg 1280w, https:\/\/motoradventures.com\/wp-content\/uploads\/2024\/12\/fb56edda-3096-4c0d-a3dd-8447359134a4-300x200.jpg 300w, https:\/\/motoradventures.com\/wp-content\/uploads\/2024\/12\/fb56edda-3096-4c0d-a3dd-8447359134a4-1024x682.jpg 1024w, https:\/\/motoradventures.com\/wp-content\/uploads\/2024\/12\/fb56edda-3096-4c0d-a3dd-8447359134a4-768x512.jpg 768w\" sizes=\"auto, (max-width: 1280px) 100vw, 1280px\" \/><\/figure>\n<\/div>\n\n\n<figure class=\"wp-block-gallery has-nested-images columns-5 is-cropped wp-block-gallery-1 is-layout-flex wp-block-gallery-is-layout-flex\">\n<figure class=\"wp-block-image size-large\"><img loading=\"lazy\" decoding=\"async\" width=\"1024\" height=\"682\" data-id=\"22062\" src=\"https:\/\/motoradventures.com\/wp-content\/uploads\/2024\/12\/ffd5d40f-4631-4f43-969c-8170edf4d858-1024x682.jpg\" alt=\"\" class=\"wp-image-22062\" srcset=\"https:\/\/motoradventures.com\/wp-content\/uploads\/2024\/12\/ffd5d40f-4631-4f43-969c-8170edf4d858-1024x682.jpg 1024w, https:\/\/motoradventures.com\/wp-content\/uploads\/2024\/12\/ffd5d40f-4631-4f43-969c-8170edf4d858-300x200.jpg 300w, https:\/\/motoradventures.com\/wp-content\/uploads\/2024\/12\/ffd5d40f-4631-4f43-969c-8170edf4d858-768x512.jpg 768w, https:\/\/motoradventures.com\/wp-content\/uploads\/2024\/12\/ffd5d40f-4631-4f43-969c-8170edf4d858.jpg 1280w\" sizes=\"auto, (max-width: 1024px) 100vw, 1024px\" \/><\/figure>\n\n\n\n<figure class=\"wp-block-image size-large\"><img loading=\"lazy\" decoding=\"async\" width=\"1024\" height=\"682\" data-id=\"21951\" src=\"https:\/\/motoradventures.com\/wp-content\/uploads\/2024\/12\/84cc14b8-8d40-465c-ada4-dcb0791b7832-1024x682.jpg\" alt=\"\" class=\"wp-image-21951\" srcset=\"https:\/\/motoradventures.com\/wp-content\/uploads\/2024\/12\/84cc14b8-8d40-465c-ada4-dcb0791b7832-1024x682.jpg 1024w, https:\/\/motoradventures.com\/wp-content\/uploads\/2024\/12\/84cc14b8-8d40-465c-ada4-dcb0791b7832-300x200.jpg 300w, https:\/\/motoradventures.com\/wp-content\/uploads\/2024\/12\/84cc14b8-8d40-465c-ada4-dcb0791b7832-768x512.jpg 768w, https:\/\/motoradventures.com\/wp-content\/uploads\/2024\/12\/84cc14b8-8d40-465c-ada4-dcb0791b7832.jpg 1280w\" sizes=\"auto, (max-width: 1024px) 100vw, 1024px\" \/><\/figure>\n\n\n\n<figure class=\"wp-block-image size-large\"><img loading=\"lazy\" decoding=\"async\" width=\"1024\" height=\"768\" data-id=\"21713\" src=\"https:\/\/motoradventures.com\/wp-content\/uploads\/2024\/12\/IMG_4500.jpg\" alt=\"\" class=\"wp-image-21713\" srcset=\"https:\/\/motoradventures.com\/wp-content\/uploads\/2024\/12\/IMG_4500.jpg 1024w, https:\/\/motoradventures.com\/wp-content\/uploads\/2024\/12\/IMG_4500-300x225.jpg 300w, https:\/\/motoradventures.com\/wp-content\/uploads\/2024\/12\/IMG_4500-768x576.jpg 768w\" sizes=\"auto, (max-width: 1024px) 100vw, 1024px\" \/><\/figure>\n\n\n\n<figure class=\"wp-block-image size-large\"><img loading=\"lazy\" decoding=\"async\" width=\"1024\" height=\"768\" data-id=\"21689\" src=\"https:\/\/motoradventures.com\/wp-content\/uploads\/2024\/12\/IMG_4306.jpg\" alt=\"\" class=\"wp-image-21689\" srcset=\"https:\/\/motoradventures.com\/wp-content\/uploads\/2024\/12\/IMG_4306.jpg 1024w, https:\/\/motoradventures.com\/wp-content\/uploads\/2024\/12\/IMG_4306-300x225.jpg 300w, https:\/\/motoradventures.com\/wp-content\/uploads\/2024\/12\/IMG_4306-768x576.jpg 768w\" sizes=\"auto, (max-width: 1024px) 100vw, 1024px\" \/><\/figure>\n\n\n\n<figure class=\"wp-block-image size-large\"><img loading=\"lazy\" decoding=\"async\" width=\"1024\" height=\"576\" data-id=\"139\" src=\"https:\/\/motoradventures.com\/wp-content\/uploads\/2024\/11\/JOHN_STAPELS_1422_IMG_4432-1024x576.jpg\" alt=\"\" class=\"wp-image-139\" srcset=\"https:\/\/motoradventures.com\/wp-content\/uploads\/2024\/11\/JOHN_STAPELS_1422_IMG_4432-1024x576.jpg 1024w, https:\/\/motoradventures.com\/wp-content\/uploads\/2024\/11\/JOHN_STAPELS_1422_IMG_4432-300x169.jpg 300w, https:\/\/motoradventures.com\/wp-content\/uploads\/2024\/11\/JOHN_STAPELS_1422_IMG_4432-768x432.jpg 768w, https:\/\/motoradventures.com\/wp-content\/uploads\/2024\/11\/JOHN_STAPELS_1422_IMG_4432-1536x864.jpg 1536w, https:\/\/motoradventures.com\/wp-content\/uploads\/2024\/11\/JOHN_STAPELS_1422_IMG_4432.jpg 1920w\" sizes=\"auto, (max-width: 1024px) 100vw, 1024px\" \/><\/figure>\n<\/figure>\n\n\n\n<p><\/p>","protected":false},"excerpt":{"rendered":"<p>Nos buggies Can-Am au Maroc sont au c\u0153ur de certaines de nos aventures les plus populaires dans le d\u00e9sert du Sahara. D\u00e9couvrez-en plus sur la flotte Motor Adventures.<\/p>","protected":false},"author":1,"featured_media":20917,"parent":0,"menu_order":0,"comment_status":"closed","ping_status":"closed","template":"","meta":{"_acf_changed":false,"footnotes":""},"class_list":["post-20911","page","type-page","status-publish","has-post-thumbnail","hentry"],"acf":[],"_links":{"self":[{"href":"https:\/\/motoradventures.com\/fr\/wp-json\/wp\/v2\/pages\/20911","targetHints":{"allow":["GET"]}}],"collection":[{"href":"https:\/\/motoradventures.com\/fr\/wp-json\/wp\/v2\/pages"}],"about":[{"href":"https:\/\/motoradventures.com\/fr\/wp-json\/wp\/v2\/types\/page"}],"author":[{"embeddable":true,"href":"https:\/\/motoradventures.com\/fr\/wp-json\/wp\/v2\/users\/1"}],"replies":[{"embeddable":true,"href":"https:\/\/motoradventures.com\/fr\/wp-json\/wp\/v2\/comments?post=20911"}],"version-history":[{"count":10,"href":"https:\/\/motoradventures.com\/fr\/wp-json\/wp\/v2\/pages\/20911\/revisions"}],"predecessor-version":[{"id":23611,"href":"https:\/\/motoradventures.com\/fr\/wp-json\/wp\/v2\/pages\/20911\/revisions\/23611"}],"wp:featuredmedia":[{"embeddable":true,"href":"https:\/\/motoradventures.com\/fr\/wp-json\/wp\/v2\/media\/20917"}],"wp:attachment":[{"href":"https:\/\/motoradventures.com\/fr\/wp-json\/wp\/v2\/media?parent=20911"}],"curies":[{"name":"wp","href":"https:\/\/api.w.org\/{rel}","templated":true}]}}