{"id":20886,"date":"2024-12-27T12:07:22","date_gmt":"2024-12-27T11:07:22","guid":{"rendered":"http:\/\/motoradventures.com\/?page_id=20886"},"modified":"2025-05-19T18:24:39","modified_gmt":"2025-05-19T16:24:39","slug":"velos","status":"publish","type":"page","link":"https:\/\/motoradventures.com\/fr\/bikes\/","title":{"rendered":"Nos v\u00e9los au Maroc et en Afrique du Sud"},"content":{"rendered":"<h2 class=\"wp-block-heading has-text-align-center\">Circuits hors route<\/h2>\n\n\n\n<hr class=\"wp-block-separator has-text-color has-alpha-channel-opacity has-background is-style-default\" style=\"background-color:#ff6600;color:#ff6600\"\/>\n\n\n\n<div class=\"wp-block-columns is-layout-flex wp-container-core-columns-is-layout-9d6595d7 wp-block-columns-is-layout-flex\">\n<div class=\"wp-block-column is-layout-flow wp-block-column-is-layout-flow\">\n<h3 class=\"wp-block-heading\">Notre flotte KTM et Gas Gas Maroc<\/h3>\n\n\n\n<p>Chez Motor Aventures, nous sommes extr\u00eamement fiers de nos motos et buggies. Au Maroc, nous disposons d'une flotte de six mod\u00e8les r\u00e9cents KTM 450 EXC et six Gas Gas EC 450 qui sont soumis \u00e0 un programme d'entretien rigoureux afin de garantir leurs performances optimales. Notre m\u00e9canicien qualifi\u00e9, en collaboration avec John, travaille avec diligence non seulement pour que votre moto de randonn\u00e9e soit impeccable, mais aussi pour s'assurer qu'elle est en parfait \u00e9tat de fonctionnement. Ce souci du d\u00e9tail garantit votre s\u00e9curit\u00e9 et am\u00e9liore votre exp\u00e9rience de conduite.<\/p>\n\n\n\n<p>De plus, nous proposons trois motos Gas Gas surbaiss\u00e9es dont la hauteur peut \u00eatre r\u00e9duite de sept centim\u00e8tres maximum. Ces motos sont non seulement esth\u00e9tiques, mais aussi l\u00e9g\u00e8res, avec un poids \u00e0 vide de seulement 113,5 kg. Veuillez noter que si vous souhaitez une moto surbaiss\u00e9e, vous devez ajouter cette option \u00e0 votre r\u00e9servation.<\/p>\n\n\n\n<p>Si vous avez des questions concernant nos v\u00e9los, n'h\u00e9sitez pas \u00e0 <a href=\"https:\/\/motoradventures.com\/fr\/contactez-nous\/\">contactez-nous<\/a> pour plus d'informations. Et si vous h\u00e9sitez encore sur le v\u00e9hicule qui vous conviendra le mieux, d\u00e9couvrez-en davantage sur <a href=\"https:\/\/motoradventures.com\/fr\/poussettes\/\">nos buggies Can-Am au Maroc<\/a>!<\/p>\n<\/div>\n\n\n\n<div class=\"wp-block-column is-layout-flow wp-block-column-is-layout-flow\">\n<h3 class=\"wp-block-heading\">L'\u00e9quipement n\u00e9cessaire pour nos circuits d'enduro ou tout-terrain au Maroc<\/h3>\n\n\n\n<p>\u00c9tant donn\u00e9 que tous les cyclistes qui rejoignent notre <a href=\"https:\/\/motoradventures.com\/fr\/circuits-hors-route-au-maroc\/\">circuits enduro extr\u00eame au Maroc<\/a> Une exp\u00e9rience pr\u00e9alable du tout-terrain est requise. Nous vous demandons donc de bien vouloir venir avec vos propres v\u00eatements et \u00e9quipements. En portant vos propres v\u00eatements, vous pourrez profiter d'un confort optimal tout au long de la visite.<\/p>\n\n\n\n<p>Vous aurez besoin de :<\/p>\n\n\n\n<ul class=\"wp-block-list\">\n<li>Casque MX int\u00e9gral avec lunettes ou visi\u00e8re<\/li>\n\n\n\n<li>Gilet pare-balles<\/li>\n\n\n\n<li>Protections pour les genoux et les coudes<\/li>\n\n\n\n<li>Bottes MX<\/li>\n\n\n\n<li>Chemise et pantalon MX<\/li>\n\n\n\n<li>Gants<\/li>\n\n\n\n<li>Syst\u00e8me d'hydratation<\/li>\n<\/ul>\n<\/div>\n<\/div>\n\n\n\n<figure class=\"wp-block-image size-full\"><img loading=\"lazy\" decoding=\"async\" width=\"1920\" height=\"1080\" src=\"https:\/\/motoradventures.com\/wp-content\/uploads\/2024\/12\/20210916_084935.jpg\" alt=\"\" class=\"wp-image-20894\" srcset=\"https:\/\/motoradventures.com\/wp-content\/uploads\/2024\/12\/20210916_084935.jpg 1920w, https:\/\/motoradventures.com\/wp-content\/uploads\/2024\/12\/20210916_084935-300x169.jpg 300w, https:\/\/motoradventures.com\/wp-content\/uploads\/2024\/12\/20210916_084935-1024x576.jpg 1024w, https:\/\/motoradventures.com\/wp-content\/uploads\/2024\/12\/20210916_084935-768x432.jpg 768w, https:\/\/motoradventures.com\/wp-content\/uploads\/2024\/12\/20210916_084935-1536x864.jpg 1536w\" sizes=\"auto, (max-width: 1920px) 100vw, 1920px\" \/><\/figure>\n\n\n\n<figure class=\"wp-block-gallery has-nested-images columns-5 is-cropped wp-block-gallery-1 is-layout-flex wp-block-gallery-is-layout-flex\">\n<figure class=\"wp-block-image size-full\"><img loading=\"lazy\" decoding=\"async\" width=\"1280\" height=\"853\" data-id=\"22055\" src=\"https:\/\/motoradventures.com\/wp-content\/uploads\/2024\/12\/f872e325-e48a-4b45-9a58-33ffdb8d92da.jpg\" alt=\"\" class=\"wp-image-22055\" srcset=\"https:\/\/motoradventures.com\/wp-content\/uploads\/2024\/12\/f872e325-e48a-4b45-9a58-33ffdb8d92da.jpg 1280w, https:\/\/motoradventures.com\/wp-content\/uploads\/2024\/12\/f872e325-e48a-4b45-9a58-33ffdb8d92da-300x200.jpg 300w, https:\/\/motoradventures.com\/wp-content\/uploads\/2024\/12\/f872e325-e48a-4b45-9a58-33ffdb8d92da-1024x682.jpg 1024w, https:\/\/motoradventures.com\/wp-content\/uploads\/2024\/12\/f872e325-e48a-4b45-9a58-33ffdb8d92da-768x512.jpg 768w\" sizes=\"auto, (max-width: 1280px) 100vw, 1280px\" \/><\/figure>\n\n\n\n<figure class=\"wp-block-image size-full\"><img loading=\"lazy\" decoding=\"async\" width=\"1280\" height=\"853\" data-id=\"22016\" src=\"https:\/\/motoradventures.com\/wp-content\/uploads\/2024\/12\/bb0724b6-1c49-417c-ad78-2ad45ba9bcba.jpg\" alt=\"\" class=\"wp-image-22016\" srcset=\"https:\/\/motoradventures.com\/wp-content\/uploads\/2024\/12\/bb0724b6-1c49-417c-ad78-2ad45ba9bcba.jpg 1280w, https:\/\/motoradventures.com\/wp-content\/uploads\/2024\/12\/bb0724b6-1c49-417c-ad78-2ad45ba9bcba-300x200.jpg 300w, https:\/\/motoradventures.com\/wp-content\/uploads\/2024\/12\/bb0724b6-1c49-417c-ad78-2ad45ba9bcba-1024x682.jpg 1024w, https:\/\/motoradventures.com\/wp-content\/uploads\/2024\/12\/bb0724b6-1c49-417c-ad78-2ad45ba9bcba-768x512.jpg 768w\" sizes=\"auto, (max-width: 1280px) 100vw, 1280px\" \/><\/figure>\n\n\n\n<figure class=\"wp-block-image size-full\"><img loading=\"lazy\" decoding=\"async\" width=\"1920\" height=\"1080\" data-id=\"21315\" src=\"https:\/\/motoradventures.com\/wp-content\/uploads\/2024\/12\/TylerRavelle_Morocco_-2538.jpg\" alt=\"\" class=\"wp-image-21315\" srcset=\"https:\/\/motoradventures.com\/wp-content\/uploads\/2024\/12\/TylerRavelle_Morocco_-2538.jpg 1920w, https:\/\/motoradventures.com\/wp-content\/uploads\/2024\/12\/TylerRavelle_Morocco_-2538-300x169.jpg 300w, https:\/\/motoradventures.com\/wp-content\/uploads\/2024\/12\/TylerRavelle_Morocco_-2538-1024x576.jpg 1024w, https:\/\/motoradventures.com\/wp-content\/uploads\/2024\/12\/TylerRavelle_Morocco_-2538-768x432.jpg 768w, https:\/\/motoradventures.com\/wp-content\/uploads\/2024\/12\/TylerRavelle_Morocco_-2538-1536x864.jpg 1536w\" sizes=\"auto, (max-width: 1920px) 100vw, 1920px\" \/><\/figure>\n\n\n\n<figure class=\"wp-block-image size-full\"><img loading=\"lazy\" decoding=\"async\" width=\"1920\" height=\"1080\" data-id=\"21006\" src=\"https:\/\/motoradventures.com\/wp-content\/uploads\/2024\/12\/TylerRavelle_Morocco_-4000.jpg\" alt=\"\" class=\"wp-image-21006\" srcset=\"https:\/\/motoradventures.com\/wp-content\/uploads\/2024\/12\/TylerRavelle_Morocco_-4000.jpg 1920w, https:\/\/motoradventures.com\/wp-content\/uploads\/2024\/12\/TylerRavelle_Morocco_-4000-300x169.jpg 300w, https:\/\/motoradventures.com\/wp-content\/uploads\/2024\/12\/TylerRavelle_Morocco_-4000-1024x576.jpg 1024w, https:\/\/motoradventures.com\/wp-content\/uploads\/2024\/12\/TylerRavelle_Morocco_-4000-768x432.jpg 768w, https:\/\/motoradventures.com\/wp-content\/uploads\/2024\/12\/TylerRavelle_Morocco_-4000-1536x864.jpg 1536w\" sizes=\"auto, (max-width: 1920px) 100vw, 1920px\" \/><\/figure>\n\n\n\n<figure class=\"wp-block-image size-full\"><img loading=\"lazy\" decoding=\"async\" width=\"1920\" height=\"1080\" data-id=\"74\" src=\"https:\/\/motoradventures.com\/wp-content\/uploads\/2024\/11\/TylerRavelle_Morocco_-4095.jpg\" alt=\"TylerRavelle_Maroc_-4095\" class=\"wp-image-74\" srcset=\"https:\/\/motoradventures.com\/wp-content\/uploads\/2024\/11\/TylerRavelle_Morocco_-4095.jpg 1920w, https:\/\/motoradventures.com\/wp-content\/uploads\/2024\/11\/TylerRavelle_Morocco_-4095-300x169.jpg 300w, https:\/\/motoradventures.com\/wp-content\/uploads\/2024\/11\/TylerRavelle_Morocco_-4095-1024x576.jpg 1024w, https:\/\/motoradventures.com\/wp-content\/uploads\/2024\/11\/TylerRavelle_Morocco_-4095-768x432.jpg 768w, https:\/\/motoradventures.com\/wp-content\/uploads\/2024\/11\/TylerRavelle_Morocco_-4095-1536x864.jpg 1536w\" sizes=\"auto, (max-width: 1920px) 100vw, 1920px\" \/><\/figure>\n<\/figure>\n\n\n\n<div style=\"height:50px\" aria-hidden=\"true\" class=\"wp-block-spacer\"><\/div>\n\n\n\n<h2 class=\"wp-block-heading has-text-align-center\">Circuits \u00e0 v\u00e9lo d'aventure<\/h2>\n\n\n\n<hr class=\"wp-block-separator has-text-color has-alpha-channel-opacity has-background\" style=\"background-color:#ff6600;color:#ff6600\"\/>\n\n\n\n<div class=\"wp-block-columns is-layout-flex wp-container-core-columns-is-layout-9d6595d7 wp-block-columns-is-layout-flex\">\n<div class=\"wp-block-column is-layout-flow wp-block-column-is-layout-flow\">\n<h3 class=\"wp-block-heading\">Nos motos BMW GS pour les circuits moto aventure au Maroc<\/h3>\n\n\n\n<p>Pour notre derni\u00e8re <a href=\"https:\/\/motoradventures.com\/fr\/circuits-moto-sur-route-au-maroc\/\">Circuits moto aventure au Maroc<\/a>, nous proposons une gamme vari\u00e9e de motos BMW GS. Ces motos double usage sont id\u00e9ales pour explorer diff\u00e9rents terrains et sont r\u00e9put\u00e9es pour leur fiabilit\u00e9. Que vous rouliez sur des routes lisses ou des chemins de gravier peu accident\u00e9s, ces motos vous offriront un voyage confortable et \u00e9l\u00e9gant. Elles peuvent \u00e9galement accueillir des passagers sans aucun probl\u00e8me.<\/p>\n\n\n\n<p>Si vous pr\u00e9f\u00e9rez une moto avec un moteur plus petit, faites-le nous savoir et nous serons ravis de vous aider.<\/p>\n\n\n\n<p>Soyez assur\u00e9 que les motos que nous utilisons sont des mod\u00e8les r\u00e9cents haut de gamme avec un faible kilom\u00e9trage. Elles sont r\u00e9guli\u00e8rement entretenues conform\u00e9ment aux directives BMW afin de garantir des performances optimales. Nous pouvons \u00e9galement \u00e9quiper votre moto d'un syst\u00e8me de navigation convivial sur demande.<\/p>\n<\/div>\n\n\n\n<div class=\"wp-block-column is-layout-flow wp-block-column-is-layout-flow\">\n<h3 class=\"wp-block-heading\">L'\u00e9quipement n\u00e9cessaire pour nos circuits \u00e0 v\u00e9lo d'aventure au Maroc<\/h3>\n\n\n\n<p>Pour cette aventure, veuillez apporter avec vous :<\/p>\n\n\n\n<ul class=\"wp-block-list\">\n<li>Pantalon et veste \u2013 Textile, respirant, style rallye tout-terrain, par exemple Hein Gericke, BMW ou KTM, avec protections et armures int\u00e9gr\u00e9es.<\/li>\n\n\n\n<li>V\u00eatements thermiques \u2013 Mat\u00e9riaux l\u00e9gers recommand\u00e9s pour prot\u00e9ger contre les frottements et pour les zones de haute montagne. N'oubliez pas non plus votre cache-cou !<\/li>\n\n\n\n<li>Bottes \u2013 Une paire de bottes d'\u00e9quitation r\u00e9sistantes.<\/li>\n\n\n\n<li>Gants \u2013 Type MX ou enduro.<\/li>\n\n\n\n<li>V\u00eatements de pluie \u2013 Combinaison Pac-Jac l\u00e9g\u00e8re et imperm\u00e9able (si votre \u00e9quipement n'est pas imperm\u00e9able).<\/li>\n\n\n\n<li>Hydratation\/sac \u00e0 dos \u2013 Une capacit\u00e9 de 1,5 \u00e0 2 litres d'eau est id\u00e9ale, par exemple Kriega, Camelbak.<\/li>\n\n\n\n<li>Casque \u2013 Casque de type MX tout-terrain avec mentonni\u00e8re et visi\u00e8re.<\/li>\n<\/ul>\n<\/div>\n<\/div>\n\n\n\n<figure class=\"wp-block-image size-full\"><img loading=\"lazy\" decoding=\"async\" width=\"2560\" height=\"1920\" src=\"https:\/\/motoradventures.com\/wp-content\/uploads\/2024\/12\/20241029_155726-scaled.jpg\" alt=\"\" class=\"wp-image-21786\" srcset=\"https:\/\/motoradventures.com\/wp-content\/uploads\/2024\/12\/20241029_155726-scaled.jpg 2560w, https:\/\/motoradventures.com\/wp-content\/uploads\/2024\/12\/20241029_155726-300x225.jpg 300w, https:\/\/motoradventures.com\/wp-content\/uploads\/2024\/12\/20241029_155726-1024x768.jpg 1024w, https:\/\/motoradventures.com\/wp-content\/uploads\/2024\/12\/20241029_155726-768x576.jpg 768w, https:\/\/motoradventures.com\/wp-content\/uploads\/2024\/12\/20241029_155726-1536x1152.jpg 1536w, https:\/\/motoradventures.com\/wp-content\/uploads\/2024\/12\/20241029_155726-2048x1536.jpg 2048w\" sizes=\"auto, (max-width: 2560px) 100vw, 2560px\" \/><\/figure>\n\n\n\n<figure class=\"wp-block-gallery has-nested-images columns-5 is-cropped wp-block-gallery-2 is-layout-flex wp-block-gallery-is-layout-flex\">\n<figure class=\"wp-block-image size-large\"><img loading=\"lazy\" decoding=\"async\" width=\"1024\" height=\"768\" data-id=\"21786\" src=\"https:\/\/motoradventures.com\/wp-content\/uploads\/2024\/12\/20241029_155726-1024x768.jpg\" alt=\"\" class=\"wp-image-21786\" srcset=\"https:\/\/motoradventures.com\/wp-content\/uploads\/2024\/12\/20241029_155726-1024x768.jpg 1024w, https:\/\/motoradventures.com\/wp-content\/uploads\/2024\/12\/20241029_155726-300x225.jpg 300w, https:\/\/motoradventures.com\/wp-content\/uploads\/2024\/12\/20241029_155726-768x576.jpg 768w, https:\/\/motoradventures.com\/wp-content\/uploads\/2024\/12\/20241029_155726-1536x1152.jpg 1536w, https:\/\/motoradventures.com\/wp-content\/uploads\/2024\/12\/20241029_155726-2048x1536.jpg 2048w\" sizes=\"auto, (max-width: 1024px) 100vw, 1024px\" \/><\/figure>\n\n\n\n<figure class=\"wp-block-image size-large\"><img loading=\"lazy\" decoding=\"async\" width=\"1024\" height=\"768\" data-id=\"21782\" src=\"https:\/\/motoradventures.com\/wp-content\/uploads\/2024\/12\/20241027_145019-1024x768.jpg\" alt=\"\" class=\"wp-image-21782\" srcset=\"https:\/\/motoradventures.com\/wp-content\/uploads\/2024\/12\/20241027_145019-1024x768.jpg 1024w, https:\/\/motoradventures.com\/wp-content\/uploads\/2024\/12\/20241027_145019-300x225.jpg 300w, https:\/\/motoradventures.com\/wp-content\/uploads\/2024\/12\/20241027_145019-768x576.jpg 768w, https:\/\/motoradventures.com\/wp-content\/uploads\/2024\/12\/20241027_145019-1536x1152.jpg 1536w, https:\/\/motoradventures.com\/wp-content\/uploads\/2024\/12\/20241027_145019-2048x1536.jpg 2048w\" sizes=\"auto, (max-width: 1024px) 100vw, 1024px\" \/><\/figure>\n\n\n\n<figure class=\"wp-block-image size-large\"><img loading=\"lazy\" decoding=\"async\" width=\"1024\" height=\"768\" data-id=\"22347\" src=\"https:\/\/motoradventures.com\/wp-content\/uploads\/2025\/01\/IMG_0995-1024x768.jpg\" alt=\"\" class=\"wp-image-22347\" srcset=\"https:\/\/motoradventures.com\/wp-content\/uploads\/2025\/01\/IMG_0995-1024x768.jpg 1024w, https:\/\/motoradventures.com\/wp-content\/uploads\/2025\/01\/IMG_0995-300x225.jpg 300w, https:\/\/motoradventures.com\/wp-content\/uploads\/2025\/01\/IMG_0995-768x576.jpg 768w, https:\/\/motoradventures.com\/wp-content\/uploads\/2025\/01\/IMG_0995-1536x1152.jpg 1536w, https:\/\/motoradventures.com\/wp-content\/uploads\/2025\/01\/IMG_0995-2048x1536.jpg 2048w\" sizes=\"auto, (max-width: 1024px) 100vw, 1024px\" \/><\/figure>\n\n\n\n<figure class=\"wp-block-image size-large\"><img loading=\"lazy\" decoding=\"async\" width=\"1000\" height=\"666\" data-id=\"22345\" src=\"https:\/\/motoradventures.com\/wp-content\/uploads\/2025\/01\/DSC04551-1.jpg\" alt=\"\" class=\"wp-image-22345\" srcset=\"https:\/\/motoradventures.com\/wp-content\/uploads\/2025\/01\/DSC04551-1.jpg 1000w, https:\/\/motoradventures.com\/wp-content\/uploads\/2025\/01\/DSC04551-1-300x200.jpg 300w, https:\/\/motoradventures.com\/wp-content\/uploads\/2025\/01\/DSC04551-1-768x511.jpg 768w\" sizes=\"auto, (max-width: 1000px) 100vw, 1000px\" \/><\/figure>\n\n\n\n<figure class=\"wp-block-image size-large\"><img loading=\"lazy\" decoding=\"async\" width=\"1000\" height=\"666\" data-id=\"22346\" src=\"https:\/\/motoradventures.com\/wp-content\/uploads\/2025\/01\/DSC04571.jpg\" alt=\"\" class=\"wp-image-22346\" srcset=\"https:\/\/motoradventures.com\/wp-content\/uploads\/2025\/01\/DSC04571.jpg 1000w, https:\/\/motoradventures.com\/wp-content\/uploads\/2025\/01\/DSC04571-300x200.jpg 300w, https:\/\/motoradventures.com\/wp-content\/uploads\/2025\/01\/DSC04571-768x511.jpg 768w\" sizes=\"auto, (max-width: 1000px) 100vw, 1000px\" \/><\/figure>\n<\/figure>\n\n\n\n<div style=\"height:50px\" aria-hidden=\"true\" class=\"wp-block-spacer\"><\/div>\n\n\n\n<h2 class=\"wp-block-heading\">Les avantages de notre Triumph Tiger 900 pour les circuits en moto d'aventure en Afrique du Sud<\/h2>\n\n\n\n<div class=\"wp-block-columns is-layout-flex wp-container-core-columns-is-layout-9d6595d7 wp-block-columns-is-layout-flex\">\n<div class=\"wp-block-column is-layout-flow wp-block-column-is-layout-flow\">\n<p>D\u00e9couvrez les sensations fortes procur\u00e9es par nos motos Triumph Tiger 900 Pro sur notre <a href=\"https:\/\/motoradventures.com\/fr\/voyages-en-afrique-du-sud\/\">Circuits d'aventure en Afrique du Sud<\/a>. Ces v\u00e9los sont con\u00e7us pour rouler sur diff\u00e9rents types de terrains, offrant fiabilit\u00e9 et performances exceptionnelles.<\/p>\n\n\n\n<p>Avec leur design \u00e9l\u00e9gant et leur conduite confortable, ils sont parfaits pour les passagers seuls ou \u00e0 deux. Si vous pr\u00e9f\u00e9rez une moto avec un moteur plus petit, nous serons ravis de r\u00e9pondre \u00e0 votre demande. <\/p>\n<\/div>\n\n\n\n<div class=\"wp-block-column is-layout-flow wp-block-column-is-layout-flow\">\n<p>Notre \u00e9quipe s'engage \u00e0 vous fournir le v\u00e9lo qui r\u00e9pondra parfaitement \u00e0 vos besoins. Il vous suffit de nous faire part de vos pr\u00e9f\u00e9rences et nous nous chargerons du reste. <\/p>\n\n\n\n<p>En mati\u00e8re de qualit\u00e9 de nos motos, nous ne l\u00e9sinons pas sur les moyens. Les motos Triumph Tiger 900 Pro que nous proposons sont toutes des mod\u00e8les r\u00e9cents haut de gamme avec un faible kilom\u00e9trage. Nous veillons \u00e0 ce qu'elles soient r\u00e9guli\u00e8rement entretenues et r\u00e9vis\u00e9es conform\u00e9ment aux directives de Triumph afin de garantir leurs performances et leur fiabilit\u00e9 optimales.<br><\/p>\n<\/div>\n<\/div>\n\n\n\n<figure class=\"wp-block-image size-full\"><img loading=\"lazy\" decoding=\"async\" width=\"1920\" height=\"1080\" src=\"https:\/\/motoradventures.com\/wp-content\/uploads\/2024\/12\/BDE1C105-7FAC-4D34-B115-DA37C21597E1-5.jpg\" alt=\"\" class=\"wp-image-20893\" srcset=\"https:\/\/motoradventures.com\/wp-content\/uploads\/2024\/12\/BDE1C105-7FAC-4D34-B115-DA37C21597E1-5.jpg 1920w, https:\/\/motoradventures.com\/wp-content\/uploads\/2024\/12\/BDE1C105-7FAC-4D34-B115-DA37C21597E1-5-300x169.jpg 300w, https:\/\/motoradventures.com\/wp-content\/uploads\/2024\/12\/BDE1C105-7FAC-4D34-B115-DA37C21597E1-5-1024x576.jpg 1024w, https:\/\/motoradventures.com\/wp-content\/uploads\/2024\/12\/BDE1C105-7FAC-4D34-B115-DA37C21597E1-5-768x432.jpg 768w, https:\/\/motoradventures.com\/wp-content\/uploads\/2024\/12\/BDE1C105-7FAC-4D34-B115-DA37C21597E1-5-1536x864.jpg 1536w\" sizes=\"auto, (max-width: 1920px) 100vw, 1920px\" \/><\/figure>","protected":false},"excerpt":{"rendered":"<p>Off-Road Tours Our KTM and Gas Gas Morocco Fleet Here at Motor Aventures, we take immense pride in our bikes and buggies. In Morocco, we have a fleet of six recent model KTM 450 EXCs and six Gas Gas EC 450s that undergo a strict maintenance schedule to ensure their optimal performance. Our skilled mechanic, [&hellip;]<\/p>\n","protected":false},"author":1,"featured_media":21267,"parent":0,"menu_order":0,"comment_status":"closed","ping_status":"closed","template":"","meta":{"_acf_changed":false,"footnotes":""},"class_list":["post-20886","page","type-page","status-publish","has-post-thumbnail","hentry"],"acf":[],"_links":{"self":[{"href":"https:\/\/motoradventures.com\/fr\/wp-json\/wp\/v2\/pages\/20886","targetHints":{"allow":["GET"]}}],"collection":[{"href":"https:\/\/motoradventures.com\/fr\/wp-json\/wp\/v2\/pages"}],"about":[{"href":"https:\/\/motoradventures.com\/fr\/wp-json\/wp\/v2\/types\/page"}],"author":[{"embeddable":true,"href":"https:\/\/motoradventures.com\/fr\/wp-json\/wp\/v2\/users\/1"}],"replies":[{"embeddable":true,"href":"https:\/\/motoradventures.com\/fr\/wp-json\/wp\/v2\/comments?post=20886"}],"version-history":[{"count":9,"href":"https:\/\/motoradventures.com\/fr\/wp-json\/wp\/v2\/pages\/20886\/revisions"}],"predecessor-version":[{"id":22724,"href":"https:\/\/motoradventures.com\/fr\/wp-json\/wp\/v2\/pages\/20886\/revisions\/22724"}],"wp:featuredmedia":[{"embeddable":true,"href":"https:\/\/motoradventures.com\/fr\/wp-json\/wp\/v2\/media\/21267"}],"wp:attachment":[{"href":"https:\/\/motoradventures.com\/fr\/wp-json\/wp\/v2\/media?parent=20886"}],"curies":[{"name":"wp","href":"https:\/\/api.w.org\/{rel}","templated":true}]}}