{"id":20881,"date":"2024-12-27T12:04:25","date_gmt":"2024-12-27T11:04:25","guid":{"rendered":"http:\/\/motoradventures.com\/?page_id=20881"},"modified":"2025-05-02T16:29:35","modified_gmt":"2025-05-02T14:29:35","slug":"circuits-hors-route-au-maroc","status":"publish","type":"page","link":"https:\/\/motoradventures.com\/fr\/off-road-tours-morocco\/","title":{"rendered":"Hard Enduro Morocco Off-Road Tours"},"content":{"rendered":"<h2 class=\"wp-block-heading\">Circuits en moto tout-terrain et exp\u00e9riences en buggy au Maroc<\/h2>\n\n\n\n<div class=\"wp-block-columns is-layout-flex wp-container-core-columns-is-layout-9d6595d7 wp-block-columns-is-layout-flex\">\n<div class=\"wp-block-column is-layout-flow wp-block-column-is-layout-flow\">\n<p>Comment r\u00e9sumer l'essence de nos incroyables voyages d'aventure hard enduro au Maroc ? Eh bien, il y a le frisson des voyages sur des pistes de montagne rocailleuses qui serpentent \u00e0 travers un terrain lunaire. Ensuite, il y a la travers\u00e9e de hauts plateaux avec des vues \u00e0 couper le souffle, les jets d'eau dans les rivi\u00e8res, les descentes dans des gorges profondes, la conqu\u00eate de dunes de 205 m de haut, les lits de rivi\u00e8re sablonneux, le \u201cfesh fesh\u201d, et bien d'autres choses encore.<br><br>Et comme nous avons soigneusement con\u00e7u nos aventures dans le d\u00e9sert du Sahara exclusivement pour notre gamme de v\u00e9hicules, vous pouvez choisir de faire votre voyage sur deux roues ou sur quatre. En savoir plus sur <a href=\"https:\/\/motoradventures.com\/fr\/velos\/\">nos v\u00e9los<\/a> et <a href=\"https:\/\/motoradventures.com\/fr\/poussettes\/\">nos buggys Can-Am<\/a> pour savoir quelle option vous convient le mieux.<\/p>\n<\/div>\n\n\n\n<div class=\"wp-block-column is-layout-flow wp-block-column-is-layout-flow\">\n<p>Des paysages \u00e9poustouflants et une conduite superbe sont la norme pour nos circuits de moto tout-terrain et nos exp\u00e9riences de buggy au Maroc. A lire <a href=\"https:\/\/motoradventures.com\/fr\/nos-avis\/\">nos avis<\/a> pour voir comment nos clients pr\u00e9c\u00e9dents ont \u00e9valu\u00e9 leur s\u00e9jour chez nous et faire votre r\u00e9servation en toute confiance.<\/p>\n\n\n\n<p>Vous \u00eates \u00e0 la recherche d'un voyage enduro ou d'une randonn\u00e9e en dune buggy \u00e0 Marrakech et dans les montagnes et le d\u00e9sert du sud de l'Atlas ? Commen\u00e7ons \u00e0 planifier votre exp\u00e9rience \u00e0 Ouarzazate et dans les environs ! D\u00e9couvrez nos circuits tout-terrain au Maroc ci-dessous !<\/p>\n<\/div>\n<\/div>\n\n\n\n<p><strong><strong>Si vous avez des questions concernant la pr\u00e9-r\u00e9servation, n'h\u00e9sitez pas \u00e0 nous contacter. <a href=\"https:\/\/motoradventures.com\/fr\/contactez-nous\/\">contactez-nous<\/a>. Vous recherchez une exp\u00e9rience plus exclusive ? Nous proposons \u00e9galement des <a href=\"https:\/\/motoradventures.com\/fr\/circuits-sur-mesure\/\">circuits priv\u00e9s dans le d\u00e9sert du Maroc<\/a> con\u00e7u pour les groupes priv\u00e9s !<\/strong><\/strong><\/p>\n\n\n\n<h2 class=\"wp-block-heading\">Nos voyages d'aventure Hard Enduro Maroc<\/h2>","protected":false},"excerpt":{"rendered":"<p>Morocco Off-Road Motorcycle Tours and Buggy Experiences How can we possibly sum up the essence of our incredible hard enduro Morocco adventure trips? Well, there\u2019s the thrill of journeys on rocky mountain tracks winding through lunar-like terrain. Then there\u2019s crossing high plateaus with jaw-dropping views, kicking up water as you splash through rivers, descending into [&hellip;]<\/p>\n","protected":false},"author":1,"featured_media":145,"parent":0,"menu_order":0,"comment_status":"closed","ping_status":"closed","template":"","meta":{"_acf_changed":false,"footnotes":""},"class_list":["post-20881","page","type-page","status-publish","has-post-thumbnail","hentry"],"acf":[],"_links":{"self":[{"href":"https:\/\/motoradventures.com\/fr\/wp-json\/wp\/v2\/pages\/20881","targetHints":{"allow":["GET"]}}],"collection":[{"href":"https:\/\/motoradventures.com\/fr\/wp-json\/wp\/v2\/pages"}],"about":[{"href":"https:\/\/motoradventures.com\/fr\/wp-json\/wp\/v2\/types\/page"}],"author":[{"embeddable":true,"href":"https:\/\/motoradventures.com\/fr\/wp-json\/wp\/v2\/users\/1"}],"replies":[{"embeddable":true,"href":"https:\/\/motoradventures.com\/fr\/wp-json\/wp\/v2\/comments?post=20881"}],"version-history":[{"count":6,"href":"https:\/\/motoradventures.com\/fr\/wp-json\/wp\/v2\/pages\/20881\/revisions"}],"predecessor-version":[{"id":22663,"href":"https:\/\/motoradventures.com\/fr\/wp-json\/wp\/v2\/pages\/20881\/revisions\/22663"}],"wp:featuredmedia":[{"embeddable":true,"href":"https:\/\/motoradventures.com\/fr\/wp-json\/wp\/v2\/media\/145"}],"wp:attachment":[{"href":"https:\/\/motoradventures.com\/fr\/wp-json\/wp\/v2\/media?parent=20881"}],"curies":[{"name":"wp","href":"https:\/\/api.w.org\/{rel}","templated":true}]}}