{"id":20845,"date":"2024-12-27T11:43:52","date_gmt":"2024-12-27T10:43:52","guid":{"rendered":"http:\/\/motoradventures.com\/?page_id=20845"},"modified":"2024-12-27T11:46:05","modified_gmt":"2024-12-27T10:46:05","slug":"buggy-tours-maroc","status":"publish","type":"page","link":"https:\/\/motoradventures.com\/fr\/buggy-tours-morocco\/","title":{"rendered":"Buggy Tours Maroc"},"content":{"rendered":"<h2 class=\"wp-block-heading\">Notre <strong>Excursions en buggy<\/strong> au Maroc<\/h2>\n\n\n\n<div class=\"wp-block-columns is-layout-flex wp-container-core-columns-is-layout-9d6595d7 wp-block-columns-is-layout-flex\">\n<div class=\"wp-block-column is-layout-flow wp-block-column-is-layout-flow\">\n<p>Vous \u00eates \u00e0 la recherche d'une balade en buggy \u00e0 Marrakech, dans les montagnes et le d\u00e9sert au sud des montagnes de l'Atlas ? Motor Adventures a tout pr\u00e9vu ! Rejoignez-nous en quittant Marrakech, en direction de Ouarzazate et loin de la civilisation pour explorer des terrains accident\u00e9s et des paysages \u00e0 couper le souffle dans les r\u00e9gions suivantes&nbsp;<a href=\"https:\/\/motoradventures.com\/fr\/poussettes\/\">nos Buggies Can-Am<\/a>.<\/p>\n\n\n\n<p>Nous avons soigneusement con\u00e7u nos&nbsp;<a href=\"https:\/\/motoradventures.com\/fr\/visite\/buggy-safari\/\">Buggy Safari<\/a>&nbsp;Il comprend donc de hautes dunes, des lits de rivi\u00e8re sablonneux, des pistes de montagne rocailleuses, des travers\u00e9es de rivi\u00e8res, des gorges profondes et bien d'autres terrains difficiles. Mais au milieu de toute cette action, il y a aussi la solitude dans laquelle vous pouvez vous immerger. Vous passerez plusieurs nuits \u00e0 camper dans des endroits sauvages et recul\u00e9s, avec des tentes confortables, des feux de camp le soir et l'observation des \u00e9toiles sous le vaste ciel du d\u00e9sert.<\/p>\n<\/div>\n\n\n\n<div class=\"wp-block-column is-layout-flow wp-block-column-is-layout-flow\">\n<p>Ainsi, si vous cherchez une balade en buggy pr\u00e8s de Marrakech, vous pouvez vous rendre plus loin, \u00e0 Ouarzazate, aux portes du d\u00e9sert du Sahara. L'\u00e9quipe de Motor Adventures viendra vous chercher \u00e0 Marrakech et vous transf\u00e9rera \u00e0 Ouarzazate dans le cadre de votre forfait.<\/p>\n\n\n\n<p>Pr\u00eat \u00e0 planifier un inoubliable circuit en buggy Marrakech-Ouarzazate rempli de paysages \u00e9tonnants et d'exp\u00e9riences passionnantes ? Consultez notre gamme ci-dessous et n'h\u00e9sitez pas \u00e0&nbsp;<a href=\"https:\/\/motoradventures.com\/fr\/contactez-nous\/\">prendre contact<\/a>&nbsp;avec notre \u00e9quipe si vous avez des questions.<\/p>\n<\/div>\n<\/div>\n\n\n\n<h2 class=\"wp-block-heading\">Notre <strong>ouarzazate-marrakech<\/strong> tours en buggy<\/h2>","protected":false},"excerpt":{"rendered":"<p>Our Buggy Tours in Morocco Looking for the ultimate buggy ride in Marrakech and the mountains and desert south of the Atlas Mountains? Motor Adventures has got you covered! Join us as we head out of Marrakech, toward Ouarzazate, and away from civilisation to explore rugged terrain and breathtaking landscapes in&nbsp;our Can-Am Buggies. We have [&hellip;]<\/p>\n","protected":false},"author":1,"featured_media":20850,"parent":0,"menu_order":0,"comment_status":"closed","ping_status":"closed","template":"","meta":{"_acf_changed":false,"footnotes":""},"class_list":["post-20845","page","type-page","status-publish","has-post-thumbnail","hentry"],"acf":[],"_links":{"self":[{"href":"https:\/\/motoradventures.com\/fr\/wp-json\/wp\/v2\/pages\/20845","targetHints":{"allow":["GET"]}}],"collection":[{"href":"https:\/\/motoradventures.com\/fr\/wp-json\/wp\/v2\/pages"}],"about":[{"href":"https:\/\/motoradventures.com\/fr\/wp-json\/wp\/v2\/types\/page"}],"author":[{"embeddable":true,"href":"https:\/\/motoradventures.com\/fr\/wp-json\/wp\/v2\/users\/1"}],"replies":[{"embeddable":true,"href":"https:\/\/motoradventures.com\/fr\/wp-json\/wp\/v2\/comments?post=20845"}],"version-history":[{"count":1,"href":"https:\/\/motoradventures.com\/fr\/wp-json\/wp\/v2\/pages\/20845\/revisions"}],"predecessor-version":[{"id":23367,"href":"https:\/\/motoradventures.com\/fr\/wp-json\/wp\/v2\/pages\/20845\/revisions\/23367"}],"wp:featuredmedia":[{"embeddable":true,"href":"https:\/\/motoradventures.com\/fr\/wp-json\/wp\/v2\/media\/20850"}],"wp:attachment":[{"href":"https:\/\/motoradventures.com\/fr\/wp-json\/wp\/v2\/media?parent=20845"}],"curies":[{"name":"wp","href":"https:\/\/api.w.org\/{rel}","templated":true}]}}