{"id":20823,"date":"2024-12-27T11:29:00","date_gmt":"2024-12-27T10:29:00","guid":{"rendered":"http:\/\/motoradventures.com\/?page_id=20823"},"modified":"2024-12-27T11:35:07","modified_gmt":"2024-12-27T10:35:07","slug":"circuits-moto-sur-route-au-maroc","status":"publish","type":"page","link":"https:\/\/motoradventures.com\/fr\/on-road-motorbike-tours-morocco\/","title":{"rendered":"Voyages d'aventure \u00e0 moto au Maroc"},"content":{"rendered":"<h2 class=\"wp-block-heading\">NOTRE <strong>CIRCUITS EN MOTO SUR ROUTE<\/strong> AU MAROC<\/h2>\n\n\n\n<div class=\"wp-block-columns is-layout-flex wp-container-core-columns-is-layout-9d6595d7 wp-block-columns-is-layout-flex\">\n<div class=\"wp-block-column is-layout-flow wp-block-column-is-layout-flow\">\n<p>Vous cherchez \u00e0 faire le meilleur road trip \u00e0 travers le Maroc ? Motor Adventures peut vous aider ! Notre \u00e9quipe de sp\u00e9cialistes a des dizaines d'ann\u00e9es d'exp\u00e9rience dans le domaine de la moto d'aventure au Maroc, et nous avons mis \u00e0 profit notre expertise pour cr\u00e9er les itin\u00e9raires routiers passionnants ci-dessous.<\/p>\n\n\n\n<p>Combinant un m\u00e9lange unique de culture et d'aventure, nos circuits vous permettent de profiter de l'effervescence du Maroc, de sa multitude de couleurs et de sons, et de l'appel enchanteur de la route ouverte. Vos sens seront \u00e9veill\u00e9s par les odeurs d'encens et d'innombrables \u00e9pices fra\u00eeches dans ce cadre magnifique et exotique.<\/p>\n<\/div>\n\n\n\n<div class=\"wp-block-column is-layout-flow wp-block-column-is-layout-flow\">\n<p>Au guidon de nos motos d'aventure bi-sport et dans des h\u00e9bergements de style local tels que des kasbahs reconverties, nos aventures \u00e0 v\u00e9lo sur la route au Maroc offrent une exp\u00e9rience que vous n'oublierez jamais. Pr\u00eat \u00e0 partir ? Simplement&nbsp;<a href=\"https:\/\/motoradventures.com\/fr\/contactez-nous\/\">contactez-nous<\/a>&nbsp;et commen\u00e7ons \u00e0 pr\u00e9parer votre voyage !<\/p>\n\n\n\n<p>Saviez-vous que nous proposons \u00e9galement des services d'enduro&nbsp;<a href=\"https:\/\/motoradventures.com\/fr\/circuits-hors-route-au-maroc\/\">circuits tout-terrain au Maroc<\/a>? Parcourez notre gamme pour d\u00e9couvrir des exp\u00e9riences encore plus incroyables.<\/p>\n<\/div>\n<\/div>","protected":false},"excerpt":{"rendered":"<p>OUR ON-ROAD MOTORBIKE TOURS IN MOROCCO Looking to take the ultimate road trip through Morocco? Motor Adventures can help you with that! Our specialist team has decades of experience with adventure motorcycling in Morocco, and we\u2019ve poured our expertise into crafting the thrilling on-road itineraries below. Combining a unique blend of culture and adventure, our [&hellip;]<\/p>\n","protected":false},"author":1,"featured_media":20833,"parent":0,"menu_order":0,"comment_status":"closed","ping_status":"closed","template":"","meta":{"_acf_changed":false,"footnotes":""},"class_list":["post-20823","page","type-page","status-publish","has-post-thumbnail","hentry"],"acf":[],"_links":{"self":[{"href":"https:\/\/motoradventures.com\/fr\/wp-json\/wp\/v2\/pages\/20823","targetHints":{"allow":["GET"]}}],"collection":[{"href":"https:\/\/motoradventures.com\/fr\/wp-json\/wp\/v2\/pages"}],"about":[{"href":"https:\/\/motoradventures.com\/fr\/wp-json\/wp\/v2\/types\/page"}],"author":[{"embeddable":true,"href":"https:\/\/motoradventures.com\/fr\/wp-json\/wp\/v2\/users\/1"}],"replies":[{"embeddable":true,"href":"https:\/\/motoradventures.com\/fr\/wp-json\/wp\/v2\/comments?post=20823"}],"version-history":[{"count":0,"href":"https:\/\/motoradventures.com\/fr\/wp-json\/wp\/v2\/pages\/20823\/revisions"}],"wp:featuredmedia":[{"embeddable":true,"href":"https:\/\/motoradventures.com\/fr\/wp-json\/wp\/v2\/media\/20833"}],"wp:attachment":[{"href":"https:\/\/motoradventures.com\/fr\/wp-json\/wp\/v2\/media?parent=20823"}],"curies":[{"name":"wp","href":"https:\/\/api.w.org\/{rel}","templated":true}]}}