{"id":1251,"date":"2024-12-23T14:50:19","date_gmt":"2024-12-23T13:50:19","guid":{"rendered":"http:\/\/motoradventures.com\/?page_id=1251"},"modified":"2025-12-18T14:52:38","modified_gmt":"2025-12-18T13:52:38","slug":"nos-avis","status":"publish","type":"page","link":"https:\/\/motoradventures.com\/fr\/our-reviews\/","title":{"rendered":"Avis sur nos voyages en Afrique du Sud et dans le d\u00e9sert marocain"},"content":{"rendered":"<p>Que vous planifiez un circuit d'enduro extr\u00eame dans le d\u00e9sert marocain ou le voyage \u00e0 moto ultime en Afrique du Sud, nous savons que vous souhaitez r\u00e9server votre exp\u00e9rience en toute tranquillit\u00e9. C'est l\u00e0 que nos avis entrent en jeu !<\/p>\n\n\n\n<p>Vous trouverez ci-dessous les commentaires et impressions d'anciens clients sur notre <a href=\"https:\/\/motoradventures.com\/fr\/circuits-sur-mesure\/\">Circuits dans le d\u00e9sert marocain<\/a> et <a href=\"https:\/\/motoradventures.com\/fr\/voyages-en-afrique-du-sud\/\">Circuits d'aventure en Afrique du Sud<\/a>. Lisez-les et d\u00e9couvrez \u00e0 quel point les gens appr\u00e9cient nos exp\u00e9riences et notre service complet \u2014 et comprenez pourquoi tant de personnes reviennent pour refaire nos circuits !<\/p>\n\n\n\n<p>Si vous avez des questions sur ce que vous voyez, n'h\u00e9sitez pas \u00e0 <a href=\"https:\/\/motoradventures.com\/fr\/contactez-nous\/\">contactez-nous<\/a>.&nbsp;<\/p>\n\n\n\n<p><\/p>\n\n\n\n<script src=\"https:\/\/static.elfsight.com\/platform\/platform.js\" async><\/script>\n<div class=\"elfsight-app-05850ab2-6dc6-4ada-843e-fba13605eebf\" data-elfsight-app-lazy><\/div>\n\n\n\n<p><\/p>","protected":false},"excerpt":{"rendered":"<p>Whether you\u2019re planning a hard enduro Morocco desert tour or the ultimate South Africa adventure bike trip, we know that you want to book your experience with complete peace of mind. That\u2019s where our reviews come in! Below, you\u2019ll find feedback and thoughts from previous guests on our Morocco desert tours and South Africa adventure [&hellip;]<\/p>\n","protected":false},"author":1,"featured_media":512,"parent":0,"menu_order":0,"comment_status":"closed","ping_status":"closed","template":"","meta":{"_acf_changed":false,"footnotes":""},"class_list":["post-1251","page","type-page","status-publish","has-post-thumbnail","hentry"],"acf":[],"_links":{"self":[{"href":"https:\/\/motoradventures.com\/fr\/wp-json\/wp\/v2\/pages\/1251","targetHints":{"allow":["GET"]}}],"collection":[{"href":"https:\/\/motoradventures.com\/fr\/wp-json\/wp\/v2\/pages"}],"about":[{"href":"https:\/\/motoradventures.com\/fr\/wp-json\/wp\/v2\/types\/page"}],"author":[{"embeddable":true,"href":"https:\/\/motoradventures.com\/fr\/wp-json\/wp\/v2\/users\/1"}],"replies":[{"embeddable":true,"href":"https:\/\/motoradventures.com\/fr\/wp-json\/wp\/v2\/comments?post=1251"}],"version-history":[{"count":8,"href":"https:\/\/motoradventures.com\/fr\/wp-json\/wp\/v2\/pages\/1251\/revisions"}],"predecessor-version":[{"id":24226,"href":"https:\/\/motoradventures.com\/fr\/wp-json\/wp\/v2\/pages\/1251\/revisions\/24226"}],"wp:featuredmedia":[{"embeddable":true,"href":"https:\/\/motoradventures.com\/fr\/wp-json\/wp\/v2\/media\/512"}],"wp:attachment":[{"href":"https:\/\/motoradventures.com\/fr\/wp-json\/wp\/v2\/media?parent=1251"}],"curies":[{"name":"wp","href":"https:\/\/api.w.org\/{rel}","templated":true}]}}