{"id":1245,"date":"2024-12-23T14:45:04","date_gmt":"2024-12-23T13:45:04","guid":{"rendered":"http:\/\/motoradventures.com\/?page_id=1245"},"modified":"2025-04-14T20:20:23","modified_gmt":"2025-04-14T18:20:23","slug":"a-propos-de-nous","status":"publish","type":"page","link":"https:\/\/motoradventures.com\/fr\/about-us\/","title":{"rendered":"\u00c0 propos de nous"},"content":{"rendered":"<h2 class=\"wp-block-heading\">L'histoire derri\u00e8re nos circuits d'enduro et d'aventure au Maroc et en Afrique du Sud<\/h2>\n\n\n\n<div class=\"wp-block-columns is-layout-flex wp-container-core-columns-is-layout-9d6595d7 wp-block-columns-is-layout-flex\">\n<div class=\"wp-block-column is-layout-flow wp-block-column-is-layout-flow\">\n<p>Chez Motor Adventures, nous sommes fiers d'offrir des exp\u00e9riences palpitantes qui incitent les \u00e2mes aventuri\u00e8res \u00e0 revenir encore et encore. Nous avons m\u00eame des habitu\u00e9s qui reviennent plus d'une fois. En fait, certains de nos visages les plus familiers en sont d\u00e9j\u00e0 \u00e0 leur dixi\u00e8me visite ! Mais comment en sommes-nous arriv\u00e9s l\u00e0 ? Pourquoi nos <a href=\"https:\/\/motoradventures.com\/fr\/circuits-au-maroc\/\">Circuits aventure au Maroc<\/a> et <a href=\"https:\/\/motoradventures.com\/fr\/voyages-en-afrique-du-sud\/\">Circuits d'aventure en Afrique du Sud<\/a> appr\u00e9ci\u00e9e et aim\u00e9e par tant de personnes ? Revenons au d\u00e9but...<\/p>\n\n\n\n<p>Fond\u00e9e par John Griffiths et Su Downham, la soci\u00e9t\u00e9 MotoAventures a \u00e9t\u00e9 inspir\u00e9e par l'id\u00e9e de John lors de deux voyages hivernaux \u00e0 la d\u00e9couverte de l'Afrique, de Londres au Cap. Cr\u00e9\u00e9e en Andorre en 1996, MotoAventures organisait initialement des excursions guid\u00e9es tout-terrain de haute qualit\u00e9 dans les Pyr\u00e9n\u00e9es, au Portugal, en Gr\u00e8ce et en M\u00e9diterran\u00e9e, ainsi que des escapades tout-terrain palpitantes dans les montagnes de l'Atlas et le d\u00e9sert du Sahara au Maroc, le tout sur des motos d'enduro KTM450.<\/p>\n<\/div>\n\n\n\n<div class=\"wp-block-column is-layout-flow wp-block-column-is-layout-flow\">\n<p>Depuis 2007, nous organisons de fantastiques exp\u00e9ditions touristiques \u00e0 bord de BMW GS1200 en Afrique australe, emmenant de nombreux motards et leurs compagnons du Cap aux chutes Victoria et retour, en passant par la Namibie, le Botswana, le Lesotho, et lors de notre dernier grand voyage en septembre 2019, du Zimbabwe au Mozambique, au Malawi et \u00e0 la Zambie.<\/p>\n\n\n\n<p>Aujourd'hui, nous proposons un <a href=\"https:\/\/motoradventures.com\/fr\/visite\/south-africa-on-road-10-day-tour\/\">Circuit aventure de 10 jours en Afrique du Sud<\/a> De Cape Town \u00e0 Johannesburg en passant par le Lesotho, sur des motos Triumph Rally Pro.<\/p>\n\n\n\n<p><\/p>\n\n\n\n<p><\/p>\n\n\n\n<p><\/p>\n<\/div>\n<\/div>\n\n\n\n<div style=\"height:60px\" aria-hidden=\"true\" class=\"wp-block-spacer\"><\/div>\n\n\n\n<div class=\"wp-block-columns has-medium-font-size is-layout-flex wp-container-core-columns-is-layout-9d6595d7 wp-block-columns-is-layout-flex\">\n<div class=\"wp-block-column has-medium-font-size is-layout-flow wp-block-column-is-layout-flow\">\n<p class=\"has-text-align-center\"><strong>30+<\/strong><br>Ann\u00e9es d'activit\u00e9<\/p>\n<\/div>\n\n\n\n<div class=\"wp-block-column is-layout-flow wp-block-column-is-layout-flow\">\n<p class=\"has-text-align-center has-medium-font-size\"><strong>+950.000<\/strong><br>Kilom\u00e8tres parcourus<\/p>\n<\/div>\n\n\n\n<div class=\"wp-block-column is-layout-flow wp-block-column-is-layout-flow\">\n<p class=\"has-text-align-center has-medium-font-size\"><strong>\u2605\u2605\u2605\u2605\u2605<\/strong><br>5 \u00e9toiles sur Google<\/p>\n<\/div>\n<\/div>\n\n\n\n<div style=\"height:60px\" aria-hidden=\"true\" class=\"wp-block-spacer\"><\/div>\n\n\n\n<h2 class=\"wp-block-heading\">Aventures motoris\u00e9es et ann\u00e9es folles<\/h2>\n\n\n\n<p>En 2021, nous avons ajout\u00e9 des circuits d'aventure \u00e0 moto, sur route et sur des pistes de gravier faciles, au d\u00e9part de Marrakech, sur nos motos BMW GS Adventure. Ces circuits ont \u00e9t\u00e9 tr\u00e8s bien accueillis, car ils offrent un m\u00e9lange fantastique de culture et d'aventure.\u2028<\/p>\n\n\n\n<p>Au d\u00e9but de l'ann\u00e9e 2024, MotoAventures s'est associ\u00e9 \u00e0 Sahara Experience et nous sommes devenus Motor Adventures. Cette fusion a permis d'agrandir notre flotte avec des buggies CanAm, permettant ainsi \u00e0 nos amis non motards de participer \u00e0 nos excursions hors route.<\/p>\n\n\n\n<p>Notre si\u00e8ge social est d\u00e9sormais situ\u00e9 \u00e0 Ouarzazate, o\u00f9 nous avons notre garage et notre base d'excursions, qui sert de point de d\u00e9part pour nos circuits. C'est l\u00e0 que sont entrepos\u00e9s nos parcs de KTM450 EXC, Gas Gas EC 450 et buggies CanAm.<\/p>\n\n\n\n<p>Avec pr\u00e8s de 30 ans d'exploration \u00e0 travers ce royaume magnifique, tant sur route qu'hors route, nous avons d\u00e9couvert des itin\u00e9raires qui restent inexplor\u00e9s et hors des sentiers battus. Nous vous invitons \u00e0 vous joindre \u00e0 nous pour une aventure que vous n'oublierez jamais !<\/p>\n\n\n\n<p>Lire <a href=\"https:\/\/motoradventures.com\/fr\/nos-avis\/\">nos avis<\/a> pour voir \u00e0 quel point nos anciens clients nous appr\u00e9cient, et n'h\u00e9sitez pas \u00e0 <a href=\"https:\/\/motoradventures.com\/fr\/contactez-nous\/\">prendre contact<\/a> si vous avez des questions \u00e0 poser \u00e0 notre \u00e9quipe.<br><\/p>","protected":false},"excerpt":{"rendered":"<p>The Story Behind Our Enduro and Adventure Tours in Morocco and South Africa At Motor Adventures, we\u2019re proud to offer the kind of thrilling experiences that keep adventurous souls coming back for more. We even have welcome regulars who return more than once. In fact, some of our most familiar faces are well into double [&hellip;]<\/p>\n","protected":false},"author":1,"featured_media":20806,"parent":0,"menu_order":0,"comment_status":"closed","ping_status":"closed","template":"","meta":{"_acf_changed":false,"footnotes":""},"class_list":["post-1245","page","type-page","status-publish","has-post-thumbnail","hentry"],"acf":[],"_links":{"self":[{"href":"https:\/\/motoradventures.com\/fr\/wp-json\/wp\/v2\/pages\/1245","targetHints":{"allow":["GET"]}}],"collection":[{"href":"https:\/\/motoradventures.com\/fr\/wp-json\/wp\/v2\/pages"}],"about":[{"href":"https:\/\/motoradventures.com\/fr\/wp-json\/wp\/v2\/types\/page"}],"author":[{"embeddable":true,"href":"https:\/\/motoradventures.com\/fr\/wp-json\/wp\/v2\/users\/1"}],"replies":[{"embeddable":true,"href":"https:\/\/motoradventures.com\/fr\/wp-json\/wp\/v2\/comments?post=1245"}],"version-history":[{"count":2,"href":"https:\/\/motoradventures.com\/fr\/wp-json\/wp\/v2\/pages\/1245\/revisions"}],"predecessor-version":[{"id":23153,"href":"https:\/\/motoradventures.com\/fr\/wp-json\/wp\/v2\/pages\/1245\/revisions\/23153"}],"wp:featuredmedia":[{"embeddable":true,"href":"https:\/\/motoradventures.com\/fr\/wp-json\/wp\/v2\/media\/20806"}],"wp:attachment":[{"href":"https:\/\/motoradventures.com\/fr\/wp-json\/wp\/v2\/media?parent=1245"}],"curies":[{"name":"wp","href":"https:\/\/api.w.org\/{rel}","templated":true}]}}