{"id":449,"date":"2024-12-05T10:44:58","date_gmt":"2024-12-05T09:44:58","guid":{"rendered":"http:\/\/motoradventures.com\/?page_id=449"},"modified":"2026-02-02T12:53:43","modified_gmt":"2026-02-02T11:53:43","slug":"conoce-al-equipo","status":"publish","type":"page","link":"https:\/\/motoradventures.com\/es\/meet-the-team\/","title":{"rendered":"Conozca al equipo que est\u00e1 detr\u00e1s de nuestros viajes de aventura por Marruecos y Sud\u00e1frica"},"content":{"rendered":"<h2 class=\"wp-block-heading\">Viajes de aventura a Marruecos y Sud\u00e1frica basados en la experiencia<\/h2>\n\n\n\n<p>Nuestras aventuras dentro y fuera de la carretera en Marruecos y Sud\u00e1frica son el tipo de experiencias por las que esperas meses y a\u00f1os. Es comprensible, por tanto, que desee confianza y tranquilidad en todo momento, desde la investigaci\u00f3n y la reserva hasta los d\u00edas y noches que pase explorando. Ah\u00ed es donde entra en juego nuestro incre\u00edble equipo.<\/p>\n\n\n\n<p>Los miembros de nuestro equipo son los que <a href=\"https:\/\/motoradventures.com\/es\/viajes-a-marruecos\/\">Viajes de aventura a Marruecos<\/a> y <a href=\"https:\/\/motoradventures.com\/es\/viajes-a-sudafrica\/\">Viajes de aventura en Sud\u00e1frica<\/a> tan renombrados. Haga clic en cada cara amable para saber m\u00e1s sobre las historias, experiencias y conocimientos que hay detr\u00e1s de sus experiencias de la lista de cosas que hacer antes de morir.<br><\/p>\n\n\n\n<p>Recuerde, nuestro equipo est\u00e1 aqu\u00ed para ayudarle en todo lo que podamos, as\u00ed que no dude en <a href=\"https:\/\/motoradventures.com\/es\/contactenos\/\">Cont\u00e1ctenos<\/a> si tienes alguna pregunta.<\/p>\n\n\n\n<div style=\"height:40px\" aria-hidden=\"true\" class=\"wp-block-spacer\"><\/div>\n\n\n\n<div style=\"height:40px\" aria-hidden=\"true\" class=\"wp-block-spacer\"><\/div>\n\n\n\n<div class=\"wp-block-query flex-row is-layout-flow wp-block-query-is-layout-flow\"><ul class=\"columns-3 wp-block-post-template is-layout-grid wp-container-core-post-template-is-layout-2f3213d7 wp-block-post-template-is-layout-grid\"><li class=\"wp-block-post post-20713 team type-team status-publish has-post-thumbnail hentry\">\n<figure class=\"featured-image--team wp-block-post-featured-image\"><a href=\"https:\/\/motoradventures.com\/es\/team\/john-griffiths\/\" target=\"_self\"  ><img loading=\"lazy\" decoding=\"async\" width=\"1600\" height=\"1066\" src=\"https:\/\/motoradventures.com\/wp-content\/uploads\/2025\/01\/WhatsApp-Image-2026-04-03-at-04.40.57.jpeg\" class=\"attachment-post-thumbnail size-post-thumbnail wp-post-image\" alt=\"John Griffiths\" style=\"object-fit:cover;\" srcset=\"https:\/\/motoradventures.com\/wp-content\/uploads\/2025\/01\/WhatsApp-Image-2026-04-03-at-04.40.57.jpeg 1600w, https:\/\/motoradventures.com\/wp-content\/uploads\/2025\/01\/WhatsApp-Image-2026-04-03-at-04.40.57-300x200.jpeg 300w, https:\/\/motoradventures.com\/wp-content\/uploads\/2025\/01\/WhatsApp-Image-2026-04-03-at-04.40.57-1024x682.jpeg 1024w, https:\/\/motoradventures.com\/wp-content\/uploads\/2025\/01\/WhatsApp-Image-2026-04-03-at-04.40.57-768x512.jpeg 768w, https:\/\/motoradventures.com\/wp-content\/uploads\/2025\/01\/WhatsApp-Image-2026-04-03-at-04.40.57-1536x1023.jpeg 1536w, https:\/\/motoradventures.com\/wp-content\/uploads\/2025\/01\/WhatsApp-Image-2026-04-03-at-04.40.57-18x12.jpeg 18w\" sizes=\"auto, (max-width: 1600px) 100vw, 1600px\" \/><\/a><\/figure>\n\n<h3 class=\"wp-block-post-title\">John Griffiths<\/h3>\n<\/li><li class=\"wp-block-post post-22071 team type-team status-publish has-post-thumbnail hentry\">\n<figure class=\"featured-image--team wp-block-post-featured-image\"><a href=\"https:\/\/motoradventures.com\/es\/team\/ali\/\" target=\"_self\"  ><img loading=\"lazy\" decoding=\"async\" width=\"2403\" height=\"1966\" src=\"https:\/\/motoradventures.com\/wp-content\/uploads\/2025\/01\/Ali.jpg\" class=\"attachment-post-thumbnail size-post-thumbnail wp-post-image\" alt=\"Ali Hakem\" style=\"object-fit:cover;\" srcset=\"https:\/\/motoradventures.com\/wp-content\/uploads\/2025\/01\/Ali.jpg 2403w, https:\/\/motoradventures.com\/wp-content\/uploads\/2025\/01\/Ali-300x245.jpg 300w, https:\/\/motoradventures.com\/wp-content\/uploads\/2025\/01\/Ali-1024x838.jpg 1024w, https:\/\/motoradventures.com\/wp-content\/uploads\/2025\/01\/Ali-768x628.jpg 768w, https:\/\/motoradventures.com\/wp-content\/uploads\/2025\/01\/Ali-1536x1257.jpg 1536w, https:\/\/motoradventures.com\/wp-content\/uploads\/2025\/01\/Ali-2048x1676.jpg 2048w\" sizes=\"auto, (max-width: 2403px) 100vw, 2403px\" \/><\/a><\/figure>\n\n<h3 class=\"wp-block-post-title\">Ali Hakem<\/h3>\n<\/li><li class=\"wp-block-post post-418 team type-team status-publish has-post-thumbnail hentry\">\n<figure class=\"featured-image--team wp-block-post-featured-image\"><a href=\"https:\/\/motoradventures.com\/es\/team\/martine-goldenbeld\/\" target=\"_self\"  ><img loading=\"lazy\" decoding=\"async\" width=\"600\" height=\"600\" src=\"https:\/\/motoradventures.com\/wp-content\/uploads\/2024\/12\/Martine-Goldenbeld.jpg\" class=\"attachment-post-thumbnail size-post-thumbnail wp-post-image\" alt=\"Martine Goldenbeld\" style=\"object-fit:cover;\" srcset=\"https:\/\/motoradventures.com\/wp-content\/uploads\/2024\/12\/Martine-Goldenbeld.jpg 600w, https:\/\/motoradventures.com\/wp-content\/uploads\/2024\/12\/Martine-Goldenbeld-300x300.jpg 300w, https:\/\/motoradventures.com\/wp-content\/uploads\/2024\/12\/Martine-Goldenbeld-150x150.jpg 150w\" sizes=\"auto, (max-width: 600px) 100vw, 600px\" \/><\/a><\/figure>\n\n<h3 class=\"wp-block-post-title\">Martine Goldenbeld<\/h3>\n<\/li><li class=\"wp-block-post post-417 team type-team status-publish has-post-thumbnail hentry\">\n<figure class=\"featured-image--team wp-block-post-featured-image\"><a href=\"https:\/\/motoradventures.com\/es\/team\/maryam-bousenane\/\" target=\"_self\"  ><img loading=\"lazy\" decoding=\"async\" width=\"2485\" height=\"2281\" src=\"https:\/\/motoradventures.com\/wp-content\/uploads\/2025\/01\/Maryam-1.jpg\" class=\"attachment-post-thumbnail size-post-thumbnail wp-post-image\" alt=\"Maryam Bousenane\" style=\"object-fit:cover;\" srcset=\"https:\/\/motoradventures.com\/wp-content\/uploads\/2025\/01\/Maryam-1.jpg 2485w, https:\/\/motoradventures.com\/wp-content\/uploads\/2025\/01\/Maryam-1-300x275.jpg 300w, https:\/\/motoradventures.com\/wp-content\/uploads\/2025\/01\/Maryam-1-1024x940.jpg 1024w, https:\/\/motoradventures.com\/wp-content\/uploads\/2025\/01\/Maryam-1-768x705.jpg 768w, https:\/\/motoradventures.com\/wp-content\/uploads\/2025\/01\/Maryam-1-1536x1410.jpg 1536w, https:\/\/motoradventures.com\/wp-content\/uploads\/2025\/01\/Maryam-1-2048x1880.jpg 2048w\" sizes=\"auto, (max-width: 2485px) 100vw, 2485px\" \/><\/a><\/figure>\n\n<h3 class=\"wp-block-post-title\">Maryam Bousenane<\/h3>\n<\/li><\/ul>\n\n<\/div>","protected":false},"excerpt":{"rendered":"<p>Morocco and South Africa Adventure Tours Built on Expertise Our on- and off-road adventures in Morocco and South Africa are the kinds of experiences you wait months and years for. It\u2019s understandable, then, that you want confidence and peace of mind at all times, from researching and booking to the days and nights spent exploring. [&hellip;]<\/p>\n","protected":false},"author":1,"featured_media":0,"parent":0,"menu_order":0,"comment_status":"closed","ping_status":"closed","template":"","meta":{"_acf_changed":false,"footnotes":""},"class_list":["post-449","page","type-page","status-publish","hentry"],"acf":[],"_links":{"self":[{"href":"https:\/\/motoradventures.com\/es\/wp-json\/wp\/v2\/pages\/449","targetHints":{"allow":["GET"]}}],"collection":[{"href":"https:\/\/motoradventures.com\/es\/wp-json\/wp\/v2\/pages"}],"about":[{"href":"https:\/\/motoradventures.com\/es\/wp-json\/wp\/v2\/types\/page"}],"author":[{"embeddable":true,"href":"https:\/\/motoradventures.com\/es\/wp-json\/wp\/v2\/users\/1"}],"replies":[{"embeddable":true,"href":"https:\/\/motoradventures.com\/es\/wp-json\/wp\/v2\/comments?post=449"}],"version-history":[{"count":9,"href":"https:\/\/motoradventures.com\/es\/wp-json\/wp\/v2\/pages\/449\/revisions"}],"predecessor-version":[{"id":24638,"href":"https:\/\/motoradventures.com\/es\/wp-json\/wp\/v2\/pages\/449\/revisions\/24638"}],"wp:attachment":[{"href":"https:\/\/motoradventures.com\/es\/wp-json\/wp\/v2\/media?parent=449"}],"curies":[{"name":"wp","href":"https:\/\/api.w.org\/{rel}","templated":true}]}}