{"id":413,"date":"2024-12-05T09:58:53","date_gmt":"2024-12-05T08:58:53","guid":{"rendered":"http:\/\/motoradventures.com\/?page_id=413"},"modified":"2025-04-19T22:34:55","modified_gmt":"2025-04-19T20:34:55","slug":"galeria","status":"publish","type":"page","link":"https:\/\/motoradventures.com\/es\/gallery\/","title":{"rendered":"Fotos y v\u00eddeos de nuestros viajes de aventura y todoterreno por Marruecos y Sud\u00e1frica"},"content":{"rendered":"<h2 class=\"wp-block-heading\">Galer\u00eda de nuestros viajes de aventura y circuitos todoterreno por Marruecos y Sud\u00e1frica<\/h2>\n\n\n\n<p>Como dice el refr\u00e1n, \u00a1una imagen vale m\u00e1s que mil palabras! Por eso hemos creado esta p\u00e1gina de galer\u00eda... para mostrar fotos y v\u00eddeos incre\u00edbles de nuestros <a href=\"https:\/\/motoradventures.com\/es\/viajes-a-marruecos\/\">Viajes de aventura a Marruecos<\/a> y <a href=\"https:\/\/motoradventures.com\/es\/viajes-a-sudafrica\/\">Viajes de aventura en Sud\u00e1frica<\/a>. Reflejan la esencia de lo que es atravesar el desierto del S\u00e1hara con Motor Adventures o embarcarse en el viaje por carretera sudafricano definitivo de Ciudad del Cabo a Clarens (Johannesburgo) pasando por Lesoto.<\/p>\n\n\n\n<p>Despl\u00e1cese hacia abajo y disfrute de nuestra galer\u00eda. Si se siente inspirado por lo que ve, explore nuestra gama de viajes para saber m\u00e1s sobre la aventura que le espera. Y si tiene alguna pregunta que hacernos, s\u00f3lo tiene que <a href=\"https:\/\/motoradventures.com\/es\/contactenos\/\">ponerse en contacto<\/a> para obtener las respuestas que necesita.<\/p>","protected":false},"excerpt":{"rendered":"<p>Gallery of Our Morocco and South Africa Adventure Trips and Off-Road Tours As the saying goes, a picture is worth a thousand words! That\u2019s why we have created this gallery page\u2026 to showcase incredible photos and videos from our Morocco adventure tours and South Africa adventure tours. They reflect the essence of what it\u2019s like [&hellip;]<\/p>\n","protected":false},"author":1,"featured_media":0,"parent":0,"menu_order":0,"comment_status":"closed","ping_status":"closed","template":"","meta":{"_acf_changed":false,"footnotes":""},"class_list":["post-413","page","type-page","status-publish","hentry"],"acf":[],"_links":{"self":[{"href":"https:\/\/motoradventures.com\/es\/wp-json\/wp\/v2\/pages\/413","targetHints":{"allow":["GET"]}}],"collection":[{"href":"https:\/\/motoradventures.com\/es\/wp-json\/wp\/v2\/pages"}],"about":[{"href":"https:\/\/motoradventures.com\/es\/wp-json\/wp\/v2\/types\/page"}],"author":[{"embeddable":true,"href":"https:\/\/motoradventures.com\/es\/wp-json\/wp\/v2\/users\/1"}],"replies":[{"embeddable":true,"href":"https:\/\/motoradventures.com\/es\/wp-json\/wp\/v2\/comments?post=413"}],"version-history":[{"count":16,"href":"https:\/\/motoradventures.com\/es\/wp-json\/wp\/v2\/pages\/413\/revisions"}],"predecessor-version":[{"id":22733,"href":"https:\/\/motoradventures.com\/es\/wp-json\/wp\/v2\/pages\/413\/revisions\/22733"}],"wp:attachment":[{"href":"https:\/\/motoradventures.com\/es\/wp-json\/wp\/v2\/media?parent=413"}],"curies":[{"name":"wp","href":"https:\/\/api.w.org\/{rel}","templated":true}]}}