{"id":23156,"date":"2025-06-30T18:11:11","date_gmt":"2025-06-30T16:11:11","guid":{"rendered":"https:\/\/motoradventures.com\/?page_id=23156"},"modified":"2025-06-30T18:11:52","modified_gmt":"2025-06-30T16:11:52","slug":"viajes-de-aventura-en-bicicleta-por-marruecos","status":"publish","type":"page","link":"https:\/\/motoradventures.com\/es\/morocco-bike-adventure-tours\/","title":{"rendered":"Viajes de aventura en moto por Marruecos"},"content":{"rendered":"<h2 class=\"wp-block-heading\">\u00danete a nosotros para vivir una aventura inolvidable en moto por Marruecos<\/h2>\n\n\n\n<div class=\"wp-block-columns is-layout-flex wp-container-core-columns-is-layout-9d6595d7 wp-block-columns-is-layout-flex\">\n<div class=\"wp-block-column is-layout-flow wp-block-column-is-layout-flow\">\n<p>\u00bfEst\u00e1 planeando el viaje de sus sue\u00f1os por Marruecos? \u00bfQuieres sumergirte en los cautivadores paisajes de este pa\u00eds, desde el desierto del Sahara y las monta\u00f1as del Alto Atlas hasta los arom\u00e1ticos huertos frutales y los campos de trigo y cebada dorados por el sol? Esta es una tierra de contrastes, y nuestros viajes de aventura en moto por Marruecos pueden ayudarle a explorar lo mejor que tiene que ofrecer.<\/p>\n\n\n\n<p>\u00danase a Motor Adventures en una aventura en moto por Marruecos que nunca olvidar\u00e1. Recorre impresionantes paisajes en nuestras motos de aventura dual-sport y descubre algunos de los lugares m\u00e1s famosos y joyas ocultas de Marruecos. <\/p>\n<\/div>\n\n\n\n<div class=\"wp-block-column is-layout-flow wp-block-column-is-layout-flow\">\n<p>Nuestros viajes de aventura en moto por Marruecos son la combinaci\u00f3n perfecta de emociones por carretera y experiencias culturales, que le ayudar\u00e1n a crear una conexi\u00f3n significativa con este incre\u00edble pa\u00eds y la gente que lo llama hogar.<\/p>\n\n\n\n<p>\u00bfListo para dar el primer paso hacia el motociclismo de aventura en Marruecos? Echa un vistazo a nuestros viajes y encuentra el que mejor se adapte a ti. Y si tienes alguna pregunta para nuestro equipo, por favor no dudes en <a href=\"https:\/\/motoradventures.com\/es\/contactenos\/\">Cont\u00e1ctenos<\/a>.<\/p>\n\n\n\n<p>\u00bfQuieres probarte a ti mismo en una experiencia de enduro todoterreno? No busque m\u00e1s, nuestra gama de <a href=\"https:\/\/motoradventures.com\/es\/off-road-tours-marruecos\/\">Rutas todoterreno de enduro extremo en Marruecos<\/a>.<\/p>\n<\/div>\n<\/div>\n\n\n\n<h2 class=\"wp-block-heading\">Nuestros viajes de aventura en moto por Marruecos<\/h2>","protected":false},"excerpt":{"rendered":"<p>Join Us for Unforgettable Adventure Motorcycling in Morocco Are you planning your dream road trip through Morocco? Do you want to immerse yourself in this country\u2019s captivating landscapes, from the Sahara Desert and High Atlas Mountains to aromatic fruit orchards and fields of wheat and barley glowing golden in the sun? This is a land [&hellip;]<\/p>\n","protected":false},"author":3,"featured_media":23116,"parent":0,"menu_order":0,"comment_status":"closed","ping_status":"closed","template":"","meta":{"_acf_changed":false,"footnotes":""},"class_list":["post-23156","page","type-page","status-publish","has-post-thumbnail","hentry"],"acf":[],"_links":{"self":[{"href":"https:\/\/motoradventures.com\/es\/wp-json\/wp\/v2\/pages\/23156","targetHints":{"allow":["GET"]}}],"collection":[{"href":"https:\/\/motoradventures.com\/es\/wp-json\/wp\/v2\/pages"}],"about":[{"href":"https:\/\/motoradventures.com\/es\/wp-json\/wp\/v2\/types\/page"}],"author":[{"embeddable":true,"href":"https:\/\/motoradventures.com\/es\/wp-json\/wp\/v2\/users\/3"}],"replies":[{"embeddable":true,"href":"https:\/\/motoradventures.com\/es\/wp-json\/wp\/v2\/comments?post=23156"}],"version-history":[{"count":2,"href":"https:\/\/motoradventures.com\/es\/wp-json\/wp\/v2\/pages\/23156\/revisions"}],"predecessor-version":[{"id":23159,"href":"https:\/\/motoradventures.com\/es\/wp-json\/wp\/v2\/pages\/23156\/revisions\/23159"}],"wp:featuredmedia":[{"embeddable":true,"href":"https:\/\/motoradventures.com\/es\/wp-json\/wp\/v2\/media\/23116"}],"wp:attachment":[{"href":"https:\/\/motoradventures.com\/es\/wp-json\/wp\/v2\/media?parent=23156"}],"curies":[{"name":"wp","href":"https:\/\/api.w.org\/{rel}","templated":true}]}}