{"id":22669,"date":"2025-05-02T15:24:42","date_gmt":"2025-05-02T13:24:42","guid":{"rendered":"https:\/\/motoradventures.com\/?page_id=22669"},"modified":"2025-05-02T16:07:23","modified_gmt":"2025-05-02T14:07:23","slug":"vehiculos","status":"publish","type":"page","link":"https:\/\/motoradventures.com\/es\/vehicles\/","title":{"rendered":"Nuestros veh\u00edculos en Marruecos y Sud\u00e1frica"},"content":{"rendered":"<h2 class=\"wp-block-heading\">\u00bfQu\u00e9 veh\u00edculos puedes esperar en nuestras excursiones de aventura por Sud\u00e1frica y por el desierto de Marruecos?<\/h2>\n\n\n\n<div class=\"wp-block-columns is-layout-flex wp-container-core-columns-is-layout-9d6595d7 wp-block-columns-is-layout-flex\">\n<div class=\"wp-block-column is-layout-flow wp-block-column-is-layout-flow\">\n<p>\u00bfTe has enamorado de uno de nuestros <a href=\"https:\/\/motoradventures.com\/es\/viajes-a-marruecos\/\">Excursiones por el desierto de Marruecos<\/a>\u00bfO es la carretera abierta de un <a href=\"https:\/\/motoradventures.com\/es\/viajes-a-sudafrica\/\">Viaje de aventura por Sud\u00e1frica<\/a> \u00bfTe llama la atenci\u00f3n? Despu\u00e9s de elegir el pa\u00eds que deseas visitar, la siguiente decisi\u00f3n importante es fundamental: \u00bfqu\u00e9 tipo de veh\u00edculo vas a conducir? \u00bfPrefieres las aventuras sobre dos ruedas o sobre cuatro?<\/p>\n\n\n\n<p>Si te apuntas a una de nuestras excursiones todoterreno en Marruecos, puedes elegir entre nuestras motos de enduro y los buggies Can-Am. En cuanto a las motos, contamos con una flota de seis KTM 450 EXC y seis Gas Gas EC 450 de \u00faltima generaci\u00f3n. En cuanto a los buggies, disponemos de 13 Can-Am Maverick, con opciones de dos y cuatro plazas en las versiones Sport y X3. Y en nuestro <a href=\"https:\/\/motoradventures.com\/es\/recorrido\/excursion-todoterreno-de-8-dias\/\">Tour de 8 d\u00edas por el S\u00e1hara<\/a> (as\u00ed como otros tours seleccionados), incluso puede optar por uno de <a href=\"https:\/\/motoradventures.com\/es\/nuestros-4x4\/\">nuestros 4x4<\/a>!<\/p>\n<\/div>\n\n\n\n<div class=\"wp-block-column is-layout-flow wp-block-column-is-layout-flow\">\n<p>\u00bfBuscas una aventura en Marruecos o Sud\u00e1frica? En nuestro <a href=\"https:\/\/motoradventures.com\/es\/recorrido\/tour-de-aventura-valle-feliz\/\">Excursi\u00f3n al Valle Feliz, las monta\u00f1as del Atlas y el desierto del S\u00e1hara<\/a>, conducir\u00e1s una BMW GS 1250 o GS 900\/850\/800, o una KTM390 Adventure. En nuestro <a href=\"https:\/\/motoradventures.com\/es\/recorrido\/excursion-de-10-dias-del-mar-a-la-cima\/\">Viaje en moto de aventura Sea to Summit en Sud\u00e1frica<\/a>, Tu moto ser\u00e1 una Triumph Tiger Rally Pro 900 cc.<\/p>\n\n\n\n<p>Para obtener m\u00e1s informaci\u00f3n sobre todas nuestras opciones de veh\u00edculos, visite la p\u00e1gina correspondiente a continuaci\u00f3n. Y si tiene alguna pregunta relacionada con los veh\u00edculos o los tours, no dude en <a href=\"https:\/\/motoradventures.com\/es\/contactenos\/\">Cont\u00e1ctenos<\/a>.<\/p>\n<\/div>\n<\/div>\n\n\n\n<h2 class=\"wp-block-heading\">Nuestras opciones de veh\u00edculos en Marruecos y Sud\u00e1frica<\/h2>\n\n\n\n<div class=\"wp-block-columns is-layout-flex wp-container-core-columns-is-layout-9d6595d7 wp-block-columns-is-layout-flex\">\n<div class=\"wp-block-column is-layout-flow wp-block-column-is-layout-flow\">\n<figure class=\"wp-block-image size-full\"><a href=\"https:\/\/motoradventures.com\/es\/bicicletas\/\"><img loading=\"lazy\" decoding=\"async\" width=\"1000\" height=\"666\" src=\"https:\/\/motoradventures.com\/wp-content\/uploads\/2025\/01\/DSC04571.jpg\" alt=\"\" class=\"wp-image-22346\" srcset=\"https:\/\/motoradventures.com\/wp-content\/uploads\/2025\/01\/DSC04571.jpg 1000w, https:\/\/motoradventures.com\/wp-content\/uploads\/2025\/01\/DSC04571-300x200.jpg 300w, https:\/\/motoradventures.com\/wp-content\/uploads\/2025\/01\/DSC04571-768x511.jpg 768w\" sizes=\"auto, (max-width: 1000px) 100vw, 1000px\" \/><\/a><\/figure>\n\n\n\n<p class=\"has-text-align-center\"><a href=\"https:\/\/motoradventures.com\/es\/bicicletas\/\"><strong>Bicicletas<\/strong><\/a><\/p>\n<\/div>\n\n\n\n<div class=\"wp-block-column is-layout-flow wp-block-column-is-layout-flow\">\n<figure class=\"wp-block-image size-full\"><a href=\"https:\/\/motoradventures.com\/es\/cochecitos\/\"><img loading=\"lazy\" decoding=\"async\" width=\"900\" height=\"600\" src=\"https:\/\/motoradventures.com\/wp-content\/uploads\/2024\/08\/IMG_2898-scaled-4dd9116e.webp\" alt=\"Dos buggies con la marca &quot;Sahara Experience&quot; atraviesan las dunas del desierto bajo un cielo brumoso.\" class=\"wp-image-20620\" srcset=\"https:\/\/motoradventures.com\/wp-content\/uploads\/2024\/08\/IMG_2898-scaled-4dd9116e.webp 900w, https:\/\/motoradventures.com\/wp-content\/uploads\/2024\/08\/IMG_2898-scaled-4dd9116e-300x200.webp 300w, https:\/\/motoradventures.com\/wp-content\/uploads\/2024\/08\/IMG_2898-scaled-4dd9116e-768x512.webp 768w\" sizes=\"auto, (max-width: 900px) 100vw, 900px\" \/><\/a><\/figure>\n\n\n\n<p class=\"has-text-align-center\"><a href=\"https:\/\/motoradventures.com\/es\/cochecitos\/\"><strong>Cochecitos<\/strong><\/a><\/p>\n<\/div>\n\n\n\n<div class=\"wp-block-column is-layout-flow wp-block-column-is-layout-flow\">\n<figure class=\"wp-block-image size-large\"><a href=\"https:\/\/motoradventures.com\/es\/nuestros-4x4\/\"><img loading=\"lazy\" decoding=\"async\" width=\"1024\" height=\"682\" src=\"https:\/\/motoradventures.com\/wp-content\/uploads\/2024\/12\/db4d03f8-c9d6-4fe1-9cd8-bcba738b9c18-1024x682.jpg\" alt=\"\" class=\"wp-image-22040\" srcset=\"https:\/\/motoradventures.com\/wp-content\/uploads\/2024\/12\/db4d03f8-c9d6-4fe1-9cd8-bcba738b9c18-1024x682.jpg 1024w, https:\/\/motoradventures.com\/wp-content\/uploads\/2024\/12\/db4d03f8-c9d6-4fe1-9cd8-bcba738b9c18-300x200.jpg 300w, https:\/\/motoradventures.com\/wp-content\/uploads\/2024\/12\/db4d03f8-c9d6-4fe1-9cd8-bcba738b9c18-768x512.jpg 768w, https:\/\/motoradventures.com\/wp-content\/uploads\/2024\/12\/db4d03f8-c9d6-4fe1-9cd8-bcba738b9c18.jpg 1280w\" sizes=\"auto, (max-width: 1024px) 100vw, 1024px\" \/><\/a><\/figure>\n\n\n\n<p class=\"has-text-align-center\"><a href=\"https:\/\/motoradventures.com\/es\/nuestros-4x4\/\"><strong>4x4<\/strong><\/a><\/p>\n<\/div>\n<\/div>\n\n\n\n<p><\/p>","protected":false},"excerpt":{"rendered":"<p>What Vehicles Can You Expect on Our South Africa Adventure and Morocco Desert Tours? Have you got your heart set on one of our Morocco desert tours? Or is the open road of a South Africa adventure tour calling your name? After choosing which country you want to visit, your next big decision is vital: [&hellip;]<\/p>\n","protected":false},"author":2,"featured_media":22051,"parent":0,"menu_order":0,"comment_status":"closed","ping_status":"closed","template":"","meta":{"_acf_changed":false,"footnotes":""},"class_list":["post-22669","page","type-page","status-publish","has-post-thumbnail","hentry"],"acf":[],"_links":{"self":[{"href":"https:\/\/motoradventures.com\/es\/wp-json\/wp\/v2\/pages\/22669","targetHints":{"allow":["GET"]}}],"collection":[{"href":"https:\/\/motoradventures.com\/es\/wp-json\/wp\/v2\/pages"}],"about":[{"href":"https:\/\/motoradventures.com\/es\/wp-json\/wp\/v2\/types\/page"}],"author":[{"embeddable":true,"href":"https:\/\/motoradventures.com\/es\/wp-json\/wp\/v2\/users\/2"}],"replies":[{"embeddable":true,"href":"https:\/\/motoradventures.com\/es\/wp-json\/wp\/v2\/comments?post=22669"}],"version-history":[{"count":3,"href":"https:\/\/motoradventures.com\/es\/wp-json\/wp\/v2\/pages\/22669\/revisions"}],"predecessor-version":[{"id":22675,"href":"https:\/\/motoradventures.com\/es\/wp-json\/wp\/v2\/pages\/22669\/revisions\/22675"}],"wp:featuredmedia":[{"embeddable":true,"href":"https:\/\/motoradventures.com\/es\/wp-json\/wp\/v2\/media\/22051"}],"wp:attachment":[{"href":"https:\/\/motoradventures.com\/es\/wp-json\/wp\/v2\/media?parent=22669"}],"curies":[{"name":"wp","href":"https:\/\/api.w.org\/{rel}","templated":true}]}}