{"id":22161,"date":"2025-01-03T15:39:04","date_gmt":"2025-01-03T14:39:04","guid":{"rendered":"http:\/\/motoradventures.com\/?page_id=22161"},"modified":"2025-05-02T14:30:23","modified_gmt":"2025-05-02T12:30:23","slug":"nuestros-4x4","status":"publish","type":"page","link":"https:\/\/motoradventures.com\/es\/our-4wds\/","title":{"rendered":"Nuestros 4x4 para excursiones por el desierto de Marruecos"},"content":{"rendered":"<div class=\"wp-block-columns is-layout-flex wp-container-core-columns-is-layout-9d6595d7 wp-block-columns-is-layout-flex\">\n<div class=\"wp-block-column is-layout-flow wp-block-column-is-layout-flow\">\n<h2 class=\"wp-block-heading\">\u00a1\u00danase a nosotros en emocionantes excursiones 4\u00d74 por Marruecos!<\/h2>\n\n\n\n<p>En Motor Adventures, contamos con nuestra propia flota de <a href=\"https:\/\/motoradventures.com\/es\/bicicletas\/\">motocicletas de aventura y enduro extremo<\/a> y <a href=\"https:\/\/motoradventures.com\/es\/cochecitos\/\">Buggies Can-Am<\/a> en Marruecos. Estos son los principales veh\u00edculos que utilizan nuestros hu\u00e9spedes en nuestra gama de alta potencia. <a href=\"https:\/\/motoradventures.com\/es\/viajes-a-marruecos\/\">Excursiones por el desierto de Marruecos<\/a>.<\/p>\n\n\n\n<p>Sin embargo, si te unes a nosotros para el <a href=\"https:\/\/motoradventures.com\/es\/recorrido\/excursion-todoterreno-de-8-dias\/\">Tour de 8 d\u00edas por el S\u00e1hara<\/a> (as\u00ed como otros tours seleccionados), tambi\u00e9n ofrecemos veh\u00edculos 4x4. Estos robustos veh\u00edculos, en su mayor\u00eda Toyota Land Cruisers, son proporcionados por una empresa de alquiler con la que mantenemos una relaci\u00f3n duradera. Por lo tanto, puede tener plena confianza en que estos 4x4 reciben un servicio y mantenimiento del m\u00e1s alto nivel, al igual que todos nuestros propios veh\u00edculos.<br><br>\u00bfTienes alguna pregunta sobre los 4x4 que tenemos disponibles? \u00bfO te gustar\u00eda saber m\u00e1s sobre en qu\u00e9 excursiones puedes conducir uno? Por favor, solo <a href=\"https:\/\/motoradventures.com\/es\/contactenos\/\">Cont\u00e1ctenos<\/a> para toda la informaci\u00f3n que necesites.\u00a0<\/p>\n\n\n\n<p><\/p>\n<\/div>\n\n\n\n<div class=\"wp-block-column is-layout-flow wp-block-column-is-layout-flow\">\n<h2 class=\"wp-block-heading\">Excursiones 4\u00d74 por el S\u00e1hara marroqu\u00ed: tu equipo<\/h2>\n\n\n\n<p>Si te unes a nosotros en una de nuestras excursiones en 4x4, no es necesario que tengas experiencia en conducci\u00f3n todoterreno. Sin embargo, te recomendamos encarecidamente que tengas una experiencia considerable al volante, ya que nuestras excursiones no son aptas para los d\u00e9biles de coraz\u00f3n.<\/p>\n\n\n\n<p>En cuanto al equipo personal para los tours 4\u00d74 por Marruecos, necesitar\u00e1s:<\/p>\n\n\n\n<ul class=\"wp-block-list\">\n<li><strong>Zapatos y ropa c\u00f3modos<\/strong> \u2013 Lleve calzado resistente y c\u00f3modo, y ropa adecuada para actividades al aire libre.\u00a0<\/li>\n\n\n\n<li><strong>Viaja ligero<\/strong> \u2013 Lleve solo lo imprescindible para aprovechar al m\u00e1ximo el espacio del veh\u00edculo. Evite los objetos voluminosos.<\/li>\n\n\n\n<li><strong>Prep\u00e1rate para el polvo<\/strong> \u2013 \u00a1Prep\u00e1rate para llenarte de polvo! Considera llevar un pa\u00f1uelo o bandana para cubrirte la cara y una buena bolsa para proteger tus pertenencias.<\/li>\n\n\n\n<li><strong>No traiga maletas.<\/strong> \u2013 Especialmente las que tienen ruedas, \u00a1no funcionan en terrenos des\u00e9rticos! Utiliza bolsas de lona blandas en su lugar.<\/li>\n<\/ul>\n\n\n\n<p><strong>Consejo profesional:<\/strong> \u00a1Trae un cargador de tel\u00e9fono y un cable USB para escuchar tu m\u00fasica favorita en el coche, y descarga tus listas de reproducci\u00f3n antes de comenzar tu recorrido!<\/p>\n<\/div>\n<\/div>\n\n\n\n<h2 class=\"wp-block-heading\">Excursiones por el desierto de Marruecos en 4x4: Galer\u00eda<\/h2>\n\n\n\n<figure class=\"wp-block-image size-full\"><img loading=\"lazy\" decoding=\"async\" width=\"1280\" height=\"717\" src=\"https:\/\/motoradventures.com\/wp-content\/uploads\/2024\/12\/1872554d-db89-4f4e-b580-0bdcae3bb722.jpg\" alt=\"\" class=\"wp-image-21989\" srcset=\"https:\/\/motoradventures.com\/wp-content\/uploads\/2024\/12\/1872554d-db89-4f4e-b580-0bdcae3bb722.jpg 1280w, https:\/\/motoradventures.com\/wp-content\/uploads\/2024\/12\/1872554d-db89-4f4e-b580-0bdcae3bb722-300x168.jpg 300w, https:\/\/motoradventures.com\/wp-content\/uploads\/2024\/12\/1872554d-db89-4f4e-b580-0bdcae3bb722-1024x574.jpg 1024w, https:\/\/motoradventures.com\/wp-content\/uploads\/2024\/12\/1872554d-db89-4f4e-b580-0bdcae3bb722-768x430.jpg 768w\" sizes=\"auto, (max-width: 1280px) 100vw, 1280px\" \/><\/figure>\n\n\n\n<figure class=\"wp-block-gallery has-nested-images columns-5 is-cropped wp-block-gallery-1 is-layout-flex wp-block-gallery-is-layout-flex\">\n<figure class=\"wp-block-image size-large\"><img loading=\"lazy\" decoding=\"async\" width=\"1024\" height=\"683\" data-id=\"22045\" src=\"https:\/\/motoradventures.com\/wp-content\/uploads\/2024\/12\/e6ed45be-6c1e-4287-b256-1c8eef2e97b6-1024x683.jpg\" alt=\"\" class=\"wp-image-22045\" srcset=\"https:\/\/motoradventures.com\/wp-content\/uploads\/2024\/12\/e6ed45be-6c1e-4287-b256-1c8eef2e97b6-1024x683.jpg 1024w, https:\/\/motoradventures.com\/wp-content\/uploads\/2024\/12\/e6ed45be-6c1e-4287-b256-1c8eef2e97b6-300x200.jpg 300w, https:\/\/motoradventures.com\/wp-content\/uploads\/2024\/12\/e6ed45be-6c1e-4287-b256-1c8eef2e97b6-768x512.jpg 768w, https:\/\/motoradventures.com\/wp-content\/uploads\/2024\/12\/e6ed45be-6c1e-4287-b256-1c8eef2e97b6-1536x1024.jpg 1536w, https:\/\/motoradventures.com\/wp-content\/uploads\/2024\/12\/e6ed45be-6c1e-4287-b256-1c8eef2e97b6.jpg 1600w\" sizes=\"auto, (max-width: 1024px) 100vw, 1024px\" \/><\/figure>\n\n\n\n<figure class=\"wp-block-image size-large\"><img loading=\"lazy\" decoding=\"async\" width=\"1024\" height=\"682\" data-id=\"21970\" src=\"https:\/\/motoradventures.com\/wp-content\/uploads\/2024\/12\/907fe299-dded-4a41-8329-089fb3edee6b-1024x682.jpg\" alt=\"\" class=\"wp-image-21970\" srcset=\"https:\/\/motoradventures.com\/wp-content\/uploads\/2024\/12\/907fe299-dded-4a41-8329-089fb3edee6b-1024x682.jpg 1024w, https:\/\/motoradventures.com\/wp-content\/uploads\/2024\/12\/907fe299-dded-4a41-8329-089fb3edee6b-300x200.jpg 300w, https:\/\/motoradventures.com\/wp-content\/uploads\/2024\/12\/907fe299-dded-4a41-8329-089fb3edee6b-768x512.jpg 768w, https:\/\/motoradventures.com\/wp-content\/uploads\/2024\/12\/907fe299-dded-4a41-8329-089fb3edee6b.jpg 1280w\" sizes=\"auto, (max-width: 1024px) 100vw, 1024px\" \/><\/figure>\n\n\n\n<figure class=\"wp-block-image size-large\"><img loading=\"lazy\" decoding=\"async\" width=\"1024\" height=\"682\" data-id=\"21962\" src=\"https:\/\/motoradventures.com\/wp-content\/uploads\/2024\/12\/577a512a-fe11-4472-ae48-75c68f19af59-1024x682.jpg\" alt=\"\" class=\"wp-image-21962\" srcset=\"https:\/\/motoradventures.com\/wp-content\/uploads\/2024\/12\/577a512a-fe11-4472-ae48-75c68f19af59-1024x682.jpg 1024w, https:\/\/motoradventures.com\/wp-content\/uploads\/2024\/12\/577a512a-fe11-4472-ae48-75c68f19af59-300x200.jpg 300w, https:\/\/motoradventures.com\/wp-content\/uploads\/2024\/12\/577a512a-fe11-4472-ae48-75c68f19af59-768x512.jpg 768w, https:\/\/motoradventures.com\/wp-content\/uploads\/2024\/12\/577a512a-fe11-4472-ae48-75c68f19af59.jpg 1280w\" sizes=\"auto, (max-width: 1024px) 100vw, 1024px\" \/><\/figure>\n\n\n\n<figure class=\"wp-block-image size-large\"><img loading=\"lazy\" decoding=\"async\" width=\"1024\" height=\"682\" data-id=\"21902\" src=\"https:\/\/motoradventures.com\/wp-content\/uploads\/2024\/12\/2b6a2e02-af25-4b13-9c31-ede59ae85bf9-1024x682.jpg\" alt=\"\" class=\"wp-image-21902\" srcset=\"https:\/\/motoradventures.com\/wp-content\/uploads\/2024\/12\/2b6a2e02-af25-4b13-9c31-ede59ae85bf9-1024x682.jpg 1024w, https:\/\/motoradventures.com\/wp-content\/uploads\/2024\/12\/2b6a2e02-af25-4b13-9c31-ede59ae85bf9-300x200.jpg 300w, https:\/\/motoradventures.com\/wp-content\/uploads\/2024\/12\/2b6a2e02-af25-4b13-9c31-ede59ae85bf9-768x512.jpg 768w, https:\/\/motoradventures.com\/wp-content\/uploads\/2024\/12\/2b6a2e02-af25-4b13-9c31-ede59ae85bf9.jpg 1280w\" sizes=\"auto, (max-width: 1024px) 100vw, 1024px\" \/><\/figure>\n\n\n\n<figure class=\"wp-block-image size-large\"><img loading=\"lazy\" decoding=\"async\" width=\"1024\" height=\"682\" data-id=\"21976\" src=\"https:\/\/motoradventures.com\/wp-content\/uploads\/2024\/12\/001260f5-de13-4e06-bfcd-bf868f04bd45-1024x682.jpg\" alt=\"\" class=\"wp-image-21976\" srcset=\"https:\/\/motoradventures.com\/wp-content\/uploads\/2024\/12\/001260f5-de13-4e06-bfcd-bf868f04bd45-1024x682.jpg 1024w, https:\/\/motoradventures.com\/wp-content\/uploads\/2024\/12\/001260f5-de13-4e06-bfcd-bf868f04bd45-300x200.jpg 300w, https:\/\/motoradventures.com\/wp-content\/uploads\/2024\/12\/001260f5-de13-4e06-bfcd-bf868f04bd45-768x512.jpg 768w, https:\/\/motoradventures.com\/wp-content\/uploads\/2024\/12\/001260f5-de13-4e06-bfcd-bf868f04bd45.jpg 1280w\" sizes=\"auto, (max-width: 1024px) 100vw, 1024px\" \/><\/figure>\n<\/figure>","protected":false},"excerpt":{"rendered":"<p>Join Us for Thrilling Morocco 4&#215;4 Tours! At Motor Adventures, we have our own fleet of adventure and hard enduro bikes and Can-Am buggies in Morocco. These are the primary vehicles our guests use on our range of high-octane Morocco desert tours. However, if you are joining us for the 8-Day Tour Sahara Experience (as [&hellip;]<\/p>\n","protected":false},"author":3,"featured_media":21989,"parent":0,"menu_order":0,"comment_status":"closed","ping_status":"closed","template":"","meta":{"_acf_changed":false,"footnotes":""},"class_list":["post-22161","page","type-page","status-publish","has-post-thumbnail","hentry"],"acf":[],"_links":{"self":[{"href":"https:\/\/motoradventures.com\/es\/wp-json\/wp\/v2\/pages\/22161","targetHints":{"allow":["GET"]}}],"collection":[{"href":"https:\/\/motoradventures.com\/es\/wp-json\/wp\/v2\/pages"}],"about":[{"href":"https:\/\/motoradventures.com\/es\/wp-json\/wp\/v2\/types\/page"}],"author":[{"embeddable":true,"href":"https:\/\/motoradventures.com\/es\/wp-json\/wp\/v2\/users\/3"}],"replies":[{"embeddable":true,"href":"https:\/\/motoradventures.com\/es\/wp-json\/wp\/v2\/comments?post=22161"}],"version-history":[{"count":5,"href":"https:\/\/motoradventures.com\/es\/wp-json\/wp\/v2\/pages\/22161\/revisions"}],"predecessor-version":[{"id":22659,"href":"https:\/\/motoradventures.com\/es\/wp-json\/wp\/v2\/pages\/22161\/revisions\/22659"}],"wp:featuredmedia":[{"embeddable":true,"href":"https:\/\/motoradventures.com\/es\/wp-json\/wp\/v2\/media\/21989"}],"wp:attachment":[{"href":"https:\/\/motoradventures.com\/es\/wp-json\/wp\/v2\/media?parent=22161"}],"curies":[{"name":"wp","href":"https:\/\/api.w.org\/{rel}","templated":true}]}}