{"id":20928,"date":"2024-12-27T13:32:31","date_gmt":"2024-12-27T12:32:31","guid":{"rendered":"http:\/\/motoradventures.com\/?page_id=20928"},"modified":"2025-04-14T21:33:42","modified_gmt":"2025-04-14T19:33:42","slug":"seguridad","status":"publish","type":"page","link":"https:\/\/motoradventures.com\/es\/safety\/","title":{"rendered":"Su seguridad en nuestros viajes de aventura a Marruecos y Sud\u00e1frica"},"content":{"rendered":"<p><strong><strong>Su seguridad en nuestro <\/strong><a href=\"https:\/\/motoradventures.com\/es\/viajes-a-marruecos\/\"><strong>Viajes de aventura a Marruecos<\/strong><\/a><strong> y <\/strong><a href=\"https:\/\/motoradventures.com\/es\/viajes-a-sudafrica\/\"><strong>Viajes de aventura en Sud\u00e1frica<\/strong><\/a><strong> es extremadamente importante para nosotros. Es una cuesti\u00f3n no negociable en la que seguimos invirtiendo tiempo y dinero. Esto nos permite ofrecerle el mejor servicio y la mejor experiencia posibles con total tranquilidad.<\/strong><\/strong><\/p>\n\n\n\n<h3 class=\"wp-block-heading\">Recorridos de aventura y enduro con GPS: Siga la L\u00ednea Morada<\/h3>\n\n\n\n<div class=\"wp-block-columns is-layout-flex wp-container-core-columns-is-layout-9d6595d7 wp-block-columns-is-layout-flex\">\n<div class=\"wp-block-column is-vertically-aligned-top is-layout-flow wp-block-column-is-layout-flow\">\n<p>No tomamos su seguridad en una aventura con nosotros a la ligera. Durante muchos a\u00f1os, hemos sido la \u00fanica empresa en ofrecer un robusto Garmin Montana 600 instalado en todas las motos tanto en nuestros tours off-road como de aventura GRATIS. Siempre estamos buscando actualizaciones o mejoras de alta gama, manteniendo nuestras experiencias tan a la vanguardia como la \u00faltima tecnolog\u00eda.<\/p>\n\n\n\n<p>Para nuestros recorridos en bicicleta de aventura (que suelen ser m\u00e1s suaves), ahora ofrecemos un nuevo sistema, suministrando un smartphone, un quadlock y el software Wikiloc para aquellos que lo deseen.<\/p>\n<\/div>\n<\/div>\n\n\n\n<figure class=\"wp-block-image size-large\"><img loading=\"lazy\" decoding=\"async\" width=\"1024\" height=\"576\" src=\"http:\/\/motoradventures.com\/wp-content\/uploads\/2024\/12\/20210913_170745-1024x576.jpg\" alt=\"\" class=\"wp-image-20932\" srcset=\"https:\/\/motoradventures.com\/wp-content\/uploads\/2024\/12\/20210913_170745-1024x576.jpg 1024w, https:\/\/motoradventures.com\/wp-content\/uploads\/2024\/12\/20210913_170745-300x169.jpg 300w, https:\/\/motoradventures.com\/wp-content\/uploads\/2024\/12\/20210913_170745-768x432.jpg 768w, https:\/\/motoradventures.com\/wp-content\/uploads\/2024\/12\/20210913_170745-1536x864.jpg 1536w, https:\/\/motoradventures.com\/wp-content\/uploads\/2024\/12\/20210913_170745.jpg 1920w\" sizes=\"auto, (max-width: 1024px) 100vw, 1024px\" \/><\/figure>\n\n\n\n<div class=\"wp-block-columns is-layout-flex wp-container-core-columns-is-layout-9d6595d7 wp-block-columns-is-layout-flex\">\n<div class=\"wp-block-column is-layout-flow wp-block-column-is-layout-flow\">\n<p>Todas las ma\u00f1anas, cargamos la ruta del d\u00eda en tu sistema. Esto hace que las cosas sean mucho m\u00e1s interesantes para ustedes, los ciclistas. Nuestras rutas off-road se desarrollan con una libertad razonable, permitiendo que los motoristas m\u00e1s r\u00e1pidos vayan en cabeza y que los grupos m\u00e1s peque\u00f1os se muevan a la velocidad que les resulte m\u00e1s c\u00f3moda. El veh\u00edculo de apoyo siempre nos sigue de cerca. Con puntos de reagrupamiento regulares y un sistema GPS fiable, los motoristas pueden replegarse y mantenerse alejados unos de otros.<\/p>\n\n\n\n<p>Actualizamos y comprobamos regularmente nuestras rutas por Marruecos antes del comienzo de cada temporada. Motor Adventures siempre est\u00e1 trabajando para asegurarse de que disfrutas al m\u00e1ximo de un recorrido todoterreno, \u00a1lo que significa evitar el asfalto! Nuestro equipo tambi\u00e9n busca nuevas pistas y senderos para que nuestros clientes habituales puedan experimentar nuevos lugares.<\/p>\n\n\n\n<p>En todos nuestros viajes, nuestros veh\u00edculos de apoyo cuentan con GPS, un completo botiqu\u00edn m\u00e9dico profesional, que incluye un desfibrilador, f\u00e9rulas de vac\u00edo e incluso ox\u00edgeno, un compresor y una nevera, por mencionar lo m\u00e1s importante.<\/p>\n\n\n\n<p>\u00bfTiene alguna pregunta sobre la seguridad de nuestros viajes? No dude en <a href=\"https:\/\/motoradventures.com\/es\/contactenos\/\">Cont\u00e1ctenos<\/a> para toda la informaci\u00f3n que necesites.<\/p>\n<\/div>\n<\/div>\n\n\n\n<figure class=\"wp-block-image size-large\"><img loading=\"lazy\" decoding=\"async\" width=\"1024\" height=\"576\" src=\"http:\/\/motoradventures.com\/wp-content\/uploads\/2024\/12\/JOHN_STAPELS_1418_JS907586-1024x576.jpg\" alt=\"\" class=\"wp-image-20933\" srcset=\"https:\/\/motoradventures.com\/wp-content\/uploads\/2024\/12\/JOHN_STAPELS_1418_JS907586-1024x576.jpg 1024w, https:\/\/motoradventures.com\/wp-content\/uploads\/2024\/12\/JOHN_STAPELS_1418_JS907586-300x169.jpg 300w, https:\/\/motoradventures.com\/wp-content\/uploads\/2024\/12\/JOHN_STAPELS_1418_JS907586-768x432.jpg 768w, https:\/\/motoradventures.com\/wp-content\/uploads\/2024\/12\/JOHN_STAPELS_1418_JS907586-1536x864.jpg 1536w, https:\/\/motoradventures.com\/wp-content\/uploads\/2024\/12\/JOHN_STAPELS_1418_JS907586.jpg 1920w\" sizes=\"auto, (max-width: 1024px) 100vw, 1024px\" \/><\/figure>\n\n\n\n<h2 class=\"wp-block-heading\">Veh\u00edculos de apoyo en nuestros viajes a Marruecos y Sud\u00e1frica<\/h2>\n\n\n\n<div class=\"wp-block-columns is-layout-flex wp-container-core-columns-is-layout-9d6595d7 wp-block-columns-is-layout-flex\">\n<div class=\"wp-block-column is-layout-flow wp-block-column-is-layout-flow\">\n<p>En nuestras excursiones todoterreno, nuestro mec\u00e1nico suele viajar en el veh\u00edculo de apoyo. Disponemos de un Fiat Fullback adaptado para poder transportar una moto en caso necesario. Est\u00e1 totalmente equipado con nuestro material m\u00e9dico, como una camilla de vac\u00edo, un desfibrilador, f\u00e9rulas, ox\u00edgeno, un botiqu\u00edn muy amplio, una nevera, un compresor, herramientas y piezas de repuesto para las motos. Podemos utilizar un Toyota Land Cruiser o similar si necesitamos un transporte de personas.<\/p>\n<\/div>\n\n\n\n<div class=\"wp-block-column is-layout-flow wp-block-column-is-layout-flow\">\n<p>En nuestras excursiones de aventura, nuestro veh\u00edculo de asistencia totalmente equipado, un Toyota Land Cruiser o similar, presta apoyo a los pilotos y transporta a los pasajeros del 4\u00d74 y a cualquier pasajero que desee descansar un rato de la moto.<\/p>\n\n\n\n<p>M\u00e1s informaci\u00f3n <a href=\"https:\/\/motoradventures.com\/es\/cochecitos\/\">nuestros buggies Can-Am<\/a> y <a href=\"https:\/\/motoradventures.com\/es\/bicicletas\/\">nuestras bicicletas<\/a> para encontrar la mejor opci\u00f3n para usted. Empecemos a planear la experiencia de sus sue\u00f1os en Marruecos o Sud\u00e1frica.&nbsp;&nbsp;<\/p>\n<\/div>\n<\/div>","protected":false},"excerpt":{"rendered":"<p>Su seguridad en nuestros viajes de aventura por Marruecos y Sud\u00e1frica es de vital importancia. Descubre c\u00f3mo Motor Adventures te mantiene seguro en nuestros viajes.<\/p>","protected":false},"author":1,"featured_media":20931,"parent":0,"menu_order":0,"comment_status":"closed","ping_status":"closed","template":"","meta":{"_acf_changed":false,"footnotes":""},"class_list":["post-20928","page","type-page","status-publish","has-post-thumbnail","hentry"],"acf":[],"_links":{"self":[{"href":"https:\/\/motoradventures.com\/es\/wp-json\/wp\/v2\/pages\/20928","targetHints":{"allow":["GET"]}}],"collection":[{"href":"https:\/\/motoradventures.com\/es\/wp-json\/wp\/v2\/pages"}],"about":[{"href":"https:\/\/motoradventures.com\/es\/wp-json\/wp\/v2\/types\/page"}],"author":[{"embeddable":true,"href":"https:\/\/motoradventures.com\/es\/wp-json\/wp\/v2\/users\/1"}],"replies":[{"embeddable":true,"href":"https:\/\/motoradventures.com\/es\/wp-json\/wp\/v2\/comments?post=20928"}],"version-history":[{"count":1,"href":"https:\/\/motoradventures.com\/es\/wp-json\/wp\/v2\/pages\/20928\/revisions"}],"predecessor-version":[{"id":22587,"href":"https:\/\/motoradventures.com\/es\/wp-json\/wp\/v2\/pages\/20928\/revisions\/22587"}],"wp:featuredmedia":[{"embeddable":true,"href":"https:\/\/motoradventures.com\/es\/wp-json\/wp\/v2\/media\/20931"}],"wp:attachment":[{"href":"https:\/\/motoradventures.com\/es\/wp-json\/wp\/v2\/media?parent=20928"}],"curies":[{"name":"wp","href":"https:\/\/api.w.org\/{rel}","templated":true}]}}