{"id":20925,"date":"2024-12-27T13:43:32","date_gmt":"2024-12-27T12:43:32","guid":{"rendered":"http:\/\/motoradventures.com\/?page_id=20925"},"modified":"2026-03-02T23:02:38","modified_gmt":"2026-03-02T22:02:38","slug":"condiciones-generales","status":"publish","type":"page","link":"https:\/\/motoradventures.com\/es\/terms-and-conditions\/","title":{"rendered":"Condiciones generales"},"content":{"rendered":"<h2 class=\"wp-block-heading\">Condiciones generales<\/h2>\n\n\n\n<p>St\u00e9 Moto Aventures Morocco SARL (en lo sucesivo \u201cla Compa\u00f1\u00eda\u201d) acepta clientes, y cualquier pasajero 4\u00d74 acompa\u00f1ante (en lo sucesivo denominados colectivamente \u201cel Cliente\u201d) sujeto a las siguientes condiciones:<\/p>\n\n\n\n<p>1. RESERVAS Y PAGOS<br>El dep\u00f3sito abonado en el momento de la reserva se acepta como parte del coste total del viaje y no se reembolsar\u00e1 a menos que no se pueda ofrecer plaza al solicitante.<\/p>\n\n\n\n<p>The balance of the total cost for the tour must reach us no later than 60 DAYS before the tour date.<\/p>\n\n\n\n<p>2. CANCELACI\u00d3N<br>Los gastos de anulaci\u00f3n de los pagos de SALDO son los siguientes:<\/p>\n\n\n\n<p>7 - 8 semanas antes de la salida por el Cliente - 50% reembolso<br>4 - 7 semanas antes de la salida por el Cliente - 40% reembolso<br>2 - 4 semanas antes de la salida por el Cliente - 25% reembolso<br>0 - 2 semanas antes de la salida por el Cliente - no hay reembolso<\/p>\n\n\n\n<p>3. EL CLIENTE DEBE<br>Estar en posesi\u00f3n de un permiso de conducci\u00f3n de motocicletas completo en todo momento durante el recorrido, cuando se conduzca una motocicleta, y estar en posesi\u00f3n de un permiso de conducci\u00f3n de autom\u00f3viles en todo momento durante el recorrido, cuando se conduzca un buggy o un 4\u00d74.<br>Haber puesto en conocimiento de la Compa\u00f1\u00eda cualquier anotaci\u00f3n o restricci\u00f3n efectuada en su permiso de conducir por las autoridades competentes.<\/p>\n\n\n\n<p>4. RECONOCIMIENTO<br>S\u00f3lo el Cliente reconocido y aceptado por la Empresa podr\u00e1 conducir la moto, buggy o 4\u00d74.<\/p>\n\n\n\n<p>5. EMBARGADO<br>En caso de que el Cliente provoque la retenci\u00f3n o embargo de la motocicleta, buggy o 4\u00d74, todos los gastos correr\u00e1n a cargo del Cliente, incluidas las p\u00e9rdidas que pueda sufrir la Empresa mientras el veh\u00edculo est\u00e9 inmovilizado.<\/p>\n\n\n\n<p>6. INFRACCI\u00d3N DE TR\u00c1FICO<br>Todas las multas, costas judiciales, etc., derivadas de cualquier forma de infracci\u00f3n de tr\u00e1fico u otras, que sean contra la moto, la Empresa o el Cliente, y causadas por el Cliente durante la vigencia de este contrato, ser\u00e1n a cargo del Cliente salvo cuando sean causadas por la Empresa.<\/p>\n\n\n\n<p>7. ACCIDENTES, ROBOS Y AVER\u00cdAS<br>En caso de accidente, robo o aver\u00eda, el Cliente deber\u00e1 comunicarlo inmediatamente a la Empresa o a su representante.<br>En ning\u00fan caso aceptar la culpabilidad de un accidente, salvo en el formulario de \u201cDeclaraci\u00f3n amistosa de accidentes\u201d.<br>El Cliente deber\u00e1 obtener todos los datos de la otra parte y de cualquier testigo, y el Cliente facilitar\u00e1 \u00e9stos y todos los dem\u00e1s datos del accidente a la Compa\u00f1\u00eda o a su representante en un plazo de 24 horas.<br>Avisa inmediatamente a las autoridades si la otra parte es responsable del accidente.<\/p>\n\n\n\n<p>8. Al utilizar uno de los veh\u00edculos o equipos de la Empresa, el Cliente se compromete a pagar una fianza antes de comenzar el tour, que le ser\u00e1 devuelta \u00edntegramente siempre que no se hayan producido da\u00f1os ni en el veh\u00edculo ni en el GPS.<\/p>\n\n\n\n<p>Le rogamos que abone la fianza en efectivo. Puede pagar en euros, d\u00f3lares o libras. Tambi\u00e9n se puede pagar con tarjeta de cr\u00e9dito.<\/p>\n\n\n\n<p>9. 9. NO SE PERMITEN RODAJES - Si se causan da\u00f1os como resultado de hacer un rodeo, el Cliente ser\u00e1 responsable del coste de TODOS los da\u00f1os.<\/p>\n\n\n\n<p>10. Si, por cualquier motivo, no fuera posible revisar el veh\u00edculo al finalizar el viaje, la Empresa dispondr\u00e1 de un plazo m\u00e1ximo de 7 d\u00edas para comunicar al Cliente los da\u00f1os y gastos ocasionados.<\/p>\n\n\n\n<p>11. EL CLIENTE ENTIENDE QUE<br>- es responsable de su propio seguro personal con repatriaci\u00f3n<br>- reconoce los riesgos y peligros inherentes al viaje<br>- viajar\u00e1 por su cuenta y riesgo<br>- ni la Empresa, ni sus agentes, ni ninguna otra persona que colabore con ellos, ser\u00e1n responsables de ninguna p\u00e9rdida personal, lesi\u00f3n, accidente, da\u00f1o, retraso o inconveniente, ya sean causados por actos de la Empresa, sus agentes o acontecimientos ajenos al control de la Empresa (por ejemplo, huelgas, guerra civil, aver\u00edas mec\u00e1nicas, condiciones meteorol\u00f3gicas, etc.).<br>-Debido a la naturaleza del viaje, la Compa\u00f1\u00eda no puede aceptar ninguna responsabilidad por cualquier da\u00f1o, p\u00e9rdida o accidente del veh\u00edculo del Cliente u otra propiedad, ya sea propia, alquilada o prestada al Cliente.<br>- si el Cliente abandona el viaje voluntariamente antes de la finalizaci\u00f3n del mismo, o es requerido para ello por un representante de la Compa\u00f1\u00eda, toda responsabilidad que la Compa\u00f1\u00eda pueda tener hacia dicho Cliente cesar\u00e1 inmediatamente, y la Compa\u00f1\u00eda no tendr\u00e1 responsabilidad alguna por la repatriaci\u00f3n o cualquier otro gasto incurrido por el Cliente que pueda derivarse de dicho evento.<br>- En caso de accidente en el que la moto quede inutilizada o el cliente no pueda continuar el tour, los gastos de transporte de la moto hasta el garaje de la empresa correr\u00e1n a cargo del cliente. (110\u20ac a 350\u20ac)<br>- acatar\u00e1 la autoridad y las decisiones de la Empresa y\/o sus representantes.<\/p>\n\n\n\n<p>12. LEYES<br>El Cliente cumplir\u00e1 estrictamente las leyes y costumbres de todos los pa\u00edses que visite, ya sea en materia de sanidad, inmigraci\u00f3n, control de cambios, drogas o cualquier otro asunto.<\/p>\n\n\n\n<p>13. Todas las distancias y datos indicados en nuestros itinerarios son aproximados. Se entienden como una gu\u00eda aproximada y pueden variar si hay un cambio de ruta. En todo momento intentaremos mantener este itinerario pero, debido a las condiciones clim\u00e1ticas o a la disponibilidad de alojamiento, la empresa podr\u00eda verse obligada a alterar parte del mismo.<\/p>\n\n\n\n<p>14. JURISDICCI\u00d3N<br>Cualquier litigio que pueda surgir entre el Cliente y la Sociedad ser\u00e1 tratado bajo la jurisdicci\u00f3n de la ley marroqu\u00ed.<br>Los gastos en que incurra la Sociedad (incluidos los honorarios de abogados y procuradores) para reclamar las cantidades adeudadas por el Cliente en virtud del presente contrato, correr\u00e1n a cargo del Cliente.<\/p>\n\n\n\n<p>15. INFORMACI\u00d3N<br>Todas las distancias y datos indicados en nuestros itinerarios son aproximados. Se entienden como una gu\u00eda aproximada y pueden variar si hay un cambio de ruta. En todo momento intentaremos mantener este itinerario, pero debido a las condiciones clim\u00e1ticas o a la disponibilidad de alojamiento, la empresa podr\u00eda verse obligada a alterar parte del mismo.<\/p>\n\n\n\n<p>La Empresa se reserva el derecho de modificar o cambiar total o parcialmente estas Condiciones Generales sin previo aviso.<\/p>\n\n\n\n<p><\/p>","protected":false},"excerpt":{"rendered":"<p>Terms and Conditions St\u00e9 Moto Aventures Morocco SARL&nbsp;(hereinafter referred to as \u201cthe Company\u201d) accepts clients, and any accompanying 4\u00d74 passengers (hereinafter referred to collectively as \u201cthe Client\u201d) subject to the following conditions: 1. BOOKING AND PAYMENTSThe deposit paid at the time of booking is accepted as part of the total cost of the tour and [&hellip;]<\/p>\n","protected":false},"author":1,"featured_media":20952,"parent":0,"menu_order":0,"comment_status":"closed","ping_status":"closed","template":"","meta":{"_acf_changed":false,"footnotes":""},"class_list":["post-20925","page","type-page","status-publish","has-post-thumbnail","hentry"],"acf":[],"_links":{"self":[{"href":"https:\/\/motoradventures.com\/es\/wp-json\/wp\/v2\/pages\/20925","targetHints":{"allow":["GET"]}}],"collection":[{"href":"https:\/\/motoradventures.com\/es\/wp-json\/wp\/v2\/pages"}],"about":[{"href":"https:\/\/motoradventures.com\/es\/wp-json\/wp\/v2\/types\/page"}],"author":[{"embeddable":true,"href":"https:\/\/motoradventures.com\/es\/wp-json\/wp\/v2\/users\/1"}],"replies":[{"embeddable":true,"href":"https:\/\/motoradventures.com\/es\/wp-json\/wp\/v2\/comments?post=20925"}],"version-history":[{"count":4,"href":"https:\/\/motoradventures.com\/es\/wp-json\/wp\/v2\/pages\/20925\/revisions"}],"predecessor-version":[{"id":24699,"href":"https:\/\/motoradventures.com\/es\/wp-json\/wp\/v2\/pages\/20925\/revisions\/24699"}],"wp:featuredmedia":[{"embeddable":true,"href":"https:\/\/motoradventures.com\/es\/wp-json\/wp\/v2\/media\/20952"}],"wp:attachment":[{"href":"https:\/\/motoradventures.com\/es\/wp-json\/wp\/v2\/media?parent=20925"}],"curies":[{"name":"wp","href":"https:\/\/api.w.org\/{rel}","templated":true}]}}