{"id":20911,"date":"2024-12-27T12:21:24","date_gmt":"2024-12-27T11:21:24","guid":{"rendered":"http:\/\/motoradventures.com\/?page_id=20911"},"modified":"2025-11-18T16:23:49","modified_gmt":"2025-11-18T15:23:49","slug":"cochecitos","status":"publish","type":"page","link":"https:\/\/motoradventures.com\/es\/buggies\/","title":{"rendered":"Nuestros buggies Can-Am en Marruecos"},"content":{"rendered":"<div class=\"wp-block-columns is-layout-flex wp-container-core-columns-is-layout-9d6595d7 wp-block-columns-is-layout-flex\">\n<div class=\"wp-block-column is-layout-flow wp-block-column-is-layout-flow\">\n<h2 class=\"wp-block-heading\">Qu\u00e9 veh\u00edculos esperar en nuestros tours en buggy por Marruecos<\/h2>\n\n\n\n<p>Tenga nuestro <a href=\"https:\/\/motoradventures.com\/es\/viajes-en-buggy-por-marruecos\/\">Excursiones en buggy en Marruecos<\/a> \u00bfHa despertado su esp\u00edritu aventurero? Con tanta emoci\u00f3n, quiz\u00e1 se pregunte qu\u00e9 tipo de veh\u00edculos podr\u00e1 conducir en estas emocionantes experiencias en el desierto del S\u00e1hara. En Motor Adventures, nos enorgullecemos de proporcionar a nuestros clientes toda la informaci\u00f3n que necesitan antes de comenzar sus excursiones, as\u00ed que perm\u00edtanos presentarle nuestra flota de buggies Can-Am.<\/p>\n\n\n\n<p>Contamos con una variedad de 13 buggies Can-Am Maverick, incluyendo opciones de dos y cuatro plazas en las versiones Sport y X3. Esto se suma a <a href=\"https:\/\/motoradventures.com\/es\/bicicletas\/\">nuestras bicicletas<\/a> \u2014 Seis KTM 450 EXC y seis Gas Gas EC 450 totalmente equipadas. Nuestro mec\u00e1nico especializado en buggies, que trabaja junto a John, se encarga de que tu buggy tenga un aspecto impecable y est\u00e9 en perfectas condiciones de funcionamiento. Esto garantiza tu seguridad y mejora tu disfrute general de la conducci\u00f3n.<br>Si tiene alguna pregunta sobre nuestros buggies Can-Am o nuestras excursiones en buggy todoterreno, no dude en <a href=\"https:\/\/motoradventures.com\/es\/contactenos\/\">Cont\u00e1ctenos<\/a> para obtener las respuestas que necesita.<\/p>\n<\/div>\n\n\n\n<div class=\"wp-block-column is-layout-flow wp-block-column-is-layout-flow\">\n<h3 class=\"wp-block-heading\">El equipo que necesitas para nuestras excursiones en buggy por Marruecos<\/h3>\n\n\n\n<p>No es necesario tener experiencia en conducci\u00f3n todoterreno para participar en nuestras excursiones todoterreno en buggy, pero s\u00ed es imprescindible disponer de un permiso de conducir v\u00e1lido. Tambi\u00e9n es necesario llevar el siguiente equipo para garantizar una experiencia segura, c\u00f3moda y emocionante:<\/p>\n\n\n\n<ul class=\"wp-block-list\">\n<li>Casco integral MX con gafas o visera (tambi\u00e9n podemos proporcionarlo nosotros).<\/li>\n\n\n\n<li>Pantalones largos<\/li>\n\n\n\n<li>Camisa de manga larga<\/li>\n\n\n\n<li>Zapatos c\u00f3modos<\/li>\n\n\n\n<li>Guantes<\/li>\n<\/ul>\n\n\n\n<p>Toma nota... T\u00fa <em>voluntad<\/em> ensuciarse de polvo y arena <em>voluntad<\/em> Llegar a todas partes, \u00a1por eso es esencial contar con el equipo adecuado!<\/p>\n\n\n\n<p>Si desea obtener m\u00e1s informaci\u00f3n sobre el equipo espec\u00edfico para la gira, solo tiene que <a href=\"https:\/\/motoradventures.com\/es\/contactenos\/\">ponerse en contacto<\/a> Si tienes alguna pregunta, no dudes en ponerte en contacto con nosotros. Por ahora, sum\u00e9rgete en nuestro curso de cinco d\u00edas. <a href=\"https:\/\/motoradventures.com\/es\/recorrido\/safari-en-bicicleta-todoterreno\/\">Safari en buggy todoterreno y bicicleta por el desierto del S\u00e1hara marroqu\u00ed<\/a> y descubre lo que puedes esperar de nuestras emocionantes experiencias. Y recuerda, \u00a1puedes reservar nuestros buggies en todas las excursiones todoterreno!<\/p>\n<\/div>\n<\/div>\n\n\n<div class=\"wp-block-image\">\n<figure class=\"aligncenter size-full\"><img loading=\"lazy\" decoding=\"async\" width=\"1280\" height=\"853\" src=\"https:\/\/motoradventures.com\/wp-content\/uploads\/2024\/12\/fb56edda-3096-4c0d-a3dd-8447359134a4.jpg\" alt=\"\" class=\"wp-image-22057\" srcset=\"https:\/\/motoradventures.com\/wp-content\/uploads\/2024\/12\/fb56edda-3096-4c0d-a3dd-8447359134a4.jpg 1280w, https:\/\/motoradventures.com\/wp-content\/uploads\/2024\/12\/fb56edda-3096-4c0d-a3dd-8447359134a4-300x200.jpg 300w, https:\/\/motoradventures.com\/wp-content\/uploads\/2024\/12\/fb56edda-3096-4c0d-a3dd-8447359134a4-1024x682.jpg 1024w, https:\/\/motoradventures.com\/wp-content\/uploads\/2024\/12\/fb56edda-3096-4c0d-a3dd-8447359134a4-768x512.jpg 768w\" sizes=\"auto, (max-width: 1280px) 100vw, 1280px\" \/><\/figure>\n<\/div>\n\n\n<figure class=\"wp-block-gallery has-nested-images columns-5 is-cropped wp-block-gallery-1 is-layout-flex wp-block-gallery-is-layout-flex\">\n<figure class=\"wp-block-image size-large\"><img loading=\"lazy\" decoding=\"async\" width=\"1024\" height=\"682\" data-id=\"22062\" src=\"https:\/\/motoradventures.com\/wp-content\/uploads\/2024\/12\/ffd5d40f-4631-4f43-969c-8170edf4d858-1024x682.jpg\" alt=\"\" class=\"wp-image-22062\" srcset=\"https:\/\/motoradventures.com\/wp-content\/uploads\/2024\/12\/ffd5d40f-4631-4f43-969c-8170edf4d858-1024x682.jpg 1024w, https:\/\/motoradventures.com\/wp-content\/uploads\/2024\/12\/ffd5d40f-4631-4f43-969c-8170edf4d858-300x200.jpg 300w, https:\/\/motoradventures.com\/wp-content\/uploads\/2024\/12\/ffd5d40f-4631-4f43-969c-8170edf4d858-768x512.jpg 768w, https:\/\/motoradventures.com\/wp-content\/uploads\/2024\/12\/ffd5d40f-4631-4f43-969c-8170edf4d858.jpg 1280w\" sizes=\"auto, (max-width: 1024px) 100vw, 1024px\" \/><\/figure>\n\n\n\n<figure class=\"wp-block-image size-large\"><img loading=\"lazy\" decoding=\"async\" width=\"1024\" height=\"682\" data-id=\"21951\" src=\"https:\/\/motoradventures.com\/wp-content\/uploads\/2024\/12\/84cc14b8-8d40-465c-ada4-dcb0791b7832-1024x682.jpg\" alt=\"\" class=\"wp-image-21951\" srcset=\"https:\/\/motoradventures.com\/wp-content\/uploads\/2024\/12\/84cc14b8-8d40-465c-ada4-dcb0791b7832-1024x682.jpg 1024w, https:\/\/motoradventures.com\/wp-content\/uploads\/2024\/12\/84cc14b8-8d40-465c-ada4-dcb0791b7832-300x200.jpg 300w, https:\/\/motoradventures.com\/wp-content\/uploads\/2024\/12\/84cc14b8-8d40-465c-ada4-dcb0791b7832-768x512.jpg 768w, https:\/\/motoradventures.com\/wp-content\/uploads\/2024\/12\/84cc14b8-8d40-465c-ada4-dcb0791b7832.jpg 1280w\" sizes=\"auto, (max-width: 1024px) 100vw, 1024px\" \/><\/figure>\n\n\n\n<figure class=\"wp-block-image size-large\"><img loading=\"lazy\" decoding=\"async\" width=\"1024\" height=\"768\" data-id=\"21713\" src=\"https:\/\/motoradventures.com\/wp-content\/uploads\/2024\/12\/IMG_4500.jpg\" alt=\"\" class=\"wp-image-21713\" srcset=\"https:\/\/motoradventures.com\/wp-content\/uploads\/2024\/12\/IMG_4500.jpg 1024w, https:\/\/motoradventures.com\/wp-content\/uploads\/2024\/12\/IMG_4500-300x225.jpg 300w, https:\/\/motoradventures.com\/wp-content\/uploads\/2024\/12\/IMG_4500-768x576.jpg 768w\" sizes=\"auto, (max-width: 1024px) 100vw, 1024px\" \/><\/figure>\n\n\n\n<figure class=\"wp-block-image size-large\"><img loading=\"lazy\" decoding=\"async\" width=\"1024\" height=\"768\" data-id=\"21689\" src=\"https:\/\/motoradventures.com\/wp-content\/uploads\/2024\/12\/IMG_4306.jpg\" alt=\"\" class=\"wp-image-21689\" srcset=\"https:\/\/motoradventures.com\/wp-content\/uploads\/2024\/12\/IMG_4306.jpg 1024w, https:\/\/motoradventures.com\/wp-content\/uploads\/2024\/12\/IMG_4306-300x225.jpg 300w, https:\/\/motoradventures.com\/wp-content\/uploads\/2024\/12\/IMG_4306-768x576.jpg 768w\" sizes=\"auto, (max-width: 1024px) 100vw, 1024px\" \/><\/figure>\n\n\n\n<figure class=\"wp-block-image size-large\"><img loading=\"lazy\" decoding=\"async\" width=\"1024\" height=\"576\" data-id=\"139\" src=\"https:\/\/motoradventures.com\/wp-content\/uploads\/2024\/11\/JOHN_STAPELS_1422_IMG_4432-1024x576.jpg\" alt=\"\" class=\"wp-image-139\" srcset=\"https:\/\/motoradventures.com\/wp-content\/uploads\/2024\/11\/JOHN_STAPELS_1422_IMG_4432-1024x576.jpg 1024w, https:\/\/motoradventures.com\/wp-content\/uploads\/2024\/11\/JOHN_STAPELS_1422_IMG_4432-300x169.jpg 300w, https:\/\/motoradventures.com\/wp-content\/uploads\/2024\/11\/JOHN_STAPELS_1422_IMG_4432-768x432.jpg 768w, https:\/\/motoradventures.com\/wp-content\/uploads\/2024\/11\/JOHN_STAPELS_1422_IMG_4432-1536x864.jpg 1536w, https:\/\/motoradventures.com\/wp-content\/uploads\/2024\/11\/JOHN_STAPELS_1422_IMG_4432.jpg 1920w\" sizes=\"auto, (max-width: 1024px) 100vw, 1024px\" \/><\/figure>\n<\/figure>\n\n\n\n<p><\/p>","protected":false},"excerpt":{"rendered":"<p>Nuestros buggies Can-Am en Marruecos son el centro de algunas de nuestras aventuras m\u00e1s populares en el desierto del S\u00e1hara. Descubre m\u00e1s sobre la flota de Motor Adventures.<\/p>","protected":false},"author":1,"featured_media":20917,"parent":0,"menu_order":0,"comment_status":"closed","ping_status":"closed","template":"","meta":{"_acf_changed":false,"footnotes":""},"class_list":["post-20911","page","type-page","status-publish","has-post-thumbnail","hentry"],"acf":[],"_links":{"self":[{"href":"https:\/\/motoradventures.com\/es\/wp-json\/wp\/v2\/pages\/20911","targetHints":{"allow":["GET"]}}],"collection":[{"href":"https:\/\/motoradventures.com\/es\/wp-json\/wp\/v2\/pages"}],"about":[{"href":"https:\/\/motoradventures.com\/es\/wp-json\/wp\/v2\/types\/page"}],"author":[{"embeddable":true,"href":"https:\/\/motoradventures.com\/es\/wp-json\/wp\/v2\/users\/1"}],"replies":[{"embeddable":true,"href":"https:\/\/motoradventures.com\/es\/wp-json\/wp\/v2\/comments?post=20911"}],"version-history":[{"count":10,"href":"https:\/\/motoradventures.com\/es\/wp-json\/wp\/v2\/pages\/20911\/revisions"}],"predecessor-version":[{"id":23611,"href":"https:\/\/motoradventures.com\/es\/wp-json\/wp\/v2\/pages\/20911\/revisions\/23611"}],"wp:featuredmedia":[{"embeddable":true,"href":"https:\/\/motoradventures.com\/es\/wp-json\/wp\/v2\/media\/20917"}],"wp:attachment":[{"href":"https:\/\/motoradventures.com\/es\/wp-json\/wp\/v2\/media?parent=20911"}],"curies":[{"name":"wp","href":"https:\/\/api.w.org\/{rel}","templated":true}]}}