{"id":20886,"date":"2024-12-27T12:07:22","date_gmt":"2024-12-27T11:07:22","guid":{"rendered":"http:\/\/motoradventures.com\/?page_id=20886"},"modified":"2025-05-19T18:24:39","modified_gmt":"2025-05-19T16:24:39","slug":"bicicletas","status":"publish","type":"page","link":"https:\/\/motoradventures.com\/es\/bikes\/","title":{"rendered":"Nuestras bicicletas en Marruecos y Sud\u00e1frica"},"content":{"rendered":"<h2 class=\"wp-block-heading has-text-align-center\">Excursiones todoterreno<\/h2>\n\n\n\n<hr class=\"wp-block-separator has-text-color has-alpha-channel-opacity has-background is-style-default\" style=\"background-color:#ff6600;color:#ff6600\"\/>\n\n\n\n<div class=\"wp-block-columns is-layout-flex wp-container-core-columns-is-layout-9d6595d7 wp-block-columns-is-layout-flex\">\n<div class=\"wp-block-column is-layout-flow wp-block-column-is-layout-flow\">\n<h3 class=\"wp-block-heading\">Nuestra flota de KTM y Gas Gas Marruecos<\/h3>\n\n\n\n<p>Aqu\u00ed, en Motor Aventures, nos sentimos inmensamente orgullosos de nuestras motos y buggies. En Marruecos, disponemos de una flota de seis KTM 450 EXC de modelo reciente y seis Gas Gas EC 450 que se someten a un estricto programa de mantenimiento para garantizar su \u00f3ptimo rendimiento. Nuestro experto mec\u00e1nico, junto con John, trabaja diligentemente no s\u00f3lo para que su moto de turismo tenga un aspecto impecable, sino tambi\u00e9n para garantizar que est\u00e9 en perfectas condiciones de funcionamiento. Esta atenci\u00f3n al detalle garantiza tu seguridad y mejora tu experiencia en moto.<\/p>\n\n\n\n<p>Adem\u00e1s, ofrecemos tres bicicletas Gas Gas rebajadas que pueden reducir su altura un m\u00e1ximo de siete cent\u00edmetros. Estas bicicletas no s\u00f3lo son visualmente atractivas, sino tambi\u00e9n ligeras, con un peso de s\u00f3lo 113,5 kilos en seco. Tenga en cuenta que si desea una moto rebajada, deber\u00e1 a\u00f1adir esta opci\u00f3n a su reserva.<\/p>\n\n\n\n<p>Si tiene alguna pregunta sobre nuestras bicicletas, no dude en <a href=\"https:\/\/motoradventures.com\/es\/contactenos\/\">Cont\u00e1ctenos<\/a> para obtener m\u00e1s informaci\u00f3n. Y si a\u00fan no ha decidido qu\u00e9 opci\u00f3n de veh\u00edculo le conviene m\u00e1s, descubra m\u00e1s sobre <a href=\"https:\/\/motoradventures.com\/es\/cochecitos\/\">nuestros buggies Can-Am en Marruecos<\/a>!<\/p>\n<\/div>\n\n\n\n<div class=\"wp-block-column is-layout-flow wp-block-column-is-layout-flow\">\n<h3 class=\"wp-block-heading\">El equipo necesario para nuestras rutas de enduro y todoterreno por Marruecos<\/h3>\n\n\n\n<p>Dado que todos los ciclistas que se unen a nuestro <a href=\"https:\/\/motoradventures.com\/es\/off-road-tours-marruecos\/\">hard enduro Marruecos tours<\/a> se requiere experiencia previa en todoterreno, le rogamos que venga preparado con su propia ropa y equipo. Llevando los tuyos propios, te asegurar\u00e1s la m\u00e1xima comodidad durante todo el recorrido.<\/p>\n\n\n\n<p>Necesitar\u00e1s:<\/p>\n\n\n\n<ul class=\"wp-block-list\">\n<li>Casco integral MX con gafas o visera<\/li>\n\n\n\n<li>Armadura corporal<\/li>\n\n\n\n<li>Protecciones para rodillas y codos<\/li>\n\n\n\n<li>botas MX<\/li>\n\n\n\n<li>Camisa y pantalones MX<\/li>\n\n\n\n<li>Guantes<\/li>\n\n\n\n<li>Sistema de hidrataci\u00f3n<\/li>\n<\/ul>\n<\/div>\n<\/div>\n\n\n\n<figure class=\"wp-block-image size-full\"><img loading=\"lazy\" decoding=\"async\" width=\"1920\" height=\"1080\" src=\"https:\/\/motoradventures.com\/wp-content\/uploads\/2024\/12\/20210916_084935.jpg\" alt=\"\" class=\"wp-image-20894\" srcset=\"https:\/\/motoradventures.com\/wp-content\/uploads\/2024\/12\/20210916_084935.jpg 1920w, https:\/\/motoradventures.com\/wp-content\/uploads\/2024\/12\/20210916_084935-300x169.jpg 300w, https:\/\/motoradventures.com\/wp-content\/uploads\/2024\/12\/20210916_084935-1024x576.jpg 1024w, https:\/\/motoradventures.com\/wp-content\/uploads\/2024\/12\/20210916_084935-768x432.jpg 768w, https:\/\/motoradventures.com\/wp-content\/uploads\/2024\/12\/20210916_084935-1536x864.jpg 1536w\" sizes=\"auto, (max-width: 1920px) 100vw, 1920px\" \/><\/figure>\n\n\n\n<figure class=\"wp-block-gallery has-nested-images columns-5 is-cropped wp-block-gallery-1 is-layout-flex wp-block-gallery-is-layout-flex\">\n<figure class=\"wp-block-image size-full\"><img loading=\"lazy\" decoding=\"async\" width=\"1280\" height=\"853\" data-id=\"22055\" src=\"https:\/\/motoradventures.com\/wp-content\/uploads\/2024\/12\/f872e325-e48a-4b45-9a58-33ffdb8d92da.jpg\" alt=\"\" class=\"wp-image-22055\" srcset=\"https:\/\/motoradventures.com\/wp-content\/uploads\/2024\/12\/f872e325-e48a-4b45-9a58-33ffdb8d92da.jpg 1280w, https:\/\/motoradventures.com\/wp-content\/uploads\/2024\/12\/f872e325-e48a-4b45-9a58-33ffdb8d92da-300x200.jpg 300w, https:\/\/motoradventures.com\/wp-content\/uploads\/2024\/12\/f872e325-e48a-4b45-9a58-33ffdb8d92da-1024x682.jpg 1024w, https:\/\/motoradventures.com\/wp-content\/uploads\/2024\/12\/f872e325-e48a-4b45-9a58-33ffdb8d92da-768x512.jpg 768w\" sizes=\"auto, (max-width: 1280px) 100vw, 1280px\" \/><\/figure>\n\n\n\n<figure class=\"wp-block-image size-full\"><img loading=\"lazy\" decoding=\"async\" width=\"1280\" height=\"853\" data-id=\"22016\" src=\"https:\/\/motoradventures.com\/wp-content\/uploads\/2024\/12\/bb0724b6-1c49-417c-ad78-2ad45ba9bcba.jpg\" alt=\"\" class=\"wp-image-22016\" srcset=\"https:\/\/motoradventures.com\/wp-content\/uploads\/2024\/12\/bb0724b6-1c49-417c-ad78-2ad45ba9bcba.jpg 1280w, https:\/\/motoradventures.com\/wp-content\/uploads\/2024\/12\/bb0724b6-1c49-417c-ad78-2ad45ba9bcba-300x200.jpg 300w, https:\/\/motoradventures.com\/wp-content\/uploads\/2024\/12\/bb0724b6-1c49-417c-ad78-2ad45ba9bcba-1024x682.jpg 1024w, https:\/\/motoradventures.com\/wp-content\/uploads\/2024\/12\/bb0724b6-1c49-417c-ad78-2ad45ba9bcba-768x512.jpg 768w\" sizes=\"auto, (max-width: 1280px) 100vw, 1280px\" \/><\/figure>\n\n\n\n<figure class=\"wp-block-image size-full\"><img loading=\"lazy\" decoding=\"async\" width=\"1920\" height=\"1080\" data-id=\"21315\" src=\"https:\/\/motoradventures.com\/wp-content\/uploads\/2024\/12\/TylerRavelle_Morocco_-2538.jpg\" alt=\"\" class=\"wp-image-21315\" srcset=\"https:\/\/motoradventures.com\/wp-content\/uploads\/2024\/12\/TylerRavelle_Morocco_-2538.jpg 1920w, https:\/\/motoradventures.com\/wp-content\/uploads\/2024\/12\/TylerRavelle_Morocco_-2538-300x169.jpg 300w, https:\/\/motoradventures.com\/wp-content\/uploads\/2024\/12\/TylerRavelle_Morocco_-2538-1024x576.jpg 1024w, https:\/\/motoradventures.com\/wp-content\/uploads\/2024\/12\/TylerRavelle_Morocco_-2538-768x432.jpg 768w, https:\/\/motoradventures.com\/wp-content\/uploads\/2024\/12\/TylerRavelle_Morocco_-2538-1536x864.jpg 1536w\" sizes=\"auto, (max-width: 1920px) 100vw, 1920px\" \/><\/figure>\n\n\n\n<figure class=\"wp-block-image size-full\"><img loading=\"lazy\" decoding=\"async\" width=\"1920\" height=\"1080\" data-id=\"21006\" src=\"https:\/\/motoradventures.com\/wp-content\/uploads\/2024\/12\/TylerRavelle_Morocco_-4000.jpg\" alt=\"\" class=\"wp-image-21006\" srcset=\"https:\/\/motoradventures.com\/wp-content\/uploads\/2024\/12\/TylerRavelle_Morocco_-4000.jpg 1920w, https:\/\/motoradventures.com\/wp-content\/uploads\/2024\/12\/TylerRavelle_Morocco_-4000-300x169.jpg 300w, https:\/\/motoradventures.com\/wp-content\/uploads\/2024\/12\/TylerRavelle_Morocco_-4000-1024x576.jpg 1024w, https:\/\/motoradventures.com\/wp-content\/uploads\/2024\/12\/TylerRavelle_Morocco_-4000-768x432.jpg 768w, https:\/\/motoradventures.com\/wp-content\/uploads\/2024\/12\/TylerRavelle_Morocco_-4000-1536x864.jpg 1536w\" sizes=\"auto, (max-width: 1920px) 100vw, 1920px\" \/><\/figure>\n\n\n\n<figure class=\"wp-block-image size-full\"><img loading=\"lazy\" decoding=\"async\" width=\"1920\" height=\"1080\" data-id=\"74\" src=\"https:\/\/motoradventures.com\/wp-content\/uploads\/2024\/11\/TylerRavelle_Morocco_-4095.jpg\" alt=\"TylerRavelle_Marruecos_-4095\" class=\"wp-image-74\" srcset=\"https:\/\/motoradventures.com\/wp-content\/uploads\/2024\/11\/TylerRavelle_Morocco_-4095.jpg 1920w, https:\/\/motoradventures.com\/wp-content\/uploads\/2024\/11\/TylerRavelle_Morocco_-4095-300x169.jpg 300w, https:\/\/motoradventures.com\/wp-content\/uploads\/2024\/11\/TylerRavelle_Morocco_-4095-1024x576.jpg 1024w, https:\/\/motoradventures.com\/wp-content\/uploads\/2024\/11\/TylerRavelle_Morocco_-4095-768x432.jpg 768w, https:\/\/motoradventures.com\/wp-content\/uploads\/2024\/11\/TylerRavelle_Morocco_-4095-1536x864.jpg 1536w\" sizes=\"auto, (max-width: 1920px) 100vw, 1920px\" \/><\/figure>\n<\/figure>\n\n\n\n<div style=\"height:50px\" aria-hidden=\"true\" class=\"wp-block-spacer\"><\/div>\n\n\n\n<h2 class=\"wp-block-heading has-text-align-center\">Rutas en bicicleta de aventura<\/h2>\n\n\n\n<hr class=\"wp-block-separator has-text-color has-alpha-channel-opacity has-background\" style=\"background-color:#ff6600;color:#ff6600\"\/>\n\n\n\n<div class=\"wp-block-columns is-layout-flex wp-container-core-columns-is-layout-9d6595d7 wp-block-columns-is-layout-flex\">\n<div class=\"wp-block-column is-layout-flow wp-block-column-is-layout-flow\">\n<h3 class=\"wp-block-heading\">Nuestras motos BMW GS para circuitos de aventura en Marruecos<\/h3>\n\n\n\n<p>Para consultar nuestros \u00faltimos <a href=\"https:\/\/motoradventures.com\/es\/viajes-en-moto-por-marruecos\/\">Viajes de aventura en moto por Marruecos<\/a>, Ofrecemos una gran variedad de motos BMW GS. Estas motos dual sport son perfectas para explorar diferentes terrenos y son conocidas por su fiabilidad. Tanto si circula por carreteras lisas como por suaves caminos de grava, estas motos le proporcionar\u00e1n un viaje c\u00f3modo y con estilo. Tambi\u00e9n pueden acomodar pasajeros sin problemas.<\/p>\n\n\n\n<p>Si prefieres una moto con un motor m\u00e1s peque\u00f1o, d\u00ednoslo y estaremos encantados de ayudarte.<\/p>\n\n\n\n<p>Tenga la seguridad de que las motos que utilizamos son de primera categor\u00eda, modelos recientes con poco kilometraje. Se someten a revisiones peri\u00f3dicas siguiendo las directrices de BMW para garantizar un rendimiento \u00f3ptimo. Si lo desea, tambi\u00e9n podemos equipar su moto con un sistema de navegaci\u00f3n f\u00e1cil de usar.<\/p>\n<\/div>\n\n\n\n<div class=\"wp-block-column is-layout-flow wp-block-column-is-layout-flow\">\n<h3 class=\"wp-block-heading\">El equipo necesario para nuestras rutas de aventura en bicicleta por Marruecos<\/h3>\n\n\n\n<p>En esta aventura, por favor traiga consigo:<\/p>\n\n\n\n<ul class=\"wp-block-list\">\n<li>Pantalones y chaqueta - Textiles, transpirables, estilo rally todoterreno, por ejemplo, Hein Gericke, BMW o KTM con blindaje y protecci\u00f3n incorporados.<\/li>\n\n\n\n<li>Ropa t\u00e9rmica - Se recomiendan materiales ligeros para protegerse de las rozaduras y las zonas de alta monta\u00f1a. \u00a1No olvides tampoco una bufanda antipolvo!<\/li>\n\n\n\n<li>Botas - Un par de botas de montar resistentes.<\/li>\n\n\n\n<li>Guantes: tipo MX o enduro.<\/li>\n\n\n\n<li>Ropa de lluvia - Combo Pac-Jac ligero e impermeable (si tu equipo no es impermeable).<\/li>\n\n\n\n<li>Hidrataci\u00f3n\/mochila: lo ideal es una mochila con capacidad para 1,5 a 2 litros de agua, por ejemplo, Kriega, Camelbak.<\/li>\n\n\n\n<li>Casco: un casco tipo MX todoterreno con mentonera y visera.<\/li>\n<\/ul>\n<\/div>\n<\/div>\n\n\n\n<figure class=\"wp-block-image size-full\"><img loading=\"lazy\" decoding=\"async\" width=\"2560\" height=\"1920\" src=\"https:\/\/motoradventures.com\/wp-content\/uploads\/2024\/12\/20241029_155726-scaled.jpg\" alt=\"\" class=\"wp-image-21786\" srcset=\"https:\/\/motoradventures.com\/wp-content\/uploads\/2024\/12\/20241029_155726-scaled.jpg 2560w, https:\/\/motoradventures.com\/wp-content\/uploads\/2024\/12\/20241029_155726-300x225.jpg 300w, https:\/\/motoradventures.com\/wp-content\/uploads\/2024\/12\/20241029_155726-1024x768.jpg 1024w, https:\/\/motoradventures.com\/wp-content\/uploads\/2024\/12\/20241029_155726-768x576.jpg 768w, https:\/\/motoradventures.com\/wp-content\/uploads\/2024\/12\/20241029_155726-1536x1152.jpg 1536w, https:\/\/motoradventures.com\/wp-content\/uploads\/2024\/12\/20241029_155726-2048x1536.jpg 2048w\" sizes=\"auto, (max-width: 2560px) 100vw, 2560px\" \/><\/figure>\n\n\n\n<figure class=\"wp-block-gallery has-nested-images columns-5 is-cropped wp-block-gallery-2 is-layout-flex wp-block-gallery-is-layout-flex\">\n<figure class=\"wp-block-image size-large\"><img loading=\"lazy\" decoding=\"async\" width=\"1024\" height=\"768\" data-id=\"21786\" src=\"https:\/\/motoradventures.com\/wp-content\/uploads\/2024\/12\/20241029_155726-1024x768.jpg\" alt=\"\" class=\"wp-image-21786\" srcset=\"https:\/\/motoradventures.com\/wp-content\/uploads\/2024\/12\/20241029_155726-1024x768.jpg 1024w, https:\/\/motoradventures.com\/wp-content\/uploads\/2024\/12\/20241029_155726-300x225.jpg 300w, https:\/\/motoradventures.com\/wp-content\/uploads\/2024\/12\/20241029_155726-768x576.jpg 768w, https:\/\/motoradventures.com\/wp-content\/uploads\/2024\/12\/20241029_155726-1536x1152.jpg 1536w, https:\/\/motoradventures.com\/wp-content\/uploads\/2024\/12\/20241029_155726-2048x1536.jpg 2048w\" sizes=\"auto, (max-width: 1024px) 100vw, 1024px\" \/><\/figure>\n\n\n\n<figure class=\"wp-block-image size-large\"><img loading=\"lazy\" decoding=\"async\" width=\"1024\" height=\"768\" data-id=\"21782\" src=\"https:\/\/motoradventures.com\/wp-content\/uploads\/2024\/12\/20241027_145019-1024x768.jpg\" alt=\"\" class=\"wp-image-21782\" srcset=\"https:\/\/motoradventures.com\/wp-content\/uploads\/2024\/12\/20241027_145019-1024x768.jpg 1024w, https:\/\/motoradventures.com\/wp-content\/uploads\/2024\/12\/20241027_145019-300x225.jpg 300w, https:\/\/motoradventures.com\/wp-content\/uploads\/2024\/12\/20241027_145019-768x576.jpg 768w, https:\/\/motoradventures.com\/wp-content\/uploads\/2024\/12\/20241027_145019-1536x1152.jpg 1536w, https:\/\/motoradventures.com\/wp-content\/uploads\/2024\/12\/20241027_145019-2048x1536.jpg 2048w\" sizes=\"auto, (max-width: 1024px) 100vw, 1024px\" \/><\/figure>\n\n\n\n<figure class=\"wp-block-image size-large\"><img loading=\"lazy\" decoding=\"async\" width=\"1024\" height=\"768\" data-id=\"22347\" src=\"https:\/\/motoradventures.com\/wp-content\/uploads\/2025\/01\/IMG_0995-1024x768.jpg\" alt=\"\" class=\"wp-image-22347\" srcset=\"https:\/\/motoradventures.com\/wp-content\/uploads\/2025\/01\/IMG_0995-1024x768.jpg 1024w, https:\/\/motoradventures.com\/wp-content\/uploads\/2025\/01\/IMG_0995-300x225.jpg 300w, https:\/\/motoradventures.com\/wp-content\/uploads\/2025\/01\/IMG_0995-768x576.jpg 768w, https:\/\/motoradventures.com\/wp-content\/uploads\/2025\/01\/IMG_0995-1536x1152.jpg 1536w, https:\/\/motoradventures.com\/wp-content\/uploads\/2025\/01\/IMG_0995-2048x1536.jpg 2048w\" sizes=\"auto, (max-width: 1024px) 100vw, 1024px\" \/><\/figure>\n\n\n\n<figure class=\"wp-block-image size-large\"><img loading=\"lazy\" decoding=\"async\" width=\"1000\" height=\"666\" data-id=\"22345\" src=\"https:\/\/motoradventures.com\/wp-content\/uploads\/2025\/01\/DSC04551-1.jpg\" alt=\"\" class=\"wp-image-22345\" srcset=\"https:\/\/motoradventures.com\/wp-content\/uploads\/2025\/01\/DSC04551-1.jpg 1000w, https:\/\/motoradventures.com\/wp-content\/uploads\/2025\/01\/DSC04551-1-300x200.jpg 300w, https:\/\/motoradventures.com\/wp-content\/uploads\/2025\/01\/DSC04551-1-768x511.jpg 768w\" sizes=\"auto, (max-width: 1000px) 100vw, 1000px\" \/><\/figure>\n\n\n\n<figure class=\"wp-block-image size-large\"><img loading=\"lazy\" decoding=\"async\" width=\"1000\" height=\"666\" data-id=\"22346\" src=\"https:\/\/motoradventures.com\/wp-content\/uploads\/2025\/01\/DSC04571.jpg\" alt=\"\" class=\"wp-image-22346\" srcset=\"https:\/\/motoradventures.com\/wp-content\/uploads\/2025\/01\/DSC04571.jpg 1000w, https:\/\/motoradventures.com\/wp-content\/uploads\/2025\/01\/DSC04571-300x200.jpg 300w, https:\/\/motoradventures.com\/wp-content\/uploads\/2025\/01\/DSC04571-768x511.jpg 768w\" sizes=\"auto, (max-width: 1000px) 100vw, 1000px\" \/><\/figure>\n<\/figure>\n\n\n\n<div style=\"height:50px\" aria-hidden=\"true\" class=\"wp-block-spacer\"><\/div>\n\n\n\n<h2 class=\"wp-block-heading\">Nuestras Triumph Tiger 900 profesionales para viajes de aventura en moto por Sud\u00e1frica<\/h2>\n\n\n\n<div class=\"wp-block-columns is-layout-flex wp-container-core-columns-is-layout-9d6595d7 wp-block-columns-is-layout-flex\">\n<div class=\"wp-block-column is-layout-flow wp-block-column-is-layout-flow\">\n<p>Experimenta la emoci\u00f3n de nuestras motos Triumph Tiger 900 Pro en nuestro <a href=\"https:\/\/motoradventures.com\/es\/viajes-a-sudafrica\/\">Viajes de aventura en Sud\u00e1frica<\/a>. Estas bicicletas est\u00e1n dise\u00f1adas para diversos terrenos, ofreciendo fiabilidad y un rendimiento excepcional.<\/p>\n\n\n\n<p>Con su elegante dise\u00f1o y su c\u00f3moda conducci\u00f3n, son perfectas tanto para pasajeros en solitario como con pasajero. Si prefieres una moto con un motor m\u00e1s peque\u00f1o, estaremos encantados de atender tu petici\u00f3n. <\/p>\n<\/div>\n\n\n\n<div class=\"wp-block-column is-layout-flow wp-block-column-is-layout-flow\">\n<p>Nuestro equipo est\u00e1 dedicado a garantizar que usted tenga la bicicleta perfecta para sus necesidades, as\u00ed que simplemente h\u00e1ganos saber sus preferencias, y lo haremos realidad. <\/p>\n\n\n\n<p>Cuando se trata de la calidad de nuestras motos, no escatimamos en gastos. Las motos Triumph Tiger 900 Pro que proporcionamos son todas de primera calidad, modelos recientes con poco kilometraje. Nos aseguramos de que se revisen y mantengan regularmente siguiendo las directrices de Triumph para garantizar su rendimiento y fiabilidad \u00f3ptimos.<br><\/p>\n<\/div>\n<\/div>\n\n\n\n<figure class=\"wp-block-image size-full\"><img loading=\"lazy\" decoding=\"async\" width=\"1920\" height=\"1080\" src=\"https:\/\/motoradventures.com\/wp-content\/uploads\/2024\/12\/BDE1C105-7FAC-4D34-B115-DA37C21597E1-5.jpg\" alt=\"\" class=\"wp-image-20893\" srcset=\"https:\/\/motoradventures.com\/wp-content\/uploads\/2024\/12\/BDE1C105-7FAC-4D34-B115-DA37C21597E1-5.jpg 1920w, https:\/\/motoradventures.com\/wp-content\/uploads\/2024\/12\/BDE1C105-7FAC-4D34-B115-DA37C21597E1-5-300x169.jpg 300w, https:\/\/motoradventures.com\/wp-content\/uploads\/2024\/12\/BDE1C105-7FAC-4D34-B115-DA37C21597E1-5-1024x576.jpg 1024w, https:\/\/motoradventures.com\/wp-content\/uploads\/2024\/12\/BDE1C105-7FAC-4D34-B115-DA37C21597E1-5-768x432.jpg 768w, https:\/\/motoradventures.com\/wp-content\/uploads\/2024\/12\/BDE1C105-7FAC-4D34-B115-DA37C21597E1-5-1536x864.jpg 1536w\" sizes=\"auto, (max-width: 1920px) 100vw, 1920px\" \/><\/figure>","protected":false},"excerpt":{"rendered":"<p>Off-Road Tours Our KTM and Gas Gas Morocco Fleet Here at Motor Aventures, we take immense pride in our bikes and buggies. In Morocco, we have a fleet of six recent model KTM 450 EXCs and six Gas Gas EC 450s that undergo a strict maintenance schedule to ensure their optimal performance. Our skilled mechanic, [&hellip;]<\/p>\n","protected":false},"author":1,"featured_media":21267,"parent":0,"menu_order":0,"comment_status":"closed","ping_status":"closed","template":"","meta":{"_acf_changed":false,"footnotes":""},"class_list":["post-20886","page","type-page","status-publish","has-post-thumbnail","hentry"],"acf":[],"_links":{"self":[{"href":"https:\/\/motoradventures.com\/es\/wp-json\/wp\/v2\/pages\/20886","targetHints":{"allow":["GET"]}}],"collection":[{"href":"https:\/\/motoradventures.com\/es\/wp-json\/wp\/v2\/pages"}],"about":[{"href":"https:\/\/motoradventures.com\/es\/wp-json\/wp\/v2\/types\/page"}],"author":[{"embeddable":true,"href":"https:\/\/motoradventures.com\/es\/wp-json\/wp\/v2\/users\/1"}],"replies":[{"embeddable":true,"href":"https:\/\/motoradventures.com\/es\/wp-json\/wp\/v2\/comments?post=20886"}],"version-history":[{"count":9,"href":"https:\/\/motoradventures.com\/es\/wp-json\/wp\/v2\/pages\/20886\/revisions"}],"predecessor-version":[{"id":22724,"href":"https:\/\/motoradventures.com\/es\/wp-json\/wp\/v2\/pages\/20886\/revisions\/22724"}],"wp:featuredmedia":[{"embeddable":true,"href":"https:\/\/motoradventures.com\/es\/wp-json\/wp\/v2\/media\/21267"}],"wp:attachment":[{"href":"https:\/\/motoradventures.com\/es\/wp-json\/wp\/v2\/media?parent=20886"}],"curies":[{"name":"wp","href":"https:\/\/api.w.org\/{rel}","templated":true}]}}