{"id":20881,"date":"2024-12-27T12:04:25","date_gmt":"2024-12-27T11:04:25","guid":{"rendered":"http:\/\/motoradventures.com\/?page_id=20881"},"modified":"2025-05-02T16:29:35","modified_gmt":"2025-05-02T14:29:35","slug":"off-road-tours-marruecos","status":"publish","type":"page","link":"https:\/\/motoradventures.com\/es\/off-road-tours-morocco\/","title":{"rendered":"Hard Enduro Marruecos Off-Road Tours"},"content":{"rendered":"<h2 class=\"wp-block-heading\">Viajes en moto todoterreno y experiencias en buggy por Marruecos<\/h2>\n\n\n\n<div class=\"wp-block-columns is-layout-flex wp-container-core-columns-is-layout-9d6595d7 wp-block-columns-is-layout-flex\">\n<div class=\"wp-block-column is-layout-flow wp-block-column-is-layout-flow\">\n<p>\u00bfC\u00f3mo podr\u00edamos resumir la esencia de nuestros incre\u00edbles viajes de aventura de hard enduro por Marruecos? Bueno, est\u00e1 la emoci\u00f3n de los viajes por rocosas pistas de monta\u00f1a que serpentean por un terreno lunar. Tambi\u00e9n hay que cruzar altiplanos con vistas impresionantes, chapotear en los r\u00edos, descender por profundos desfiladeros, conquistar dunas de 205 m de altura, lechos arenosos, \u201cfesh fesh\u201d y mucho m\u00e1s.<br><br>Y como hemos dise\u00f1ado cuidadosamente nuestras aventuras por el desierto del S\u00e1hara en exclusiva para nuestra gama de veh\u00edculos, puede elegir completar su viaje sobre dos ruedas o sobre cuatro. M\u00e1s informaci\u00f3n <a href=\"https:\/\/motoradventures.com\/es\/bicicletas\/\">nuestras bicicletas<\/a> y <a href=\"https:\/\/motoradventures.com\/es\/cochecitos\/\">nuestros buggies Can-Am<\/a> para ver qu\u00e9 opci\u00f3n se adapta mejor a usted.<\/p>\n<\/div>\n\n\n\n<div class=\"wp-block-column is-layout-flow wp-block-column-is-layout-flow\">\n<p>Nuestros viajes en moto todoterreno por Marruecos y nuestras experiencias en buggy se caracterizan por sus incre\u00edbles paisajes y su magn\u00edfica conducci\u00f3n. Leer <a href=\"https:\/\/motoradventures.com\/es\/nuestras-resenas\/\">nuestras rese\u00f1as<\/a> para ver la valoraci\u00f3n de nuestros clientes anteriores y reservar con total confianza.<\/p>\n\n\n\n<p>\u00bfBusca el viaje de enduro m\u00e1s duro o un paseo en buggy por Marrakech y las monta\u00f1as y el desierto del sur del Atlas? Empecemos a planear su experiencia en Ouarzazate y sus alrededores. Eche un vistazo a nuestros circuitos todoterreno por Marruecos.<\/p>\n<\/div>\n<\/div>\n\n\n\n<p><strong><strong>Si tiene alguna pregunta previa a la reserva, no dude en <a href=\"https:\/\/motoradventures.com\/es\/contactenos\/\">Cont\u00e1ctenos<\/a>. \u00bfBusca una experiencia m\u00e1s exclusiva? Tambi\u00e9n ofrecemos <a href=\"https:\/\/motoradventures.com\/es\/viajes-a-medida\/\">circuitos privados por el desierto de Marruecos<\/a> dise\u00f1ado para grupos privados<\/strong><\/strong><\/p>\n\n\n\n<h2 class=\"wp-block-heading\">Nuestros viajes de aventura Hard Enduro Marruecos<\/h2>","protected":false},"excerpt":{"rendered":"<p>Morocco Off-Road Motorcycle Tours and Buggy Experiences How can we possibly sum up the essence of our incredible hard enduro Morocco adventure trips? Well, there\u2019s the thrill of journeys on rocky mountain tracks winding through lunar-like terrain. Then there\u2019s crossing high plateaus with jaw-dropping views, kicking up water as you splash through rivers, descending into [&hellip;]<\/p>\n","protected":false},"author":1,"featured_media":145,"parent":0,"menu_order":0,"comment_status":"closed","ping_status":"closed","template":"","meta":{"_acf_changed":false,"footnotes":""},"class_list":["post-20881","page","type-page","status-publish","has-post-thumbnail","hentry"],"acf":[],"_links":{"self":[{"href":"https:\/\/motoradventures.com\/es\/wp-json\/wp\/v2\/pages\/20881","targetHints":{"allow":["GET"]}}],"collection":[{"href":"https:\/\/motoradventures.com\/es\/wp-json\/wp\/v2\/pages"}],"about":[{"href":"https:\/\/motoradventures.com\/es\/wp-json\/wp\/v2\/types\/page"}],"author":[{"embeddable":true,"href":"https:\/\/motoradventures.com\/es\/wp-json\/wp\/v2\/users\/1"}],"replies":[{"embeddable":true,"href":"https:\/\/motoradventures.com\/es\/wp-json\/wp\/v2\/comments?post=20881"}],"version-history":[{"count":6,"href":"https:\/\/motoradventures.com\/es\/wp-json\/wp\/v2\/pages\/20881\/revisions"}],"predecessor-version":[{"id":22663,"href":"https:\/\/motoradventures.com\/es\/wp-json\/wp\/v2\/pages\/20881\/revisions\/22663"}],"wp:featuredmedia":[{"embeddable":true,"href":"https:\/\/motoradventures.com\/es\/wp-json\/wp\/v2\/media\/145"}],"wp:attachment":[{"href":"https:\/\/motoradventures.com\/es\/wp-json\/wp\/v2\/media?parent=20881"}],"curies":[{"name":"wp","href":"https:\/\/api.w.org\/{rel}","templated":true}]}}