{"id":20861,"date":"2024-12-27T11:53:46","date_gmt":"2024-12-27T10:53:46","guid":{"rendered":"http:\/\/motoradventures.com\/?page_id=20861"},"modified":"2025-02-07T16:20:11","modified_gmt":"2025-02-07T15:20:11","slug":"politica-de-cookies","status":"publish","type":"page","link":"https:\/\/motoradventures.com\/es\/cookie-policy\/","title":{"rendered":"Pol\u00edtica de cookies"},"content":{"rendered":"<h2 class=\"wp-block-heading\">Acerca de esta pol\u00edtica de cookies<\/h2>\n\n\n\n<p>Esta Pol\u00edtica de Cookies explica qu\u00e9 son las cookies y c\u00f3mo las utilizamos, los tipos de cookies que utilizamos, es decir, la informaci\u00f3n que recopilamos utilizando cookies y c\u00f3mo se utiliza esa informaci\u00f3n, y c\u00f3mo controlar las preferencias de cookies. Para m\u00e1s informaci\u00f3n sobre c\u00f3mo utilizamos, almacenamos y mantenemos seguros sus datos personales, consulte nuestra Pol\u00edtica de Privacidad. Puede cambiar o retirar su consentimiento en cualquier momento en la Declaraci\u00f3n de cookies de nuestro sitio web Obtenga m\u00e1s informaci\u00f3n sobre qui\u00e9nes somos, c\u00f3mo puede ponerse en contacto con nosotros y c\u00f3mo procesamos los datos personales en nuestra Pol\u00edtica de privacidad. Su consentimiento se aplica a los siguientes dominios: https:\/\/motoradventures.com\/&nbsp;<\/p>\n\n\n\n<p>Su estado actual: Sin consentimiento.&nbsp;<a>Gestione su consentimiento.<\/a><\/p>\n\n\n\n<h3 class=\"wp-block-heading\">\u00bfQu\u00e9 son las cookies?<\/h3>\n\n\n\n<p>Las cookies son peque\u00f1os archivos de texto que se utilizan para almacenar peque\u00f1as piezas de informaci\u00f3n. Se almacenan en su dispositivo cuando el sitio web se carga en su navegador. Estas cookies nos ayudan a que el sitio web funcione correctamente, a que sea m\u00e1s seguro, a ofrecer una mejor experiencia de usuario y a comprender c\u00f3mo funciona el sitio web y analizar qu\u00e9 funciona y qu\u00e9 aspectos deben mejorarse.<\/p>\n\n\n\n<h3 class=\"wp-block-heading\">\u00bfC\u00f3mo utilizamos las cookies?<\/h3>\n\n\n\n<p>Como la mayor\u00eda de los servicios en l\u00ednea, nuestro sitio web utiliza cookies propias y de terceros para diversos fines. Las cookies de origen son en su mayor\u00eda necesarias para que el sitio web funcione correctamente, y no recogen ning\u00fan dato personal que pueda identificarle. Las cookies de terceros utilizadas en nuestro sitio web sirven principalmente para comprender c\u00f3mo funciona el sitio web, c\u00f3mo interact\u00faa usted con nuestro sitio web, mantener nuestros servicios seguros, ofrecer anuncios que sean relevantes para usted y, en definitiva, proporcionarle una experiencia de usuario mejor y m\u00e1s r\u00e1pida y ayudarle a agilizar sus futuras interacciones con nuestro sitio web.<\/p>\n\n\n\n<h3 class=\"wp-block-heading\">\u00bfQu\u00e9 tipos de cookies utilizamos?<\/h3>\n\n\n\n<p>Imprescindibles: Algunas cookies son esenciales para que usted pueda experimentar la plena funcionalidad de nuestro sitio. Nos permiten mantener las sesiones de usuario y prevenir cualquier amenaza a la seguridad. No recogen ni almacenan informaci\u00f3n personal. Por ejemplo, estas cookies le permiten acceder a su cuenta, a\u00f1adir productos a su cesta y realizar el pago de forma segura. Estad\u00edsticas: Estas cookies almacenan informaci\u00f3n como el n\u00famero de visitantes del sitio web, el n\u00famero de visitantes \u00fanicos, qu\u00e9 p\u00e1ginas del sitio web se han visitado, el origen de la visita, etc. Estos datos nos ayudan a comprender y analizar el rendimiento del sitio web y los aspectos que deben mejorarse. Marketing: Nuestro sitio web muestra anuncios. Estas cookies se utilizan para personalizar los anuncios que le mostramos para que sean significativos para usted. Estas cookies tambi\u00e9n nos ayudan a realizar un seguimiento de la eficacia de estas campa\u00f1as publicitarias. La informaci\u00f3n almacenada en estas cookies tambi\u00e9n puede ser utilizada por los proveedores de publicidad de terceros para mostrarle anuncios en otros sitios web en el navegador tambi\u00e9n. Funcionales: Son las cookies que ayudan a ciertas funcionalidades no esenciales de nuestro sitio web. Estas funcionalidades incluyen incrustar contenido como v\u00eddeos o compartir contenido del sitio web en plataformas de medios sociales. Preferencias: Estas cookies nos ayudan a almacenar su configuraci\u00f3n y preferencias de navegaci\u00f3n, como las preferencias de idioma, para que tenga una experiencia mejor y m\u00e1s eficiente en futuras visitas al sitio web.<\/p>\n\n\n\n<p>La siguiente lista detalla las cookies utilizadas en nuestro sitio web.<\/p>\n\n\n\n<figure class=\"wp-block-table\"><table class=\"has-fixed-layout\"><thead><tr><th>Galleta<\/th><th>Descripci\u00f3n<\/th><\/tr><\/thead><tbody><tr><td>Cookie anal\u00edtica<\/td><td>Las cookies anal\u00edticas se utilizan para comprender c\u00f3mo interact\u00faan los visitantes con https:\/\/motoradventures.com\/. Estas cookies ayudan a proporcionar informaci\u00f3n sobre m\u00e9tricas el n\u00famero de visitantes, tasa de rebote, fuente de tr\u00e1fico, etc.<\/td><\/tr><tr><td>cookielawinfo-checkbox-analytics<\/td><td>Esta cookie es establecida por el plugin GDPR Cookie Consent. La cookie se utiliza para almacenar el consentimiento del usuario para las cookies de la categor\u00eda \u201cAnalytics\u201d.<\/td><\/tr><tr><td>cookielawinfo-checkbox-functional<\/td><td>La cookie se establece por el consentimiento de cookies GDPR para registrar el consentimiento del usuario para las cookies en la categor\u00eda \u201cFuncional\u201d.<\/td><\/tr><tr><td>cookielawinfo-checkbox-necessary<\/td><td>Esta cookie es establecida por el plugin GDPR Cookie Consent. Las cookies se utilizan para almacenar el consentimiento del usuario para las cookies en la categor\u00eda \u201cNecesario\u201d.<\/td><\/tr><tr><td>cookielawinfo-checkbox-others<\/td><td>Esta cookie es establecida por el plugin GDPR Cookie Consent. La cookie se utiliza para almacenar el consentimiento del usuario para las cookies de la categor\u00eda \u201cOtros\".<\/td><\/tr><tr><td>cookielawinfo-checkbox-performance<\/td><td>Esta cookie es establecida por el plugin GDPR Cookie Consent. La cookie se utiliza para almacenar el consentimiento del usuario para las cookies de la categor\u00eda \u201cRendimiento\u201d.<\/td><\/tr><tr><td>viewed_cookie_policy<\/td><td>La cookie es establecida por el plugin GDPR Cookie Consent y se utiliza para almacenar si el usuario ha consentido o no el uso de cookies. No almacena ning\u00fan dato personal.<\/td><\/tr><\/tbody><\/table><\/figure>\n\n\n\n<h3 class=\"wp-block-heading\">\u00bfC\u00f3mo puedo controlar las preferencias de cookies?<\/h3>\n\n\n\n<p>Si decide cambiar sus preferencias m\u00e1s adelante durante su sesi\u00f3n de navegaci\u00f3n, puede hacer clic en la pesta\u00f1a \u201cPol\u00edtica de privacidad y cookies\u201d de su pantalla. Aparecer\u00e1 de nuevo el aviso de consentimiento, que le permitir\u00e1 cambiar sus preferencias o retirar totalmente su consentimiento. Adem\u00e1s, los distintos navegadores ofrecen diferentes m\u00e9todos para bloquear y eliminar las cookies utilizadas por los sitios web. Puede cambiar la configuraci\u00f3n de su navegador para bloquear o eliminar las cookies. Para obtener m\u00e1s informaci\u00f3n sobre c\u00f3mo gestionar y eliminar las cookies, visite wikipedia.org, www.allaboutcookies.org.<\/p>","protected":false},"excerpt":{"rendered":"<p>About this cookie policy This Cookie Policy explains what cookies are and how we use them, the types of cookies we use i.e, the information we collect using cookies and how that information is used, and how to control the cookie preferences. For further information on how we use, store, and keep your personal data [&hellip;]<\/p>\n","protected":false},"author":1,"featured_media":20864,"parent":0,"menu_order":0,"comment_status":"closed","ping_status":"closed","template":"","meta":{"_acf_changed":false,"footnotes":""},"class_list":["post-20861","page","type-page","status-publish","has-post-thumbnail","hentry"],"acf":[],"_links":{"self":[{"href":"https:\/\/motoradventures.com\/es\/wp-json\/wp\/v2\/pages\/20861","targetHints":{"allow":["GET"]}}],"collection":[{"href":"https:\/\/motoradventures.com\/es\/wp-json\/wp\/v2\/pages"}],"about":[{"href":"https:\/\/motoradventures.com\/es\/wp-json\/wp\/v2\/types\/page"}],"author":[{"embeddable":true,"href":"https:\/\/motoradventures.com\/es\/wp-json\/wp\/v2\/users\/1"}],"replies":[{"embeddable":true,"href":"https:\/\/motoradventures.com\/es\/wp-json\/wp\/v2\/comments?post=20861"}],"version-history":[{"count":1,"href":"https:\/\/motoradventures.com\/es\/wp-json\/wp\/v2\/pages\/20861\/revisions"}],"predecessor-version":[{"id":22432,"href":"https:\/\/motoradventures.com\/es\/wp-json\/wp\/v2\/pages\/20861\/revisions\/22432"}],"wp:featuredmedia":[{"embeddable":true,"href":"https:\/\/motoradventures.com\/es\/wp-json\/wp\/v2\/media\/20864"}],"wp:attachment":[{"href":"https:\/\/motoradventures.com\/es\/wp-json\/wp\/v2\/media?parent=20861"}],"curies":[{"name":"wp","href":"https:\/\/api.w.org\/{rel}","templated":true}]}}