{"id":20845,"date":"2024-12-27T11:43:52","date_gmt":"2024-12-27T10:43:52","guid":{"rendered":"http:\/\/motoradventures.com\/?page_id=20845"},"modified":"2024-12-27T11:46:05","modified_gmt":"2024-12-27T10:46:05","slug":"viajes-en-buggy-por-marruecos","status":"publish","type":"page","link":"https:\/\/motoradventures.com\/es\/buggy-tours-morocco\/","title":{"rendered":"Excursiones en buggy por Marruecos"},"content":{"rendered":"<h2 class=\"wp-block-heading\">Nuestro <strong>Paseos en buggy<\/strong> en Marruecos<\/h2>\n\n\n\n<div class=\"wp-block-columns is-layout-flex wp-container-core-columns-is-layout-9d6595d7 wp-block-columns-is-layout-flex\">\n<div class=\"wp-block-column is-layout-flow wp-block-column-is-layout-flow\">\n<p>\u00bfBusca lo \u00faltimo en paseos en buggy por Marrakech y las monta\u00f1as y el desierto al sur del Atlas? Motor Adventures se encarga de todo. \u00danase a nosotros para salir de Marrakech en direcci\u00f3n a Ouarzazate y alejarse de la civilizaci\u00f3n para explorar terrenos escarpados e impresionantes paisajes.&nbsp;<a href=\"https:\/\/motoradventures.com\/es\/cochecitos\/\">nuestros Can-Am Buggies<\/a>.<\/p>\n\n\n\n<p>Hemos dise\u00f1ado cuidadosamente nuestros&nbsp;<a href=\"https:\/\/motoradventures.com\/es\/recorrido\/buggy-safari\/\">Safari en buggy<\/a>&nbsp;exclusivamente para estos robustos y potentes veh\u00edculos, por lo que cuenta con altas dunas, lechos arenosos de r\u00edos, rocosas pistas de monta\u00f1a, cruces de r\u00edos, profundos desfiladeros y muchos m\u00e1s terrenos desafiantes. Pero entre tanta acci\u00f3n, tambi\u00e9n hay soledad en la que sumergirse. Pasar\u00e1 varias noches acampado en lugares salvajes y remotos, con c\u00f3modas tiendas de campa\u00f1a, hogueras nocturnas y observaci\u00f3n de estrellas bajo el inmenso cielo del desierto.<\/p>\n<\/div>\n\n\n\n<div class=\"wp-block-column is-layout-flow wp-block-column-is-layout-flow\">\n<p>As\u00ed que, si busca un paseo en buggy cerca de Marrakech, ponga sus miras m\u00e1s lejos, en Ouarzazate, la puerta de entrada al desierto del S\u00e1hara. El equipo de Motor Adventures le recoger\u00e1 en Marrakech y le trasladar\u00e1 a Ouarzazate como parte de su paquete.<\/p>\n\n\n\n<p>\u00bfEst\u00e1 listo para empezar a planear una inolvidable excursi\u00f3n Marrakech-Ouarzazate en buggy repleta de incre\u00edbles paisajes y emocionantes experiencias? Eche un vistazo a nuestra gama a continuaci\u00f3n y&nbsp;<a href=\"https:\/\/motoradventures.com\/es\/contactenos\/\">ponerse en contacto<\/a>&nbsp;con nuestro equipo si tiene alguna duda.<\/p>\n<\/div>\n<\/div>\n\n\n\n<h2 class=\"wp-block-heading\">Nuestro <strong>ouarzazate-marrakech<\/strong> paseos en calesa<\/h2>","protected":false},"excerpt":{"rendered":"<p>Our Buggy Tours in Morocco Looking for the ultimate buggy ride in Marrakech and the mountains and desert south of the Atlas Mountains? Motor Adventures has got you covered! Join us as we head out of Marrakech, toward Ouarzazate, and away from civilisation to explore rugged terrain and breathtaking landscapes in&nbsp;our Can-Am Buggies. We have [&hellip;]<\/p>\n","protected":false},"author":1,"featured_media":20850,"parent":0,"menu_order":0,"comment_status":"closed","ping_status":"closed","template":"","meta":{"_acf_changed":false,"footnotes":""},"class_list":["post-20845","page","type-page","status-publish","has-post-thumbnail","hentry"],"acf":[],"_links":{"self":[{"href":"https:\/\/motoradventures.com\/es\/wp-json\/wp\/v2\/pages\/20845","targetHints":{"allow":["GET"]}}],"collection":[{"href":"https:\/\/motoradventures.com\/es\/wp-json\/wp\/v2\/pages"}],"about":[{"href":"https:\/\/motoradventures.com\/es\/wp-json\/wp\/v2\/types\/page"}],"author":[{"embeddable":true,"href":"https:\/\/motoradventures.com\/es\/wp-json\/wp\/v2\/users\/1"}],"replies":[{"embeddable":true,"href":"https:\/\/motoradventures.com\/es\/wp-json\/wp\/v2\/comments?post=20845"}],"version-history":[{"count":1,"href":"https:\/\/motoradventures.com\/es\/wp-json\/wp\/v2\/pages\/20845\/revisions"}],"predecessor-version":[{"id":23367,"href":"https:\/\/motoradventures.com\/es\/wp-json\/wp\/v2\/pages\/20845\/revisions\/23367"}],"wp:featuredmedia":[{"embeddable":true,"href":"https:\/\/motoradventures.com\/es\/wp-json\/wp\/v2\/media\/20850"}],"wp:attachment":[{"href":"https:\/\/motoradventures.com\/es\/wp-json\/wp\/v2\/media?parent=20845"}],"curies":[{"name":"wp","href":"https:\/\/api.w.org\/{rel}","templated":true}]}}