{"id":20823,"date":"2024-12-27T11:29:00","date_gmt":"2024-12-27T10:29:00","guid":{"rendered":"http:\/\/motoradventures.com\/?page_id=20823"},"modified":"2024-12-27T11:35:07","modified_gmt":"2024-12-27T10:35:07","slug":"viajes-en-moto-por-marruecos","status":"publish","type":"page","link":"https:\/\/motoradventures.com\/es\/on-road-motorbike-tours-morocco\/","title":{"rendered":"Viajes de aventura en moto por Marruecos"},"content":{"rendered":"<h2 class=\"wp-block-heading\">NUESTRO <strong>RUTAS EN MOTO POR CARRETERA<\/strong> EN MARRUECOS<\/h2>\n\n\n\n<div class=\"wp-block-columns is-layout-flex wp-container-core-columns-is-layout-9d6595d7 wp-block-columns-is-layout-flex\">\n<div class=\"wp-block-column is-layout-flow wp-block-column-is-layout-flow\">\n<p>\u00bfQuiere hacer el mejor viaje por carretera por Marruecos? Motor Adventures puede ayudarle. Nuestro equipo de especialistas cuenta con d\u00e9cadas de experiencia en el motociclismo de aventura en Marruecos, y hemos volcado nuestros conocimientos en la elaboraci\u00f3n de los emocionantes itinerarios por carretera que te presentamos a continuaci\u00f3n.<\/p>\n\n\n\n<p>Combinando una mezcla \u00fanica de cultura y aventura, nuestros viajes le permitir\u00e1n disfrutar del ajetreo y el bullicio de Marruecos, de su multitud de colores y sonidos, y de la encantadora llamada de la carretera abierta. Los olores del incienso y las innumerables especias frescas despertar\u00e1n sus sentidos en este bello y ex\u00f3tico entorno.<\/p>\n<\/div>\n\n\n\n<div class=\"wp-block-column is-layout-flow wp-block-column-is-layout-flow\">\n<p>Nuestras aventuras en bicicleta por Marruecos le permitir\u00e1n disfrutar de una experiencia inolvidable a bordo de nuestras motos de aventura de doble cilindrada y en alojamientos de estilo local, como kasbahs reconvertidas. \u00bfListo para empezar? Simplemente&nbsp;<a href=\"https:\/\/motoradventures.com\/es\/contactenos\/\">Cont\u00e1ctenos<\/a>&nbsp;y empecemos a planificar su viaje.<\/p>\n\n\n\n<p>\u00bfSab\u00edas que tambi\u00e9n ofrecemos enduro&nbsp;<a href=\"https:\/\/motoradventures.com\/es\/off-road-tours-marruecos\/\">rutas en todoterreno por Marruecos<\/a>? Explore nuestra gama para vivir experiencias a\u00fan m\u00e1s incre\u00edbles.<\/p>\n<\/div>\n<\/div>","protected":false},"excerpt":{"rendered":"<p>OUR ON-ROAD MOTORBIKE TOURS IN MOROCCO Looking to take the ultimate road trip through Morocco? Motor Adventures can help you with that! Our specialist team has decades of experience with adventure motorcycling in Morocco, and we\u2019ve poured our expertise into crafting the thrilling on-road itineraries below. Combining a unique blend of culture and adventure, our [&hellip;]<\/p>\n","protected":false},"author":1,"featured_media":20833,"parent":0,"menu_order":0,"comment_status":"closed","ping_status":"closed","template":"","meta":{"_acf_changed":false,"footnotes":""},"class_list":["post-20823","page","type-page","status-publish","has-post-thumbnail","hentry"],"acf":[],"_links":{"self":[{"href":"https:\/\/motoradventures.com\/es\/wp-json\/wp\/v2\/pages\/20823","targetHints":{"allow":["GET"]}}],"collection":[{"href":"https:\/\/motoradventures.com\/es\/wp-json\/wp\/v2\/pages"}],"about":[{"href":"https:\/\/motoradventures.com\/es\/wp-json\/wp\/v2\/types\/page"}],"author":[{"embeddable":true,"href":"https:\/\/motoradventures.com\/es\/wp-json\/wp\/v2\/users\/1"}],"replies":[{"embeddable":true,"href":"https:\/\/motoradventures.com\/es\/wp-json\/wp\/v2\/comments?post=20823"}],"version-history":[{"count":0,"href":"https:\/\/motoradventures.com\/es\/wp-json\/wp\/v2\/pages\/20823\/revisions"}],"wp:featuredmedia":[{"embeddable":true,"href":"https:\/\/motoradventures.com\/es\/wp-json\/wp\/v2\/media\/20833"}],"wp:attachment":[{"href":"https:\/\/motoradventures.com\/es\/wp-json\/wp\/v2\/media?parent=20823"}],"curies":[{"name":"wp","href":"https:\/\/api.w.org\/{rel}","templated":true}]}}