{"id":1251,"date":"2024-12-23T14:50:19","date_gmt":"2024-12-23T13:50:19","guid":{"rendered":"http:\/\/motoradventures.com\/?page_id=1251"},"modified":"2025-12-18T14:52:38","modified_gmt":"2025-12-18T13:52:38","slug":"nuestras-resenas","status":"publish","type":"page","link":"https:\/\/motoradventures.com\/es\/our-reviews\/","title":{"rendered":"Cr\u00edticas de nuestros viajes al desierto de Sud\u00e1frica y Marruecos"},"content":{"rendered":"<p>Tanto si est\u00e1s planeando una dura traves\u00eda enduro por el desierto de Marruecos como el mejor viaje de aventura en moto por Sud\u00e1frica, sabemos que quieres reservar tu experiencia con total tranquilidad. Ah\u00ed es donde entran en juego nuestras opiniones.<\/p>\n\n\n\n<p>A continuaci\u00f3n, encontrar\u00e1 comentarios y opiniones de anteriores invitados sobre nuestro <a href=\"https:\/\/motoradventures.com\/es\/viajes-a-medida\/\">Excursiones por el desierto de Marruecos<\/a> y <a href=\"https:\/\/motoradventures.com\/es\/viajes-a-sudafrica\/\">Viajes de aventura en Sud\u00e1frica<\/a>. L\u00e9alos y compruebe la alta valoraci\u00f3n que la gente hace de nuestras experiencias y de nuestro servicio en general, y descubra por qu\u00e9 tanta gente repite nuestros viajes.<\/p>\n\n\n\n<p>Si tiene alguna pregunta sobre cualquier cosa que vea, no dude en <a href=\"https:\/\/motoradventures.com\/es\/contactenos\/\">Cont\u00e1ctenos<\/a>.&nbsp;<\/p>\n\n\n\n<p><\/p>\n\n\n\n<script src=\"https:\/\/static.elfsight.com\/platform\/platform.js\" async><\/script>\n<div class=\"elfsight-app-05850ab2-6dc6-4ada-843e-fba13605eebf\" data-elfsight-app-lazy><\/div>\n\n\n\n<p><\/p>","protected":false},"excerpt":{"rendered":"<p>Whether you\u2019re planning a hard enduro Morocco desert tour or the ultimate South Africa adventure bike trip, we know that you want to book your experience with complete peace of mind. That\u2019s where our reviews come in! Below, you\u2019ll find feedback and thoughts from previous guests on our Morocco desert tours and South Africa adventure [&hellip;]<\/p>\n","protected":false},"author":1,"featured_media":512,"parent":0,"menu_order":0,"comment_status":"closed","ping_status":"closed","template":"","meta":{"_acf_changed":false,"footnotes":""},"class_list":["post-1251","page","type-page","status-publish","has-post-thumbnail","hentry"],"acf":[],"_links":{"self":[{"href":"https:\/\/motoradventures.com\/es\/wp-json\/wp\/v2\/pages\/1251","targetHints":{"allow":["GET"]}}],"collection":[{"href":"https:\/\/motoradventures.com\/es\/wp-json\/wp\/v2\/pages"}],"about":[{"href":"https:\/\/motoradventures.com\/es\/wp-json\/wp\/v2\/types\/page"}],"author":[{"embeddable":true,"href":"https:\/\/motoradventures.com\/es\/wp-json\/wp\/v2\/users\/1"}],"replies":[{"embeddable":true,"href":"https:\/\/motoradventures.com\/es\/wp-json\/wp\/v2\/comments?post=1251"}],"version-history":[{"count":8,"href":"https:\/\/motoradventures.com\/es\/wp-json\/wp\/v2\/pages\/1251\/revisions"}],"predecessor-version":[{"id":24226,"href":"https:\/\/motoradventures.com\/es\/wp-json\/wp\/v2\/pages\/1251\/revisions\/24226"}],"wp:featuredmedia":[{"embeddable":true,"href":"https:\/\/motoradventures.com\/es\/wp-json\/wp\/v2\/media\/512"}],"wp:attachment":[{"href":"https:\/\/motoradventures.com\/es\/wp-json\/wp\/v2\/media?parent=1251"}],"curies":[{"name":"wp","href":"https:\/\/api.w.org\/{rel}","templated":true}]}}