{"id":1245,"date":"2024-12-23T14:45:04","date_gmt":"2024-12-23T13:45:04","guid":{"rendered":"http:\/\/motoradventures.com\/?page_id=1245"},"modified":"2025-04-14T20:20:23","modified_gmt":"2025-04-14T18:20:23","slug":"acerca-de-nosotros","status":"publish","type":"page","link":"https:\/\/motoradventures.com\/es\/about-us\/","title":{"rendered":"Qui\u00e9nes somos"},"content":{"rendered":"<h2 class=\"wp-block-heading\">La historia detr\u00e1s de nuestros tours de enduro y aventura en Marruecos y Sud\u00e1frica<\/h2>\n\n\n\n<div class=\"wp-block-columns is-layout-flex wp-container-core-columns-is-layout-9d6595d7 wp-block-columns-is-layout-flex\">\n<div class=\"wp-block-column is-layout-flow wp-block-column-is-layout-flow\">\n<p>En Motor Adventures, nos enorgullece ofrecer el tipo de experiencias emocionantes que hacen que las almas aventureras vuelvan una y otra vez. Incluso tenemos clientes habituales que regresan m\u00e1s de una vez. De hecho, \u00a1algunos de nuestros rostros m\u00e1s familiares ya han superado la decena! Pero, \u00bfc\u00f3mo hemos llegado hasta aqu\u00ed? \u00bfPor qu\u00e9 nuestros <a href=\"https:\/\/motoradventures.com\/es\/viajes-a-marruecos\/\">Viajes de aventura a Marruecos<\/a> y <a href=\"https:\/\/motoradventures.com\/es\/viajes-a-sudafrica\/\">Viajes de aventura en Sud\u00e1frica<\/a> \u00bfPor qu\u00e9 es tan querida y confiable para tanta gente? Vamos a volver al principio...<\/p>\n\n\n\n<p>Fundada por John Griffiths y Su Downham, la empresa MotoAventures original se inspir\u00f3 en una idea que tuvo John durante dos viajes invernales en los que explor\u00f3 \u00c1frica desde Londres hasta Ciudad del Cabo. Establecida en Andorra en 1996, MotoAventures organizaba inicialmente excursiones todoterreno guiadas de alta calidad en los Pirineos, Portugal, Grecia y el Mediterr\u00e1neo, as\u00ed como emocionantes escapadas todoterreno en las monta\u00f1as del Atlas y el desierto del S\u00e1hara, en Marruecos, todo ello en motos de enduro KTM450.<\/p>\n<\/div>\n\n\n\n<div class=\"wp-block-column is-layout-flow wp-block-column-is-layout-flow\">\n<p>Desde 2007, hemos estado liderando fant\u00e1sticas expediciones tur\u00edsticas en BMW GS1200 por el sur de \u00c1frica, llevando a numerosos motociclistas y sus acompa\u00f1antes desde Ciudad del Cabo hasta las cataratas Victoria y de regreso, pasando por Namibia, Botsuana y Lesoto, y en nuestro \u00faltimo gran viaje en septiembre de 2019 desde Zimbabue, pasando por Mozambique, Malaui y Zambia.<\/p>\n\n\n\n<p>Hoy ofrecemos un <a href=\"https:\/\/motoradventures.com\/es\/recorrido\/south-africa-on-road-10-day-tour\/\">Viaje de aventura de 10 d\u00edas por Sud\u00e1frica<\/a> De Ciudad del Cabo a Johannesburgo pasando por Lesoto en motos Triumph Rally Pro.<\/p>\n\n\n\n<p><\/p>\n\n\n\n<p><\/p>\n\n\n\n<p><\/p>\n<\/div>\n<\/div>\n\n\n\n<div style=\"height:60px\" aria-hidden=\"true\" class=\"wp-block-spacer\"><\/div>\n\n\n\n<div class=\"wp-block-columns has-medium-font-size is-layout-flex wp-container-core-columns-is-layout-9d6595d7 wp-block-columns-is-layout-flex\">\n<div class=\"wp-block-column has-medium-font-size is-layout-flow wp-block-column-is-layout-flow\">\n<p class=\"has-text-align-center\"><strong>30+<\/strong><br>A\u00f1os en acci\u00f3n<\/p>\n<\/div>\n\n\n\n<div class=\"wp-block-column is-layout-flow wp-block-column-is-layout-flow\">\n<p class=\"has-text-align-center has-medium-font-size\"><strong>+950.000<\/strong><br>Kil\u00f3metros recorridos<\/p>\n<\/div>\n\n\n\n<div class=\"wp-block-column is-layout-flow wp-block-column-is-layout-flow\">\n<p class=\"has-text-align-center has-medium-font-size\"><strong>\u2605\u2605\u2605\u2605\u2605<\/strong><br>5 estrellas en Google<\/p>\n<\/div>\n<\/div>\n\n\n\n<div style=\"height:60px\" aria-hidden=\"true\" class=\"wp-block-spacer\"><\/div>\n\n\n\n<h2 class=\"wp-block-heading\">Aventuras motorizadas y los locos a\u00f1os veinte<\/h2>\n\n\n\n<p>En 2021, hemos a\u00f1adido excursiones en moto de aventura, por carreteras y pistas de grava f\u00e1ciles, con salida desde Marrakech en nuestras motos BMW GS Adventure. Estas excursiones han tenido una gran acogida, ya que ofrecen una fant\u00e1stica combinaci\u00f3n de cultura y aventura.\u2028<\/p>\n\n\n\n<p>A principios de 2024, MotoAventures se asoci\u00f3 con Sahara Experience y nos convertimos en Motor Adventures. Esta fusi\u00f3n ha ampliado nuestra flota con buggies CanAm, lo que permite a nuestros amigos que no son motociclistas unirse a nuestras excursiones todoterreno.<\/p>\n\n\n\n<p>Nuestra oficina principal se encuentra ahora en Ouarzazate, donde tenemos nuestro garaje y base de operaciones, que sirve como punto de partida para nuestras excursiones. Aqu\u00ed es donde se almacena nuestra flota de KTM450 EXC, Gas Gas EC 450 y buggies CanAm.<\/p>\n\n\n\n<p>Con casi 30 a\u00f1os de exploraci\u00f3n por este impresionante reino, tanto por carretera como fuera de ella, hemos descubierto rutas que siguen sin explorar y fuera de los circuitos habituales. \u00a1Te invitamos a que te unas a nosotros en una aventura que nunca olvidar\u00e1s!<\/p>\n\n\n\n<p>Leer <a href=\"https:\/\/motoradventures.com\/es\/nuestras-resenas\/\">nuestras rese\u00f1as<\/a> para ver la alta valoraci\u00f3n que nos otorgan nuestros clientes anteriores, y no dude en <a href=\"https:\/\/motoradventures.com\/es\/contactenos\/\">ponerse en contacto<\/a> si tiene alguna pregunta para nuestro equipo.<br><\/p>","protected":false},"excerpt":{"rendered":"<p>The Story Behind Our Enduro and Adventure Tours in Morocco and South Africa At Motor Adventures, we\u2019re proud to offer the kind of thrilling experiences that keep adventurous souls coming back for more. We even have welcome regulars who return more than once. In fact, some of our most familiar faces are well into double [&hellip;]<\/p>\n","protected":false},"author":1,"featured_media":20806,"parent":0,"menu_order":0,"comment_status":"closed","ping_status":"closed","template":"","meta":{"_acf_changed":false,"footnotes":""},"class_list":["post-1245","page","type-page","status-publish","has-post-thumbnail","hentry"],"acf":[],"_links":{"self":[{"href":"https:\/\/motoradventures.com\/es\/wp-json\/wp\/v2\/pages\/1245","targetHints":{"allow":["GET"]}}],"collection":[{"href":"https:\/\/motoradventures.com\/es\/wp-json\/wp\/v2\/pages"}],"about":[{"href":"https:\/\/motoradventures.com\/es\/wp-json\/wp\/v2\/types\/page"}],"author":[{"embeddable":true,"href":"https:\/\/motoradventures.com\/es\/wp-json\/wp\/v2\/users\/1"}],"replies":[{"embeddable":true,"href":"https:\/\/motoradventures.com\/es\/wp-json\/wp\/v2\/comments?post=1245"}],"version-history":[{"count":2,"href":"https:\/\/motoradventures.com\/es\/wp-json\/wp\/v2\/pages\/1245\/revisions"}],"predecessor-version":[{"id":23153,"href":"https:\/\/motoradventures.com\/es\/wp-json\/wp\/v2\/pages\/1245\/revisions\/23153"}],"wp:featuredmedia":[{"embeddable":true,"href":"https:\/\/motoradventures.com\/es\/wp-json\/wp\/v2\/media\/20806"}],"wp:attachment":[{"href":"https:\/\/motoradventures.com\/es\/wp-json\/wp\/v2\/media?parent=1245"}],"curies":[{"name":"wp","href":"https:\/\/api.w.org\/{rel}","templated":true}]}}