{"id":22669,"date":"2025-05-02T15:24:42","date_gmt":"2025-05-02T13:24:42","guid":{"rendered":"https:\/\/motoradventures.com\/?page_id=22669"},"modified":"2025-05-02T16:07:23","modified_gmt":"2025-05-02T14:07:23","slug":"fahrzeuge","status":"publish","type":"page","link":"https:\/\/motoradventures.com\/de\/vehicles\/","title":{"rendered":"Unsere Fahrzeuge in Marokko und S\u00fcdafrika"},"content":{"rendered":"<h2 class=\"wp-block-heading\">Welche Fahrzeuge erwarten Sie auf unseren Abenteuerreisen in S\u00fcdafrika und unseren W\u00fcstentouren in Marokko?<\/h2>\n\n\n\n<div class=\"wp-block-columns is-layout-flex wp-container-core-columns-is-layout-9d6595d7 wp-block-columns-is-layout-flex\">\n<div class=\"wp-block-column is-layout-flow wp-block-column-is-layout-flow\">\n<p>Haben Sie sich f\u00fcr eines unserer Produkte entschieden? <a href=\"https:\/\/motoradventures.com\/de\/marokko-reisen\/\">W\u00fcstentouren in Marokko<\/a>Oder ist die offene Stra\u00dfe einer <a href=\"https:\/\/motoradventures.com\/de\/sudafrika-touren\/\">Abenteuerreise S\u00fcdafrika<\/a> ruft deinen Namen? Nachdem du dich f\u00fcr ein Reiseland entschieden hast, steht die n\u00e4chste wichtige Entscheidung an: Mit welchem Fahrzeug m\u00f6chtest du reisen? Bevorzugst du Abenteuer auf zwei R\u00e4dern oder auf vier R\u00e4dern?<\/p>\n\n\n\n<p>Wenn Sie an einer unserer Offroad-Exkursionen in Marokko teilnehmen, k\u00f6nnen Sie zwischen unseren Enduro-Motorr\u00e4dern und Can-Am-Buggys w\u00e4hlen. Bei den Motorr\u00e4dern verf\u00fcgen wir \u00fcber eine Flotte von sechs KTM 450 EXC der neuesten Generation und sechs Gas Gas EC 450. Bei den Buggys haben wir 13 Can-Am Maverick-Buggys, darunter Zwei- und Viersitzer in den Versionen Sport und X3. Und auf unserer <a href=\"https:\/\/motoradventures.com\/de\/tour\/8-tagige-offroad-tour\/\">8-t\u00e4gige Tour \u201eSahara-Erlebnis\u201c<\/a> (sowie ausgew\u00e4hlte andere Touren) k\u00f6nnen Sie sich sogar f\u00fcr eine der folgenden Optionen entscheiden: <a href=\"https:\/\/motoradventures.com\/de\/unsere-4wds\/\">unsere Allradfahrzeuge<\/a>!<\/p>\n<\/div>\n\n\n\n<div class=\"wp-block-column is-layout-flow wp-block-column-is-layout-flow\">\n<p>Auf der Suche nach einem Abenteuer in Marokko oder S\u00fcdafrika? Auf unserer <a href=\"https:\/\/motoradventures.com\/de\/tour\/erlebnisreise-happy-valley\/\">Happy Valley, Atlasgebirge und Sahara-W\u00fcste-Tour<\/a>, Sie fahren entweder eine BMW GS 1250 oder GS 900\/850\/800 oder eine KTM390 Adventure. Auf unserer <a href=\"https:\/\/motoradventures.com\/de\/tour\/10-tagige-tour-vom-meer-zum-gipfel\/\">Sea to Summit Abenteuer-Motorradtour in S\u00fcdafrika<\/a>, Sie fahren eine Triumph Tiger Rally Pro 900cc.<\/p>\n\n\n\n<p>Weitere Informationen zu allen unseren Fahrzeugoptionen finden Sie auf der entsprechenden Seite unten. Wenn Sie Fragen zu Fahrzeugen oder Touren haben, z\u00f6gern Sie bitte nicht, uns zu kontaktieren. <a href=\"https:\/\/motoradventures.com\/de\/kontaktieren-sie-uns\/\">Kontaktieren Sie uns<\/a>.<\/p>\n<\/div>\n<\/div>\n\n\n\n<h2 class=\"wp-block-heading\">Unsere Fahrzeugoptionen f\u00fcr Marokko und S\u00fcdafrika<\/h2>\n\n\n\n<div class=\"wp-block-columns is-layout-flex wp-container-core-columns-is-layout-9d6595d7 wp-block-columns-is-layout-flex\">\n<div class=\"wp-block-column is-layout-flow wp-block-column-is-layout-flow\">\n<figure class=\"wp-block-image size-full\"><a href=\"https:\/\/motoradventures.com\/de\/fahrrader\/\"><img loading=\"lazy\" decoding=\"async\" width=\"1000\" height=\"666\" src=\"https:\/\/motoradventures.com\/wp-content\/uploads\/2025\/01\/DSC04571.jpg\" alt=\"\" class=\"wp-image-22346\" srcset=\"https:\/\/motoradventures.com\/wp-content\/uploads\/2025\/01\/DSC04571.jpg 1000w, https:\/\/motoradventures.com\/wp-content\/uploads\/2025\/01\/DSC04571-300x200.jpg 300w, https:\/\/motoradventures.com\/wp-content\/uploads\/2025\/01\/DSC04571-768x511.jpg 768w\" sizes=\"auto, (max-width: 1000px) 100vw, 1000px\" \/><\/a><\/figure>\n\n\n\n<p class=\"has-text-align-center\"><a href=\"https:\/\/motoradventures.com\/de\/fahrrader\/\"><strong>Fahrr\u00e4der<\/strong><\/a><\/p>\n<\/div>\n\n\n\n<div class=\"wp-block-column is-layout-flow wp-block-column-is-layout-flow\">\n<figure class=\"wp-block-image size-full\"><a href=\"https:\/\/motoradventures.com\/de\/buggys\/\"><img loading=\"lazy\" decoding=\"async\" width=\"900\" height=\"600\" src=\"https:\/\/motoradventures.com\/wp-content\/uploads\/2024\/08\/IMG_2898-scaled-4dd9116e.webp\" alt=\"Zwei D\u00fcnenbuggys mit dem Schriftzug &quot;Sahara Experience&quot; durchqueren unter einem dunstigen Himmel die sandigen D\u00fcnen der W\u00fcste.\" class=\"wp-image-20620\" srcset=\"https:\/\/motoradventures.com\/wp-content\/uploads\/2024\/08\/IMG_2898-scaled-4dd9116e.webp 900w, https:\/\/motoradventures.com\/wp-content\/uploads\/2024\/08\/IMG_2898-scaled-4dd9116e-300x200.webp 300w, https:\/\/motoradventures.com\/wp-content\/uploads\/2024\/08\/IMG_2898-scaled-4dd9116e-768x512.webp 768w\" sizes=\"auto, (max-width: 900px) 100vw, 900px\" \/><\/a><\/figure>\n\n\n\n<p class=\"has-text-align-center\"><a href=\"https:\/\/motoradventures.com\/de\/buggys\/\"><strong>Buggys<\/strong><\/a><\/p>\n<\/div>\n\n\n\n<div class=\"wp-block-column is-layout-flow wp-block-column-is-layout-flow\">\n<figure class=\"wp-block-image size-large\"><a href=\"https:\/\/motoradventures.com\/de\/unsere-4wds\/\"><img loading=\"lazy\" decoding=\"async\" width=\"1024\" height=\"682\" src=\"https:\/\/motoradventures.com\/wp-content\/uploads\/2024\/12\/db4d03f8-c9d6-4fe1-9cd8-bcba738b9c18-1024x682.jpg\" alt=\"\" class=\"wp-image-22040\" srcset=\"https:\/\/motoradventures.com\/wp-content\/uploads\/2024\/12\/db4d03f8-c9d6-4fe1-9cd8-bcba738b9c18-1024x682.jpg 1024w, https:\/\/motoradventures.com\/wp-content\/uploads\/2024\/12\/db4d03f8-c9d6-4fe1-9cd8-bcba738b9c18-300x200.jpg 300w, https:\/\/motoradventures.com\/wp-content\/uploads\/2024\/12\/db4d03f8-c9d6-4fe1-9cd8-bcba738b9c18-768x512.jpg 768w, https:\/\/motoradventures.com\/wp-content\/uploads\/2024\/12\/db4d03f8-c9d6-4fe1-9cd8-bcba738b9c18.jpg 1280w\" sizes=\"auto, (max-width: 1024px) 100vw, 1024px\" \/><\/a><\/figure>\n\n\n\n<p class=\"has-text-align-center\"><a href=\"https:\/\/motoradventures.com\/de\/unsere-4wds\/\"><strong>Allradantrieb<\/strong><\/a><\/p>\n<\/div>\n<\/div>\n\n\n\n<p><\/p>","protected":false},"excerpt":{"rendered":"<p>What Vehicles Can You Expect on Our South Africa Adventure and Morocco Desert Tours? Have you got your heart set on one of our Morocco desert tours? Or is the open road of a South Africa adventure tour calling your name? After choosing which country you want to visit, your next big decision is vital: [&hellip;]<\/p>\n","protected":false},"author":2,"featured_media":22051,"parent":0,"menu_order":0,"comment_status":"closed","ping_status":"closed","template":"","meta":{"_acf_changed":false,"footnotes":""},"class_list":["post-22669","page","type-page","status-publish","has-post-thumbnail","hentry"],"acf":[],"_links":{"self":[{"href":"https:\/\/motoradventures.com\/de\/wp-json\/wp\/v2\/pages\/22669","targetHints":{"allow":["GET"]}}],"collection":[{"href":"https:\/\/motoradventures.com\/de\/wp-json\/wp\/v2\/pages"}],"about":[{"href":"https:\/\/motoradventures.com\/de\/wp-json\/wp\/v2\/types\/page"}],"author":[{"embeddable":true,"href":"https:\/\/motoradventures.com\/de\/wp-json\/wp\/v2\/users\/2"}],"replies":[{"embeddable":true,"href":"https:\/\/motoradventures.com\/de\/wp-json\/wp\/v2\/comments?post=22669"}],"version-history":[{"count":3,"href":"https:\/\/motoradventures.com\/de\/wp-json\/wp\/v2\/pages\/22669\/revisions"}],"predecessor-version":[{"id":22675,"href":"https:\/\/motoradventures.com\/de\/wp-json\/wp\/v2\/pages\/22669\/revisions\/22675"}],"wp:featuredmedia":[{"embeddable":true,"href":"https:\/\/motoradventures.com\/de\/wp-json\/wp\/v2\/media\/22051"}],"wp:attachment":[{"href":"https:\/\/motoradventures.com\/de\/wp-json\/wp\/v2\/media?parent=22669"}],"curies":[{"name":"wp","href":"https:\/\/api.w.org\/{rel}","templated":true}]}}