{"id":22161,"date":"2025-01-03T15:39:04","date_gmt":"2025-01-03T14:39:04","guid":{"rendered":"http:\/\/motoradventures.com\/?page_id=22161"},"modified":"2025-05-02T14:30:23","modified_gmt":"2025-05-02T12:30:23","slug":"unsere-4wds","status":"publish","type":"page","link":"https:\/\/motoradventures.com\/de\/our-4wds\/","title":{"rendered":"Unsere 4WDs f\u00fcr Marokko W\u00fcstentouren"},"content":{"rendered":"<div class=\"wp-block-columns is-layout-flex wp-container-core-columns-is-layout-9d6595d7 wp-block-columns-is-layout-flex\">\n<div class=\"wp-block-column is-layout-flow wp-block-column-is-layout-flow\">\n<h2 class=\"wp-block-heading\">Begleiten Sie uns auf aufregende 4\u00d74-Touren durch Marokko!<\/h2>\n\n\n\n<p>Wir von Motor Adventures haben unsere eigene Flotte von <a href=\"https:\/\/motoradventures.com\/de\/fahrrader\/\">Abenteuer- und Hard-Enduro-Bikes<\/a> und <a href=\"https:\/\/motoradventures.com\/de\/buggys\/\">Can-Am-Buggys<\/a> in Marokko. Dies sind die prim\u00e4ren Fahrzeuge, die unsere G\u00e4ste auf unseren hochoktanigen <a href=\"https:\/\/motoradventures.com\/de\/marokko-reisen\/\">W\u00fcstentouren in Marokko<\/a>.<\/p>\n\n\n\n<p>Wenn Sie sich jedoch f\u00fcr die <a href=\"https:\/\/motoradventures.com\/de\/tour\/8-tagige-offroad-tour\/\">8-t\u00e4gige Tour \u201eSahara-Erlebnis\u201c<\/a> (sowie andere ausgew\u00e4hlte Touren), bieten wir auch 4WDs an. Diese robusten Fahrzeuge, meist Toyota Land Cruiser, werden von einer Vermietungsfirma zur Verf\u00fcgung gestellt, mit der wir eine langj\u00e4hrige Beziehung haben. Sie k\u00f6nnen sich also darauf verlassen, dass diese Allradfahrzeuge wie alle unsere eigenen Fahrzeuge nach den h\u00f6chsten Standards gewartet und gepflegt werden.<br><br>Haben Sie Fragen zu den 4WDs, die wir zur Verf\u00fcgung haben? Oder m\u00f6chten Sie mehr dar\u00fcber wissen, auf welchen Touren Sie einen fahren k\u00f6nnen? Bitte einfach <a href=\"https:\/\/motoradventures.com\/de\/kontaktieren-sie-uns\/\">Kontaktieren Sie uns<\/a> f\u00fcr alle Informationen, die Sie ben\u00f6tigen.\u00a0<\/p>\n\n\n\n<p><\/p>\n<\/div>\n\n\n\n<div class=\"wp-block-column is-layout-flow wp-block-column-is-layout-flow\">\n<h2 class=\"wp-block-heading\">Marokko Sahara 4\u00d74 Touren: Deine Ausr\u00fcstung<\/h2>\n\n\n\n<p>Wenn Sie mit einem Allradfahrzeug an einer unserer Touren teilnehmen, ben\u00f6tigen Sie keine Offroad-Fahrerfahrung als Voraussetzung. Wir empfehlen jedoch dringend, ein gewisses Ma\u00df an Fahrpraxis zu haben - unsere Touren sind nichts f\u00fcr schwache Nerven!<\/p>\n\n\n\n<p>Wenn es um die pers\u00f6nliche Ausr\u00fcstung f\u00fcr Marokko 4\u00d74 Touren geht, werden Sie diese ben\u00f6tigen:<\/p>\n\n\n\n<ul class=\"wp-block-list\">\n<li><strong>Bequeme Schuhe und Kleidung<\/strong> - Tragen Sie festes, bequemes Schuhwerk und Kleidung, die f\u00fcr Aktivit\u00e4ten im Freien geeignet ist.\u00a0<\/li>\n\n\n\n<li><strong>Leichtes Reisen<\/strong> - Nehmen Sie nur das N\u00f6tigste mit, um den Platz im Fahrzeug zu maximieren. Vermeiden Sie sperrige Gegenst\u00e4nde.<\/li>\n\n\n\n<li><strong>Vorbereiten auf Staub<\/strong> - Rechnen Sie damit, dass es staubig wird! Nehmen Sie einen Buff oder ein Kopftuch mit, um Ihr Gesicht zu bedecken, und eine gute Tasche, um Ihre Sachen zu sch\u00fctzen.<\/li>\n\n\n\n<li><strong>Keine Koffer mitbringen<\/strong> - Vor allem solche mit R\u00e4dern - die funktionieren in der W\u00fcste nicht! Verwenden Sie stattdessen weiche Sees\u00e4cke.<\/li>\n<\/ul>\n\n\n\n<p><strong>Profi-Tipp:<\/strong> Bringen Sie ein Handy-Ladeger\u00e4t und ein USB-Kabel mit, um Ihre Lieblingsmusik im Auto zu h\u00f6ren, und laden Sie Ihre Wiedergabelisten vor dem Start Ihrer Tour herunter!<\/p>\n<\/div>\n<\/div>\n\n\n\n<h2 class=\"wp-block-heading\">Marokko W\u00fcstentouren in 4x4s: Galerie<\/h2>\n\n\n\n<figure class=\"wp-block-image size-full\"><img loading=\"lazy\" decoding=\"async\" width=\"1280\" height=\"717\" src=\"https:\/\/motoradventures.com\/wp-content\/uploads\/2024\/12\/1872554d-db89-4f4e-b580-0bdcae3bb722.jpg\" alt=\"\" class=\"wp-image-21989\" srcset=\"https:\/\/motoradventures.com\/wp-content\/uploads\/2024\/12\/1872554d-db89-4f4e-b580-0bdcae3bb722.jpg 1280w, https:\/\/motoradventures.com\/wp-content\/uploads\/2024\/12\/1872554d-db89-4f4e-b580-0bdcae3bb722-300x168.jpg 300w, https:\/\/motoradventures.com\/wp-content\/uploads\/2024\/12\/1872554d-db89-4f4e-b580-0bdcae3bb722-1024x574.jpg 1024w, https:\/\/motoradventures.com\/wp-content\/uploads\/2024\/12\/1872554d-db89-4f4e-b580-0bdcae3bb722-768x430.jpg 768w\" sizes=\"auto, (max-width: 1280px) 100vw, 1280px\" \/><\/figure>\n\n\n\n<figure class=\"wp-block-gallery has-nested-images columns-5 is-cropped wp-block-gallery-1 is-layout-flex wp-block-gallery-is-layout-flex\">\n<figure class=\"wp-block-image size-large\"><img loading=\"lazy\" decoding=\"async\" width=\"1024\" height=\"683\" data-id=\"22045\" src=\"https:\/\/motoradventures.com\/wp-content\/uploads\/2024\/12\/e6ed45be-6c1e-4287-b256-1c8eef2e97b6-1024x683.jpg\" alt=\"\" class=\"wp-image-22045\" srcset=\"https:\/\/motoradventures.com\/wp-content\/uploads\/2024\/12\/e6ed45be-6c1e-4287-b256-1c8eef2e97b6-1024x683.jpg 1024w, https:\/\/motoradventures.com\/wp-content\/uploads\/2024\/12\/e6ed45be-6c1e-4287-b256-1c8eef2e97b6-300x200.jpg 300w, https:\/\/motoradventures.com\/wp-content\/uploads\/2024\/12\/e6ed45be-6c1e-4287-b256-1c8eef2e97b6-768x512.jpg 768w, https:\/\/motoradventures.com\/wp-content\/uploads\/2024\/12\/e6ed45be-6c1e-4287-b256-1c8eef2e97b6-1536x1024.jpg 1536w, https:\/\/motoradventures.com\/wp-content\/uploads\/2024\/12\/e6ed45be-6c1e-4287-b256-1c8eef2e97b6.jpg 1600w\" sizes=\"auto, (max-width: 1024px) 100vw, 1024px\" \/><\/figure>\n\n\n\n<figure class=\"wp-block-image size-large\"><img loading=\"lazy\" decoding=\"async\" width=\"1024\" height=\"682\" data-id=\"21970\" src=\"https:\/\/motoradventures.com\/wp-content\/uploads\/2024\/12\/907fe299-dded-4a41-8329-089fb3edee6b-1024x682.jpg\" alt=\"\" class=\"wp-image-21970\" srcset=\"https:\/\/motoradventures.com\/wp-content\/uploads\/2024\/12\/907fe299-dded-4a41-8329-089fb3edee6b-1024x682.jpg 1024w, https:\/\/motoradventures.com\/wp-content\/uploads\/2024\/12\/907fe299-dded-4a41-8329-089fb3edee6b-300x200.jpg 300w, https:\/\/motoradventures.com\/wp-content\/uploads\/2024\/12\/907fe299-dded-4a41-8329-089fb3edee6b-768x512.jpg 768w, https:\/\/motoradventures.com\/wp-content\/uploads\/2024\/12\/907fe299-dded-4a41-8329-089fb3edee6b.jpg 1280w\" sizes=\"auto, (max-width: 1024px) 100vw, 1024px\" \/><\/figure>\n\n\n\n<figure class=\"wp-block-image size-large\"><img loading=\"lazy\" decoding=\"async\" width=\"1024\" height=\"682\" data-id=\"21962\" src=\"https:\/\/motoradventures.com\/wp-content\/uploads\/2024\/12\/577a512a-fe11-4472-ae48-75c68f19af59-1024x682.jpg\" alt=\"\" class=\"wp-image-21962\" srcset=\"https:\/\/motoradventures.com\/wp-content\/uploads\/2024\/12\/577a512a-fe11-4472-ae48-75c68f19af59-1024x682.jpg 1024w, https:\/\/motoradventures.com\/wp-content\/uploads\/2024\/12\/577a512a-fe11-4472-ae48-75c68f19af59-300x200.jpg 300w, https:\/\/motoradventures.com\/wp-content\/uploads\/2024\/12\/577a512a-fe11-4472-ae48-75c68f19af59-768x512.jpg 768w, https:\/\/motoradventures.com\/wp-content\/uploads\/2024\/12\/577a512a-fe11-4472-ae48-75c68f19af59.jpg 1280w\" sizes=\"auto, (max-width: 1024px) 100vw, 1024px\" \/><\/figure>\n\n\n\n<figure class=\"wp-block-image size-large\"><img loading=\"lazy\" decoding=\"async\" width=\"1024\" height=\"682\" data-id=\"21902\" src=\"https:\/\/motoradventures.com\/wp-content\/uploads\/2024\/12\/2b6a2e02-af25-4b13-9c31-ede59ae85bf9-1024x682.jpg\" alt=\"\" class=\"wp-image-21902\" srcset=\"https:\/\/motoradventures.com\/wp-content\/uploads\/2024\/12\/2b6a2e02-af25-4b13-9c31-ede59ae85bf9-1024x682.jpg 1024w, https:\/\/motoradventures.com\/wp-content\/uploads\/2024\/12\/2b6a2e02-af25-4b13-9c31-ede59ae85bf9-300x200.jpg 300w, https:\/\/motoradventures.com\/wp-content\/uploads\/2024\/12\/2b6a2e02-af25-4b13-9c31-ede59ae85bf9-768x512.jpg 768w, https:\/\/motoradventures.com\/wp-content\/uploads\/2024\/12\/2b6a2e02-af25-4b13-9c31-ede59ae85bf9.jpg 1280w\" sizes=\"auto, (max-width: 1024px) 100vw, 1024px\" \/><\/figure>\n\n\n\n<figure class=\"wp-block-image size-large\"><img loading=\"lazy\" decoding=\"async\" width=\"1024\" height=\"682\" data-id=\"21976\" src=\"https:\/\/motoradventures.com\/wp-content\/uploads\/2024\/12\/001260f5-de13-4e06-bfcd-bf868f04bd45-1024x682.jpg\" alt=\"\" class=\"wp-image-21976\" srcset=\"https:\/\/motoradventures.com\/wp-content\/uploads\/2024\/12\/001260f5-de13-4e06-bfcd-bf868f04bd45-1024x682.jpg 1024w, https:\/\/motoradventures.com\/wp-content\/uploads\/2024\/12\/001260f5-de13-4e06-bfcd-bf868f04bd45-300x200.jpg 300w, https:\/\/motoradventures.com\/wp-content\/uploads\/2024\/12\/001260f5-de13-4e06-bfcd-bf868f04bd45-768x512.jpg 768w, https:\/\/motoradventures.com\/wp-content\/uploads\/2024\/12\/001260f5-de13-4e06-bfcd-bf868f04bd45.jpg 1280w\" sizes=\"auto, (max-width: 1024px) 100vw, 1024px\" \/><\/figure>\n<\/figure>","protected":false},"excerpt":{"rendered":"<p>Join Us for Thrilling Morocco 4&#215;4 Tours! At Motor Adventures, we have our own fleet of adventure and hard enduro bikes and Can-Am buggies in Morocco. These are the primary vehicles our guests use on our range of high-octane Morocco desert tours. However, if you are joining us for the 8-Day Tour Sahara Experience (as [&hellip;]<\/p>\n","protected":false},"author":3,"featured_media":21989,"parent":0,"menu_order":0,"comment_status":"closed","ping_status":"closed","template":"","meta":{"_acf_changed":false,"footnotes":""},"class_list":["post-22161","page","type-page","status-publish","has-post-thumbnail","hentry"],"acf":[],"_links":{"self":[{"href":"https:\/\/motoradventures.com\/de\/wp-json\/wp\/v2\/pages\/22161","targetHints":{"allow":["GET"]}}],"collection":[{"href":"https:\/\/motoradventures.com\/de\/wp-json\/wp\/v2\/pages"}],"about":[{"href":"https:\/\/motoradventures.com\/de\/wp-json\/wp\/v2\/types\/page"}],"author":[{"embeddable":true,"href":"https:\/\/motoradventures.com\/de\/wp-json\/wp\/v2\/users\/3"}],"replies":[{"embeddable":true,"href":"https:\/\/motoradventures.com\/de\/wp-json\/wp\/v2\/comments?post=22161"}],"version-history":[{"count":5,"href":"https:\/\/motoradventures.com\/de\/wp-json\/wp\/v2\/pages\/22161\/revisions"}],"predecessor-version":[{"id":22659,"href":"https:\/\/motoradventures.com\/de\/wp-json\/wp\/v2\/pages\/22161\/revisions\/22659"}],"wp:featuredmedia":[{"embeddable":true,"href":"https:\/\/motoradventures.com\/de\/wp-json\/wp\/v2\/media\/21989"}],"wp:attachment":[{"href":"https:\/\/motoradventures.com\/de\/wp-json\/wp\/v2\/media?parent=22161"}],"curies":[{"name":"wp","href":"https:\/\/api.w.org\/{rel}","templated":true}]}}