{"id":20928,"date":"2024-12-27T13:32:31","date_gmt":"2024-12-27T12:32:31","guid":{"rendered":"http:\/\/motoradventures.com\/?page_id=20928"},"modified":"2025-04-14T21:33:42","modified_gmt":"2025-04-14T19:33:42","slug":"sicherheit","status":"publish","type":"page","link":"https:\/\/motoradventures.com\/de\/safety\/","title":{"rendered":"Ihre Sicherheit auf unseren Marokko &amp; S\u00fcdafrika Abenteuerreisen"},"content":{"rendered":"<p><strong><strong>Ihre Sicherheit auf unserer <\/strong><a href=\"https:\/\/motoradventures.com\/de\/marokko-reisen\/\"><strong>Abenteuerreisen in Marokko<\/strong><\/a><strong> und <\/strong><a href=\"https:\/\/motoradventures.com\/de\/sudafrika-touren\/\"><strong>Abenteuerreisen in S\u00fcdafrika<\/strong><\/a><strong> ist f\u00fcr uns \u00e4u\u00dferst wichtig. Es ist ein nicht verhandelbares Thema, in das wir weiterhin Zeit und Geld investieren. So k\u00f6nnen wir Ihnen den bestm\u00f6glichen Service und die bestm\u00f6gliche Erfahrung bieten, ohne dass Sie sich Sorgen machen m\u00fcssen.<\/strong><\/strong><\/p>\n\n\n\n<h3 class=\"wp-block-heading\">Abenteuer- und Endurotouren mit GPS: Folgen Sie der Purple Line!<\/h3>\n\n\n\n<div class=\"wp-block-columns is-layout-flex wp-container-core-columns-is-layout-9d6595d7 wp-block-columns-is-layout-flex\">\n<div class=\"wp-block-column is-vertically-aligned-top is-layout-flow wp-block-column-is-layout-flow\">\n<p>Wir nehmen Ihre Sicherheit bei einem Abenteuer mit uns nicht auf die leichte Schulter. Seit vielen Jahren sind wir das einzige Unternehmen, das ein robustes Garmin Montana 600 anbietet, das auf allen Fahrr\u00e4dern unserer Offroad- und Abenteuerradtouren GRATIS installiert ist! Wir sind immer auf der Suche nach erstklassigen Upgrades oder Verbesserungen, um unsere Erlebnisse auf dem neusten Stand der Technik zu halten.<\/p>\n\n\n\n<p>F\u00fcr unsere Adventure-Bike-Touren (die in der Regel etwas ruhiger verlaufen) bieten wir jetzt ein neues System an, bei dem wir ein Smartphone, ein Quadlock und die Wikiloc-Software f\u00fcr diejenigen bereitstellen, die dies w\u00fcnschen.<\/p>\n<\/div>\n<\/div>\n\n\n\n<figure class=\"wp-block-image size-large\"><img loading=\"lazy\" decoding=\"async\" width=\"1024\" height=\"576\" src=\"http:\/\/motoradventures.com\/wp-content\/uploads\/2024\/12\/20210913_170745-1024x576.jpg\" alt=\"\" class=\"wp-image-20932\" srcset=\"https:\/\/motoradventures.com\/wp-content\/uploads\/2024\/12\/20210913_170745-1024x576.jpg 1024w, https:\/\/motoradventures.com\/wp-content\/uploads\/2024\/12\/20210913_170745-300x169.jpg 300w, https:\/\/motoradventures.com\/wp-content\/uploads\/2024\/12\/20210913_170745-768x432.jpg 768w, https:\/\/motoradventures.com\/wp-content\/uploads\/2024\/12\/20210913_170745-1536x864.jpg 1536w, https:\/\/motoradventures.com\/wp-content\/uploads\/2024\/12\/20210913_170745.jpg 1920w\" sizes=\"auto, (max-width: 1024px) 100vw, 1024px\" \/><\/figure>\n\n\n\n<div class=\"wp-block-columns is-layout-flex wp-container-core-columns-is-layout-9d6595d7 wp-block-columns-is-layout-flex\">\n<div class=\"wp-block-column is-layout-flow wp-block-column-is-layout-flow\">\n<p>Auf unseren Touren laden wir jeden Morgen die Route des Tages auf Ihr System. Das macht die Sache f\u00fcr Sie, die Biker, viel interessanter. Wir lassen unsere Offroad-Touren relativ frei laufen, so dass die schnelleren Biker f\u00fchren und kleinere Gruppen sich in einem Tempo bewegen k\u00f6nnen, das sie f\u00fcr angenehm halten. Das Begleitfahrzeug ist immer nicht weit hinter uns! Dank regelm\u00e4\u00dfiger Umgruppierungspunkte und eines zuverl\u00e4ssigen GPS-Systems k\u00f6nnen sich die Fahrer zur\u00fcckfallen lassen und sich gegenseitig aus dem Weg gehen.<\/p>\n\n\n\n<p>Wir aktualisieren und \u00fcberpr\u00fcfen unsere Marokko-Routen regelm\u00e4\u00dfig vor Beginn jeder Saison. Motor Adventures arbeitet st\u00e4ndig daran, dass Sie auf einer Tour so viel wie m\u00f6glich abseits der Stra\u00dfe erleben - das bedeutet, Asphalt zu vermeiden! Unser Team sucht auch nach neuen Strecken und Trails, damit unsere Stammkunden neue Orte kennenlernen k\u00f6nnen.<\/p>\n\n\n\n<p>Auf all unseren Touren verf\u00fcgen unsere Begleitfahrzeuge \u00fcber GPS, eine umfassende professionelle medizinische Ausr\u00fcstung, einschlie\u00dflich eines Defibrillators, Vakuumschienen und sogar Sauerstoff, einen Kompressor und einen K\u00fchlschrank, um nur die wichtigsten zu nennen.<\/p>\n\n\n\n<p>Haben Sie Fragen zu den Sicherheitsaspekten unserer Touren? Bitte z\u00f6gern Sie nicht <a href=\"https:\/\/motoradventures.com\/de\/kontaktieren-sie-uns\/\">Kontaktieren Sie uns<\/a> f\u00fcr alle Informationen, die Sie ben\u00f6tigen.<\/p>\n<\/div>\n<\/div>\n\n\n\n<figure class=\"wp-block-image size-large\"><img loading=\"lazy\" decoding=\"async\" width=\"1024\" height=\"576\" src=\"http:\/\/motoradventures.com\/wp-content\/uploads\/2024\/12\/JOHN_STAPELS_1418_JS907586-1024x576.jpg\" alt=\"\" class=\"wp-image-20933\" srcset=\"https:\/\/motoradventures.com\/wp-content\/uploads\/2024\/12\/JOHN_STAPELS_1418_JS907586-1024x576.jpg 1024w, https:\/\/motoradventures.com\/wp-content\/uploads\/2024\/12\/JOHN_STAPELS_1418_JS907586-300x169.jpg 300w, https:\/\/motoradventures.com\/wp-content\/uploads\/2024\/12\/JOHN_STAPELS_1418_JS907586-768x432.jpg 768w, https:\/\/motoradventures.com\/wp-content\/uploads\/2024\/12\/JOHN_STAPELS_1418_JS907586-1536x864.jpg 1536w, https:\/\/motoradventures.com\/wp-content\/uploads\/2024\/12\/JOHN_STAPELS_1418_JS907586.jpg 1920w\" sizes=\"auto, (max-width: 1024px) 100vw, 1024px\" \/><\/figure>\n\n\n\n<h2 class=\"wp-block-heading\">Begleitfahrzeuge auf unseren Marokko- und S\u00fcdafrika-Touren<\/h2>\n\n\n\n<div class=\"wp-block-columns is-layout-flex wp-container-core-columns-is-layout-9d6595d7 wp-block-columns-is-layout-flex\">\n<div class=\"wp-block-column is-layout-flow wp-block-column-is-layout-flow\">\n<p>Bei unseren Off-Road-Touren f\u00e4hrt unser Mechaniker normalerweise im Begleitfahrzeug mit. Wir haben einen Fiat Fullback, der so umgebaut wurde, dass er im Bedarfsfall ein Fahrrad transportieren kann. Er ist vollst\u00e4ndig mit unserer medizinischen Ausr\u00fcstung ausgestattet, z. B. einer Vakuumtrage, einem Defibrillator, Schienen, Sauerstoff, einem sehr umfangreichen Erste-Hilfe-Kasten, einem K\u00fchlschrank, einem Kompressor, Werkzeug und Ersatzteilen f\u00fcr die Fahrr\u00e4der. Wenn wir einen Personentransporter ben\u00f6tigen, k\u00f6nnen wir einen Toyota Land Cruiser oder ein \u00e4hnliches Fahrzeug einsetzen.<\/p>\n<\/div>\n\n\n\n<div class=\"wp-block-column is-layout-flow wp-block-column-is-layout-flow\">\n<p>Auf unseren Abenteuertouren unterst\u00fctzt unser voll ausgestattetes Begleitfahrzeug, ein Toyota Land Cruiser oder ein \u00e4hnliches Fahrzeug, die Fahrer und bef\u00f6rdert die 4\u00d74-Passagiere und jeden Sozius, der eine Pause von seinem Fahrrad machen m\u00f6chte.<\/p>\n\n\n\n<p>Erfahren Sie mehr \u00fcber <a href=\"https:\/\/motoradventures.com\/de\/buggys\/\">unsere Can-Am-Buggys<\/a> und <a href=\"https:\/\/motoradventures.com\/de\/fahrrader\/\">unsere Fahrr\u00e4der<\/a> um die beste L\u00f6sung f\u00fcr Sie zu finden. Lassen Sie uns mit der Planung Ihres Traumurlaubs in Marokko oder S\u00fcdafrika beginnen!&nbsp;&nbsp;<\/p>\n<\/div>\n<\/div>","protected":false},"excerpt":{"rendered":"<p>Ihre Sicherheit auf unseren Marokko- und S\u00fcdafrika-Abenteuerreisen ist von gr\u00f6\u00dfter Bedeutung. Finden Sie heraus, wie Motor Adventures f\u00fcr Ihre Sicherheit auf unseren Touren sorgt.<\/p>","protected":false},"author":1,"featured_media":20931,"parent":0,"menu_order":0,"comment_status":"closed","ping_status":"closed","template":"","meta":{"_acf_changed":false,"footnotes":""},"class_list":["post-20928","page","type-page","status-publish","has-post-thumbnail","hentry"],"acf":[],"_links":{"self":[{"href":"https:\/\/motoradventures.com\/de\/wp-json\/wp\/v2\/pages\/20928","targetHints":{"allow":["GET"]}}],"collection":[{"href":"https:\/\/motoradventures.com\/de\/wp-json\/wp\/v2\/pages"}],"about":[{"href":"https:\/\/motoradventures.com\/de\/wp-json\/wp\/v2\/types\/page"}],"author":[{"embeddable":true,"href":"https:\/\/motoradventures.com\/de\/wp-json\/wp\/v2\/users\/1"}],"replies":[{"embeddable":true,"href":"https:\/\/motoradventures.com\/de\/wp-json\/wp\/v2\/comments?post=20928"}],"version-history":[{"count":1,"href":"https:\/\/motoradventures.com\/de\/wp-json\/wp\/v2\/pages\/20928\/revisions"}],"predecessor-version":[{"id":22587,"href":"https:\/\/motoradventures.com\/de\/wp-json\/wp\/v2\/pages\/20928\/revisions\/22587"}],"wp:featuredmedia":[{"embeddable":true,"href":"https:\/\/motoradventures.com\/de\/wp-json\/wp\/v2\/media\/20931"}],"wp:attachment":[{"href":"https:\/\/motoradventures.com\/de\/wp-json\/wp\/v2\/media?parent=20928"}],"curies":[{"name":"wp","href":"https:\/\/api.w.org\/{rel}","templated":true}]}}