{"id":20911,"date":"2024-12-27T12:21:24","date_gmt":"2024-12-27T11:21:24","guid":{"rendered":"http:\/\/motoradventures.com\/?page_id=20911"},"modified":"2025-11-18T16:23:49","modified_gmt":"2025-11-18T15:23:49","slug":"buggys","status":"publish","type":"page","link":"https:\/\/motoradventures.com\/de\/buggies\/","title":{"rendered":"Unsere Can-Am-Buggys in Marokko"},"content":{"rendered":"<div class=\"wp-block-columns is-layout-flex wp-container-core-columns-is-layout-9d6595d7 wp-block-columns-is-layout-flex\">\n<div class=\"wp-block-column is-layout-flow wp-block-column-is-layout-flow\">\n<h2 class=\"wp-block-heading\">Welche Fahrzeuge erwarten Sie auf unseren Buggy-Touren in Marokko?<\/h2>\n\n\n\n<p>Haben Sie unsere <a href=\"https:\/\/motoradventures.com\/de\/buggy-touren-marokko\/\">Buggy-Touren in Marokko<\/a> hat Ihr Abenteuerlust geweckt? Bei all der Aufregung fragen Sie sich vielleicht, welche Fahrzeuge Sie bei diesen spannenden Erlebnissen in der Sahara erwarten. Bei Motor Adventures sind wir stolz darauf, unseren G\u00e4sten vor Beginn ihrer Touren alle notwendigen Informationen zur Verf\u00fcgung zu stellen. Deshalb m\u00f6chten wir Ihnen unsere Can-Am-Buggy-Flotte vorstellen!<\/p>\n\n\n\n<p>Wir verf\u00fcgen \u00fcber eine Auswahl von 13 Can-Am Maverick-Buggys, darunter Zwei- und Viersitzer in den Versionen Sport und X3. Hinzu kommen <a href=\"https:\/\/motoradventures.com\/de\/fahrrader\/\">unsere Fahrr\u00e4der<\/a> \u2014 sechs moderne KTM 450 EXCs und sechs Gas Gas EC 450s. Unser engagierter Buggy-Mechaniker sorgt gemeinsam mit John daf\u00fcr, dass Ihr Buggy optisch ansprechend aussieht und in einem ausgezeichneten Zustand bleibt. Dies garantiert Ihre Sicherheit und erh\u00f6ht Ihren Fahrspa\u00df insgesamt.<br>Wenn Sie Fragen zu unseren Can-Am-Buggys oder unseren Offroad-Buggy-Touren haben, z\u00f6gern Sie bitte nicht, uns zu kontaktieren. <a href=\"https:\/\/motoradventures.com\/de\/kontaktieren-sie-uns\/\">Kontaktieren Sie uns<\/a> f\u00fcr die Antworten, die Sie brauchen.<\/p>\n<\/div>\n\n\n\n<div class=\"wp-block-column is-layout-flow wp-block-column-is-layout-flow\">\n<h3 class=\"wp-block-heading\">Die Ausr\u00fcstung, die Sie f\u00fcr unsere Buggy-Touren in Marokko ben\u00f6tigen<\/h3>\n\n\n\n<p>Sie ben\u00f6tigen keine Offroad-Erfahrung, um an unseren Buggy-Offroad-Touren teilzunehmen, m\u00fcssen jedoch \u00fcber einen g\u00fcltigen F\u00fchrerschein verf\u00fcgen. Au\u00dferdem m\u00fcssen Sie die folgende Ausr\u00fcstung mitbringen, um eine sichere, komfortable und aufregende Fahrt zu gew\u00e4hrleisten:<\/p>\n\n\n\n<ul class=\"wp-block-list\">\n<li>Integralhelm MX mit Schutzbrille oder Visier (kann auch von uns bereitgestellt werden)<\/li>\n\n\n\n<li>Lange Hosen<\/li>\n\n\n\n<li>Lang\u00e4rmeliges Hemd<\/li>\n\n\n\n<li>Bequeme Schuhe<\/li>\n\n\n\n<li>Handschuhe<\/li>\n<\/ul>\n\n\n\n<p>Beachten Sie bitte\u2026 Sie <em>wird<\/em> verstauben und sandig werden <em>wird<\/em> \u00fcberall hinkommen, daher ist die richtige Ausr\u00fcstung unerl\u00e4sslich!<\/p>\n\n\n\n<p>Wenn Sie mehr \u00fcber tourenspezifische Ausr\u00fcstung erfahren m\u00f6chten, wenden Sie sich bitte einfach an uns. <a href=\"https:\/\/motoradventures.com\/de\/kontaktieren-sie-uns\/\">Kontakt aufnehmen<\/a> bei Fragen. Tauchen Sie jedoch zun\u00e4chst einmal in unser f\u00fcnft\u00e4giges Programm ein. <a href=\"https:\/\/motoradventures.com\/de\/tour\/offroad-buggy-fahrrad-safari\/\">Offroad-Buggy- und Fahrrad-Safari in der Sahara-W\u00fcste Marokkos<\/a> und erfahren Sie, was Sie von unseren aufregenden Erlebnissen erwarten k\u00f6nnen. Und denken Sie daran: Sie k\u00f6nnen unsere Buggys f\u00fcr alle Offroad-Touren buchen!<\/p>\n<\/div>\n<\/div>\n\n\n<div class=\"wp-block-image\">\n<figure class=\"aligncenter size-full\"><img loading=\"lazy\" decoding=\"async\" width=\"1280\" height=\"853\" src=\"https:\/\/motoradventures.com\/wp-content\/uploads\/2024\/12\/fb56edda-3096-4c0d-a3dd-8447359134a4.jpg\" alt=\"\" class=\"wp-image-22057\" srcset=\"https:\/\/motoradventures.com\/wp-content\/uploads\/2024\/12\/fb56edda-3096-4c0d-a3dd-8447359134a4.jpg 1280w, https:\/\/motoradventures.com\/wp-content\/uploads\/2024\/12\/fb56edda-3096-4c0d-a3dd-8447359134a4-300x200.jpg 300w, https:\/\/motoradventures.com\/wp-content\/uploads\/2024\/12\/fb56edda-3096-4c0d-a3dd-8447359134a4-1024x682.jpg 1024w, https:\/\/motoradventures.com\/wp-content\/uploads\/2024\/12\/fb56edda-3096-4c0d-a3dd-8447359134a4-768x512.jpg 768w\" sizes=\"auto, (max-width: 1280px) 100vw, 1280px\" \/><\/figure>\n<\/div>\n\n\n<figure class=\"wp-block-gallery has-nested-images columns-5 is-cropped wp-block-gallery-1 is-layout-flex wp-block-gallery-is-layout-flex\">\n<figure class=\"wp-block-image size-large\"><img loading=\"lazy\" decoding=\"async\" width=\"1024\" height=\"682\" data-id=\"22062\" src=\"https:\/\/motoradventures.com\/wp-content\/uploads\/2024\/12\/ffd5d40f-4631-4f43-969c-8170edf4d858-1024x682.jpg\" alt=\"\" class=\"wp-image-22062\" srcset=\"https:\/\/motoradventures.com\/wp-content\/uploads\/2024\/12\/ffd5d40f-4631-4f43-969c-8170edf4d858-1024x682.jpg 1024w, https:\/\/motoradventures.com\/wp-content\/uploads\/2024\/12\/ffd5d40f-4631-4f43-969c-8170edf4d858-300x200.jpg 300w, https:\/\/motoradventures.com\/wp-content\/uploads\/2024\/12\/ffd5d40f-4631-4f43-969c-8170edf4d858-768x512.jpg 768w, https:\/\/motoradventures.com\/wp-content\/uploads\/2024\/12\/ffd5d40f-4631-4f43-969c-8170edf4d858.jpg 1280w\" sizes=\"auto, (max-width: 1024px) 100vw, 1024px\" \/><\/figure>\n\n\n\n<figure class=\"wp-block-image size-large\"><img loading=\"lazy\" decoding=\"async\" width=\"1024\" height=\"682\" data-id=\"21951\" src=\"https:\/\/motoradventures.com\/wp-content\/uploads\/2024\/12\/84cc14b8-8d40-465c-ada4-dcb0791b7832-1024x682.jpg\" alt=\"\" class=\"wp-image-21951\" srcset=\"https:\/\/motoradventures.com\/wp-content\/uploads\/2024\/12\/84cc14b8-8d40-465c-ada4-dcb0791b7832-1024x682.jpg 1024w, https:\/\/motoradventures.com\/wp-content\/uploads\/2024\/12\/84cc14b8-8d40-465c-ada4-dcb0791b7832-300x200.jpg 300w, https:\/\/motoradventures.com\/wp-content\/uploads\/2024\/12\/84cc14b8-8d40-465c-ada4-dcb0791b7832-768x512.jpg 768w, https:\/\/motoradventures.com\/wp-content\/uploads\/2024\/12\/84cc14b8-8d40-465c-ada4-dcb0791b7832.jpg 1280w\" sizes=\"auto, (max-width: 1024px) 100vw, 1024px\" \/><\/figure>\n\n\n\n<figure class=\"wp-block-image size-large\"><img loading=\"lazy\" decoding=\"async\" width=\"1024\" height=\"768\" data-id=\"21713\" src=\"https:\/\/motoradventures.com\/wp-content\/uploads\/2024\/12\/IMG_4500.jpg\" alt=\"\" class=\"wp-image-21713\" srcset=\"https:\/\/motoradventures.com\/wp-content\/uploads\/2024\/12\/IMG_4500.jpg 1024w, https:\/\/motoradventures.com\/wp-content\/uploads\/2024\/12\/IMG_4500-300x225.jpg 300w, https:\/\/motoradventures.com\/wp-content\/uploads\/2024\/12\/IMG_4500-768x576.jpg 768w\" sizes=\"auto, (max-width: 1024px) 100vw, 1024px\" \/><\/figure>\n\n\n\n<figure class=\"wp-block-image size-large\"><img loading=\"lazy\" decoding=\"async\" width=\"1024\" height=\"768\" data-id=\"21689\" src=\"https:\/\/motoradventures.com\/wp-content\/uploads\/2024\/12\/IMG_4306.jpg\" alt=\"\" class=\"wp-image-21689\" srcset=\"https:\/\/motoradventures.com\/wp-content\/uploads\/2024\/12\/IMG_4306.jpg 1024w, https:\/\/motoradventures.com\/wp-content\/uploads\/2024\/12\/IMG_4306-300x225.jpg 300w, https:\/\/motoradventures.com\/wp-content\/uploads\/2024\/12\/IMG_4306-768x576.jpg 768w\" sizes=\"auto, (max-width: 1024px) 100vw, 1024px\" \/><\/figure>\n\n\n\n<figure class=\"wp-block-image size-large\"><img loading=\"lazy\" decoding=\"async\" width=\"1024\" height=\"576\" data-id=\"139\" src=\"https:\/\/motoradventures.com\/wp-content\/uploads\/2024\/11\/JOHN_STAPELS_1422_IMG_4432-1024x576.jpg\" alt=\"\" class=\"wp-image-139\" srcset=\"https:\/\/motoradventures.com\/wp-content\/uploads\/2024\/11\/JOHN_STAPELS_1422_IMG_4432-1024x576.jpg 1024w, https:\/\/motoradventures.com\/wp-content\/uploads\/2024\/11\/JOHN_STAPELS_1422_IMG_4432-300x169.jpg 300w, https:\/\/motoradventures.com\/wp-content\/uploads\/2024\/11\/JOHN_STAPELS_1422_IMG_4432-768x432.jpg 768w, https:\/\/motoradventures.com\/wp-content\/uploads\/2024\/11\/JOHN_STAPELS_1422_IMG_4432-1536x864.jpg 1536w, https:\/\/motoradventures.com\/wp-content\/uploads\/2024\/11\/JOHN_STAPELS_1422_IMG_4432.jpg 1920w\" sizes=\"auto, (max-width: 1024px) 100vw, 1024px\" \/><\/figure>\n<\/figure>\n\n\n\n<p><\/p>","protected":false},"excerpt":{"rendered":"<p>Unsere Can-Am-Buggys in Marokko sind das Herzst\u00fcck einiger unserer beliebtesten Abenteuer in der Sahara. Erfahren Sie mehr \u00fcber die Flotte von Motor Adventures.<\/p>","protected":false},"author":1,"featured_media":20917,"parent":0,"menu_order":0,"comment_status":"closed","ping_status":"closed","template":"","meta":{"_acf_changed":false,"footnotes":""},"class_list":["post-20911","page","type-page","status-publish","has-post-thumbnail","hentry"],"acf":[],"_links":{"self":[{"href":"https:\/\/motoradventures.com\/de\/wp-json\/wp\/v2\/pages\/20911","targetHints":{"allow":["GET"]}}],"collection":[{"href":"https:\/\/motoradventures.com\/de\/wp-json\/wp\/v2\/pages"}],"about":[{"href":"https:\/\/motoradventures.com\/de\/wp-json\/wp\/v2\/types\/page"}],"author":[{"embeddable":true,"href":"https:\/\/motoradventures.com\/de\/wp-json\/wp\/v2\/users\/1"}],"replies":[{"embeddable":true,"href":"https:\/\/motoradventures.com\/de\/wp-json\/wp\/v2\/comments?post=20911"}],"version-history":[{"count":10,"href":"https:\/\/motoradventures.com\/de\/wp-json\/wp\/v2\/pages\/20911\/revisions"}],"predecessor-version":[{"id":23611,"href":"https:\/\/motoradventures.com\/de\/wp-json\/wp\/v2\/pages\/20911\/revisions\/23611"}],"wp:featuredmedia":[{"embeddable":true,"href":"https:\/\/motoradventures.com\/de\/wp-json\/wp\/v2\/media\/20917"}],"wp:attachment":[{"href":"https:\/\/motoradventures.com\/de\/wp-json\/wp\/v2\/media?parent=20911"}],"curies":[{"name":"wp","href":"https:\/\/api.w.org\/{rel}","templated":true}]}}