{"id":20886,"date":"2024-12-27T12:07:22","date_gmt":"2024-12-27T11:07:22","guid":{"rendered":"http:\/\/motoradventures.com\/?page_id=20886"},"modified":"2025-05-19T18:24:39","modified_gmt":"2025-05-19T16:24:39","slug":"fahrrader","status":"publish","type":"page","link":"https:\/\/motoradventures.com\/de\/bikes\/","title":{"rendered":"Unsere Fahrr\u00e4der in Marokko und S\u00fcdafrika"},"content":{"rendered":"<h2 class=\"wp-block-heading has-text-align-center\">Gel\u00e4ndetouren<\/h2>\n\n\n\n<hr class=\"wp-block-separator has-text-color has-alpha-channel-opacity has-background is-style-default\" style=\"background-color:#ff6600;color:#ff6600\"\/>\n\n\n\n<div class=\"wp-block-columns is-layout-flex wp-container-core-columns-is-layout-9d6595d7 wp-block-columns-is-layout-flex\">\n<div class=\"wp-block-column is-layout-flow wp-block-column-is-layout-flow\">\n<h3 class=\"wp-block-heading\">Unsere KTM und Gas Gas Marokko Flotte<\/h3>\n\n\n\n<p>Hier bei Motor Aventures sind wir sehr stolz auf unsere Motorr\u00e4der und Buggys. In Marokko verf\u00fcgen wir \u00fcber eine Flotte von sechs aktuellen KTM 450 EXC und sechs Gas Gas EC 450, die nach einem strengen Wartungsplan gewartet werden, um ihre optimale Leistung zu gew\u00e4hrleisten. Unser erfahrener Mechaniker und John arbeiten sorgf\u00e4ltig daran, dass Ihr Motorrad nicht nur gut aussieht, sondern auch perfekt funktioniert. Diese Liebe zum Detail garantiert Ihre Sicherheit und steigert Ihr Bikerlebnis.<\/p>\n\n\n\n<p>Dar\u00fcber hinaus bieten wir drei tiefergelegte Gas Gas Bikes an, die um maximal sieben Zentimeter in der H\u00f6he reduziert werden k\u00f6nnen. Diese Fahrr\u00e4der sind nicht nur optisch ansprechend, sondern auch leicht und wiegen im trockenen Zustand nur 113,5 Kilo. Bitte beachten Sie, dass Sie diese Option zu Ihrer Buchung hinzuf\u00fcgen m\u00fcssen, wenn Sie ein tiefergelegtes Fahrrad w\u00fcnschen.<\/p>\n\n\n\n<p>Wenn Sie Fragen zu unseren Fahrr\u00e4dern haben, wenden Sie sich bitte an <a href=\"https:\/\/motoradventures.com\/de\/kontaktieren-sie-uns\/\">Kontaktieren Sie uns<\/a> f\u00fcr weitere Informationen. Und wenn Sie noch unentschlossen sind, welche Fahrzeugoption am besten zu Ihnen passt, erfahren Sie mehr \u00fcber <a href=\"https:\/\/motoradventures.com\/de\/buggys\/\">unsere Can-Am-Buggys in Marokko<\/a>!<\/p>\n<\/div>\n\n\n\n<div class=\"wp-block-column is-layout-flow wp-block-column-is-layout-flow\">\n<h3 class=\"wp-block-heading\">Die Ausr\u00fcstung, die Sie auf unseren Enduro- oder Offroad-Touren in Marokko ben\u00f6tigen<\/h3>\n\n\n\n<p>Da alle Fahrer, die unserem <a href=\"https:\/\/motoradventures.com\/de\/offroad-touren-marokko\/\">Hard-Enduro Marokko Touren<\/a> Wenn Sie keine Offroad-Erfahrung haben, bitten wir Sie, mit Ihrer eigenen Kleidung und Ausr\u00fcstung zu kommen. Wenn Sie Ihre eigene Ausr\u00fcstung tragen, k\u00f6nnen Sie w\u00e4hrend der Tour maximalen Komfort gew\u00e4hrleisten.<\/p>\n\n\n\n<p>Sie ben\u00f6tigen:<\/p>\n\n\n\n<ul class=\"wp-block-list\">\n<li>Vollvisier-MX-Helm mit Schutzbrille oder Visier<\/li>\n\n\n\n<li>K\u00f6rperschutz<\/li>\n\n\n\n<li>Knie- und Ellbogenschutz<\/li>\n\n\n\n<li>MX-Stiefel<\/li>\n\n\n\n<li>MX-Shirt und Hose<\/li>\n\n\n\n<li>Handschuhe<\/li>\n\n\n\n<li>Trinksystem<\/li>\n<\/ul>\n<\/div>\n<\/div>\n\n\n\n<figure class=\"wp-block-image size-full\"><img loading=\"lazy\" decoding=\"async\" width=\"1920\" height=\"1080\" src=\"https:\/\/motoradventures.com\/wp-content\/uploads\/2024\/12\/20210916_084935.jpg\" alt=\"\" class=\"wp-image-20894\" srcset=\"https:\/\/motoradventures.com\/wp-content\/uploads\/2024\/12\/20210916_084935.jpg 1920w, https:\/\/motoradventures.com\/wp-content\/uploads\/2024\/12\/20210916_084935-300x169.jpg 300w, https:\/\/motoradventures.com\/wp-content\/uploads\/2024\/12\/20210916_084935-1024x576.jpg 1024w, https:\/\/motoradventures.com\/wp-content\/uploads\/2024\/12\/20210916_084935-768x432.jpg 768w, https:\/\/motoradventures.com\/wp-content\/uploads\/2024\/12\/20210916_084935-1536x864.jpg 1536w\" sizes=\"auto, (max-width: 1920px) 100vw, 1920px\" \/><\/figure>\n\n\n\n<figure class=\"wp-block-gallery has-nested-images columns-5 is-cropped wp-block-gallery-1 is-layout-flex wp-block-gallery-is-layout-flex\">\n<figure class=\"wp-block-image size-full\"><img loading=\"lazy\" decoding=\"async\" width=\"1280\" height=\"853\" data-id=\"22055\" src=\"https:\/\/motoradventures.com\/wp-content\/uploads\/2024\/12\/f872e325-e48a-4b45-9a58-33ffdb8d92da.jpg\" alt=\"\" class=\"wp-image-22055\" srcset=\"https:\/\/motoradventures.com\/wp-content\/uploads\/2024\/12\/f872e325-e48a-4b45-9a58-33ffdb8d92da.jpg 1280w, https:\/\/motoradventures.com\/wp-content\/uploads\/2024\/12\/f872e325-e48a-4b45-9a58-33ffdb8d92da-300x200.jpg 300w, https:\/\/motoradventures.com\/wp-content\/uploads\/2024\/12\/f872e325-e48a-4b45-9a58-33ffdb8d92da-1024x682.jpg 1024w, https:\/\/motoradventures.com\/wp-content\/uploads\/2024\/12\/f872e325-e48a-4b45-9a58-33ffdb8d92da-768x512.jpg 768w\" sizes=\"auto, (max-width: 1280px) 100vw, 1280px\" \/><\/figure>\n\n\n\n<figure class=\"wp-block-image size-full\"><img loading=\"lazy\" decoding=\"async\" width=\"1280\" height=\"853\" data-id=\"22016\" src=\"https:\/\/motoradventures.com\/wp-content\/uploads\/2024\/12\/bb0724b6-1c49-417c-ad78-2ad45ba9bcba.jpg\" alt=\"\" class=\"wp-image-22016\" srcset=\"https:\/\/motoradventures.com\/wp-content\/uploads\/2024\/12\/bb0724b6-1c49-417c-ad78-2ad45ba9bcba.jpg 1280w, https:\/\/motoradventures.com\/wp-content\/uploads\/2024\/12\/bb0724b6-1c49-417c-ad78-2ad45ba9bcba-300x200.jpg 300w, https:\/\/motoradventures.com\/wp-content\/uploads\/2024\/12\/bb0724b6-1c49-417c-ad78-2ad45ba9bcba-1024x682.jpg 1024w, https:\/\/motoradventures.com\/wp-content\/uploads\/2024\/12\/bb0724b6-1c49-417c-ad78-2ad45ba9bcba-768x512.jpg 768w\" sizes=\"auto, (max-width: 1280px) 100vw, 1280px\" \/><\/figure>\n\n\n\n<figure class=\"wp-block-image size-full\"><img loading=\"lazy\" decoding=\"async\" width=\"1920\" height=\"1080\" data-id=\"21315\" src=\"https:\/\/motoradventures.com\/wp-content\/uploads\/2024\/12\/TylerRavelle_Morocco_-2538.jpg\" alt=\"\" class=\"wp-image-21315\" srcset=\"https:\/\/motoradventures.com\/wp-content\/uploads\/2024\/12\/TylerRavelle_Morocco_-2538.jpg 1920w, https:\/\/motoradventures.com\/wp-content\/uploads\/2024\/12\/TylerRavelle_Morocco_-2538-300x169.jpg 300w, https:\/\/motoradventures.com\/wp-content\/uploads\/2024\/12\/TylerRavelle_Morocco_-2538-1024x576.jpg 1024w, https:\/\/motoradventures.com\/wp-content\/uploads\/2024\/12\/TylerRavelle_Morocco_-2538-768x432.jpg 768w, https:\/\/motoradventures.com\/wp-content\/uploads\/2024\/12\/TylerRavelle_Morocco_-2538-1536x864.jpg 1536w\" sizes=\"auto, (max-width: 1920px) 100vw, 1920px\" \/><\/figure>\n\n\n\n<figure class=\"wp-block-image size-full\"><img loading=\"lazy\" decoding=\"async\" width=\"1920\" height=\"1080\" data-id=\"21006\" src=\"https:\/\/motoradventures.com\/wp-content\/uploads\/2024\/12\/TylerRavelle_Morocco_-4000.jpg\" alt=\"\" class=\"wp-image-21006\" srcset=\"https:\/\/motoradventures.com\/wp-content\/uploads\/2024\/12\/TylerRavelle_Morocco_-4000.jpg 1920w, https:\/\/motoradventures.com\/wp-content\/uploads\/2024\/12\/TylerRavelle_Morocco_-4000-300x169.jpg 300w, https:\/\/motoradventures.com\/wp-content\/uploads\/2024\/12\/TylerRavelle_Morocco_-4000-1024x576.jpg 1024w, https:\/\/motoradventures.com\/wp-content\/uploads\/2024\/12\/TylerRavelle_Morocco_-4000-768x432.jpg 768w, https:\/\/motoradventures.com\/wp-content\/uploads\/2024\/12\/TylerRavelle_Morocco_-4000-1536x864.jpg 1536w\" sizes=\"auto, (max-width: 1920px) 100vw, 1920px\" \/><\/figure>\n\n\n\n<figure class=\"wp-block-image size-full\"><img loading=\"lazy\" decoding=\"async\" width=\"1920\" height=\"1080\" data-id=\"74\" src=\"https:\/\/motoradventures.com\/wp-content\/uploads\/2024\/11\/TylerRavelle_Morocco_-4095.jpg\" alt=\"TylerRavelle_Marokko_-4095\" class=\"wp-image-74\" srcset=\"https:\/\/motoradventures.com\/wp-content\/uploads\/2024\/11\/TylerRavelle_Morocco_-4095.jpg 1920w, https:\/\/motoradventures.com\/wp-content\/uploads\/2024\/11\/TylerRavelle_Morocco_-4095-300x169.jpg 300w, https:\/\/motoradventures.com\/wp-content\/uploads\/2024\/11\/TylerRavelle_Morocco_-4095-1024x576.jpg 1024w, https:\/\/motoradventures.com\/wp-content\/uploads\/2024\/11\/TylerRavelle_Morocco_-4095-768x432.jpg 768w, https:\/\/motoradventures.com\/wp-content\/uploads\/2024\/11\/TylerRavelle_Morocco_-4095-1536x864.jpg 1536w\" sizes=\"auto, (max-width: 1920px) 100vw, 1920px\" \/><\/figure>\n<\/figure>\n\n\n\n<div style=\"height:50px\" aria-hidden=\"true\" class=\"wp-block-spacer\"><\/div>\n\n\n\n<h2 class=\"wp-block-heading has-text-align-center\">Abenteuerliche Fahrradtouren<\/h2>\n\n\n\n<hr class=\"wp-block-separator has-text-color has-alpha-channel-opacity has-background\" style=\"background-color:#ff6600;color:#ff6600\"\/>\n\n\n\n<div class=\"wp-block-columns is-layout-flex wp-container-core-columns-is-layout-9d6595d7 wp-block-columns-is-layout-flex\">\n<div class=\"wp-block-column is-layout-flow wp-block-column-is-layout-flow\">\n<h3 class=\"wp-block-heading\">Unsere BMW GS Bikes f\u00fcr Adventure Bike Touren in Marokko<\/h3>\n\n\n\n<p>F\u00fcr unser neuestes <a href=\"https:\/\/motoradventures.com\/de\/motorradtouren-marokko-auf-der-strasse\/\">Marokko Abenteuer-Motorradtouren<\/a>, bieten wir eine Vielzahl von BMW GS Motorr\u00e4dern an. Diese Dual-Sport-Motorr\u00e4der sind perfekt f\u00fcr die Erkundung verschiedener Terrains und sind f\u00fcr ihre Zuverl\u00e4ssigkeit bekannt. Egal, ob Sie auf glatten Stra\u00dfen oder sanften Schotterpisten unterwegs sind, diese Motorr\u00e4der bieten eine komfortable und stilvolle Reise. Sie k\u00f6nnen auch problemlos Passagiere mitnehmen.<\/p>\n\n\n\n<p>Wenn Sie ein Fahrrad mit einem kleineren Motor bevorzugen, lassen Sie es uns einfach wissen und wir helfen Ihnen gerne weiter.<\/p>\n\n\n\n<p>Sie k\u00f6nnen sicher sein, dass es sich bei den von uns verwendeten Motorr\u00e4dern um erstklassige Modelle neueren Datums mit geringem Kilometerstand handelt. Sie werden regelm\u00e4\u00dfig nach den BMW Richtlinien gewartet, um eine optimale Leistung zu gew\u00e4hrleisten. Auf Wunsch r\u00fcsten wir Ihr Motorrad auch mit einem benutzerfreundlichen Navigationssystem aus.<\/p>\n<\/div>\n\n\n\n<div class=\"wp-block-column is-layout-flow wp-block-column-is-layout-flow\">\n<h3 class=\"wp-block-heading\">Die Ausr\u00fcstung, die Sie auf unseren Abenteuerradtouren in Marokko ben\u00f6tigen<\/h3>\n\n\n\n<p>Bitte bringen Sie f\u00fcr dieses Abenteuer Folgendes mit:<\/p>\n\n\n\n<ul class=\"wp-block-list\">\n<li>Hose und Jacke - Textil, atmungsaktiv, Off-Road-Rallye-Stil, z.B. Hein Gericke, BMW oder KTM mit eingebauter R\u00fcstung und Schutz.<\/li>\n\n\n\n<li>Thermokleidung - Leichte Materialien werden zum Schutz vor Hautreizungen und in h\u00f6heren Lagen empfohlen. Vergessen Sie auch ein Staubtuch nicht!<\/li>\n\n\n\n<li>Stiefel - Ein robustes Paar Reitstiefel.<\/li>\n\n\n\n<li>Handschuhe \u2013 MX- oder Enduro-Typ.<\/li>\n\n\n\n<li>Regenkleidung - Leichte, wasserdichte Pac-Jac-Kombination (wenn Ihre Ausr\u00fcstung nicht wasserdicht ist).<\/li>\n\n\n\n<li>Trinkrucksack - ideal sind 1,5 bis 2 Liter Fassungsverm\u00f6gen, z. B. Kriega, Camelbak.<\/li>\n\n\n\n<li>Helm \u2013 Ein MX-Offroad-Helm mit Kinnb\u00fcgel und Visier.<\/li>\n<\/ul>\n<\/div>\n<\/div>\n\n\n\n<figure class=\"wp-block-image size-full\"><img loading=\"lazy\" decoding=\"async\" width=\"2560\" height=\"1920\" src=\"https:\/\/motoradventures.com\/wp-content\/uploads\/2024\/12\/20241029_155726-scaled.jpg\" alt=\"\" class=\"wp-image-21786\" srcset=\"https:\/\/motoradventures.com\/wp-content\/uploads\/2024\/12\/20241029_155726-scaled.jpg 2560w, https:\/\/motoradventures.com\/wp-content\/uploads\/2024\/12\/20241029_155726-300x225.jpg 300w, https:\/\/motoradventures.com\/wp-content\/uploads\/2024\/12\/20241029_155726-1024x768.jpg 1024w, https:\/\/motoradventures.com\/wp-content\/uploads\/2024\/12\/20241029_155726-768x576.jpg 768w, https:\/\/motoradventures.com\/wp-content\/uploads\/2024\/12\/20241029_155726-1536x1152.jpg 1536w, https:\/\/motoradventures.com\/wp-content\/uploads\/2024\/12\/20241029_155726-2048x1536.jpg 2048w\" sizes=\"auto, (max-width: 2560px) 100vw, 2560px\" \/><\/figure>\n\n\n\n<figure class=\"wp-block-gallery has-nested-images columns-5 is-cropped wp-block-gallery-2 is-layout-flex wp-block-gallery-is-layout-flex\">\n<figure class=\"wp-block-image size-large\"><img loading=\"lazy\" decoding=\"async\" width=\"1024\" height=\"768\" data-id=\"21786\" src=\"https:\/\/motoradventures.com\/wp-content\/uploads\/2024\/12\/20241029_155726-1024x768.jpg\" alt=\"\" class=\"wp-image-21786\" srcset=\"https:\/\/motoradventures.com\/wp-content\/uploads\/2024\/12\/20241029_155726-1024x768.jpg 1024w, https:\/\/motoradventures.com\/wp-content\/uploads\/2024\/12\/20241029_155726-300x225.jpg 300w, https:\/\/motoradventures.com\/wp-content\/uploads\/2024\/12\/20241029_155726-768x576.jpg 768w, https:\/\/motoradventures.com\/wp-content\/uploads\/2024\/12\/20241029_155726-1536x1152.jpg 1536w, https:\/\/motoradventures.com\/wp-content\/uploads\/2024\/12\/20241029_155726-2048x1536.jpg 2048w\" sizes=\"auto, (max-width: 1024px) 100vw, 1024px\" \/><\/figure>\n\n\n\n<figure class=\"wp-block-image size-large\"><img loading=\"lazy\" decoding=\"async\" width=\"1024\" height=\"768\" data-id=\"21782\" src=\"https:\/\/motoradventures.com\/wp-content\/uploads\/2024\/12\/20241027_145019-1024x768.jpg\" alt=\"\" class=\"wp-image-21782\" srcset=\"https:\/\/motoradventures.com\/wp-content\/uploads\/2024\/12\/20241027_145019-1024x768.jpg 1024w, https:\/\/motoradventures.com\/wp-content\/uploads\/2024\/12\/20241027_145019-300x225.jpg 300w, https:\/\/motoradventures.com\/wp-content\/uploads\/2024\/12\/20241027_145019-768x576.jpg 768w, https:\/\/motoradventures.com\/wp-content\/uploads\/2024\/12\/20241027_145019-1536x1152.jpg 1536w, https:\/\/motoradventures.com\/wp-content\/uploads\/2024\/12\/20241027_145019-2048x1536.jpg 2048w\" sizes=\"auto, (max-width: 1024px) 100vw, 1024px\" \/><\/figure>\n\n\n\n<figure class=\"wp-block-image size-large\"><img loading=\"lazy\" decoding=\"async\" width=\"1024\" height=\"768\" data-id=\"22347\" src=\"https:\/\/motoradventures.com\/wp-content\/uploads\/2025\/01\/IMG_0995-1024x768.jpg\" alt=\"\" class=\"wp-image-22347\" srcset=\"https:\/\/motoradventures.com\/wp-content\/uploads\/2025\/01\/IMG_0995-1024x768.jpg 1024w, https:\/\/motoradventures.com\/wp-content\/uploads\/2025\/01\/IMG_0995-300x225.jpg 300w, https:\/\/motoradventures.com\/wp-content\/uploads\/2025\/01\/IMG_0995-768x576.jpg 768w, https:\/\/motoradventures.com\/wp-content\/uploads\/2025\/01\/IMG_0995-1536x1152.jpg 1536w, https:\/\/motoradventures.com\/wp-content\/uploads\/2025\/01\/IMG_0995-2048x1536.jpg 2048w\" sizes=\"auto, (max-width: 1024px) 100vw, 1024px\" \/><\/figure>\n\n\n\n<figure class=\"wp-block-image size-large\"><img loading=\"lazy\" decoding=\"async\" width=\"1000\" height=\"666\" data-id=\"22345\" src=\"https:\/\/motoradventures.com\/wp-content\/uploads\/2025\/01\/DSC04551-1.jpg\" alt=\"\" class=\"wp-image-22345\" srcset=\"https:\/\/motoradventures.com\/wp-content\/uploads\/2025\/01\/DSC04551-1.jpg 1000w, https:\/\/motoradventures.com\/wp-content\/uploads\/2025\/01\/DSC04551-1-300x200.jpg 300w, https:\/\/motoradventures.com\/wp-content\/uploads\/2025\/01\/DSC04551-1-768x511.jpg 768w\" sizes=\"auto, (max-width: 1000px) 100vw, 1000px\" \/><\/figure>\n\n\n\n<figure class=\"wp-block-image size-large\"><img loading=\"lazy\" decoding=\"async\" width=\"1000\" height=\"666\" data-id=\"22346\" src=\"https:\/\/motoradventures.com\/wp-content\/uploads\/2025\/01\/DSC04571.jpg\" alt=\"\" class=\"wp-image-22346\" srcset=\"https:\/\/motoradventures.com\/wp-content\/uploads\/2025\/01\/DSC04571.jpg 1000w, https:\/\/motoradventures.com\/wp-content\/uploads\/2025\/01\/DSC04571-300x200.jpg 300w, https:\/\/motoradventures.com\/wp-content\/uploads\/2025\/01\/DSC04571-768x511.jpg 768w\" sizes=\"auto, (max-width: 1000px) 100vw, 1000px\" \/><\/figure>\n<\/figure>\n\n\n\n<div style=\"height:50px\" aria-hidden=\"true\" class=\"wp-block-spacer\"><\/div>\n\n\n\n<h2 class=\"wp-block-heading\">Unsere Triumph Tiger 900 Profis f\u00fcr Adventure Bike Touren in S\u00fcdafrika<\/h2>\n\n\n\n<div class=\"wp-block-columns is-layout-flex wp-container-core-columns-is-layout-9d6595d7 wp-block-columns-is-layout-flex\">\n<div class=\"wp-block-column is-layout-flow wp-block-column-is-layout-flow\">\n<p>Erleben Sie den Nervenkitzel unserer Triumph Tiger 900 Pro Motorr\u00e4der auf unserer <a href=\"https:\/\/motoradventures.com\/de\/sudafrika-touren\/\">Abenteuerreisen in S\u00fcdafrika<\/a>. Diese Fahrr\u00e4der sind f\u00fcr verschiedene Terrains konzipiert und bieten Zuverl\u00e4ssigkeit und au\u00dfergew\u00f6hnliche Leistung.<\/p>\n\n\n\n<p>Mit ihrem eleganten Design und ihrem Fahrkomfort sind sie sowohl f\u00fcr Alleinreisende als auch f\u00fcr Soziusfahrer geeignet. Wenn Sie ein Fahrrad mit einem kleineren Motor bevorzugen, sind wir gerne bereit, Ihren Wunsch zu erf\u00fcllen. <\/p>\n<\/div>\n\n\n\n<div class=\"wp-block-column is-layout-flow wp-block-column-is-layout-flow\">\n<p>Unser Team setzt sich daf\u00fcr ein, dass Sie das perfekte Fahrrad f\u00fcr Ihre Bed\u00fcrfnisse bekommen. Teilen Sie uns einfach Ihre W\u00fcnsche mit, und wir werden sie umsetzen. <\/p>\n\n\n\n<p>Wenn es um die Qualit\u00e4t unserer Motorr\u00e4der geht, scheuen wir keine Kosten. Die von uns angebotenen Triumph Tiger 900 Pro-Motorr\u00e4der sind allesamt erstklassige Modelle neueren Datums mit geringem Kilometerstand. Wir stellen sicher, dass sie regelm\u00e4\u00dfig gewartet werden und den Richtlinien von Triumph entsprechen, um ihre optimale Leistung und Zuverl\u00e4ssigkeit zu gew\u00e4hrleisten.<br><\/p>\n<\/div>\n<\/div>\n\n\n\n<figure class=\"wp-block-image size-full\"><img loading=\"lazy\" decoding=\"async\" width=\"1920\" height=\"1080\" src=\"https:\/\/motoradventures.com\/wp-content\/uploads\/2024\/12\/BDE1C105-7FAC-4D34-B115-DA37C21597E1-5.jpg\" alt=\"\" class=\"wp-image-20893\" srcset=\"https:\/\/motoradventures.com\/wp-content\/uploads\/2024\/12\/BDE1C105-7FAC-4D34-B115-DA37C21597E1-5.jpg 1920w, https:\/\/motoradventures.com\/wp-content\/uploads\/2024\/12\/BDE1C105-7FAC-4D34-B115-DA37C21597E1-5-300x169.jpg 300w, https:\/\/motoradventures.com\/wp-content\/uploads\/2024\/12\/BDE1C105-7FAC-4D34-B115-DA37C21597E1-5-1024x576.jpg 1024w, https:\/\/motoradventures.com\/wp-content\/uploads\/2024\/12\/BDE1C105-7FAC-4D34-B115-DA37C21597E1-5-768x432.jpg 768w, https:\/\/motoradventures.com\/wp-content\/uploads\/2024\/12\/BDE1C105-7FAC-4D34-B115-DA37C21597E1-5-1536x864.jpg 1536w\" sizes=\"auto, (max-width: 1920px) 100vw, 1920px\" \/><\/figure>","protected":false},"excerpt":{"rendered":"<p>Off-Road Tours Our KTM and Gas Gas Morocco Fleet Here at Motor Aventures, we take immense pride in our bikes and buggies. In Morocco, we have a fleet of six recent model KTM 450 EXCs and six Gas Gas EC 450s that undergo a strict maintenance schedule to ensure their optimal performance. Our skilled mechanic, [&hellip;]<\/p>\n","protected":false},"author":1,"featured_media":21267,"parent":0,"menu_order":0,"comment_status":"closed","ping_status":"closed","template":"","meta":{"_acf_changed":false,"footnotes":""},"class_list":["post-20886","page","type-page","status-publish","has-post-thumbnail","hentry"],"acf":[],"_links":{"self":[{"href":"https:\/\/motoradventures.com\/de\/wp-json\/wp\/v2\/pages\/20886","targetHints":{"allow":["GET"]}}],"collection":[{"href":"https:\/\/motoradventures.com\/de\/wp-json\/wp\/v2\/pages"}],"about":[{"href":"https:\/\/motoradventures.com\/de\/wp-json\/wp\/v2\/types\/page"}],"author":[{"embeddable":true,"href":"https:\/\/motoradventures.com\/de\/wp-json\/wp\/v2\/users\/1"}],"replies":[{"embeddable":true,"href":"https:\/\/motoradventures.com\/de\/wp-json\/wp\/v2\/comments?post=20886"}],"version-history":[{"count":9,"href":"https:\/\/motoradventures.com\/de\/wp-json\/wp\/v2\/pages\/20886\/revisions"}],"predecessor-version":[{"id":22724,"href":"https:\/\/motoradventures.com\/de\/wp-json\/wp\/v2\/pages\/20886\/revisions\/22724"}],"wp:featuredmedia":[{"embeddable":true,"href":"https:\/\/motoradventures.com\/de\/wp-json\/wp\/v2\/media\/21267"}],"wp:attachment":[{"href":"https:\/\/motoradventures.com\/de\/wp-json\/wp\/v2\/media?parent=20886"}],"curies":[{"name":"wp","href":"https:\/\/api.w.org\/{rel}","templated":true}]}}