{"id":20881,"date":"2024-12-27T12:04:25","date_gmt":"2024-12-27T11:04:25","guid":{"rendered":"http:\/\/motoradventures.com\/?page_id=20881"},"modified":"2025-05-02T16:29:35","modified_gmt":"2025-05-02T14:29:35","slug":"offroad-touren-marokko","status":"publish","type":"page","link":"https:\/\/motoradventures.com\/de\/off-road-tours-morocco\/","title":{"rendered":"Harte Enduro Marokko Off-Road Touren"},"content":{"rendered":"<h2 class=\"wp-block-heading\">Marokko Off-Road-Motorradtouren und Buggy-Erlebnisse<\/h2>\n\n\n\n<div class=\"wp-block-columns is-layout-flex wp-container-core-columns-is-layout-9d6595d7 wp-block-columns-is-layout-flex\">\n<div class=\"wp-block-column is-layout-flow wp-block-column-is-layout-flow\">\n<p>Wie k\u00f6nnen wir die Essenz unserer unglaublichen Hard-Enduro-Marokko-Abenteuerreisen zusammenfassen? Nun, da ist der Nervenkitzel von Fahrten auf felsigen Bergpisten, die sich durch mond\u00e4hnliches Terrain schl\u00e4ngeln. Dann gibt es die \u00dcberquerung von Hochebenen mit atemberaubenden Aussichten, das Aufwirbeln von Wasser, wenn Sie durch Fl\u00fcsse platschen, den Abstieg in tiefe Schluchten, die Eroberung von D\u00fcnen, die 205 m hoch aufragen, sandige Flussbetten, \u201cfesh fesh\u201d und so vieles mehr.<br><br>Und da wir unsere Sahara-W\u00fcstenabenteuer exklusiv f\u00fcr unsere Fahrzeugpalette konzipiert haben, k\u00f6nnen Sie w\u00e4hlen, ob Sie Ihre Reise auf zwei oder vier R\u00e4dern absolvieren m\u00f6chten. Erfahren Sie mehr \u00fcber <a href=\"https:\/\/motoradventures.com\/de\/fahrrader\/\">unsere Fahrr\u00e4der<\/a> und <a href=\"https:\/\/motoradventures.com\/de\/buggys\/\">unsere Can-Am-Buggys<\/a> um festzustellen, welche Option f\u00fcr Sie am besten geeignet ist.<\/p>\n<\/div>\n\n\n\n<div class=\"wp-block-column is-layout-flow wp-block-column-is-layout-flow\">\n<p>Beeindruckende Landschaften und gro\u00dfartige Fahrten sind Standard f\u00fcr unsere Offroad-Motorradtouren und Buggy-Erlebnisse in Marokko. Lesen Sie <a href=\"https:\/\/motoradventures.com\/de\/unsere-bewertungen\/\">unsere Bewertungen<\/a> um zu sehen, wie gut unsere fr\u00fcheren Kunden ihre Zeit bei uns bewertet haben, und buchen Sie mit vollem Vertrauen.<\/p>\n\n\n\n<p>Sind Sie auf der Suche nach der ultimativen Hard-Enduro- oder D\u00fcnenbuggy-Fahrt in Marrakesch und den Bergen und der W\u00fcste s\u00fcdlich des Atlas? Dann lassen Sie uns mit der Planung Ihres Erlebnisses in Ouarzazate und Umgebung beginnen! Schauen Sie sich unsere Marokko Off-Road-Touren unten an!<\/p>\n<\/div>\n<\/div>\n\n\n\n<p><strong><strong>Wenn Sie Fragen zur Voranmeldung haben, z\u00f6gern Sie bitte nicht, sich an folgende Adresse zu wenden <a href=\"https:\/\/motoradventures.com\/de\/kontaktieren-sie-uns\/\">Kontaktieren Sie uns<\/a>. Sind Sie auf der Suche nach einem exklusiven Erlebnis? Wir bieten auch ma\u00dfgeschneiderte <a href=\"https:\/\/motoradventures.com\/de\/masgeschneiderte-touren\/\">private Marokko-W\u00fcstentouren<\/a> konzipiert f\u00fcr private Gruppen!<\/strong><\/strong><\/p>\n\n\n\n<h2 class=\"wp-block-heading\">Unsere Hard Enduro Marokko Abenteuer Trips<\/h2>","protected":false},"excerpt":{"rendered":"<p>Morocco Off-Road Motorcycle Tours and Buggy Experiences How can we possibly sum up the essence of our incredible hard enduro Morocco adventure trips? Well, there\u2019s the thrill of journeys on rocky mountain tracks winding through lunar-like terrain. Then there\u2019s crossing high plateaus with jaw-dropping views, kicking up water as you splash through rivers, descending into [&hellip;]<\/p>\n","protected":false},"author":1,"featured_media":145,"parent":0,"menu_order":0,"comment_status":"closed","ping_status":"closed","template":"","meta":{"_acf_changed":false,"footnotes":""},"class_list":["post-20881","page","type-page","status-publish","has-post-thumbnail","hentry"],"acf":[],"_links":{"self":[{"href":"https:\/\/motoradventures.com\/de\/wp-json\/wp\/v2\/pages\/20881","targetHints":{"allow":["GET"]}}],"collection":[{"href":"https:\/\/motoradventures.com\/de\/wp-json\/wp\/v2\/pages"}],"about":[{"href":"https:\/\/motoradventures.com\/de\/wp-json\/wp\/v2\/types\/page"}],"author":[{"embeddable":true,"href":"https:\/\/motoradventures.com\/de\/wp-json\/wp\/v2\/users\/1"}],"replies":[{"embeddable":true,"href":"https:\/\/motoradventures.com\/de\/wp-json\/wp\/v2\/comments?post=20881"}],"version-history":[{"count":6,"href":"https:\/\/motoradventures.com\/de\/wp-json\/wp\/v2\/pages\/20881\/revisions"}],"predecessor-version":[{"id":22663,"href":"https:\/\/motoradventures.com\/de\/wp-json\/wp\/v2\/pages\/20881\/revisions\/22663"}],"wp:featuredmedia":[{"embeddable":true,"href":"https:\/\/motoradventures.com\/de\/wp-json\/wp\/v2\/media\/145"}],"wp:attachment":[{"href":"https:\/\/motoradventures.com\/de\/wp-json\/wp\/v2\/media?parent=20881"}],"curies":[{"name":"wp","href":"https:\/\/api.w.org\/{rel}","templated":true}]}}