{"id":20845,"date":"2024-12-27T11:43:52","date_gmt":"2024-12-27T10:43:52","guid":{"rendered":"http:\/\/motoradventures.com\/?page_id=20845"},"modified":"2024-12-27T11:46:05","modified_gmt":"2024-12-27T10:46:05","slug":"buggy-touren-marokko","status":"publish","type":"page","link":"https:\/\/motoradventures.com\/de\/buggy-tours-morocco\/","title":{"rendered":"Buggy-Touren Marokko"},"content":{"rendered":"<h2 class=\"wp-block-heading\">Unser <strong>Buggy-Touren<\/strong> in Marokko<\/h2>\n\n\n\n<div class=\"wp-block-columns is-layout-flex wp-container-core-columns-is-layout-9d6595d7 wp-block-columns-is-layout-flex\">\n<div class=\"wp-block-column is-layout-flow wp-block-column-is-layout-flow\">\n<p>Sind Sie auf der Suche nach der ultimativen Buggyfahrt in Marrakesch und in den Bergen und der W\u00fcste s\u00fcdlich des Atlasgebirges? Motor Adventures hat das Richtige f\u00fcr Sie! Begleiten Sie uns, wenn wir Marrakesch in Richtung Ouarzazate verlassen und die Zivilisation hinter uns lassen, um raues Terrain und atemberaubende Landschaften in&nbsp;<a href=\"https:\/\/motoradventures.com\/de\/buggys\/\">unsere Can-Am Buggys<\/a>.<\/p>\n\n\n\n<p>Wir haben unser Angebot sorgf\u00e4ltig&nbsp;<a href=\"https:\/\/motoradventures.com\/de\/tour\/buggy-safari\/\">Buggy-Safari<\/a>&nbsp;Die Strecke ist ausschlie\u00dflich f\u00fcr diese robusten, leistungsstarken Fahrzeuge konzipiert und bietet daher hohe D\u00fcnen, sandige Flussbetten, felsige Bergpisten, Flussdurchquerungen, tiefe Schluchten und viele weitere anspruchsvolle Gel\u00e4ndeformen. Doch neben all der Action gibt es auch die Einsamkeit, in die Sie eintauchen k\u00f6nnen. Sie werden mehrere N\u00e4chte an wilden, abgelegenen Orten mit komfortablen Zelten, abendlichen Lagerfeuern und Sternenbeobachtung unter dem weiten W\u00fcstenhimmel verbringen.<\/p>\n<\/div>\n\n\n\n<div class=\"wp-block-column is-layout-flow wp-block-column-is-layout-flow\">\n<p>Wenn Sie also eine Buggyfahrt in der N\u00e4he von Marrakesch suchen, sollten Sie Ihren Blick weiter nach Ouarzazate richten, dem Tor zur Sahara-W\u00fcste. Das Team von Motor Adventures holt Sie in Marrakesch ab und bringt Sie als Teil Ihres Pakets nach Ouarzazate.<\/p>\n\n\n\n<p>Sind Sie bereit, eine unvergessliche Buggy-Tour Marrakesch-Ouarzazate zu planen, die mit atemberaubenden Landschaften und aufregenden Erlebnissen gef\u00fcllt ist? Schauen Sie sich unser Angebot unten an und bitte&nbsp;<a href=\"https:\/\/motoradventures.com\/de\/kontaktieren-sie-uns\/\">Kontakt aufnehmen<\/a>&nbsp;mit unserem Team, wenn Sie irgendwelche Fragen haben.<\/p>\n<\/div>\n<\/div>\n\n\n\n<h2 class=\"wp-block-heading\">Unser <strong>ouarzazate-marrakech<\/strong> Buggy-Touren<\/h2>","protected":false},"excerpt":{"rendered":"<p>Our Buggy Tours in Morocco Looking for the ultimate buggy ride in Marrakech and the mountains and desert south of the Atlas Mountains? Motor Adventures has got you covered! Join us as we head out of Marrakech, toward Ouarzazate, and away from civilisation to explore rugged terrain and breathtaking landscapes in&nbsp;our Can-Am Buggies. We have [&hellip;]<\/p>\n","protected":false},"author":1,"featured_media":20850,"parent":0,"menu_order":0,"comment_status":"closed","ping_status":"closed","template":"","meta":{"_acf_changed":false,"footnotes":""},"class_list":["post-20845","page","type-page","status-publish","has-post-thumbnail","hentry"],"acf":[],"_links":{"self":[{"href":"https:\/\/motoradventures.com\/de\/wp-json\/wp\/v2\/pages\/20845","targetHints":{"allow":["GET"]}}],"collection":[{"href":"https:\/\/motoradventures.com\/de\/wp-json\/wp\/v2\/pages"}],"about":[{"href":"https:\/\/motoradventures.com\/de\/wp-json\/wp\/v2\/types\/page"}],"author":[{"embeddable":true,"href":"https:\/\/motoradventures.com\/de\/wp-json\/wp\/v2\/users\/1"}],"replies":[{"embeddable":true,"href":"https:\/\/motoradventures.com\/de\/wp-json\/wp\/v2\/comments?post=20845"}],"version-history":[{"count":1,"href":"https:\/\/motoradventures.com\/de\/wp-json\/wp\/v2\/pages\/20845\/revisions"}],"predecessor-version":[{"id":23367,"href":"https:\/\/motoradventures.com\/de\/wp-json\/wp\/v2\/pages\/20845\/revisions\/23367"}],"wp:featuredmedia":[{"embeddable":true,"href":"https:\/\/motoradventures.com\/de\/wp-json\/wp\/v2\/media\/20850"}],"wp:attachment":[{"href":"https:\/\/motoradventures.com\/de\/wp-json\/wp\/v2\/media?parent=20845"}],"curies":[{"name":"wp","href":"https:\/\/api.w.org\/{rel}","templated":true}]}}