{"id":20823,"date":"2024-12-27T11:29:00","date_gmt":"2024-12-27T10:29:00","guid":{"rendered":"http:\/\/motoradventures.com\/?page_id=20823"},"modified":"2024-12-27T11:35:07","modified_gmt":"2024-12-27T10:35:07","slug":"motorradtouren-marokko-auf-der-strasse","status":"publish","type":"page","link":"https:\/\/motoradventures.com\/de\/on-road-motorbike-tours-morocco\/","title":{"rendered":"Abenteuer Motorradtouren Marokko"},"content":{"rendered":"<h2 class=\"wp-block-heading\">UNSER <strong>MOTORRADTOUREN AUF DER STRASSE<\/strong> IN MAROKKO<\/h2>\n\n\n\n<div class=\"wp-block-columns is-layout-flex wp-container-core-columns-is-layout-9d6595d7 wp-block-columns-is-layout-flex\">\n<div class=\"wp-block-column is-layout-flow wp-block-column-is-layout-flow\">\n<p>Sie m\u00f6chten den ultimativen Roadtrip durch Marokko unternehmen? Motor Adventures kann Ihnen dabei helfen! Unser Spezialistenteam verf\u00fcgt \u00fcber jahrzehntelange Erfahrung mit Abenteuer-Motorradreisen in Marokko, und wir haben unser Fachwissen in die Ausarbeitung der folgenden aufregenden Stra\u00dfenrouten einflie\u00dfen lassen.<\/p>\n\n\n\n<p>Auf unseren Reisen, die eine einzigartige Mischung aus Kultur und Abenteuer bieten, k\u00f6nnen Sie das gesch\u00e4ftige Treiben Marokkos, die Vielfalt der Farben und Kl\u00e4nge und den bezaubernden Ruf der offenen Stra\u00dfe genie\u00dfen. Der Duft von Weihrauch und unz\u00e4hligen frischen Gew\u00fcrzen in dieser wundersch\u00f6nen, exotischen Umgebung wird Ihre Sinne wecken.<\/p>\n<\/div>\n\n\n\n<div class=\"wp-block-column is-layout-flow wp-block-column-is-layout-flow\">\n<p>Mit unseren Dual-Sport-Abenteuer-Motorr\u00e4dern und Unterk\u00fcnften im lokalen Stil, wie z. B. umgebauten Kasbahs, bieten unsere Marokko-Abenteuer auf der Stra\u00dfe eine Erfahrung, die Sie nie vergessen werden. Sind Sie bereit, loszulegen? Einfach&nbsp;<a href=\"https:\/\/motoradventures.com\/de\/kontaktieren-sie-uns\/\">Kontaktieren Sie uns<\/a>&nbsp;und lassen Sie uns mit der Planung Ihrer Reise beginnen!<\/p>\n\n\n\n<p>Wussten Sie, dass wir auch Enduro&nbsp;<a href=\"https:\/\/motoradventures.com\/de\/offroad-touren-marokko\/\">Off-Road-Touren in Marokko<\/a>? St\u00f6bern Sie in unserem Angebot f\u00fcr noch mehr unglaubliche Erlebnisse.<\/p>\n<\/div>\n<\/div>","protected":false},"excerpt":{"rendered":"<p>OUR ON-ROAD MOTORBIKE TOURS IN MOROCCO Looking to take the ultimate road trip through Morocco? Motor Adventures can help you with that! Our specialist team has decades of experience with adventure motorcycling in Morocco, and we\u2019ve poured our expertise into crafting the thrilling on-road itineraries below. Combining a unique blend of culture and adventure, our [&hellip;]<\/p>\n","protected":false},"author":1,"featured_media":20833,"parent":0,"menu_order":0,"comment_status":"closed","ping_status":"closed","template":"","meta":{"_acf_changed":false,"footnotes":""},"class_list":["post-20823","page","type-page","status-publish","has-post-thumbnail","hentry"],"acf":[],"_links":{"self":[{"href":"https:\/\/motoradventures.com\/de\/wp-json\/wp\/v2\/pages\/20823","targetHints":{"allow":["GET"]}}],"collection":[{"href":"https:\/\/motoradventures.com\/de\/wp-json\/wp\/v2\/pages"}],"about":[{"href":"https:\/\/motoradventures.com\/de\/wp-json\/wp\/v2\/types\/page"}],"author":[{"embeddable":true,"href":"https:\/\/motoradventures.com\/de\/wp-json\/wp\/v2\/users\/1"}],"replies":[{"embeddable":true,"href":"https:\/\/motoradventures.com\/de\/wp-json\/wp\/v2\/comments?post=20823"}],"version-history":[{"count":0,"href":"https:\/\/motoradventures.com\/de\/wp-json\/wp\/v2\/pages\/20823\/revisions"}],"wp:featuredmedia":[{"embeddable":true,"href":"https:\/\/motoradventures.com\/de\/wp-json\/wp\/v2\/media\/20833"}],"wp:attachment":[{"href":"https:\/\/motoradventures.com\/de\/wp-json\/wp\/v2\/media?parent=20823"}],"curies":[{"name":"wp","href":"https:\/\/api.w.org\/{rel}","templated":true}]}}