{"id":1251,"date":"2024-12-23T14:50:19","date_gmt":"2024-12-23T13:50:19","guid":{"rendered":"http:\/\/motoradventures.com\/?page_id=1251"},"modified":"2025-12-18T14:52:38","modified_gmt":"2025-12-18T13:52:38","slug":"unsere-bewertungen","status":"publish","type":"page","link":"https:\/\/motoradventures.com\/de\/our-reviews\/","title":{"rendered":"Rezensionen zu unseren W\u00fcstenreisen nach S\u00fcdafrika und Marokko"},"content":{"rendered":"<p>Ganz gleich, ob Sie eine harte Enduro-Tour durch die marokkanische W\u00fcste oder die ultimative Abenteuer-Radreise durch S\u00fcdafrika planen, wir wissen, dass Sie Ihr Erlebnis in aller Ruhe buchen m\u00f6chten. Und genau da kommen unsere Bewertungen ins Spiel!<\/p>\n\n\n\n<p>Nachfolgend finden Sie Feedback und Gedanken fr\u00fcherer G\u00e4ste zu unserem <a href=\"https:\/\/motoradventures.com\/de\/masgeschneiderte-touren\/\">W\u00fcstentouren in Marokko<\/a> und <a href=\"https:\/\/motoradventures.com\/de\/sudafrika-touren\/\">Abenteuerreisen in S\u00fcdafrika<\/a>. Lesen Sie sich die Bewertungen durch und sehen Sie, wie hoch die Leute unsere Erfahrungen und unseren Rundum-Service bewerten - und finden Sie heraus, warum so viele Leute immer wieder zu uns kommen!<\/p>\n\n\n\n<p>Wenn Sie Fragen haben, z\u00f6gern Sie bitte nicht, sich an folgende Adresse zu wenden <a href=\"https:\/\/motoradventures.com\/de\/kontaktieren-sie-uns\/\">Kontaktieren Sie uns<\/a>.&nbsp;<\/p>\n\n\n\n<p><\/p>\n\n\n\n<script src=\"https:\/\/static.elfsight.com\/platform\/platform.js\" async><\/script>\n<div class=\"elfsight-app-05850ab2-6dc6-4ada-843e-fba13605eebf\" data-elfsight-app-lazy><\/div>\n\n\n\n<p><\/p>","protected":false},"excerpt":{"rendered":"<p>Whether you\u2019re planning a hard enduro Morocco desert tour or the ultimate South Africa adventure bike trip, we know that you want to book your experience with complete peace of mind. That\u2019s where our reviews come in! Below, you\u2019ll find feedback and thoughts from previous guests on our Morocco desert tours and South Africa adventure [&hellip;]<\/p>\n","protected":false},"author":1,"featured_media":512,"parent":0,"menu_order":0,"comment_status":"closed","ping_status":"closed","template":"","meta":{"_acf_changed":false,"footnotes":""},"class_list":["post-1251","page","type-page","status-publish","has-post-thumbnail","hentry"],"acf":[],"_links":{"self":[{"href":"https:\/\/motoradventures.com\/de\/wp-json\/wp\/v2\/pages\/1251","targetHints":{"allow":["GET"]}}],"collection":[{"href":"https:\/\/motoradventures.com\/de\/wp-json\/wp\/v2\/pages"}],"about":[{"href":"https:\/\/motoradventures.com\/de\/wp-json\/wp\/v2\/types\/page"}],"author":[{"embeddable":true,"href":"https:\/\/motoradventures.com\/de\/wp-json\/wp\/v2\/users\/1"}],"replies":[{"embeddable":true,"href":"https:\/\/motoradventures.com\/de\/wp-json\/wp\/v2\/comments?post=1251"}],"version-history":[{"count":8,"href":"https:\/\/motoradventures.com\/de\/wp-json\/wp\/v2\/pages\/1251\/revisions"}],"predecessor-version":[{"id":24226,"href":"https:\/\/motoradventures.com\/de\/wp-json\/wp\/v2\/pages\/1251\/revisions\/24226"}],"wp:featuredmedia":[{"embeddable":true,"href":"https:\/\/motoradventures.com\/de\/wp-json\/wp\/v2\/media\/512"}],"wp:attachment":[{"href":"https:\/\/motoradventures.com\/de\/wp-json\/wp\/v2\/media?parent=1251"}],"curies":[{"name":"wp","href":"https:\/\/api.w.org\/{rel}","templated":true}]}}