{"id":1245,"date":"2024-12-23T14:45:04","date_gmt":"2024-12-23T13:45:04","guid":{"rendered":"http:\/\/motoradventures.com\/?page_id=1245"},"modified":"2025-04-14T20:20:23","modified_gmt":"2025-04-14T18:20:23","slug":"uber-uns","status":"publish","type":"page","link":"https:\/\/motoradventures.com\/de\/about-us\/","title":{"rendered":"\u00dcber Motor Adventures"},"content":{"rendered":"<h2 class=\"wp-block-heading\">Die Geschichte hinter unseren Enduro- und Abenteuertouren in Marokko und S\u00fcdafrika<\/h2>\n\n\n\n<div class=\"wp-block-columns is-layout-flex wp-container-core-columns-is-layout-9d6595d7 wp-block-columns-is-layout-flex\">\n<div class=\"wp-block-column is-layout-flow wp-block-column-is-layout-flow\">\n<p>Wir bei Motor Adventures sind stolz darauf, spannende Erlebnisse anzubieten, die abenteuerlustige Seelen immer wieder zur\u00fcckkommen lassen. Wir haben sogar Stammg\u00e4ste, die mehr als einmal wiederkommen. Tats\u00e4chlich sind einige unserer bekanntesten Gesichter mittlerweile schon zweistellig! Aber wie sind wir dahin gekommen? Warum sind unsere <a href=\"https:\/\/motoradventures.com\/de\/marokko-reisen\/\">Abenteuerreisen in Marokko<\/a> und <a href=\"https:\/\/motoradventures.com\/de\/sudafrika-touren\/\">Abenteuerreisen in S\u00fcdafrika<\/a> von so vielen Menschen gesch\u00e4tzt und geliebt? Lassen Sie uns zum Anfang zur\u00fcckkehren ...<\/p>\n\n\n\n<p>Das urspr\u00fcngliche MotoAventures wurde von John Griffiths und Su Downham gegr\u00fcndet und entstand aus einer Idee, die John w\u00e4hrend zweier Winterreisen durch Afrika von London nach Kapstadt hatte. MotoAventures wurde 1996 in Andorra gegr\u00fcndet und organisierte zun\u00e4chst hochwertige, gef\u00fchrte Offroad-Exkursionen in den Pyren\u00e4en, Portugal, Griechenland und im Mittelmeerraum sowie aufregende Offroad-Ausfl\u00fcge im marokkanischen Atlasgebirge und in der Sahara, allesamt auf Enduro-Motorr\u00e4dern \u2013 KTM450.<\/p>\n<\/div>\n\n\n\n<div class=\"wp-block-column is-layout-flow wp-block-column-is-layout-flow\">\n<p>Seit 2007 f\u00fchren wir fantastische Touren mit BMW GS1200-Motorr\u00e4dern im s\u00fcdlichen Afrika durch und bringen zahlreiche Motorradfahrer und ihre Begleiter von Kapstadt zu den Victoriaf\u00e4llen und zur\u00fcck, durch Namibia, Botswana, Lesotho und auf unserer letzten gro\u00dfen Reise im September 2019 von Simbabwe durch Mosambik, Malawi und Sambia.<\/p>\n\n\n\n<p>Heute bieten wir eine <a href=\"https:\/\/motoradventures.com\/de\/tour\/south-africa-on-road-10-day-tour\/\">10-t\u00e4gige Abenteuerreise durch S\u00fcdafrika<\/a> Von Kapstadt nach Johannesburg durch Lesotho auf Triumph Rally Pro-Motorr\u00e4dern.<\/p>\n\n\n\n<p><\/p>\n\n\n\n<p><\/p>\n\n\n\n<p><\/p>\n<\/div>\n<\/div>\n\n\n\n<div style=\"height:60px\" aria-hidden=\"true\" class=\"wp-block-spacer\"><\/div>\n\n\n\n<div class=\"wp-block-columns has-medium-font-size is-layout-flex wp-container-core-columns-is-layout-9d6595d7 wp-block-columns-is-layout-flex\">\n<div class=\"wp-block-column has-medium-font-size is-layout-flow wp-block-column-is-layout-flow\">\n<p class=\"has-text-align-center\"><strong>30+<\/strong><br>Jahre im Einsatz<\/p>\n<\/div>\n\n\n\n<div class=\"wp-block-column is-layout-flow wp-block-column-is-layout-flow\">\n<p class=\"has-text-align-center has-medium-font-size\"><strong>+950.000<\/strong><br>Zur\u00fcckgelegte Kilometer<\/p>\n<\/div>\n\n\n\n<div class=\"wp-block-column is-layout-flow wp-block-column-is-layout-flow\">\n<p class=\"has-text-align-center has-medium-font-size\"><strong>\u2605\u2605\u2605\u2605\u2605<\/strong><br>5 Sterne bei Google<\/p>\n<\/div>\n<\/div>\n\n\n\n<div style=\"height:60px\" aria-hidden=\"true\" class=\"wp-block-spacer\"><\/div>\n\n\n\n<h2 class=\"wp-block-heading\">Motorradabenteuer und die wilden Zwanziger<\/h2>\n\n\n\n<p>Im Jahr 2021 haben wir Abenteuer-Motorradtouren auf Stra\u00dfen und einfachen Schotterwegen hinzugef\u00fcgt, die von Marrakesch aus mit unseren BMW GS-Adventure-Motorr\u00e4dern starten. Diese Touren wurden sehr gut angenommen, da sie eine fantastische Mischung aus Kultur und Abenteuer bieten.\u2028<\/p>\n\n\n\n<p>Anfang 2024 ging MotoAventures eine Partnerschaft mit Sahara Experience ein und wir wurden zu Motor Adventures. Durch diesen Zusammenschluss wurde unsere Flotte um CanAm-Buggys erweitert, sodass nun auch Freunde, die keine Motorradfahrer sind, an unseren Offroad-Touren teilnehmen k\u00f6nnen.<\/p>\n\n\n\n<p>Unser Hauptsitz befindet sich nun in Ouarzazate, wo wir unsere Werkstatt und Tourenbasis haben, die als Ausgangspunkt f\u00fcr unsere Touren dient. Hier sind unsere Flotten von KTM450 EXCs, Gas Gas EC 450s und CanAm-Buggys untergebracht.<\/p>\n\n\n\n<p>Mit fast 30 Jahren Erfahrung in der Erkundung dieses atemberaubenden K\u00f6nigreichs, sowohl auf der Stra\u00dfe als auch im Gel\u00e4nde, haben wir Routen entdeckt, die noch unerforscht und abseits der ausgetretenen Pfade liegen. Wir laden Sie ein, sich uns anzuschlie\u00dfen und ein unvergessliches Abenteuer zu erleben!<\/p>\n\n\n\n<p>Lesen <a href=\"https:\/\/motoradventures.com\/de\/unsere-bewertungen\/\">unsere Bewertungen<\/a> um zu sehen, wie hoch unsere bisherigen Kunden uns bewerten, und bitte z\u00f6gern Sie nicht, <a href=\"https:\/\/motoradventures.com\/de\/kontaktieren-sie-uns\/\">Kontakt aufnehmen<\/a> Wenn Sie Fragen an unser Team haben.<br><\/p>","protected":false},"excerpt":{"rendered":"<p>The Story Behind Our Enduro and Adventure Tours in Morocco and South Africa At Motor Adventures, we\u2019re proud to offer the kind of thrilling experiences that keep adventurous souls coming back for more. We even have welcome regulars who return more than once. In fact, some of our most familiar faces are well into double [&hellip;]<\/p>\n","protected":false},"author":1,"featured_media":20806,"parent":0,"menu_order":0,"comment_status":"closed","ping_status":"closed","template":"","meta":{"_acf_changed":false,"footnotes":""},"class_list":["post-1245","page","type-page","status-publish","has-post-thumbnail","hentry"],"acf":[],"_links":{"self":[{"href":"https:\/\/motoradventures.com\/de\/wp-json\/wp\/v2\/pages\/1245","targetHints":{"allow":["GET"]}}],"collection":[{"href":"https:\/\/motoradventures.com\/de\/wp-json\/wp\/v2\/pages"}],"about":[{"href":"https:\/\/motoradventures.com\/de\/wp-json\/wp\/v2\/types\/page"}],"author":[{"embeddable":true,"href":"https:\/\/motoradventures.com\/de\/wp-json\/wp\/v2\/users\/1"}],"replies":[{"embeddable":true,"href":"https:\/\/motoradventures.com\/de\/wp-json\/wp\/v2\/comments?post=1245"}],"version-history":[{"count":2,"href":"https:\/\/motoradventures.com\/de\/wp-json\/wp\/v2\/pages\/1245\/revisions"}],"predecessor-version":[{"id":23153,"href":"https:\/\/motoradventures.com\/de\/wp-json\/wp\/v2\/pages\/1245\/revisions\/23153"}],"wp:featuredmedia":[{"embeddable":true,"href":"https:\/\/motoradventures.com\/de\/wp-json\/wp\/v2\/media\/20806"}],"wp:attachment":[{"href":"https:\/\/motoradventures.com\/de\/wp-json\/wp\/v2\/media?parent=1245"}],"curies":[{"name":"wp","href":"https:\/\/api.w.org\/{rel}","templated":true}]}}